{"id":99,"date":"2025-10-05T14:44:03","date_gmt":"2025-10-05T14:44:03","guid":{"rendered":"https:\/\/daab.es\/?page_id=99"},"modified":"2026-03-16T17:06:10","modified_gmt":"2026-03-16T17:06:10","slug":"equipo","status":"publish","type":"page","link":"https:\/\/daab.es\/ca\/equipo\/","title":{"rendered":"0_Equipo"},"content":{"rendered":"<div data-elementor-type=\"wp-page\" data-elementor-id=\"99\" class=\"elementor elementor-99\" data-elementor-post-type=\"page\">\n\t\t\t\t<div class=\"elementor-element elementor-element-e6c8a97 e-flex e-con-boxed e-con e-parent\" data-id=\"e6c8a97\" data-element_type=\"container\" data-e-type=\"container\">\n\t\t\t\t\t<div class=\"e-con-inner\">\n\t\t<div class=\"elementor-element elementor-element-29267f4 e-con-full e-flex e-con e-child\" data-id=\"29267f4\" data-element_type=\"container\" data-e-type=\"container\">\n\t\t\t\t<div class=\"elementor-element elementor-element-a27dfda elementor-widget elementor-widget-heading\" data-id=\"a27dfda\" data-element_type=\"widget\" data-e-type=\"widget\" data-widget_type=\"heading.default\">\n\t\t\t\t\t<h2 class=\"elementor-heading-title elementor-size-default\">JOSEP VILA BAY\u00d3. Soci fundador DAAB<\/h2>\t\t\t\t<\/div>\n\t\t\t\t<div class=\"elementor-element elementor-element-e689040 elementor-widget__width-initial elementor-widget elementor-widget-text-editor\" data-id=\"e689040\" data-element_type=\"widget\" data-e-type=\"widget\" data-widget_type=\"text-editor.default\">\n\t\t\t\t\t\t\t\t\t<p style=\"text-align: justify;\">Des dels inicis de la seva activitat professional obre estudi propi d\u2019arquitectura que compagina en els primers anys amb la Direcci\u00f3 de Projectes com Arquitecte en Cap de l\u2019enginyeria Taller d\u2019Enginyeria Ambiental<\/p><p>Al llarg de la seva carrera professional ha projectat i constru\u00eft projectes de diferents tipologies tant dins de l\u2019\u00e0mbit p\u00fablic com privat.<\/p><p>Alguns d&#8217;aquests projectes en l\u2019\u00e0mbit p\u00fablic han estat Biblioteques, Centres Socials Culturals, Escoles, Teatres i Edificis d&#8217;Habitatges.<\/p><p>Fruit d&#8217;aquests enc\u00e0rrecs, ha estat convidat a impartir confer\u00e8ncies i xerrades a diferents entitats com: Col\u00b7legi Oficial d&#8217;Arquitectes (COAC) de Barcelona i Col\u00b7legi Oficial d&#8217;Arquitectes de Girona, ETSAB (Universitat d&#8217;Arquitectura de Barcelona), UIC (Universitat Internacional de Catalunya) o l\u2019ADIPA (Agrupaci\u00f3 d&#8217;Arquitectes per a la Defensa i la Intervenci\u00f3 al Patrimoni Arquitect\u00f2nic)<\/p><p>Igualment, algunes de les obres constru\u00efdes han estat objecte d\u2019articles en diaris, libres o revistes especialitzades en l\u2019\u00e0mbit de les escoles, equipaments p\u00fablics, \u00a0habitatge i gran rehabilitaci\u00f3.<\/p>\t\t\t\t\t\t\t\t<\/div>\n\t\t\t\t<\/div>\n\t\t<div class=\"elementor-element elementor-element-e8462f5 e-con-full e-flex e-con e-child\" data-id=\"e8462f5\" data-element_type=\"container\" data-e-type=\"container\">\n\t\t\t\t<div class=\"elementor-element elementor-element-8caa04d elementor-widget__width-initial elementor-widget elementor-widget-image\" data-id=\"8caa04d\" data-element_type=\"widget\" data-e-type=\"widget\" data-widget_type=\"image.default\">\n\t\t\t\t\t\t\t\t\t\t\t\t\t\t\t<img fetchpriority=\"high\" decoding=\"async\" width=\"417\" height=\"417\" src=\"https:\/\/daab.es\/wp-content\/uploads\/2026\/01\/592e16d9-bfb0-421a-a192-428f63aed2ee-copia.jpeg\" class=\"attachment-large size-large wp-image-1888\" alt=\"\" srcset=\"https:\/\/daab.es\/wp-content\/uploads\/2026\/01\/592e16d9-bfb0-421a-a192-428f63aed2ee-copia.jpeg 417w, https:\/\/daab.es\/wp-content\/uploads\/2026\/01\/592e16d9-bfb0-421a-a192-428f63aed2ee-copia-300x300.jpeg 300w, https:\/\/daab.es\/wp-content\/uploads\/2026\/01\/592e16d9-bfb0-421a-a192-428f63aed2ee-copia-150x150.jpeg 150w, https:\/\/daab.es\/wp-content\/uploads\/2026\/01\/592e16d9-bfb0-421a-a192-428f63aed2ee-copia-12x12.jpeg 12w\" sizes=\"(max-width: 417px) 100vw, 417px\" \/>\t\t\t\t\t\t\t\t\t\t\t\t\t\t\t<\/div>\n\t\t\t\t<\/div>\n\t\t\t\t\t<\/div>\n\t\t\t\t<\/div>\n\t\t<div class=\"elementor-element elementor-element-9113aaf e-flex e-con-boxed e-con e-parent\" data-id=\"9113aaf\" data-element_type=\"container\" data-e-type=\"container\">\n\t\t\t\t\t<div class=\"e-con-inner\">\n\t\t<div class=\"elementor-element elementor-element-762bff4 e-con-full e-flex e-con e-child\" data-id=\"762bff4\" data-element_type=\"container\" data-e-type=\"container\">\n\t\t\t\t<div class=\"elementor-element elementor-element-ac2594b elementor-widget elementor-widget-heading\" data-id=\"ac2594b\" data-element_type=\"widget\" data-e-type=\"widget\" data-widget_type=\"heading.default\">\n\t\t\t\t\t<h2 class=\"elementor-heading-title elementor-size-default\">GORETTI GUILLEM<\/h2>\t\t\t\t<\/div>\n\t\t\t\t<div class=\"elementor-element elementor-element-04f1bbb elementor-widget elementor-widget-text-editor\" data-id=\"04f1bbb\" data-element_type=\"widget\" data-e-type=\"widget\" data-widget_type=\"text-editor.default\">\n\t\t\t\t\t\t\t\t\t<p>Arquitecta T\u00e8cnica Superior, Mestra d\u2019Educaci\u00f3 Infantil (angl\u00e8s) i Professora de Secund\u00e0ria i Batxillerat. Exerceix simult\u00e0niament&nbsp; la doc\u00e8ncia activa amb l\u2019assessorament d\u2019espais per l\u2019aprenentatge al SAIP (Servei d\u2019Assessorament i Innovaci\u00f3 Pedag\u00f2gica) de Blanquerna despr\u00e9s d\u2019una intensa traject\u00f2ria de m\u00e9s de 15 anys com arquitecta<\/p>\n<p>Membre Grup d\u2019Especial Inter\u00e8s de recerca a Educaci\u00f3 Infantil (GEI). URL. Blanquerna<\/p>\n<p>Direcci\u00f3 de projectes d\u2019arquitectura en l`\u00e0mbit educatiu a Batlle i Roig arquitectes:<\/p>\n<ul>\n<li><strong>Ampliaci\u00f3 Thau Sant Cugat.<\/strong><\/li>\n<li><strong>Rehabilitaci\u00f3 aularis i patis parvulari Thau BCN.<\/strong><\/li>\n<li><strong>Arranjament camps esportius Thau BCN.<\/strong><\/li>\n<li><strong>Escola Bressol Municipal EBM El Fil.<\/strong><\/li>\n<li><strong>Escola Bressol CMT.<\/strong><\/li>\n<li><strong>Dos Edificis d\u2019investigaci\u00f3 a la UPC Campus Bes\u00f2s.<\/strong><\/li>\n<li><strong>Projecte escola d\u2019Educaci\u00f3 Especial a Sant Cugat<\/strong><\/li>\n<\/ul>\n<p>Cap d\u2019\u00c0rea d\u2019expansi\u00f3<\/p>\n<p>Co-direcci\u00f3 General d\u2019Arquitectura<\/p>\n<p>Direcci\u00f3 d\u2019\u00e0rea d\u2019edificaci\u00f3 i \u00e0rea de planejament urb\u00e0<\/p><p><br><\/p><p><br><\/p>\t\t\t\t\t\t\t\t<\/div>\n\t\t\t\t<div class=\"elementor-element elementor-element-516f79f elementor-widget elementor-widget-heading\" data-id=\"516f79f\" data-element_type=\"widget\" data-e-type=\"widget\" data-widget_type=\"heading.default\">\n\t\t\t\t\t<h2 class=\"elementor-heading-title elementor-size-default\">HIST\u00d2RICS<\/h2>\t\t\t\t<\/div>\n\t\t\t\t<div class=\"elementor-element elementor-element-eff4cb7 elementor-widget elementor-widget-text-editor\" data-id=\"eff4cb7\" data-element_type=\"widget\" data-e-type=\"widget\" data-widget_type=\"text-editor.default\">\n\t\t\t\t\t\t\t\t\t<p>Elisabet Ferrer. Socia fundadora DAAB. 2007\u20132022<\/p><p>Esteban Canosa. Soci DAAB. 2010\u20132017<\/p><p>M\u00f3nica Beguer. 2000\u20132004<\/p><p>Carlos Bori. 2000\u20132010<\/p><p>Tere Monleon. 2000\u20132010<\/p><p>Daniel Espuny. 2000\u20132010<\/p><p>\u00a0<\/p><p><strong>Col.laboradors externs<\/strong><\/p><p>Jordi Granada \/ Estructures<\/p><p>Manuel Arguijo \/ Estructures<\/p><p>Jordi Aliart \/ Arquitectura t\u00e8cnica<\/p><p>Jordi Espuny \/ Topografia<\/p><p>Toni Gimbernat. E3G Enginyeria i Energia \/ Instal.lacions<\/p><p>Adri\u00e0 Goula \/ Fotograf\u00eda<\/p><p>Playtime \/ Imatges i Renders<\/p><p>\u00a0<\/p>\t\t\t\t\t\t\t\t<\/div>\n\t\t\t\t<\/div>\n\t\t<div class=\"elementor-element elementor-element-798ee98 e-con-full e-flex e-con e-child\" data-id=\"798ee98\" data-element_type=\"container\" data-e-type=\"container\">\n\t\t\t\t<div class=\"elementor-element elementor-element-1cb4251 elementor-widget__width-initial elementor-widget elementor-widget-image\" data-id=\"1cb4251\" data-element_type=\"widget\" data-e-type=\"widget\" data-widget_type=\"image.default\">\n\t\t\t\t\t\t\t\t\t\t\t\t\t\t\t<img decoding=\"async\" width=\"800\" height=\"962\" src=\"https:\/\/daab.es\/wp-content\/uploads\/2025\/12\/TRAC_Foto-Goretti-e1766862459195-852x1024.jpg\" class=\"attachment-large size-large wp-image-1716\" alt=\"\" srcset=\"https:\/\/daab.es\/wp-content\/uploads\/2025\/12\/TRAC_Foto-Goretti-e1766862459195-852x1024.jpg 852w, https:\/\/daab.es\/wp-content\/uploads\/2025\/12\/TRAC_Foto-Goretti-e1766862459195-249x300.jpg 249w, https:\/\/daab.es\/wp-content\/uploads\/2025\/12\/TRAC_Foto-Goretti-e1766862459195-768x924.jpg 768w, https:\/\/daab.es\/wp-content\/uploads\/2025\/12\/TRAC_Foto-Goretti-e1766862459195-10x12.jpg 10w, https:\/\/daab.es\/wp-content\/uploads\/2025\/12\/TRAC_Foto-Goretti-e1766862459195.jpg 1017w\" sizes=\"(max-width: 800px) 100vw, 800px\" \/>\t\t\t\t\t\t\t\t\t\t\t\t\t\t\t<\/div>\n\t\t\t\t<\/div>\n\t\t\t\t\t<\/div>\n\t\t\t\t<\/div>\n\t\t\t\t<\/div>","protected":false},"excerpt":{"rendered":"<p>JOSEP VILA BAY\u00d3. Soci fundador DAAB Des dels inicis de la seva activitat professional obre estudi propi d\u2019arquitectura que compagina en els primers anys amb la Direcci\u00f3 de Projectes com Arquitecte en Cap de l\u2019enginyeria Taller d\u2019Enginyeria Ambiental Al llarg de la seva carrera professional ha projectat i constru\u00eft projectes de diferents tipologies tant dins [&hellip;]<\/p>","protected":false},"author":2,"featured_media":0,"parent":0,"menu_order":0,"comment_status":"closed","ping_status":"closed","template":"","meta":{"footnotes":""},"class_list":["post-99","page","type-page","status-publish","hentry"],"yoast_head":"<!-- This site is optimized with the Yoast SEO plugin v27.4 - https:\/\/yoast.com\/product\/yoast-seo-wordpress\/ -->\n<title>0_Equipo - Daab<\/title>\n<meta name=\"robots\" content=\"index, follow, max-snippet:-1, max-image-preview:large, max-video-preview:-1\" \/>\n<link rel=\"canonical\" href=\"https:\/\/daab.es\/ca\/equipo\/\" \/>\n<meta property=\"og:locale\" content=\"ca_ES\" \/>\n<meta property=\"og:type\" content=\"article\" \/>\n<meta property=\"og:title\" content=\"0_Equipo - Daab\" \/>\n<meta property=\"og:description\" content=\"JOSEP VILA BAY\u00d3. Soci fundador DAAB Des dels inicis de la seva activitat professional obre estudi propi d\u2019arquitectura que compagina en els primers anys amb la Direcci\u00f3 de Projectes com Arquitecte en Cap de l\u2019enginyeria Taller d\u2019Enginyeria Ambiental Al llarg de la seva carrera professional ha projectat i constru\u00eft projectes de diferents tipologies tant dins [&hellip;]\" \/>\n<meta property=\"og:url\" content=\"https:\/\/daab.es\/ca\/equipo\/\" \/>\n<meta property=\"og:site_name\" content=\"Daab\" \/>\n<meta property=\"article:modified_time\" content=\"2026-03-16T17:06:10+00:00\" \/>\n<meta property=\"og:image\" content=\"https:\/\/daab.es\/wp-content\/uploads\/2026\/01\/592e16d9-bfb0-421a-a192-428f63aed2ee-copia.jpeg\" \/>\n\t<meta property=\"og:image:width\" content=\"417\" \/>\n\t<meta property=\"og:image:height\" content=\"417\" \/>\n\t<meta property=\"og:image:type\" content=\"image\/jpeg\" \/>\n<meta name=\"twitter:card\" content=\"summary_large_image\" \/>\n<meta name=\"twitter:label1\" content=\"Temps estimat de lectura\" \/>\n\t<meta name=\"twitter:data1\" content=\"2 minuts\" \/>\n<script type=\"application\/ld+json\" class=\"yoast-schema-graph\">{\"@context\":\"https:\\\/\\\/schema.org\",\"@graph\":[{\"@type\":\"WebPage\",\"@id\":\"https:\\\/\\\/daab.es\\\/equipo\\\/\",\"url\":\"https:\\\/\\\/daab.es\\\/equipo\\\/\",\"name\":\"0_Equipo - Daab\",\"isPartOf\":{\"@id\":\"https:\\\/\\\/daab.es\\\/#website\"},\"primaryImageOfPage\":{\"@id\":\"https:\\\/\\\/daab.es\\\/equipo\\\/#primaryimage\"},\"image\":{\"@id\":\"https:\\\/\\\/daab.es\\\/equipo\\\/#primaryimage\"},\"thumbnailUrl\":\"https:\\\/\\\/daab.es\\\/wp-content\\\/uploads\\\/2026\\\/01\\\/592e16d9-bfb0-421a-a192-428f63aed2ee-copia.jpeg\",\"datePublished\":\"2025-10-05T14:44:03+00:00\",\"dateModified\":\"2026-03-16T17:06:10+00:00\",\"breadcrumb\":{\"@id\":\"https:\\\/\\\/daab.es\\\/equipo\\\/#breadcrumb\"},\"inLanguage\":\"ca\",\"potentialAction\":[{\"@type\":\"ReadAction\",\"target\":[\"https:\\\/\\\/daab.es\\\/equipo\\\/\"]}]},{\"@type\":\"ImageObject\",\"inLanguage\":\"ca\",\"@id\":\"https:\\\/\\\/daab.es\\\/equipo\\\/#primaryimage\",\"url\":\"https:\\\/\\\/daab.es\\\/wp-content\\\/uploads\\\/2026\\\/01\\\/592e16d9-bfb0-421a-a192-428f63aed2ee-copia.jpeg\",\"contentUrl\":\"https:\\\/\\\/daab.es\\\/wp-content\\\/uploads\\\/2026\\\/01\\\/592e16d9-bfb0-421a-a192-428f63aed2ee-copia.jpeg\"},{\"@type\":\"BreadcrumbList\",\"@id\":\"https:\\\/\\\/daab.es\\\/equipo\\\/#breadcrumb\",\"itemListElement\":[{\"@type\":\"ListItem\",\"position\":1,\"name\":\"Home\",\"item\":\"https:\\\/\\\/daab.es\\\/\"},{\"@type\":\"ListItem\",\"position\":2,\"name\":\"0_Equipo\"}]},{\"@type\":\"WebSite\",\"@id\":\"https:\\\/\\\/daab.es\\\/#website\",\"url\":\"https:\\\/\\\/daab.es\\\/\",\"name\":\"Daab\",\"description\":\"\",\"publisher\":{\"@id\":\"https:\\\/\\\/daab.es\\\/#organization\"},\"potentialAction\":[{\"@type\":\"SearchAction\",\"target\":{\"@type\":\"EntryPoint\",\"urlTemplate\":\"https:\\\/\\\/daab.es\\\/?s={search_term_string}\"},\"query-input\":{\"@type\":\"PropertyValueSpecification\",\"valueRequired\":true,\"valueName\":\"search_term_string\"}}],\"inLanguage\":\"ca\"},{\"@type\":\"Organization\",\"@id\":\"https:\\\/\\\/daab.es\\\/#organization\",\"name\":\"Daab\",\"url\":\"https:\\\/\\\/daab.es\\\/\",\"logo\":{\"@type\":\"ImageObject\",\"inLanguage\":\"ca\",\"@id\":\"https:\\\/\\\/daab.es\\\/#\\\/schema\\\/logo\\\/image\\\/\",\"url\":\"https:\\\/\\\/daab.es\\\/wp-content\\\/uploads\\\/2025\\\/10\\\/Captura-de-pantalla-2025-10-13-110930-e1761412934100.png\",\"contentUrl\":\"https:\\\/\\\/daab.es\\\/wp-content\\\/uploads\\\/2025\\\/10\\\/Captura-de-pantalla-2025-10-13-110930-e1761412934100.png\",\"width\":232,\"height\":47,\"caption\":\"Daab\"},\"image\":{\"@id\":\"https:\\\/\\\/daab.es\\\/#\\\/schema\\\/logo\\\/image\\\/\"}}]}<\/script>\n<!-- \/ Yoast SEO plugin. -->","yoast_head_json":{"title":"0_Equipo - Daab","robots":{"index":"index","follow":"follow","max-snippet":"max-snippet:-1","max-image-preview":"max-image-preview:large","max-video-preview":"max-video-preview:-1"},"canonical":"https:\/\/daab.es\/ca\/equipo\/","og_locale":"ca_ES","og_type":"article","og_title":"0_Equipo - Daab","og_description":"JOSEP VILA BAY\u00d3. Soci fundador DAAB Des dels inicis de la seva activitat professional obre estudi propi d\u2019arquitectura que compagina en els primers anys amb la Direcci\u00f3 de Projectes com Arquitecte en Cap de l\u2019enginyeria Taller d\u2019Enginyeria Ambiental Al llarg de la seva carrera professional ha projectat i constru\u00eft projectes de diferents tipologies tant dins [&hellip;]","og_url":"https:\/\/daab.es\/ca\/equipo\/","og_site_name":"Daab","article_modified_time":"2026-03-16T17:06:10+00:00","og_image":[{"width":417,"height":417,"url":"https:\/\/daab.es\/wp-content\/uploads\/2026\/01\/592e16d9-bfb0-421a-a192-428f63aed2ee-copia.jpeg","type":"image\/jpeg"}],"twitter_card":"summary_large_image","twitter_misc":{"Temps estimat de lectura":"2 minuts"},"schema":{"@context":"https:\/\/schema.org","@graph":[{"@type":"WebPage","@id":"https:\/\/daab.es\/equipo\/","url":"https:\/\/daab.es\/equipo\/","name":"0_Equipo - Daab","isPartOf":{"@id":"https:\/\/daab.es\/#website"},"primaryImageOfPage":{"@id":"https:\/\/daab.es\/equipo\/#primaryimage"},"image":{"@id":"https:\/\/daab.es\/equipo\/#primaryimage"},"thumbnailUrl":"https:\/\/daab.es\/wp-content\/uploads\/2026\/01\/592e16d9-bfb0-421a-a192-428f63aed2ee-copia.jpeg","datePublished":"2025-10-05T14:44:03+00:00","dateModified":"2026-03-16T17:06:10+00:00","breadcrumb":{"@id":"https:\/\/daab.es\/equipo\/#breadcrumb"},"inLanguage":"ca","potentialAction":[{"@type":"ReadAction","target":["https:\/\/daab.es\/equipo\/"]}]},{"@type":"ImageObject","inLanguage":"ca","@id":"https:\/\/daab.es\/equipo\/#primaryimage","url":"https:\/\/daab.es\/wp-content\/uploads\/2026\/01\/592e16d9-bfb0-421a-a192-428f63aed2ee-copia.jpeg","contentUrl":"https:\/\/daab.es\/wp-content\/uploads\/2026\/01\/592e16d9-bfb0-421a-a192-428f63aed2ee-copia.jpeg"},{"@type":"BreadcrumbList","@id":"https:\/\/daab.es\/equipo\/#breadcrumb","itemListElement":[{"@type":"ListItem","position":1,"name":"Home","item":"https:\/\/daab.es\/"},{"@type":"ListItem","position":2,"name":"0_Equipo"}]},{"@type":"WebSite","@id":"https:\/\/daab.es\/#website","url":"https:\/\/daab.es\/","name":"Daab","description":"","publisher":{"@id":"https:\/\/daab.es\/#organization"},"potentialAction":[{"@type":"SearchAction","target":{"@type":"EntryPoint","urlTemplate":"https:\/\/daab.es\/?s={search_term_string}"},"query-input":{"@type":"PropertyValueSpecification","valueRequired":true,"valueName":"search_term_string"}}],"inLanguage":"ca"},{"@type":"Organization","@id":"https:\/\/daab.es\/#organization","name":"Daab","url":"https:\/\/daab.es\/","logo":{"@type":"ImageObject","inLanguage":"ca","@id":"https:\/\/daab.es\/#\/schema\/logo\/image\/","url":"https:\/\/daab.es\/wp-content\/uploads\/2025\/10\/Captura-de-pantalla-2025-10-13-110930-e1761412934100.png","contentUrl":"https:\/\/daab.es\/wp-content\/uploads\/2025\/10\/Captura-de-pantalla-2025-10-13-110930-e1761412934100.png","width":232,"height":47,"caption":"Daab"},"image":{"@id":"https:\/\/daab.es\/#\/schema\/logo\/image\/"}}]}},"_links":{"self":[{"href":"https:\/\/daab.es\/ca\/wp-json\/wp\/v2\/pages\/99","targetHints":{"allow":["GET"]}}],"collection":[{"href":"https:\/\/daab.es\/ca\/wp-json\/wp\/v2\/pages"}],"about":[{"href":"https:\/\/daab.es\/ca\/wp-json\/wp\/v2\/types\/page"}],"author":[{"embeddable":true,"href":"https:\/\/daab.es\/ca\/wp-json\/wp\/v2\/users\/2"}],"replies":[{"embeddable":true,"href":"https:\/\/daab.es\/ca\/wp-json\/wp\/v2\/comments?post=99"}],"version-history":[{"count":47,"href":"https:\/\/daab.es\/ca\/wp-json\/wp\/v2\/pages\/99\/revisions"}],"predecessor-version":[{"id":3707,"href":"https:\/\/daab.es\/ca\/wp-json\/wp\/v2\/pages\/99\/revisions\/3707"}],"wp:attachment":[{"href":"https:\/\/daab.es\/ca\/wp-json\/wp\/v2\/media?parent=99"}],"curies":[{"name":"wp","href":"https:\/\/api.w.org\/{rel}","templated":true}]}}