{"id":760,"date":"2025-12-10T15:54:07","date_gmt":"2025-12-10T15:54:07","guid":{"rendered":"https:\/\/daab.es\/?page_id=760"},"modified":"2026-03-17T17:03:06","modified_gmt":"2026-03-17T17:03:06","slug":"centre-sociocultural-la-fontana","status":"publish","type":"page","link":"https:\/\/daab.es\/ca\/centre-sociocultural-la-fontana\/","title":{"rendered":"Centre Sociocultural La Fontana"},"content":{"rendered":"<div data-elementor-type=\"wp-page\" data-elementor-id=\"760\" class=\"elementor elementor-760\" data-elementor-post-type=\"page\">\n\t\t\t\t<div class=\"elementor-element elementor-element-ab2cd11 e-con-full e-flex e-con e-parent\" data-id=\"ab2cd11\" data-element_type=\"container\" data-e-type=\"container\">\n\t\t<div class=\"elementor-element elementor-element-45400f23 e-con-full e-flex e-con e-child\" data-id=\"45400f23\" data-element_type=\"container\" data-e-type=\"container\">\n\t\t\t\t<div class=\"elementor-element elementor-element-2a9b00e elementor-widget elementor-widget-image\" data-id=\"2a9b00e\" data-element_type=\"widget\" data-e-type=\"widget\" data-widget_type=\"image.default\">\n\t\t\t\t\t\t\t\t\t\t\t\t\t\t\t<img fetchpriority=\"high\" decoding=\"async\" width=\"800\" height=\"579\" src=\"https:\/\/daab.es\/wp-content\/uploads\/2026\/03\/OSI-1-1024x741.jpg\" class=\"attachment-large size-large wp-image-3834\" alt=\"\" srcset=\"https:\/\/daab.es\/wp-content\/uploads\/2026\/03\/OSI-1-1024x741.jpg 1024w, https:\/\/daab.es\/wp-content\/uploads\/2026\/03\/OSI-1-300x217.jpg 300w, https:\/\/daab.es\/wp-content\/uploads\/2026\/03\/OSI-1-768x556.jpg 768w, https:\/\/daab.es\/wp-content\/uploads\/2026\/03\/OSI-1-1536x1111.jpg 1536w, https:\/\/daab.es\/wp-content\/uploads\/2026\/03\/OSI-1-2048x1482.jpg 2048w, https:\/\/daab.es\/wp-content\/uploads\/2026\/03\/OSI-1-18x12.jpg 18w\" sizes=\"(max-width: 800px) 100vw, 800px\" \/>\t\t\t\t\t\t\t\t\t\t\t\t\t\t\t<\/div>\n\t\t\t\t<div class=\"elementor-element elementor-element-b7d9dc7 elementor-widget elementor-widget-image\" data-id=\"b7d9dc7\" data-element_type=\"widget\" data-e-type=\"widget\" data-widget_type=\"image.default\">\n\t\t\t\t\t\t\t\t\t\t\t\t\t\t\t<img decoding=\"async\" width=\"800\" height=\"609\" src=\"https:\/\/daab.es\/wp-content\/uploads\/2026\/03\/OSI-3-1024x779.jpg\" class=\"attachment-large size-large wp-image-3845\" alt=\"\" srcset=\"https:\/\/daab.es\/wp-content\/uploads\/2026\/03\/OSI-3-1024x779.jpg 1024w, https:\/\/daab.es\/wp-content\/uploads\/2026\/03\/OSI-3-300x228.jpg 300w, https:\/\/daab.es\/wp-content\/uploads\/2026\/03\/OSI-3-768x584.jpg 768w, https:\/\/daab.es\/wp-content\/uploads\/2026\/03\/OSI-3-1536x1168.jpg 1536w, https:\/\/daab.es\/wp-content\/uploads\/2026\/03\/OSI-3-2048x1558.jpg 2048w, https:\/\/daab.es\/wp-content\/uploads\/2026\/03\/OSI-3-16x12.jpg 16w\" sizes=\"(max-width: 800px) 100vw, 800px\" \/>\t\t\t\t\t\t\t\t\t\t\t\t\t\t\t<\/div>\n\t\t\t\t<div class=\"elementor-element elementor-element-78d95d1 elementor-widget elementor-widget-image\" data-id=\"78d95d1\" data-element_type=\"widget\" data-e-type=\"widget\" data-widget_type=\"image.default\">\n\t\t\t\t\t\t\t\t\t\t\t\t\t\t\t<img decoding=\"async\" width=\"800\" height=\"400\" src=\"https:\/\/daab.es\/wp-content\/uploads\/2026\/03\/A8-1024x512.jpg\" class=\"attachment-large size-large wp-image-3837\" alt=\"\" srcset=\"https:\/\/daab.es\/wp-content\/uploads\/2026\/03\/A8-1024x512.jpg 1024w, https:\/\/daab.es\/wp-content\/uploads\/2026\/03\/A8-300x150.jpg 300w, https:\/\/daab.es\/wp-content\/uploads\/2026\/03\/A8-768x384.jpg 768w, https:\/\/daab.es\/wp-content\/uploads\/2026\/03\/A8-1536x768.jpg 1536w, https:\/\/daab.es\/wp-content\/uploads\/2026\/03\/A8-18x9.jpg 18w, https:\/\/daab.es\/wp-content\/uploads\/2026\/03\/A8.jpg 1600w\" sizes=\"(max-width: 800px) 100vw, 800px\" \/>\t\t\t\t\t\t\t\t\t\t\t\t\t\t\t<\/div>\n\t\t<div class=\"elementor-element elementor-element-75bd8a0 e-con-full e-flex e-con e-child\" data-id=\"75bd8a0\" data-element_type=\"container\" data-e-type=\"container\">\n\t\t\t\t<div class=\"elementor-element elementor-element-4747b29 elementor-widget__width-initial elementor-widget elementor-widget-image\" data-id=\"4747b29\" data-element_type=\"widget\" data-e-type=\"widget\" data-widget_type=\"image.default\">\n\t\t\t\t\t\t\t\t\t\t\t\t\t\t\t<img loading=\"lazy\" decoding=\"async\" width=\"567\" height=\"851\" src=\"https:\/\/daab.es\/wp-content\/uploads\/2026\/03\/A4-1.jpg\" class=\"attachment-large size-large wp-image-3836\" alt=\"\" srcset=\"https:\/\/daab.es\/wp-content\/uploads\/2026\/03\/A4-1.jpg 567w, https:\/\/daab.es\/wp-content\/uploads\/2026\/03\/A4-1-200x300.jpg 200w, https:\/\/daab.es\/wp-content\/uploads\/2026\/03\/A4-1-8x12.jpg 8w\" sizes=\"(max-width: 567px) 100vw, 567px\" \/>\t\t\t\t\t\t\t\t\t\t\t\t\t\t\t<\/div>\n\t\t\t\t<div class=\"elementor-element elementor-element-661196e elementor-widget__width-initial elementor-widget elementor-widget-image\" data-id=\"661196e\" data-element_type=\"widget\" data-e-type=\"widget\" data-widget_type=\"image.default\">\n\t\t\t\t\t\t\t\t\t\t\t\t\t\t\t<img loading=\"lazy\" decoding=\"async\" width=\"388\" height=\"850\" src=\"https:\/\/daab.es\/wp-content\/uploads\/2026\/03\/A5.jpg\" class=\"attachment-large size-large wp-image-3835\" alt=\"\" srcset=\"https:\/\/daab.es\/wp-content\/uploads\/2026\/03\/A5.jpg 388w, https:\/\/daab.es\/wp-content\/uploads\/2026\/03\/A5-137x300.jpg 137w, https:\/\/daab.es\/wp-content\/uploads\/2026\/03\/A5-5x12.jpg 5w\" sizes=\"(max-width: 388px) 100vw, 388px\" \/>\t\t\t\t\t\t\t\t\t\t\t\t\t\t\t<\/div>\n\t\t\t\t<\/div>\n\t\t\t\t<div class=\"elementor-element elementor-element-41333c0 elementor-widget elementor-widget-image\" data-id=\"41333c0\" data-element_type=\"widget\" data-e-type=\"widget\" data-widget_type=\"image.default\">\n\t\t\t\t\t\t\t\t\t\t\t\t\t\t\t<img loading=\"lazy\" decoding=\"async\" width=\"851\" height=\"425\" src=\"https:\/\/daab.es\/wp-content\/uploads\/2026\/03\/A10.jpg\" class=\"attachment-full size-full wp-image-3839\" alt=\"\" srcset=\"https:\/\/daab.es\/wp-content\/uploads\/2026\/03\/A10.jpg 851w, https:\/\/daab.es\/wp-content\/uploads\/2026\/03\/A10-300x150.jpg 300w, https:\/\/daab.es\/wp-content\/uploads\/2026\/03\/A10-768x384.jpg 768w, https:\/\/daab.es\/wp-content\/uploads\/2026\/03\/A10-18x9.jpg 18w\" sizes=\"(max-width: 851px) 100vw, 851px\" \/>\t\t\t\t\t\t\t\t\t\t\t\t\t\t\t<\/div>\n\t\t<div class=\"elementor-element elementor-element-3307409 e-con-full e-flex e-con e-child\" data-id=\"3307409\" data-element_type=\"container\" data-e-type=\"container\">\n\t\t\t\t<div class=\"elementor-element elementor-element-b58597d elementor-widget__width-initial elementor-widget elementor-widget-image\" data-id=\"b58597d\" data-element_type=\"widget\" data-e-type=\"widget\" data-widget_type=\"image.default\">\n\t\t\t\t\t\t\t\t\t\t\t\t\t\t\t<img decoding=\"async\" src=\"https:\/\/daab.es\/wp-content\/uploads\/2025\/12\/N7X9406-P.jpg\" title=\"\" alt=\"\" loading=\"lazy\" \/>\t\t\t\t\t\t\t\t\t\t\t\t\t\t\t<\/div>\n\t\t\t\t<div class=\"elementor-element elementor-element-d306f1e elementor-widget elementor-widget-image\" data-id=\"d306f1e\" data-element_type=\"widget\" data-e-type=\"widget\" data-widget_type=\"image.default\">\n\t\t\t\t\t\t\t\t\t\t\t\t\t\t\t<img decoding=\"async\" src=\"https:\/\/daab.es\/wp-content\/uploads\/2025\/12\/N7X9441-P.jpg\" title=\"\" alt=\"\" loading=\"lazy\" \/>\t\t\t\t\t\t\t\t\t\t\t\t\t\t\t<\/div>\n\t\t\t\t<\/div>\n\t\t\t\t<div class=\"elementor-element elementor-element-e927241 elementor-widget elementor-widget-image\" data-id=\"e927241\" data-element_type=\"widget\" data-e-type=\"widget\" data-widget_type=\"image.default\">\n\t\t\t\t\t\t\t\t\t\t\t\t\t\t\t<img loading=\"lazy\" decoding=\"async\" width=\"851\" height=\"425\" src=\"https:\/\/daab.es\/wp-content\/uploads\/2026\/03\/A12.jpg\" class=\"attachment-full size-full wp-image-3840\" alt=\"\" srcset=\"https:\/\/daab.es\/wp-content\/uploads\/2026\/03\/A12.jpg 851w, https:\/\/daab.es\/wp-content\/uploads\/2026\/03\/A12-300x150.jpg 300w, https:\/\/daab.es\/wp-content\/uploads\/2026\/03\/A12-768x384.jpg 768w, https:\/\/daab.es\/wp-content\/uploads\/2026\/03\/A12-18x9.jpg 18w\" sizes=\"(max-width: 851px) 100vw, 851px\" \/>\t\t\t\t\t\t\t\t\t\t\t\t\t\t\t<\/div>\n\t\t\t\t<div class=\"elementor-element elementor-element-5a765c2 elementor-widget elementor-widget-image\" data-id=\"5a765c2\" data-element_type=\"widget\" data-e-type=\"widget\" data-widget_type=\"image.default\">\n\t\t\t\t\t\t\t\t\t\t\t\t\t\t\t<img loading=\"lazy\" decoding=\"async\" width=\"851\" height=\"425\" src=\"https:\/\/daab.es\/wp-content\/uploads\/2026\/03\/A16.jpg\" class=\"attachment-full size-full wp-image-3843\" alt=\"\" srcset=\"https:\/\/daab.es\/wp-content\/uploads\/2026\/03\/A16.jpg 851w, https:\/\/daab.es\/wp-content\/uploads\/2026\/03\/A16-300x150.jpg 300w, https:\/\/daab.es\/wp-content\/uploads\/2026\/03\/A16-768x384.jpg 768w, https:\/\/daab.es\/wp-content\/uploads\/2026\/03\/A16-18x9.jpg 18w\" sizes=\"(max-width: 851px) 100vw, 851px\" \/>\t\t\t\t\t\t\t\t\t\t\t\t\t\t\t<\/div>\n\t\t\t\t<div class=\"elementor-element elementor-element-a9bd25a elementor-widget elementor-widget-image\" data-id=\"a9bd25a\" data-element_type=\"widget\" data-e-type=\"widget\" data-widget_type=\"image.default\">\n\t\t\t\t\t\t\t\t\t\t\t\t\t\t\t<img decoding=\"async\" src=\"https:\/\/daab.es\/wp-content\/uploads\/2025\/12\/A17.jpg\" title=\"\" alt=\"\" loading=\"lazy\" \/>\t\t\t\t\t\t\t\t\t\t\t\t\t\t\t<\/div>\n\t\t\t\t<div class=\"elementor-element elementor-element-5912a37 elementor-widget elementor-widget-image\" data-id=\"5912a37\" data-element_type=\"widget\" data-e-type=\"widget\" data-widget_type=\"image.default\">\n\t\t\t\t\t\t\t\t\t\t\t\t\t\t\t<img loading=\"lazy\" decoding=\"async\" width=\"1810\" height=\"2560\" src=\"https:\/\/daab.es\/wp-content\/uploads\/2026\/03\/Plantes-2-5-scaled.jpg\" class=\"attachment-full size-full wp-image-3859\" alt=\"\" srcset=\"https:\/\/daab.es\/wp-content\/uploads\/2026\/03\/Plantes-2-5-scaled.jpg 1810w, https:\/\/daab.es\/wp-content\/uploads\/2026\/03\/Plantes-2-5-212x300.jpg 212w, https:\/\/daab.es\/wp-content\/uploads\/2026\/03\/Plantes-2-5-724x1024.jpg 724w, https:\/\/daab.es\/wp-content\/uploads\/2026\/03\/Plantes-2-5-768x1086.jpg 768w, https:\/\/daab.es\/wp-content\/uploads\/2026\/03\/Plantes-2-5-1086x1536.jpg 1086w, https:\/\/daab.es\/wp-content\/uploads\/2026\/03\/Plantes-2-5-1448x2048.jpg 1448w, https:\/\/daab.es\/wp-content\/uploads\/2026\/03\/Plantes-2-5-8x12.jpg 8w\" sizes=\"(max-width: 1810px) 100vw, 1810px\" \/>\t\t\t\t\t\t\t\t\t\t\t\t\t\t\t<\/div>\n\t\t\t\t<div class=\"elementor-element elementor-element-7cb849a elementor-widget elementor-widget-image\" data-id=\"7cb849a\" data-element_type=\"widget\" data-e-type=\"widget\" data-widget_type=\"image.default\">\n\t\t\t\t\t\t\t\t\t\t\t\t\t\t\t<img loading=\"lazy\" decoding=\"async\" width=\"1810\" height=\"2560\" src=\"https:\/\/daab.es\/wp-content\/uploads\/2026\/03\/Plantes-2-1-scaled.jpg\" class=\"attachment-full size-full wp-image-3858\" alt=\"\" srcset=\"https:\/\/daab.es\/wp-content\/uploads\/2026\/03\/Plantes-2-1-scaled.jpg 1810w, https:\/\/daab.es\/wp-content\/uploads\/2026\/03\/Plantes-2-1-212x300.jpg 212w, https:\/\/daab.es\/wp-content\/uploads\/2026\/03\/Plantes-2-1-724x1024.jpg 724w, https:\/\/daab.es\/wp-content\/uploads\/2026\/03\/Plantes-2-1-768x1086.jpg 768w, https:\/\/daab.es\/wp-content\/uploads\/2026\/03\/Plantes-2-1-1086x1536.jpg 1086w, https:\/\/daab.es\/wp-content\/uploads\/2026\/03\/Plantes-2-1-1448x2048.jpg 1448w, https:\/\/daab.es\/wp-content\/uploads\/2026\/03\/Plantes-2-1-8x12.jpg 8w\" sizes=\"(max-width: 1810px) 100vw, 1810px\" \/>\t\t\t\t\t\t\t\t\t\t\t\t\t\t\t<\/div>\n\t\t\t\t<div class=\"elementor-element elementor-element-47c776f elementor-widget elementor-widget-image\" data-id=\"47c776f\" data-element_type=\"widget\" data-e-type=\"widget\" data-widget_type=\"image.default\">\n\t\t\t\t\t\t\t\t\t\t\t\t\t\t\t<img loading=\"lazy\" decoding=\"async\" width=\"1810\" height=\"2560\" src=\"https:\/\/daab.es\/wp-content\/uploads\/2026\/03\/Seccions-scaled.jpg\" class=\"attachment-full size-full wp-image-3860\" alt=\"\" srcset=\"https:\/\/daab.es\/wp-content\/uploads\/2026\/03\/Seccions-scaled.jpg 1810w, https:\/\/daab.es\/wp-content\/uploads\/2026\/03\/Seccions-212x300.jpg 212w, https:\/\/daab.es\/wp-content\/uploads\/2026\/03\/Seccions-724x1024.jpg 724w, https:\/\/daab.es\/wp-content\/uploads\/2026\/03\/Seccions-768x1086.jpg 768w, https:\/\/daab.es\/wp-content\/uploads\/2026\/03\/Seccions-1086x1536.jpg 1086w, https:\/\/daab.es\/wp-content\/uploads\/2026\/03\/Seccions-1448x2048.jpg 1448w, https:\/\/daab.es\/wp-content\/uploads\/2026\/03\/Seccions-8x12.jpg 8w\" sizes=\"(max-width: 1810px) 100vw, 1810px\" \/>\t\t\t\t\t\t\t\t\t\t\t\t\t\t\t<\/div>\n\t\t\t\t<div class=\"elementor-element elementor-element-481b429b elementor-widget elementor-widget-heading\" data-id=\"481b429b\" data-element_type=\"widget\" data-e-type=\"widget\" data-widget_type=\"heading.default\">\n\t\t\t\t\t<h2 class=\"elementor-heading-title elementor-size-default\">Descripci\u00f3<\/h2>\t\t\t\t<\/div>\n\t\t\t\t<div class=\"elementor-element elementor-element-19f75d70 elementor-widget elementor-widget-text-editor\" data-id=\"19f75d70\" data-element_type=\"widget\" data-e-type=\"widget\" data-widget_type=\"text-editor.default\">\n\t\t\t\t\t\t\t\t\t<p>El programa a resoldre haur\u00e0 d&#8217;incloure un centre sociocultural, una sala d&#8217;actes per a 300 a 350 persones, guarderia, aparcament i pla\u00e7a entre el centre i l&#8217;escola.<br \/>L&#8217;edificaci\u00f3 principal amb fa\u00e7ana al Carrer Gran de Gr\u00e0cia \u00e9s la que mereix un tractament especial de fa\u00e7anes ja que consta a la fitxa del pla de protecci\u00f3, es tracta de la casa del Bar\u00f3 de la Barre i constitueix un petit palau de finals del segle XVIII.<br \/>El projecte planteja la rehabilitaci\u00f3 de l&#8217;edifici mantenint com a elements distributius les parets de c\u00e0rrega existents i fent-les servir com a noves parets de c\u00e0rrega dels nous forjats de l&#8217;edifici.<br \/>Dado que el programa a colocar quedar\u00e1 dividido en dos zonas totalmente diferenciadas con niveles opuestos, el proyecto plantea formar dos grandes huecos interiores de relaci\u00f3n espacial de los diferentes \u00e1mbitos.<\/p>\t\t\t\t\t\t\t\t<\/div>\n\t\t\t\t<\/div>\n\t\t<div class=\"elementor-element elementor-element-297ddf5b e-con-full e-flex e-con e-child\" data-id=\"297ddf5b\" data-element_type=\"container\" data-e-type=\"container\" data-settings=\"{&quot;sticky&quot;:&quot;top&quot;,&quot;sticky_on&quot;:[&quot;desktop&quot;],&quot;sticky_offset&quot;:75,&quot;sticky_parent&quot;:&quot;yes&quot;,&quot;sticky_effects_offset&quot;:0,&quot;sticky_anchor_link_offset&quot;:0}\">\n\t\t\t\t<div class=\"elementor-element elementor-element-695140ed elementor-icon-list--layout-traditional elementor-list-item-link-full_width elementor-widget elementor-widget-icon-list\" data-id=\"695140ed\" data-element_type=\"widget\" data-e-type=\"widget\" data-widget_type=\"icon-list.default\">\n\t\t\t\t\t\t\t<ul class=\"elementor-icon-list-items\">\n\t\t\t\t\t\t\t<li class=\"elementor-icon-list-item\">\n\t\t\t\t\t\t\t\t\t\t<span class=\"elementor-icon-list-text\">C\/. Gran de Gr\u00e0cia. Vila de Gr\u00e0cia, Barcelona<\/span>\n\t\t\t\t\t\t\t\t\t<\/li>\n\t\t\t\t\t\t\t\t<li class=\"elementor-icon-list-item\">\n\t\t\t\t\t\t\t\t\t\t<span class=\"elementor-icon-list-text\">5.800 m2 \/ 5.173.033\u20ac<\/span>\n\t\t\t\t\t\t\t\t\t<\/li>\n\t\t\t\t\t\t\t\t<li class=\"elementor-icon-list-item\">\n\t\t\t\t\t\t\t\t\t\t<span class=\"elementor-icon-list-text\">BIMSA<\/span>\n\t\t\t\t\t\t\t\t\t<\/li>\n\t\t\t\t\t\t\t\t<li class=\"elementor-icon-list-item\">\n\t\t\t\t\t\t\t\t\t\t<span class=\"elementor-icon-list-text\">Constru\u00eft<\/span>\n\t\t\t\t\t\t\t\t\t<\/li>\n\t\t\t\t\t\t\t\t<li class=\"elementor-icon-list-item\">\n\t\t\t\t\t\t\t\t\t\t<span class=\"elementor-icon-list-text\">Cultural. Reforma, rehabilitaci\u00f3 i ampliaci\u00f3.<\/span>\n\t\t\t\t\t\t\t\t\t<\/li>\n\t\t\t\t\t\t\t\t<li class=\"elementor-icon-list-item\">\n\t\t\t\t\t\t\t\t\t\t<span class=\"elementor-icon-list-text\"><b>Concurs obert: 1er premi<\/b><\/span>\n\t\t\t\t\t\t\t\t\t<\/li>\n\t\t\t\t\t\t<\/ul>\n\t\t\t\t\t\t<\/div>\n\t\t\t\t<\/div>\n\t\t\t\t<\/div>\n\t\t\t\t<\/div>","protected":false},"excerpt":{"rendered":"<p>Descripci\u00f3 El programa a resoldre haur\u00e0 d&#8217;incloure un centre sociocultural, una sala d&#8217;actes per a 300 a 350 persones, guarderia, aparcament i pla\u00e7a entre el centre i l&#8217;escola.L&#8217;edificaci\u00f3 principal amb fa\u00e7ana al Carrer Gran de Gr\u00e0cia \u00e9s la que mereix un tractament especial de fa\u00e7anes ja que consta a la fitxa del pla de protecci\u00f3, [&hellip;]<\/p>","protected":false},"author":3,"featured_media":0,"parent":0,"menu_order":0,"comment_status":"closed","ping_status":"closed","template":"","meta":{"footnotes":""},"class_list":["post-760","page","type-page","status-publish","hentry"],"yoast_head":"<!-- This site is optimized with the Yoast SEO plugin v27.4 - https:\/\/yoast.com\/product\/yoast-seo-wordpress\/ -->\n<title>Centre Sociocultural La Fontana - Daab<\/title>\n<meta name=\"robots\" content=\"index, follow, max-snippet:-1, max-image-preview:large, max-video-preview:-1\" \/>\n<link rel=\"canonical\" href=\"https:\/\/daab.es\/ca\/centre-sociocultural-la-fontana\/\" \/>\n<meta property=\"og:locale\" content=\"ca_ES\" \/>\n<meta property=\"og:type\" content=\"article\" \/>\n<meta property=\"og:title\" content=\"Centre Sociocultural La Fontana - Daab\" \/>\n<meta property=\"og:description\" content=\"Descripci\u00f3 El programa a resoldre haur\u00e0 d&#8217;incloure un centre sociocultural, una sala d&#8217;actes per a 300 a 350 persones, guarderia, aparcament i pla\u00e7a entre el centre i l&#8217;escola.L&#8217;edificaci\u00f3 principal amb fa\u00e7ana al Carrer Gran de Gr\u00e0cia \u00e9s la que mereix un tractament especial de fa\u00e7anes ja que consta a la fitxa del pla de protecci\u00f3, [&hellip;]\" \/>\n<meta property=\"og:url\" content=\"https:\/\/daab.es\/ca\/centre-sociocultural-la-fontana\/\" \/>\n<meta property=\"og:site_name\" content=\"Daab\" \/>\n<meta property=\"article:modified_time\" content=\"2026-03-17T17:03:06+00:00\" \/>\n<meta property=\"og:image\" content=\"https:\/\/daab.es\/wp-content\/uploads\/2026\/03\/OSI-1.jpg\" \/>\n\t<meta property=\"og:image:width\" content=\"2126\" \/>\n\t<meta property=\"og:image:height\" content=\"1538\" \/>\n\t<meta property=\"og:image:type\" content=\"image\/jpeg\" \/>\n<meta name=\"twitter:card\" content=\"summary_large_image\" \/>\n<meta name=\"twitter:label1\" content=\"Temps estimat de lectura\" \/>\n\t<meta name=\"twitter:data1\" content=\"1 minut\" \/>\n<script type=\"application\/ld+json\" class=\"yoast-schema-graph\">{\"@context\":\"https:\\\/\\\/schema.org\",\"@graph\":[{\"@type\":\"WebPage\",\"@id\":\"https:\\\/\\\/daab.es\\\/centre-sociocultural-la-fontana\\\/\",\"url\":\"https:\\\/\\\/daab.es\\\/centre-sociocultural-la-fontana\\\/\",\"name\":\"Centre Sociocultural La Fontana - Daab\",\"isPartOf\":{\"@id\":\"https:\\\/\\\/daab.es\\\/#website\"},\"primaryImageOfPage\":{\"@id\":\"https:\\\/\\\/daab.es\\\/centre-sociocultural-la-fontana\\\/#primaryimage\"},\"image\":{\"@id\":\"https:\\\/\\\/daab.es\\\/centre-sociocultural-la-fontana\\\/#primaryimage\"},\"thumbnailUrl\":\"https:\\\/\\\/daab.es\\\/wp-content\\\/uploads\\\/2026\\\/03\\\/OSI-1-1024x741.jpg\",\"datePublished\":\"2025-12-10T15:54:07+00:00\",\"dateModified\":\"2026-03-17T17:03:06+00:00\",\"breadcrumb\":{\"@id\":\"https:\\\/\\\/daab.es\\\/centre-sociocultural-la-fontana\\\/#breadcrumb\"},\"inLanguage\":\"ca\",\"potentialAction\":[{\"@type\":\"ReadAction\",\"target\":[\"https:\\\/\\\/daab.es\\\/centre-sociocultural-la-fontana\\\/\"]}]},{\"@type\":\"ImageObject\",\"inLanguage\":\"ca\",\"@id\":\"https:\\\/\\\/daab.es\\\/centre-sociocultural-la-fontana\\\/#primaryimage\",\"url\":\"https:\\\/\\\/daab.es\\\/wp-content\\\/uploads\\\/2026\\\/03\\\/OSI-1-1024x741.jpg\",\"contentUrl\":\"https:\\\/\\\/daab.es\\\/wp-content\\\/uploads\\\/2026\\\/03\\\/OSI-1-1024x741.jpg\"},{\"@type\":\"BreadcrumbList\",\"@id\":\"https:\\\/\\\/daab.es\\\/centre-sociocultural-la-fontana\\\/#breadcrumb\",\"itemListElement\":[{\"@type\":\"ListItem\",\"position\":1,\"name\":\"Home\",\"item\":\"https:\\\/\\\/daab.es\\\/\"},{\"@type\":\"ListItem\",\"position\":2,\"name\":\"Centre Sociocultural La Fontana\"}]},{\"@type\":\"WebSite\",\"@id\":\"https:\\\/\\\/daab.es\\\/#website\",\"url\":\"https:\\\/\\\/daab.es\\\/\",\"name\":\"Daab\",\"description\":\"\",\"publisher\":{\"@id\":\"https:\\\/\\\/daab.es\\\/#organization\"},\"potentialAction\":[{\"@type\":\"SearchAction\",\"target\":{\"@type\":\"EntryPoint\",\"urlTemplate\":\"https:\\\/\\\/daab.es\\\/?s={search_term_string}\"},\"query-input\":{\"@type\":\"PropertyValueSpecification\",\"valueRequired\":true,\"valueName\":\"search_term_string\"}}],\"inLanguage\":\"ca\"},{\"@type\":\"Organization\",\"@id\":\"https:\\\/\\\/daab.es\\\/#organization\",\"name\":\"Daab\",\"url\":\"https:\\\/\\\/daab.es\\\/\",\"logo\":{\"@type\":\"ImageObject\",\"inLanguage\":\"ca\",\"@id\":\"https:\\\/\\\/daab.es\\\/#\\\/schema\\\/logo\\\/image\\\/\",\"url\":\"https:\\\/\\\/daab.es\\\/wp-content\\\/uploads\\\/2025\\\/10\\\/Captura-de-pantalla-2025-10-13-110930-e1761412934100.png\",\"contentUrl\":\"https:\\\/\\\/daab.es\\\/wp-content\\\/uploads\\\/2025\\\/10\\\/Captura-de-pantalla-2025-10-13-110930-e1761412934100.png\",\"width\":232,\"height\":47,\"caption\":\"Daab\"},\"image\":{\"@id\":\"https:\\\/\\\/daab.es\\\/#\\\/schema\\\/logo\\\/image\\\/\"}}]}<\/script>\n<!-- \/ Yoast SEO plugin. -->","yoast_head_json":{"title":"Centre Sociocultural La Fontana - Daab","robots":{"index":"index","follow":"follow","max-snippet":"max-snippet:-1","max-image-preview":"max-image-preview:large","max-video-preview":"max-video-preview:-1"},"canonical":"https:\/\/daab.es\/ca\/centre-sociocultural-la-fontana\/","og_locale":"ca_ES","og_type":"article","og_title":"Centre Sociocultural La Fontana - Daab","og_description":"Descripci\u00f3 El programa a resoldre haur\u00e0 d&#8217;incloure un centre sociocultural, una sala d&#8217;actes per a 300 a 350 persones, guarderia, aparcament i pla\u00e7a entre el centre i l&#8217;escola.L&#8217;edificaci\u00f3 principal amb fa\u00e7ana al Carrer Gran de Gr\u00e0cia \u00e9s la que mereix un tractament especial de fa\u00e7anes ja que consta a la fitxa del pla de protecci\u00f3, [&hellip;]","og_url":"https:\/\/daab.es\/ca\/centre-sociocultural-la-fontana\/","og_site_name":"Daab","article_modified_time":"2026-03-17T17:03:06+00:00","og_image":[{"width":2126,"height":1538,"url":"https:\/\/daab.es\/wp-content\/uploads\/2026\/03\/OSI-1.jpg","type":"image\/jpeg"}],"twitter_card":"summary_large_image","twitter_misc":{"Temps estimat de lectura":"1 minut"},"schema":{"@context":"https:\/\/schema.org","@graph":[{"@type":"WebPage","@id":"https:\/\/daab.es\/centre-sociocultural-la-fontana\/","url":"https:\/\/daab.es\/centre-sociocultural-la-fontana\/","name":"Centre Sociocultural La Fontana - Daab","isPartOf":{"@id":"https:\/\/daab.es\/#website"},"primaryImageOfPage":{"@id":"https:\/\/daab.es\/centre-sociocultural-la-fontana\/#primaryimage"},"image":{"@id":"https:\/\/daab.es\/centre-sociocultural-la-fontana\/#primaryimage"},"thumbnailUrl":"https:\/\/daab.es\/wp-content\/uploads\/2026\/03\/OSI-1-1024x741.jpg","datePublished":"2025-12-10T15:54:07+00:00","dateModified":"2026-03-17T17:03:06+00:00","breadcrumb":{"@id":"https:\/\/daab.es\/centre-sociocultural-la-fontana\/#breadcrumb"},"inLanguage":"ca","potentialAction":[{"@type":"ReadAction","target":["https:\/\/daab.es\/centre-sociocultural-la-fontana\/"]}]},{"@type":"ImageObject","inLanguage":"ca","@id":"https:\/\/daab.es\/centre-sociocultural-la-fontana\/#primaryimage","url":"https:\/\/daab.es\/wp-content\/uploads\/2026\/03\/OSI-1-1024x741.jpg","contentUrl":"https:\/\/daab.es\/wp-content\/uploads\/2026\/03\/OSI-1-1024x741.jpg"},{"@type":"BreadcrumbList","@id":"https:\/\/daab.es\/centre-sociocultural-la-fontana\/#breadcrumb","itemListElement":[{"@type":"ListItem","position":1,"name":"Home","item":"https:\/\/daab.es\/"},{"@type":"ListItem","position":2,"name":"Centre Sociocultural La Fontana"}]},{"@type":"WebSite","@id":"https:\/\/daab.es\/#website","url":"https:\/\/daab.es\/","name":"Daab","description":"","publisher":{"@id":"https:\/\/daab.es\/#organization"},"potentialAction":[{"@type":"SearchAction","target":{"@type":"EntryPoint","urlTemplate":"https:\/\/daab.es\/?s={search_term_string}"},"query-input":{"@type":"PropertyValueSpecification","valueRequired":true,"valueName":"search_term_string"}}],"inLanguage":"ca"},{"@type":"Organization","@id":"https:\/\/daab.es\/#organization","name":"Daab","url":"https:\/\/daab.es\/","logo":{"@type":"ImageObject","inLanguage":"ca","@id":"https:\/\/daab.es\/#\/schema\/logo\/image\/","url":"https:\/\/daab.es\/wp-content\/uploads\/2025\/10\/Captura-de-pantalla-2025-10-13-110930-e1761412934100.png","contentUrl":"https:\/\/daab.es\/wp-content\/uploads\/2025\/10\/Captura-de-pantalla-2025-10-13-110930-e1761412934100.png","width":232,"height":47,"caption":"Daab"},"image":{"@id":"https:\/\/daab.es\/#\/schema\/logo\/image\/"}}]}},"_links":{"self":[{"href":"https:\/\/daab.es\/ca\/wp-json\/wp\/v2\/pages\/760","targetHints":{"allow":["GET"]}}],"collection":[{"href":"https:\/\/daab.es\/ca\/wp-json\/wp\/v2\/pages"}],"about":[{"href":"https:\/\/daab.es\/ca\/wp-json\/wp\/v2\/types\/page"}],"author":[{"embeddable":true,"href":"https:\/\/daab.es\/ca\/wp-json\/wp\/v2\/users\/3"}],"replies":[{"embeddable":true,"href":"https:\/\/daab.es\/ca\/wp-json\/wp\/v2\/comments?post=760"}],"version-history":[{"count":45,"href":"https:\/\/daab.es\/ca\/wp-json\/wp\/v2\/pages\/760\/revisions"}],"predecessor-version":[{"id":3866,"href":"https:\/\/daab.es\/ca\/wp-json\/wp\/v2\/pages\/760\/revisions\/3866"}],"wp:attachment":[{"href":"https:\/\/daab.es\/ca\/wp-json\/wp\/v2\/media?parent=760"}],"curies":[{"name":"wp","href":"https:\/\/api.w.org\/{rel}","templated":true}]}}