{"id":3788,"date":"2026-03-16T19:14:27","date_gmt":"2026-03-16T19:14:27","guid":{"rendered":"https:\/\/daab.es\/?page_id=3788"},"modified":"2026-03-16T19:31:34","modified_gmt":"2026-03-16T19:31:34","slug":"escola-bressol-balmes","status":"publish","type":"page","link":"https:\/\/daab.es\/ca\/escola-bressol-balmes\/","title":{"rendered":"Escola Balmes. Rub\u00ed"},"content":{"rendered":"<div data-elementor-type=\"wp-page\" data-elementor-id=\"3788\" class=\"elementor elementor-3788\" data-elementor-post-type=\"page\">\n\t\t\t\t<div class=\"elementor-element elementor-element-14fd50bc e-con-full e-flex e-con e-parent\" data-id=\"14fd50bc\" data-element_type=\"container\" data-e-type=\"container\">\n\t\t<div class=\"elementor-element elementor-element-5cede08f e-con-full e-flex e-con e-child\" data-id=\"5cede08f\" data-element_type=\"container\" data-e-type=\"container\">\n\t\t\t\t<div class=\"elementor-element elementor-element-3742dc75 elementor-widget elementor-widget-image\" data-id=\"3742dc75\" data-element_type=\"widget\" data-e-type=\"widget\" data-widget_type=\"image.default\">\n\t\t\t\t\t\t\t\t\t\t\t\t\t\t\t<img fetchpriority=\"high\" decoding=\"async\" width=\"754\" height=\"428\" src=\"https:\/\/daab.es\/wp-content\/uploads\/2026\/03\/Gem-1-6-e1773687765546.jpg\" class=\"attachment-full size-full wp-image-3793\" alt=\"\" srcset=\"https:\/\/daab.es\/wp-content\/uploads\/2026\/03\/Gem-1-6-e1773687765546.jpg 754w, https:\/\/daab.es\/wp-content\/uploads\/2026\/03\/Gem-1-6-e1773687765546-300x170.jpg 300w, https:\/\/daab.es\/wp-content\/uploads\/2026\/03\/Gem-1-6-e1773687765546-18x10.jpg 18w\" sizes=\"(max-width: 754px) 100vw, 754px\" \/>\t\t\t\t\t\t\t\t\t\t\t\t\t\t\t<\/div>\n\t\t<div class=\"elementor-element elementor-element-297c8e1 e-con-full e-flex e-con e-child\" data-id=\"297c8e1\" data-element_type=\"container\" data-e-type=\"container\">\n\t\t\t\t<div class=\"elementor-element elementor-element-094dd6c elementor-widget__width-initial elementor-widget elementor-widget-image\" data-id=\"094dd6c\" data-element_type=\"widget\" data-e-type=\"widget\" data-widget_type=\"image.default\">\n\t\t\t\t\t\t\t\t\t\t\t\t\t\t\t<img decoding=\"async\" width=\"564\" height=\"595\" src=\"https:\/\/daab.es\/wp-content\/uploads\/2026\/03\/IMG_01-e1773687799498.jpg\" class=\"attachment-large size-large wp-image-3794\" alt=\"\" srcset=\"https:\/\/daab.es\/wp-content\/uploads\/2026\/03\/IMG_01-e1773687799498.jpg 564w, https:\/\/daab.es\/wp-content\/uploads\/2026\/03\/IMG_01-e1773687799498-284x300.jpg 284w, https:\/\/daab.es\/wp-content\/uploads\/2026\/03\/IMG_01-e1773687799498-11x12.jpg 11w\" sizes=\"(max-width: 564px) 100vw, 564px\" \/>\t\t\t\t\t\t\t\t\t\t\t\t\t\t\t<\/div>\n\t\t\t\t<div class=\"elementor-element elementor-element-69a5063 elementor-widget__width-initial elementor-widget elementor-widget-image\" data-id=\"69a5063\" data-element_type=\"widget\" data-e-type=\"widget\" data-widget_type=\"image.default\">\n\t\t\t\t\t\t\t\t\t\t\t\t\t\t\t<img decoding=\"async\" width=\"800\" height=\"530\" src=\"https:\/\/daab.es\/wp-content\/uploads\/2026\/03\/3D-Lames_V1-e1773687781949-1024x678.jpeg\" class=\"attachment-large size-large wp-image-3792\" alt=\"\" srcset=\"https:\/\/daab.es\/wp-content\/uploads\/2026\/03\/3D-Lames_V1-e1773687781949-1024x678.jpeg 1024w, https:\/\/daab.es\/wp-content\/uploads\/2026\/03\/3D-Lames_V1-e1773687781949-300x199.jpeg 300w, https:\/\/daab.es\/wp-content\/uploads\/2026\/03\/3D-Lames_V1-e1773687781949-768x509.jpeg 768w, https:\/\/daab.es\/wp-content\/uploads\/2026\/03\/3D-Lames_V1-e1773687781949-18x12.jpeg 18w, https:\/\/daab.es\/wp-content\/uploads\/2026\/03\/3D-Lames_V1-e1773687781949.jpeg 1430w\" sizes=\"(max-width: 800px) 100vw, 800px\" \/>\t\t\t\t\t\t\t\t\t\t\t\t\t\t\t<\/div>\n\t\t\t\t<\/div>\n\t\t\t\t<div class=\"elementor-element elementor-element-74aa60c8 elementor-widget elementor-widget-image\" data-id=\"74aa60c8\" data-element_type=\"widget\" data-e-type=\"widget\" data-widget_type=\"image.default\">\n\t\t\t\t\t\t\t\t\t\t\t\t\t\t\t<img loading=\"lazy\" decoding=\"async\" width=\"727\" height=\"1024\" src=\"https:\/\/daab.es\/wp-content\/uploads\/2026\/03\/AP_01.1-scaled-e1773687835420-727x1024.jpg\" class=\"attachment-large size-large wp-image-3790\" alt=\"\" srcset=\"https:\/\/daab.es\/wp-content\/uploads\/2026\/03\/AP_01.1-scaled-e1773687835420-727x1024.jpg 727w, https:\/\/daab.es\/wp-content\/uploads\/2026\/03\/AP_01.1-scaled-e1773687835420-213x300.jpg 213w, https:\/\/daab.es\/wp-content\/uploads\/2026\/03\/AP_01.1-scaled-e1773687835420-768x1082.jpg 768w, https:\/\/daab.es\/wp-content\/uploads\/2026\/03\/AP_01.1-scaled-e1773687835420-1090x1536.jpg 1090w, https:\/\/daab.es\/wp-content\/uploads\/2026\/03\/AP_01.1-scaled-e1773687835420-1453x2048.jpg 1453w, https:\/\/daab.es\/wp-content\/uploads\/2026\/03\/AP_01.1-scaled-e1773687835420-9x12.jpg 9w, https:\/\/daab.es\/wp-content\/uploads\/2026\/03\/AP_01.1-scaled-e1773687835420.jpg 1580w\" sizes=\"(max-width: 727px) 100vw, 727px\" \/>\t\t\t\t\t\t\t\t\t\t\t\t\t\t\t<\/div>\n\t\t\t\t<div class=\"elementor-element elementor-element-9e0ae9d elementor-widget elementor-widget-image\" data-id=\"9e0ae9d\" data-element_type=\"widget\" data-e-type=\"widget\" data-widget_type=\"image.default\">\n\t\t\t\t\t\t\t\t\t\t\t\t\t\t\t<img loading=\"lazy\" decoding=\"async\" width=\"717\" height=\"1024\" src=\"https:\/\/daab.es\/wp-content\/uploads\/2026\/03\/AP_02-scaled-e1773687820774-717x1024.jpg\" class=\"attachment-large size-large wp-image-3791\" alt=\"\" srcset=\"https:\/\/daab.es\/wp-content\/uploads\/2026\/03\/AP_02-scaled-e1773687820774-717x1024.jpg 717w, https:\/\/daab.es\/wp-content\/uploads\/2026\/03\/AP_02-scaled-e1773687820774-210x300.jpg 210w, https:\/\/daab.es\/wp-content\/uploads\/2026\/03\/AP_02-scaled-e1773687820774-768x1097.jpg 768w, https:\/\/daab.es\/wp-content\/uploads\/2026\/03\/AP_02-scaled-e1773687820774-1075x1536.jpg 1075w, https:\/\/daab.es\/wp-content\/uploads\/2026\/03\/AP_02-scaled-e1773687820774-1434x2048.jpg 1434w, https:\/\/daab.es\/wp-content\/uploads\/2026\/03\/AP_02-scaled-e1773687820774-8x12.jpg 8w, https:\/\/daab.es\/wp-content\/uploads\/2026\/03\/AP_02-scaled-e1773687820774.jpg 1610w\" sizes=\"(max-width: 717px) 100vw, 717px\" \/>\t\t\t\t\t\t\t\t\t\t\t\t\t\t\t<\/div>\n\t\t\t\t<div class=\"elementor-element elementor-element-3a495a1b elementor-widget elementor-widget-heading\" data-id=\"3a495a1b\" data-element_type=\"widget\" data-e-type=\"widget\" data-widget_type=\"heading.default\">\n\t\t\t\t\t<h2 class=\"elementor-heading-title elementor-size-default\">Descripci\u00f3<\/h2>\t\t\t\t<\/div>\n\t\t\t\t<div class=\"elementor-element elementor-element-169afb55 elementor-widget elementor-widget-text-editor\" data-id=\"169afb55\" data-element_type=\"widget\" data-e-type=\"widget\" data-widget_type=\"text-editor.default\">\n\t\t\t\t\t\t\t\t\t<p>El projecte proposa reformar i ampliar l&#8217;edifici actual dedicat a la educaci\u00f3 infantil de lescola Balmes.<\/p><p>L&#8217;edifici existent, era originalment un habitatge unifamilar que es transform\u00e0 en escola infantil. L&#8217;ampliaci\u00f3 dobla la superficie original i proposa unificar la imatge global de l&#8217;equipament adaptant la volumetria original a la nova volumetria i uniforman els materials d&#8217;acabat de les fa\u00e7anes per entendre la nova escola com un sol edifici.\u00a0<\/p><p>Alhora, la proposta planteja unes noves relacions amb les edificcacions de prim\u00e0ria amb passeres i porxos en dies de pluja.<\/p>\t\t\t\t\t\t\t\t<\/div>\n\t\t\t\t<\/div>\n\t\t<div class=\"elementor-element elementor-element-6712dabd e-con-full e-flex e-con e-child\" data-id=\"6712dabd\" data-element_type=\"container\" data-e-type=\"container\" data-settings=\"{&quot;sticky&quot;:&quot;top&quot;,&quot;sticky_on&quot;:[&quot;desktop&quot;],&quot;sticky_offset&quot;:75,&quot;sticky_parent&quot;:&quot;yes&quot;,&quot;sticky_effects_offset&quot;:0,&quot;sticky_anchor_link_offset&quot;:0}\">\n\t\t\t\t<div class=\"elementor-element elementor-element-187bad80 elementor-icon-list--layout-traditional elementor-list-item-link-full_width elementor-widget elementor-widget-icon-list\" data-id=\"187bad80\" data-element_type=\"widget\" data-e-type=\"widget\" data-widget_type=\"icon-list.default\">\n\t\t\t\t\t\t\t<ul class=\"elementor-icon-list-items\">\n\t\t\t\t\t\t\t<li class=\"elementor-icon-list-item\">\n\t\t\t\t\t\t\t\t\t\t<span class=\"elementor-icon-list-text\">Pla\u00e7a Estanislau Figueras 1, Rub\u00ed, Barcelona<\/span>\n\t\t\t\t\t\t\t\t\t<\/li>\n\t\t\t\t\t\t\t\t<li class=\"elementor-icon-list-item\">\n\t\t\t\t\t\t\t\t\t\t<span class=\"elementor-icon-list-text\">450 m2 \/ 600.000 \u20ac<\/span>\n\t\t\t\t\t\t\t\t\t<\/li>\n\t\t\t\t\t\t\t\t<li class=\"elementor-icon-list-item\">\n\t\t\t\t\t\t\t\t\t\t\t<a href=\"http:\/\/escola-bressol-sant-medir\">\n\n\t\t\t\t\t\t\t\t\t\t\t<span class=\"elementor-icon-list-text\">Projecte empremta<\/span>\n\t\t\t\t\t\t\t\t\t\t\t<\/a>\n\t\t\t\t\t\t\t\t\t<\/li>\n\t\t\t\t\t\t\t\t<li class=\"elementor-icon-list-item\">\n\t\t\t\t\t\t\t\t\t\t<span class=\"elementor-icon-list-text\">Projecte B\u00e0sic<\/span>\n\t\t\t\t\t\t\t\t\t<\/li>\n\t\t\t\t\t\t\t\t<li class=\"elementor-icon-list-item\">\n\t\t\t\t\t\t\t\t\t\t<span class=\"elementor-icon-list-text\">Docent. Obra nova.<\/span>\n\t\t\t\t\t\t\t\t\t<\/li>\n\t\t\t\t\t\t<\/ul>\n\t\t\t\t\t\t<\/div>\n\t\t\t\t<\/div>\n\t\t\t\t<\/div>\n\t\t\t\t<\/div>","protected":false},"excerpt":{"rendered":"<p>Descripci\u00f3n El projecte proposa reformar i ampliar l&#8217;edifici actual dedicat a la educaci\u00f3 infantil de lescola Balmes. L&#8217;edifici existent, era originalment un habitatge unifamilar que es transform\u00e0 en escola infantil. L&#8217;ampliaci\u00f3 dobla la superficie original i proposa unificar la imatge global de l&#8217;equipament adaptant la volumetria original a la nova volumetria i uniforman els materials [&hellip;]<\/p>","protected":false},"author":3,"featured_media":0,"parent":0,"menu_order":0,"comment_status":"closed","ping_status":"closed","template":"","meta":{"footnotes":""},"class_list":["post-3788","page","type-page","status-publish","hentry"],"yoast_head":"<!-- This site is optimized with the Yoast SEO plugin v27.4 - https:\/\/yoast.com\/product\/yoast-seo-wordpress\/ -->\n<title>Escola Balmes. Rub\u00ed - Daab<\/title>\n<meta name=\"robots\" content=\"index, follow, max-snippet:-1, max-image-preview:large, max-video-preview:-1\" \/>\n<link rel=\"canonical\" href=\"https:\/\/daab.es\/ca\/escola-bressol-balmes\/\" \/>\n<meta property=\"og:locale\" content=\"ca_ES\" \/>\n<meta property=\"og:type\" content=\"article\" \/>\n<meta property=\"og:title\" content=\"Escola Balmes. Rub\u00ed - Daab\" \/>\n<meta property=\"og:description\" content=\"Descripci\u00f3n El projecte proposa reformar i ampliar l&#8217;edifici actual dedicat a la educaci\u00f3 infantil de lescola Balmes. L&#8217;edifici existent, era originalment un habitatge unifamilar que es transform\u00e0 en escola infantil. L&#8217;ampliaci\u00f3 dobla la superficie original i proposa unificar la imatge global de l&#8217;equipament adaptant la volumetria original a la nova volumetria i uniforman els materials [&hellip;]\" \/>\n<meta property=\"og:url\" content=\"https:\/\/daab.es\/ca\/escola-bressol-balmes\/\" \/>\n<meta property=\"og:site_name\" content=\"Daab\" \/>\n<meta property=\"article:modified_time\" content=\"2026-03-16T19:31:34+00:00\" \/>\n<meta property=\"og:image\" content=\"https:\/\/daab.es\/wp-content\/uploads\/2026\/03\/Gem-1-6-e1773687765546.jpg\" \/>\n\t<meta property=\"og:image:width\" content=\"754\" \/>\n\t<meta property=\"og:image:height\" content=\"428\" \/>\n\t<meta property=\"og:image:type\" content=\"image\/jpeg\" \/>\n<meta name=\"twitter:card\" content=\"summary_large_image\" \/>\n<meta name=\"twitter:label1\" content=\"Temps estimat de lectura\" \/>\n\t<meta name=\"twitter:data1\" content=\"1 minut\" \/>\n<script type=\"application\/ld+json\" class=\"yoast-schema-graph\">{\"@context\":\"https:\\\/\\\/schema.org\",\"@graph\":[{\"@type\":\"WebPage\",\"@id\":\"https:\\\/\\\/daab.es\\\/escola-bressol-balmes\\\/\",\"url\":\"https:\\\/\\\/daab.es\\\/escola-bressol-balmes\\\/\",\"name\":\"Escola Balmes. Rub\u00ed - Daab\",\"isPartOf\":{\"@id\":\"https:\\\/\\\/daab.es\\\/#website\"},\"primaryImageOfPage\":{\"@id\":\"https:\\\/\\\/daab.es\\\/escola-bressol-balmes\\\/#primaryimage\"},\"image\":{\"@id\":\"https:\\\/\\\/daab.es\\\/escola-bressol-balmes\\\/#primaryimage\"},\"thumbnailUrl\":\"https:\\\/\\\/daab.es\\\/wp-content\\\/uploads\\\/2026\\\/03\\\/Gem-1-6-e1773687765546.jpg\",\"datePublished\":\"2026-03-16T19:14:27+00:00\",\"dateModified\":\"2026-03-16T19:31:34+00:00\",\"breadcrumb\":{\"@id\":\"https:\\\/\\\/daab.es\\\/escola-bressol-balmes\\\/#breadcrumb\"},\"inLanguage\":\"ca\",\"potentialAction\":[{\"@type\":\"ReadAction\",\"target\":[\"https:\\\/\\\/daab.es\\\/escola-bressol-balmes\\\/\"]}]},{\"@type\":\"ImageObject\",\"inLanguage\":\"ca\",\"@id\":\"https:\\\/\\\/daab.es\\\/escola-bressol-balmes\\\/#primaryimage\",\"url\":\"https:\\\/\\\/daab.es\\\/wp-content\\\/uploads\\\/2026\\\/03\\\/Gem-1-6-e1773687765546.jpg\",\"contentUrl\":\"https:\\\/\\\/daab.es\\\/wp-content\\\/uploads\\\/2026\\\/03\\\/Gem-1-6-e1773687765546.jpg\"},{\"@type\":\"BreadcrumbList\",\"@id\":\"https:\\\/\\\/daab.es\\\/escola-bressol-balmes\\\/#breadcrumb\",\"itemListElement\":[{\"@type\":\"ListItem\",\"position\":1,\"name\":\"Home\",\"item\":\"https:\\\/\\\/daab.es\\\/\"},{\"@type\":\"ListItem\",\"position\":2,\"name\":\"Escola Balmes. Rub\u00ed\"}]},{\"@type\":\"WebSite\",\"@id\":\"https:\\\/\\\/daab.es\\\/#website\",\"url\":\"https:\\\/\\\/daab.es\\\/\",\"name\":\"Daab\",\"description\":\"\",\"publisher\":{\"@id\":\"https:\\\/\\\/daab.es\\\/#organization\"},\"potentialAction\":[{\"@type\":\"SearchAction\",\"target\":{\"@type\":\"EntryPoint\",\"urlTemplate\":\"https:\\\/\\\/daab.es\\\/?s={search_term_string}\"},\"query-input\":{\"@type\":\"PropertyValueSpecification\",\"valueRequired\":true,\"valueName\":\"search_term_string\"}}],\"inLanguage\":\"ca\"},{\"@type\":\"Organization\",\"@id\":\"https:\\\/\\\/daab.es\\\/#organization\",\"name\":\"Daab\",\"url\":\"https:\\\/\\\/daab.es\\\/\",\"logo\":{\"@type\":\"ImageObject\",\"inLanguage\":\"ca\",\"@id\":\"https:\\\/\\\/daab.es\\\/#\\\/schema\\\/logo\\\/image\\\/\",\"url\":\"https:\\\/\\\/daab.es\\\/wp-content\\\/uploads\\\/2025\\\/10\\\/Captura-de-pantalla-2025-10-13-110930-e1761412934100.png\",\"contentUrl\":\"https:\\\/\\\/daab.es\\\/wp-content\\\/uploads\\\/2025\\\/10\\\/Captura-de-pantalla-2025-10-13-110930-e1761412934100.png\",\"width\":232,\"height\":47,\"caption\":\"Daab\"},\"image\":{\"@id\":\"https:\\\/\\\/daab.es\\\/#\\\/schema\\\/logo\\\/image\\\/\"}}]}<\/script>\n<!-- \/ Yoast SEO plugin. -->","yoast_head_json":{"title":"Escola Balmes. Rub\u00ed - Daab","robots":{"index":"index","follow":"follow","max-snippet":"max-snippet:-1","max-image-preview":"max-image-preview:large","max-video-preview":"max-video-preview:-1"},"canonical":"https:\/\/daab.es\/ca\/escola-bressol-balmes\/","og_locale":"ca_ES","og_type":"article","og_title":"Escola Balmes. Rub\u00ed - Daab","og_description":"Descripci\u00f3n El projecte proposa reformar i ampliar l&#8217;edifici actual dedicat a la educaci\u00f3 infantil de lescola Balmes. L&#8217;edifici existent, era originalment un habitatge unifamilar que es transform\u00e0 en escola infantil. L&#8217;ampliaci\u00f3 dobla la superficie original i proposa unificar la imatge global de l&#8217;equipament adaptant la volumetria original a la nova volumetria i uniforman els materials [&hellip;]","og_url":"https:\/\/daab.es\/ca\/escola-bressol-balmes\/","og_site_name":"Daab","article_modified_time":"2026-03-16T19:31:34+00:00","og_image":[{"width":754,"height":428,"url":"https:\/\/daab.es\/wp-content\/uploads\/2026\/03\/Gem-1-6-e1773687765546.jpg","type":"image\/jpeg"}],"twitter_card":"summary_large_image","twitter_misc":{"Temps estimat de lectura":"1 minut"},"schema":{"@context":"https:\/\/schema.org","@graph":[{"@type":"WebPage","@id":"https:\/\/daab.es\/escola-bressol-balmes\/","url":"https:\/\/daab.es\/escola-bressol-balmes\/","name":"Escola Balmes. Rub\u00ed - Daab","isPartOf":{"@id":"https:\/\/daab.es\/#website"},"primaryImageOfPage":{"@id":"https:\/\/daab.es\/escola-bressol-balmes\/#primaryimage"},"image":{"@id":"https:\/\/daab.es\/escola-bressol-balmes\/#primaryimage"},"thumbnailUrl":"https:\/\/daab.es\/wp-content\/uploads\/2026\/03\/Gem-1-6-e1773687765546.jpg","datePublished":"2026-03-16T19:14:27+00:00","dateModified":"2026-03-16T19:31:34+00:00","breadcrumb":{"@id":"https:\/\/daab.es\/escola-bressol-balmes\/#breadcrumb"},"inLanguage":"ca","potentialAction":[{"@type":"ReadAction","target":["https:\/\/daab.es\/escola-bressol-balmes\/"]}]},{"@type":"ImageObject","inLanguage":"ca","@id":"https:\/\/daab.es\/escola-bressol-balmes\/#primaryimage","url":"https:\/\/daab.es\/wp-content\/uploads\/2026\/03\/Gem-1-6-e1773687765546.jpg","contentUrl":"https:\/\/daab.es\/wp-content\/uploads\/2026\/03\/Gem-1-6-e1773687765546.jpg"},{"@type":"BreadcrumbList","@id":"https:\/\/daab.es\/escola-bressol-balmes\/#breadcrumb","itemListElement":[{"@type":"ListItem","position":1,"name":"Home","item":"https:\/\/daab.es\/"},{"@type":"ListItem","position":2,"name":"Escola Balmes. Rub\u00ed"}]},{"@type":"WebSite","@id":"https:\/\/daab.es\/#website","url":"https:\/\/daab.es\/","name":"Daab","description":"","publisher":{"@id":"https:\/\/daab.es\/#organization"},"potentialAction":[{"@type":"SearchAction","target":{"@type":"EntryPoint","urlTemplate":"https:\/\/daab.es\/?s={search_term_string}"},"query-input":{"@type":"PropertyValueSpecification","valueRequired":true,"valueName":"search_term_string"}}],"inLanguage":"ca"},{"@type":"Organization","@id":"https:\/\/daab.es\/#organization","name":"Daab","url":"https:\/\/daab.es\/","logo":{"@type":"ImageObject","inLanguage":"ca","@id":"https:\/\/daab.es\/#\/schema\/logo\/image\/","url":"https:\/\/daab.es\/wp-content\/uploads\/2025\/10\/Captura-de-pantalla-2025-10-13-110930-e1761412934100.png","contentUrl":"https:\/\/daab.es\/wp-content\/uploads\/2025\/10\/Captura-de-pantalla-2025-10-13-110930-e1761412934100.png","width":232,"height":47,"caption":"Daab"},"image":{"@id":"https:\/\/daab.es\/#\/schema\/logo\/image\/"}}]}},"_links":{"self":[{"href":"https:\/\/daab.es\/ca\/wp-json\/wp\/v2\/pages\/3788","targetHints":{"allow":["GET"]}}],"collection":[{"href":"https:\/\/daab.es\/ca\/wp-json\/wp\/v2\/pages"}],"about":[{"href":"https:\/\/daab.es\/ca\/wp-json\/wp\/v2\/types\/page"}],"author":[{"embeddable":true,"href":"https:\/\/daab.es\/ca\/wp-json\/wp\/v2\/users\/3"}],"replies":[{"embeddable":true,"href":"https:\/\/daab.es\/ca\/wp-json\/wp\/v2\/comments?post=3788"}],"version-history":[{"count":13,"href":"https:\/\/daab.es\/ca\/wp-json\/wp\/v2\/pages\/3788\/revisions"}],"predecessor-version":[{"id":3807,"href":"https:\/\/daab.es\/ca\/wp-json\/wp\/v2\/pages\/3788\/revisions\/3807"}],"wp:attachment":[{"href":"https:\/\/daab.es\/ca\/wp-json\/wp\/v2\/media?parent=3788"}],"curies":[{"name":"wp","href":"https:\/\/api.w.org\/{rel}","templated":true}]}}