{"id":3771,"date":"2026-03-16T18:45:36","date_gmt":"2026-03-16T18:45:36","guid":{"rendered":"https:\/\/daab.es\/?page_id=3771"},"modified":"2026-03-16T18:57:17","modified_gmt":"2026-03-16T18:57:17","slug":"skikda","status":"publish","type":"page","link":"https:\/\/daab.es\/ca\/skikda\/","title":{"rendered":"Rehabilitaci\u00f3 7 Edificis d&#8217;Habitatges a Skikda"},"content":{"rendered":"<div data-elementor-type=\"wp-page\" data-elementor-id=\"3771\" class=\"elementor elementor-3771\" data-elementor-post-type=\"page\">\n\t\t\t\t<div class=\"elementor-element elementor-element-14fd50bc e-con-full e-flex e-con e-parent\" data-id=\"14fd50bc\" data-element_type=\"container\" data-e-type=\"container\">\n\t\t<div class=\"elementor-element elementor-element-5cede08f e-con-full e-flex e-con e-child\" data-id=\"5cede08f\" data-element_type=\"container\" data-e-type=\"container\">\n\t\t\t\t<div class=\"elementor-element elementor-element-3742dc75 elementor-widget elementor-widget-image\" data-id=\"3742dc75\" data-element_type=\"widget\" data-e-type=\"widget\" data-widget_type=\"image.default\">\n\t\t\t\t\t\t\t\t\t\t\t\t\t\t\t<img fetchpriority=\"high\" decoding=\"async\" width=\"2342\" height=\"1590\" src=\"https:\/\/daab.es\/wp-content\/uploads\/2026\/03\/22_03-10__11_mat_Pagina_11-scaled-e1773686767726.jpg\" class=\"attachment-full size-full wp-image-3775\" alt=\"\" srcset=\"https:\/\/daab.es\/wp-content\/uploads\/2026\/03\/22_03-10__11_mat_Pagina_11-scaled-e1773686767726.jpg 2342w, https:\/\/daab.es\/wp-content\/uploads\/2026\/03\/22_03-10__11_mat_Pagina_11-scaled-e1773686767726-300x204.jpg 300w, https:\/\/daab.es\/wp-content\/uploads\/2026\/03\/22_03-10__11_mat_Pagina_11-scaled-e1773686767726-1024x695.jpg 1024w, https:\/\/daab.es\/wp-content\/uploads\/2026\/03\/22_03-10__11_mat_Pagina_11-scaled-e1773686767726-768x521.jpg 768w, https:\/\/daab.es\/wp-content\/uploads\/2026\/03\/22_03-10__11_mat_Pagina_11-scaled-e1773686767726-1536x1043.jpg 1536w, https:\/\/daab.es\/wp-content\/uploads\/2026\/03\/22_03-10__11_mat_Pagina_11-scaled-e1773686767726-2048x1390.jpg 2048w, https:\/\/daab.es\/wp-content\/uploads\/2026\/03\/22_03-10__11_mat_Pagina_11-scaled-e1773686767726-18x12.jpg 18w\" sizes=\"(max-width: 2342px) 100vw, 2342px\" \/>\t\t\t\t\t\t\t\t\t\t\t\t\t\t\t<\/div>\n\t\t\t\t<div class=\"elementor-element elementor-element-1674088 elementor-widget elementor-widget-image\" data-id=\"1674088\" data-element_type=\"widget\" data-e-type=\"widget\" data-widget_type=\"image.default\">\n\t\t\t\t\t\t\t\t\t\t\t\t\t\t\t<img decoding=\"async\" width=\"800\" height=\"540\" src=\"https:\/\/daab.es\/wp-content\/uploads\/2026\/03\/22_03-10__21_des_Pagina_3-scaled-e1773686748663-1024x691.jpg\" class=\"attachment-large size-large wp-image-3776\" alt=\"\" srcset=\"https:\/\/daab.es\/wp-content\/uploads\/2026\/03\/22_03-10__21_des_Pagina_3-scaled-e1773686748663-1024x691.jpg 1024w, https:\/\/daab.es\/wp-content\/uploads\/2026\/03\/22_03-10__21_des_Pagina_3-scaled-e1773686748663-300x203.jpg 300w, https:\/\/daab.es\/wp-content\/uploads\/2026\/03\/22_03-10__21_des_Pagina_3-scaled-e1773686748663-768x519.jpg 768w, https:\/\/daab.es\/wp-content\/uploads\/2026\/03\/22_03-10__21_des_Pagina_3-scaled-e1773686748663-1536x1037.jpg 1536w, https:\/\/daab.es\/wp-content\/uploads\/2026\/03\/22_03-10__21_des_Pagina_3-scaled-e1773686748663-2048x1383.jpg 2048w, https:\/\/daab.es\/wp-content\/uploads\/2026\/03\/22_03-10__21_des_Pagina_3-scaled-e1773686748663-18x12.jpg 18w\" sizes=\"(max-width: 800px) 100vw, 800px\" \/>\t\t\t\t\t\t\t\t\t\t\t\t\t\t\t<\/div>\n\t\t\t\t<div class=\"elementor-element elementor-element-fac4943 elementor-widget elementor-widget-image\" data-id=\"fac4943\" data-element_type=\"widget\" data-e-type=\"widget\" data-widget_type=\"image.default\">\n\t\t\t\t\t\t\t\t\t\t\t\t\t\t\t<img decoding=\"async\" width=\"800\" height=\"547\" src=\"https:\/\/daab.es\/wp-content\/uploads\/2026\/03\/22_03-10__21_des_Pagina_7-scaled-e1773686726947-1024x700.jpg\" class=\"attachment-large size-large wp-image-3778\" alt=\"\" srcset=\"https:\/\/daab.es\/wp-content\/uploads\/2026\/03\/22_03-10__21_des_Pagina_7-scaled-e1773686726947-1024x700.jpg 1024w, https:\/\/daab.es\/wp-content\/uploads\/2026\/03\/22_03-10__21_des_Pagina_7-scaled-e1773686726947-300x205.jpg 300w, https:\/\/daab.es\/wp-content\/uploads\/2026\/03\/22_03-10__21_des_Pagina_7-scaled-e1773686726947-768x525.jpg 768w, https:\/\/daab.es\/wp-content\/uploads\/2026\/03\/22_03-10__21_des_Pagina_7-scaled-e1773686726947-1536x1050.jpg 1536w, https:\/\/daab.es\/wp-content\/uploads\/2026\/03\/22_03-10__21_des_Pagina_7-scaled-e1773686726947-2048x1400.jpg 2048w, https:\/\/daab.es\/wp-content\/uploads\/2026\/03\/22_03-10__21_des_Pagina_7-scaled-e1773686726947-18x12.jpg 18w\" sizes=\"(max-width: 800px) 100vw, 800px\" \/>\t\t\t\t\t\t\t\t\t\t\t\t\t\t\t<\/div>\n\t\t\t\t<div class=\"elementor-element elementor-element-0f58fff elementor-widget elementor-widget-image\" data-id=\"0f58fff\" data-element_type=\"widget\" data-e-type=\"widget\" data-widget_type=\"image.default\">\n\t\t\t\t\t\t\t\t\t\t\t\t\t\t\t<img loading=\"lazy\" decoding=\"async\" width=\"800\" height=\"546\" src=\"https:\/\/daab.es\/wp-content\/uploads\/2026\/03\/22_03-10__21_des_Pagina_6-scaled-e1773686704476-1024x699.jpg\" class=\"attachment-large size-large wp-image-3777\" alt=\"\" srcset=\"https:\/\/daab.es\/wp-content\/uploads\/2026\/03\/22_03-10__21_des_Pagina_6-scaled-e1773686704476-1024x699.jpg 1024w, https:\/\/daab.es\/wp-content\/uploads\/2026\/03\/22_03-10__21_des_Pagina_6-scaled-e1773686704476-300x205.jpg 300w, https:\/\/daab.es\/wp-content\/uploads\/2026\/03\/22_03-10__21_des_Pagina_6-scaled-e1773686704476-768x524.jpg 768w, https:\/\/daab.es\/wp-content\/uploads\/2026\/03\/22_03-10__21_des_Pagina_6-scaled-e1773686704476-1536x1048.jpg 1536w, https:\/\/daab.es\/wp-content\/uploads\/2026\/03\/22_03-10__21_des_Pagina_6-scaled-e1773686704476-2048x1397.jpg 2048w, https:\/\/daab.es\/wp-content\/uploads\/2026\/03\/22_03-10__21_des_Pagina_6-scaled-e1773686704476-18x12.jpg 18w\" sizes=\"(max-width: 800px) 100vw, 800px\" \/>\t\t\t\t\t\t\t\t\t\t\t\t\t\t\t<\/div>\n\t\t\t\t<div class=\"elementor-element elementor-element-f115bd1 elementor-widget elementor-widget-image\" data-id=\"f115bd1\" data-element_type=\"widget\" data-e-type=\"widget\" data-widget_type=\"image.default\">\n\t\t\t\t\t\t\t\t\t\t\t\t\t\t\t<img loading=\"lazy\" decoding=\"async\" width=\"800\" height=\"548\" src=\"https:\/\/daab.es\/wp-content\/uploads\/2026\/03\/22_03-10__11_mat_Pagina_01-scaled-e1773686788641-1024x702.jpg\" class=\"attachment-large size-large wp-image-3774\" alt=\"\" srcset=\"https:\/\/daab.es\/wp-content\/uploads\/2026\/03\/22_03-10__11_mat_Pagina_01-scaled-e1773686788641-1024x702.jpg 1024w, https:\/\/daab.es\/wp-content\/uploads\/2026\/03\/22_03-10__11_mat_Pagina_01-scaled-e1773686788641-300x206.jpg 300w, https:\/\/daab.es\/wp-content\/uploads\/2026\/03\/22_03-10__11_mat_Pagina_01-scaled-e1773686788641-768x526.jpg 768w, https:\/\/daab.es\/wp-content\/uploads\/2026\/03\/22_03-10__11_mat_Pagina_01-scaled-e1773686788641-1536x1053.jpg 1536w, https:\/\/daab.es\/wp-content\/uploads\/2026\/03\/22_03-10__11_mat_Pagina_01-scaled-e1773686788641-2048x1404.jpg 2048w, https:\/\/daab.es\/wp-content\/uploads\/2026\/03\/22_03-10__11_mat_Pagina_01-scaled-e1773686788641-18x12.jpg 18w\" sizes=\"(max-width: 800px) 100vw, 800px\" \/>\t\t\t\t\t\t\t\t\t\t\t\t\t\t\t<\/div>\n\t\t\t\t<div class=\"elementor-element elementor-element-3a495a1b elementor-widget elementor-widget-heading\" data-id=\"3a495a1b\" data-element_type=\"widget\" data-e-type=\"widget\" data-widget_type=\"heading.default\">\n\t\t\t\t\t<h2 class=\"elementor-heading-title elementor-size-default\"><a href=\"http:\/\/skikda\">Descripci\u00f3<\/a><\/h2>\t\t\t\t<\/div>\n\t\t\t\t<div class=\"elementor-element elementor-element-169afb55 elementor-widget elementor-widget-text-editor\" data-id=\"169afb55\" data-element_type=\"widget\" data-e-type=\"widget\" data-widget_type=\"text-editor.default\">\n\t\t\t\t\t\t\t\t\t<p>El projecte plantejava la possibilitat de la rehabilitaci\u00f3 integral de tots els edificis d&#8217;habitatges del carrer principal de la ciutat d&#8217;Skikda, a Alg\u00e8ria. Per a tal pr\u00f2posit, el despatx Aquidos va contractar diferents despatxos de tamany petit amb experi\u00e8ncia en rehabilitaci\u00f3.<\/p><p>A partir d&#8217;una derie de pautes acordades i la divisi\u00f3 de la totalitat dels blocs en paquets de diferents tamanys,\u00a0 DAAB arquitectes fou responsabble del projecte de rehabilitaci\u00f3 de 7 blocs de diferents caracteristiques, estructura i estat de conservaci\u00f3.<\/p><p>Mostrem a continuaci\u00f3 una petita mostra del resultat. Malauradament, i per desavinences posteriors amb els responsables locals, aquest projecte no va poder executar-se.<\/p>\t\t\t\t\t\t\t\t<\/div>\n\t\t\t\t<\/div>\n\t\t<div class=\"elementor-element elementor-element-6712dabd e-con-full e-flex e-con e-child\" data-id=\"6712dabd\" data-element_type=\"container\" data-e-type=\"container\" data-settings=\"{&quot;sticky&quot;:&quot;top&quot;,&quot;sticky_on&quot;:[&quot;desktop&quot;],&quot;sticky_offset&quot;:75,&quot;sticky_parent&quot;:&quot;yes&quot;,&quot;sticky_effects_offset&quot;:0,&quot;sticky_anchor_link_offset&quot;:0}\">\n\t\t\t\t<div class=\"elementor-element elementor-element-187bad80 elementor-icon-list--layout-traditional elementor-list-item-link-full_width elementor-widget elementor-widget-icon-list\" data-id=\"187bad80\" data-element_type=\"widget\" data-e-type=\"widget\" data-widget_type=\"icon-list.default\">\n\t\t\t\t\t\t\t<ul class=\"elementor-icon-list-items\">\n\t\t\t\t\t\t\t<li class=\"elementor-icon-list-item\">\n\t\t\t\t\t\t\t\t\t\t<span class=\"elementor-icon-list-text\">Arquitectes: Josep Vila, Jordi Aliart i Esteban Canosa<\/span>\n\t\t\t\t\t\t\t\t\t<\/li>\n\t\t\t\t\t\t\t\t<li class=\"elementor-icon-list-item\">\n\t\t\t\t\t\t\t\t\t\t<span class=\"elementor-icon-list-text\">Rue Didouche Mourad, Skikda. Alg\u00e8ria<\/span>\n\t\t\t\t\t\t\t\t\t<\/li>\n\t\t\t\t\t\t\t\t<li class=\"elementor-icon-list-item\">\n\t\t\t\t\t\t\t\t\t\t<span class=\"elementor-icon-list-text\">7.265 m2<\/span>\n\t\t\t\t\t\t\t\t\t<\/li>\n\t\t\t\t\t\t\t\t<li class=\"elementor-icon-list-item\">\n\t\t\t\t\t\t\t\t\t\t<span class=\"elementor-icon-list-text\">Projecte Executiu<\/span>\n\t\t\t\t\t\t\t\t\t<\/li>\n\t\t\t\t\t\t\t\t<li class=\"elementor-icon-list-item\">\n\t\t\t\t\t\t\t\t\t\t<span class=\"elementor-icon-list-text\">Habitatge, rehabilitaci\u00f3<\/span>\n\t\t\t\t\t\t\t\t\t<\/li>\n\t\t\t\t\t\t\t\t<li class=\"elementor-icon-list-item\">\n\t\t\t\t\t\t\t\t\t\t\t<a href=\"http:\/\/escola-bressol-sant-medir\">\n\n\t\t\t\t\t\t\t\t\t\t\t<span class=\"elementor-icon-list-text\">Aquidos arquitectes<\/span>\n\t\t\t\t\t\t\t\t\t\t\t<\/a>\n\t\t\t\t\t\t\t\t\t<\/li>\n\t\t\t\t\t\t<\/ul>\n\t\t\t\t\t\t<\/div>\n\t\t\t\t<\/div>\n\t\t\t\t<\/div>\n\t\t\t\t<\/div>","protected":false},"excerpt":{"rendered":"<p>Descripci\u00f3 El projecte plantejava la possibilitat de la rehabilitaci\u00f3 integral de tots els edificis d&#8217;habitatges del carrer principal de la ciutat d&#8217;Skikda, a Alg\u00e8ria. Per a tal pr\u00f2posit, el despatx Aquidos va contractar diferents despatxos de tamany petit amb experi\u00e8ncia en rehabilitaci\u00f3. A partir d&#8217;una derie de pautes acordades i la divisi\u00f3 de la totalitat [&hellip;]<\/p>","protected":false},"author":3,"featured_media":0,"parent":0,"menu_order":0,"comment_status":"closed","ping_status":"closed","template":"","meta":{"footnotes":""},"class_list":["post-3771","page","type-page","status-publish","hentry"],"yoast_head":"<!-- This site is optimized with the Yoast SEO plugin v27.4 - https:\/\/yoast.com\/product\/yoast-seo-wordpress\/ -->\n<title>Rehabilitaci\u00f3 7 Edificis d&#039;Habitatges a Skikda - Daab<\/title>\n<meta name=\"robots\" content=\"index, follow, max-snippet:-1, max-image-preview:large, max-video-preview:-1\" \/>\n<link rel=\"canonical\" href=\"https:\/\/daab.es\/ca\/skikda\/\" \/>\n<meta property=\"og:locale\" content=\"ca_ES\" \/>\n<meta property=\"og:type\" content=\"article\" \/>\n<meta property=\"og:title\" content=\"Rehabilitaci\u00f3 7 Edificis d&#039;Habitatges a Skikda - Daab\" \/>\n<meta property=\"og:description\" content=\"Descripci\u00f3 El projecte plantejava la possibilitat de la rehabilitaci\u00f3 integral de tots els edificis d&#8217;habitatges del carrer principal de la ciutat d&#8217;Skikda, a Alg\u00e8ria. Per a tal pr\u00f2posit, el despatx Aquidos va contractar diferents despatxos de tamany petit amb experi\u00e8ncia en rehabilitaci\u00f3. A partir d&#8217;una derie de pautes acordades i la divisi\u00f3 de la totalitat [&hellip;]\" \/>\n<meta property=\"og:url\" content=\"https:\/\/daab.es\/ca\/skikda\/\" \/>\n<meta property=\"og:site_name\" content=\"Daab\" \/>\n<meta property=\"article:modified_time\" content=\"2026-03-16T18:57:17+00:00\" \/>\n<meta property=\"og:image\" content=\"https:\/\/daab.es\/wp-content\/uploads\/2026\/03\/22_03-10__11_mat_Pagina_11-scaled-e1773686767726.jpg\" \/>\n\t<meta property=\"og:image:width\" content=\"2342\" \/>\n\t<meta property=\"og:image:height\" content=\"1590\" \/>\n\t<meta property=\"og:image:type\" content=\"image\/jpeg\" \/>\n<meta name=\"twitter:card\" content=\"summary_large_image\" \/>\n<meta name=\"twitter:label1\" content=\"Temps estimat de lectura\" \/>\n\t<meta name=\"twitter:data1\" content=\"1 minut\" \/>\n<script type=\"application\/ld+json\" class=\"yoast-schema-graph\">{\"@context\":\"https:\\\/\\\/schema.org\",\"@graph\":[{\"@type\":\"WebPage\",\"@id\":\"https:\\\/\\\/daab.es\\\/skikda\\\/\",\"url\":\"https:\\\/\\\/daab.es\\\/skikda\\\/\",\"name\":\"Rehabilitaci\u00f3 7 Edificis d'Habitatges a Skikda - Daab\",\"isPartOf\":{\"@id\":\"https:\\\/\\\/daab.es\\\/#website\"},\"primaryImageOfPage\":{\"@id\":\"https:\\\/\\\/daab.es\\\/skikda\\\/#primaryimage\"},\"image\":{\"@id\":\"https:\\\/\\\/daab.es\\\/skikda\\\/#primaryimage\"},\"thumbnailUrl\":\"https:\\\/\\\/daab.es\\\/wp-content\\\/uploads\\\/2026\\\/03\\\/22_03-10__11_mat_Pagina_11-scaled-e1773686767726.jpg\",\"datePublished\":\"2026-03-16T18:45:36+00:00\",\"dateModified\":\"2026-03-16T18:57:17+00:00\",\"breadcrumb\":{\"@id\":\"https:\\\/\\\/daab.es\\\/skikda\\\/#breadcrumb\"},\"inLanguage\":\"ca\",\"potentialAction\":[{\"@type\":\"ReadAction\",\"target\":[\"https:\\\/\\\/daab.es\\\/skikda\\\/\"]}]},{\"@type\":\"ImageObject\",\"inLanguage\":\"ca\",\"@id\":\"https:\\\/\\\/daab.es\\\/skikda\\\/#primaryimage\",\"url\":\"https:\\\/\\\/daab.es\\\/wp-content\\\/uploads\\\/2026\\\/03\\\/22_03-10__11_mat_Pagina_11-scaled-e1773686767726.jpg\",\"contentUrl\":\"https:\\\/\\\/daab.es\\\/wp-content\\\/uploads\\\/2026\\\/03\\\/22_03-10__11_mat_Pagina_11-scaled-e1773686767726.jpg\"},{\"@type\":\"BreadcrumbList\",\"@id\":\"https:\\\/\\\/daab.es\\\/skikda\\\/#breadcrumb\",\"itemListElement\":[{\"@type\":\"ListItem\",\"position\":1,\"name\":\"Home\",\"item\":\"https:\\\/\\\/daab.es\\\/\"},{\"@type\":\"ListItem\",\"position\":2,\"name\":\"Rehabilitaci\u00f3 7 Edificis d&#8217;Habitatges a Skikda\"}]},{\"@type\":\"WebSite\",\"@id\":\"https:\\\/\\\/daab.es\\\/#website\",\"url\":\"https:\\\/\\\/daab.es\\\/\",\"name\":\"Daab\",\"description\":\"\",\"publisher\":{\"@id\":\"https:\\\/\\\/daab.es\\\/#organization\"},\"potentialAction\":[{\"@type\":\"SearchAction\",\"target\":{\"@type\":\"EntryPoint\",\"urlTemplate\":\"https:\\\/\\\/daab.es\\\/?s={search_term_string}\"},\"query-input\":{\"@type\":\"PropertyValueSpecification\",\"valueRequired\":true,\"valueName\":\"search_term_string\"}}],\"inLanguage\":\"ca\"},{\"@type\":\"Organization\",\"@id\":\"https:\\\/\\\/daab.es\\\/#organization\",\"name\":\"Daab\",\"url\":\"https:\\\/\\\/daab.es\\\/\",\"logo\":{\"@type\":\"ImageObject\",\"inLanguage\":\"ca\",\"@id\":\"https:\\\/\\\/daab.es\\\/#\\\/schema\\\/logo\\\/image\\\/\",\"url\":\"https:\\\/\\\/daab.es\\\/wp-content\\\/uploads\\\/2025\\\/10\\\/Captura-de-pantalla-2025-10-13-110930-e1761412934100.png\",\"contentUrl\":\"https:\\\/\\\/daab.es\\\/wp-content\\\/uploads\\\/2025\\\/10\\\/Captura-de-pantalla-2025-10-13-110930-e1761412934100.png\",\"width\":232,\"height\":47,\"caption\":\"Daab\"},\"image\":{\"@id\":\"https:\\\/\\\/daab.es\\\/#\\\/schema\\\/logo\\\/image\\\/\"}}]}<\/script>\n<!-- \/ Yoast SEO plugin. -->","yoast_head_json":{"title":"Rehabilitaci\u00f3 7 Edificis d'Habitatges a Skikda - Daab","robots":{"index":"index","follow":"follow","max-snippet":"max-snippet:-1","max-image-preview":"max-image-preview:large","max-video-preview":"max-video-preview:-1"},"canonical":"https:\/\/daab.es\/ca\/skikda\/","og_locale":"ca_ES","og_type":"article","og_title":"Rehabilitaci\u00f3 7 Edificis d'Habitatges a Skikda - Daab","og_description":"Descripci\u00f3 El projecte plantejava la possibilitat de la rehabilitaci\u00f3 integral de tots els edificis d&#8217;habitatges del carrer principal de la ciutat d&#8217;Skikda, a Alg\u00e8ria. Per a tal pr\u00f2posit, el despatx Aquidos va contractar diferents despatxos de tamany petit amb experi\u00e8ncia en rehabilitaci\u00f3. A partir d&#8217;una derie de pautes acordades i la divisi\u00f3 de la totalitat [&hellip;]","og_url":"https:\/\/daab.es\/ca\/skikda\/","og_site_name":"Daab","article_modified_time":"2026-03-16T18:57:17+00:00","og_image":[{"width":2342,"height":1590,"url":"https:\/\/daab.es\/wp-content\/uploads\/2026\/03\/22_03-10__11_mat_Pagina_11-scaled-e1773686767726.jpg","type":"image\/jpeg"}],"twitter_card":"summary_large_image","twitter_misc":{"Temps estimat de lectura":"1 minut"},"schema":{"@context":"https:\/\/schema.org","@graph":[{"@type":"WebPage","@id":"https:\/\/daab.es\/skikda\/","url":"https:\/\/daab.es\/skikda\/","name":"Rehabilitaci\u00f3 7 Edificis d'Habitatges a Skikda - Daab","isPartOf":{"@id":"https:\/\/daab.es\/#website"},"primaryImageOfPage":{"@id":"https:\/\/daab.es\/skikda\/#primaryimage"},"image":{"@id":"https:\/\/daab.es\/skikda\/#primaryimage"},"thumbnailUrl":"https:\/\/daab.es\/wp-content\/uploads\/2026\/03\/22_03-10__11_mat_Pagina_11-scaled-e1773686767726.jpg","datePublished":"2026-03-16T18:45:36+00:00","dateModified":"2026-03-16T18:57:17+00:00","breadcrumb":{"@id":"https:\/\/daab.es\/skikda\/#breadcrumb"},"inLanguage":"ca","potentialAction":[{"@type":"ReadAction","target":["https:\/\/daab.es\/skikda\/"]}]},{"@type":"ImageObject","inLanguage":"ca","@id":"https:\/\/daab.es\/skikda\/#primaryimage","url":"https:\/\/daab.es\/wp-content\/uploads\/2026\/03\/22_03-10__11_mat_Pagina_11-scaled-e1773686767726.jpg","contentUrl":"https:\/\/daab.es\/wp-content\/uploads\/2026\/03\/22_03-10__11_mat_Pagina_11-scaled-e1773686767726.jpg"},{"@type":"BreadcrumbList","@id":"https:\/\/daab.es\/skikda\/#breadcrumb","itemListElement":[{"@type":"ListItem","position":1,"name":"Home","item":"https:\/\/daab.es\/"},{"@type":"ListItem","position":2,"name":"Rehabilitaci\u00f3 7 Edificis d&#8217;Habitatges a Skikda"}]},{"@type":"WebSite","@id":"https:\/\/daab.es\/#website","url":"https:\/\/daab.es\/","name":"Daab","description":"","publisher":{"@id":"https:\/\/daab.es\/#organization"},"potentialAction":[{"@type":"SearchAction","target":{"@type":"EntryPoint","urlTemplate":"https:\/\/daab.es\/?s={search_term_string}"},"query-input":{"@type":"PropertyValueSpecification","valueRequired":true,"valueName":"search_term_string"}}],"inLanguage":"ca"},{"@type":"Organization","@id":"https:\/\/daab.es\/#organization","name":"Daab","url":"https:\/\/daab.es\/","logo":{"@type":"ImageObject","inLanguage":"ca","@id":"https:\/\/daab.es\/#\/schema\/logo\/image\/","url":"https:\/\/daab.es\/wp-content\/uploads\/2025\/10\/Captura-de-pantalla-2025-10-13-110930-e1761412934100.png","contentUrl":"https:\/\/daab.es\/wp-content\/uploads\/2025\/10\/Captura-de-pantalla-2025-10-13-110930-e1761412934100.png","width":232,"height":47,"caption":"Daab"},"image":{"@id":"https:\/\/daab.es\/#\/schema\/logo\/image\/"}}]}},"_links":{"self":[{"href":"https:\/\/daab.es\/ca\/wp-json\/wp\/v2\/pages\/3771","targetHints":{"allow":["GET"]}}],"collection":[{"href":"https:\/\/daab.es\/ca\/wp-json\/wp\/v2\/pages"}],"about":[{"href":"https:\/\/daab.es\/ca\/wp-json\/wp\/v2\/types\/page"}],"author":[{"embeddable":true,"href":"https:\/\/daab.es\/ca\/wp-json\/wp\/v2\/users\/3"}],"replies":[{"embeddable":true,"href":"https:\/\/daab.es\/ca\/wp-json\/wp\/v2\/comments?post=3771"}],"version-history":[{"count":10,"href":"https:\/\/daab.es\/ca\/wp-json\/wp\/v2\/pages\/3771\/revisions"}],"predecessor-version":[{"id":3787,"href":"https:\/\/daab.es\/ca\/wp-json\/wp\/v2\/pages\/3771\/revisions\/3787"}],"wp:attachment":[{"href":"https:\/\/daab.es\/ca\/wp-json\/wp\/v2\/media?parent=3771"}],"curies":[{"name":"wp","href":"https:\/\/api.w.org\/{rel}","templated":true}]}}