{"id":3690,"date":"2026-03-16T16:59:56","date_gmt":"2026-03-16T16:59:56","guid":{"rendered":"https:\/\/daab.es\/?page_id=3690"},"modified":"2026-03-16T16:59:58","modified_gmt":"2026-03-16T16:59:58","slug":"centre-civic-la-violeta","status":"publish","type":"page","link":"https:\/\/daab.es\/ca\/centre-civic-la-violeta\/","title":{"rendered":"Centre C\u00edvic. La Violeta"},"content":{"rendered":"<div data-elementor-type=\"wp-page\" data-elementor-id=\"3690\" class=\"elementor elementor-3690\" data-elementor-post-type=\"page\">\n\t\t\t\t<div class=\"elementor-element elementor-element-47c4baf9 e-con-full e-flex e-con e-parent\" data-id=\"47c4baf9\" data-element_type=\"container\" data-e-type=\"container\">\n\t\t<div class=\"elementor-element elementor-element-40e8742c e-con-full e-flex e-con e-child\" data-id=\"40e8742c\" data-element_type=\"container\" data-e-type=\"container\">\n\t\t\t\t<div class=\"elementor-element elementor-element-8eca1dc elementor-widget elementor-widget-image\" data-id=\"8eca1dc\" data-element_type=\"widget\" data-e-type=\"widget\" data-widget_type=\"image.default\">\n\t\t\t\t\t\t\t\t\t\t\t\t\t\t\t<img fetchpriority=\"high\" decoding=\"async\" width=\"937\" height=\"586\" src=\"https:\/\/daab.es\/wp-content\/uploads\/2026\/03\/Gem-2-3.jpg\" class=\"attachment-full size-full wp-image-3697\" alt=\"\" srcset=\"https:\/\/daab.es\/wp-content\/uploads\/2026\/03\/Gem-2-3.jpg 937w, https:\/\/daab.es\/wp-content\/uploads\/2026\/03\/Gem-2-3-300x188.jpg 300w, https:\/\/daab.es\/wp-content\/uploads\/2026\/03\/Gem-2-3-768x480.jpg 768w, https:\/\/daab.es\/wp-content\/uploads\/2026\/03\/Gem-2-3-18x12.jpg 18w\" sizes=\"(max-width: 937px) 100vw, 937px\" \/>\t\t\t\t\t\t\t\t\t\t\t\t\t\t\t<\/div>\n\t\t\t\t<div class=\"elementor-element elementor-element-459e5a3 elementor-widget elementor-widget-image\" data-id=\"459e5a3\" data-element_type=\"widget\" data-e-type=\"widget\" data-widget_type=\"image.default\">\n\t\t\t\t\t\t\t\t\t\t\t\t\t\t\t<img decoding=\"async\" width=\"1024\" height=\"535\" src=\"https:\/\/daab.es\/wp-content\/uploads\/2026\/03\/Gem-1-4.jpg\" class=\"attachment-full size-full wp-image-3696\" alt=\"\" srcset=\"https:\/\/daab.es\/wp-content\/uploads\/2026\/03\/Gem-1-4.jpg 1024w, https:\/\/daab.es\/wp-content\/uploads\/2026\/03\/Gem-1-4-300x157.jpg 300w, https:\/\/daab.es\/wp-content\/uploads\/2026\/03\/Gem-1-4-768x401.jpg 768w, https:\/\/daab.es\/wp-content\/uploads\/2026\/03\/Gem-1-4-18x9.jpg 18w\" sizes=\"(max-width: 1024px) 100vw, 1024px\" \/>\t\t\t\t\t\t\t\t\t\t\t\t\t\t\t<\/div>\n\t\t\t\t<div class=\"elementor-element elementor-element-4cd9db5 elementor-widget elementor-widget-image\" data-id=\"4cd9db5\" data-element_type=\"widget\" data-e-type=\"widget\" data-widget_type=\"image.default\">\n\t\t\t\t\t\t\t\t\t\t\t\t\t\t\t<img decoding=\"async\" width=\"1225\" height=\"1378\" src=\"https:\/\/daab.es\/wp-content\/uploads\/2026\/03\/PANEL1-scaled-e1773680370704.jpg\" class=\"attachment-full size-full wp-image-3692\" alt=\"\" srcset=\"https:\/\/daab.es\/wp-content\/uploads\/2026\/03\/PANEL1-scaled-e1773680370704.jpg 1225w, https:\/\/daab.es\/wp-content\/uploads\/2026\/03\/PANEL1-scaled-e1773680370704-267x300.jpg 267w, https:\/\/daab.es\/wp-content\/uploads\/2026\/03\/PANEL1-scaled-e1773680370704-910x1024.jpg 910w, https:\/\/daab.es\/wp-content\/uploads\/2026\/03\/PANEL1-scaled-e1773680370704-768x864.jpg 768w, https:\/\/daab.es\/wp-content\/uploads\/2026\/03\/PANEL1-scaled-e1773680370704-11x12.jpg 11w\" sizes=\"(max-width: 1225px) 100vw, 1225px\" \/>\t\t\t\t\t\t\t\t\t\t\t\t\t\t\t<\/div>\n\t\t\t\t<div class=\"elementor-element elementor-element-581d5d9 elementor-widget elementor-widget-image\" data-id=\"581d5d9\" data-element_type=\"widget\" data-e-type=\"widget\" data-widget_type=\"image.default\">\n\t\t\t\t\t\t\t\t\t\t\t\t\t\t\t<img loading=\"lazy\" decoding=\"async\" width=\"1810\" height=\"1813\" src=\"https:\/\/daab.es\/wp-content\/uploads\/2026\/03\/PANEL2-scaled-e1773680233902.jpg\" class=\"attachment-full size-full wp-image-3693\" alt=\"\" srcset=\"https:\/\/daab.es\/wp-content\/uploads\/2026\/03\/PANEL2-scaled-e1773680233902.jpg 1810w, https:\/\/daab.es\/wp-content\/uploads\/2026\/03\/PANEL2-scaled-e1773680233902-300x300.jpg 300w, https:\/\/daab.es\/wp-content\/uploads\/2026\/03\/PANEL2-scaled-e1773680233902-1022x1024.jpg 1022w, https:\/\/daab.es\/wp-content\/uploads\/2026\/03\/PANEL2-scaled-e1773680233902-150x150.jpg 150w, https:\/\/daab.es\/wp-content\/uploads\/2026\/03\/PANEL2-scaled-e1773680233902-768x769.jpg 768w, https:\/\/daab.es\/wp-content\/uploads\/2026\/03\/PANEL2-scaled-e1773680233902-1533x1536.jpg 1533w, https:\/\/daab.es\/wp-content\/uploads\/2026\/03\/PANEL2-scaled-e1773680233902-12x12.jpg 12w\" sizes=\"(max-width: 1810px) 100vw, 1810px\" \/>\t\t\t\t\t\t\t\t\t\t\t\t\t\t\t<\/div>\n\t\t\t\t<\/div>\n\t\t<div class=\"elementor-element elementor-element-69c23c02 e-con-full e-flex e-con e-child\" data-id=\"69c23c02\" data-element_type=\"container\" data-e-type=\"container\" data-settings=\"{&quot;sticky&quot;:&quot;top&quot;,&quot;sticky_on&quot;:[&quot;desktop&quot;],&quot;sticky_offset&quot;:75,&quot;sticky_parent&quot;:&quot;yes&quot;,&quot;sticky_effects_offset&quot;:0,&quot;sticky_anchor_link_offset&quot;:0}\">\n\t\t\t\t<div class=\"elementor-element elementor-element-741b2771 elementor-widget elementor-widget-heading\" data-id=\"741b2771\" data-element_type=\"widget\" data-e-type=\"widget\" data-widget_type=\"heading.default\">\n\t\t\t\t\t<h2 class=\"elementor-heading-title elementor-size-default\"><a href=\"https:\/\/daab.es\/ca\/centre-civic-la-violeta\/\">Centre C\u00edvic La Violeta<\/a><\/h2>\t\t\t\t<\/div>\n\t\t\t\t<div class=\"elementor-element elementor-element-42d300b1 elementor-icon-list--layout-traditional elementor-list-item-link-full_width elementor-widget elementor-widget-icon-list\" data-id=\"42d300b1\" data-element_type=\"widget\" data-e-type=\"widget\" data-widget_type=\"icon-list.default\">\n\t\t\t\t\t\t\t<ul class=\"elementor-icon-list-items\">\n\t\t\t\t\t\t\t<li class=\"elementor-icon-list-item\">\n\t\t\t\t\t\t\t\t\t\t<span class=\"elementor-icon-list-text\">Josep Vila, Elisabet Ferrer, Esteban Canosa<\/span>\n\t\t\t\t\t\t\t\t\t<\/li>\n\t\t\t\t\t\t\t\t<li class=\"elementor-icon-list-item\">\n\t\t\t\t\t\t\t\t\t\t<span class=\"elementor-icon-list-text\">Carrer de Sant Joaquim, Gr\u00e0cia., Barcelona<\/span>\n\t\t\t\t\t\t\t\t\t<\/li>\n\t\t\t\t\t\t\t\t<li class=\"elementor-icon-list-item\">\n\t\t\t\t\t\t\t\t\t\t<span class=\"elementor-icon-list-text\">1.310 m2 \/ 2.184.873 \u20ac<\/span>\n\t\t\t\t\t\t\t\t\t<\/li>\n\t\t\t\t\t\t\t\t<li class=\"elementor-icon-list-item\">\n\t\t\t\t\t\t\t\t\t\t<span class=\"elementor-icon-list-text\">BIMSA<\/span>\n\t\t\t\t\t\t\t\t\t<\/li>\n\t\t\t\t\t\t\t\t<li class=\"elementor-icon-list-item\">\n\t\t\t\t\t\t\t\t\t\t<span class=\"elementor-icon-list-text\">Concurs obert<\/span>\n\t\t\t\t\t\t\t\t\t<\/li>\n\t\t\t\t\t\t<\/ul>\n\t\t\t\t\t\t<\/div>\n\t\t\t\t<\/div>\n\t\t\t\t<\/div>\n\t\t\t\t<\/div>","protected":false},"excerpt":{"rendered":"<p>Centre C\u00edvic La Violeta Josep Vila, Elisabet Ferrer, Esteban Canosa Carrer de Sant Joaquim, Gr\u00e0cia., Barcelona 1.310 m2 \/ 2.184.873 \u20ac BIMSA Concurs obert<\/p>","protected":false},"author":3,"featured_media":0,"parent":0,"menu_order":0,"comment_status":"closed","ping_status":"closed","template":"","meta":{"footnotes":""},"class_list":["post-3690","page","type-page","status-publish","hentry"],"yoast_head":"<!-- This site is optimized with the Yoast SEO plugin v27.4 - https:\/\/yoast.com\/product\/yoast-seo-wordpress\/ -->\n<title>Centre C\u00edvic. La Violeta - Daab<\/title>\n<meta name=\"robots\" content=\"index, follow, max-snippet:-1, max-image-preview:large, max-video-preview:-1\" \/>\n<link rel=\"canonical\" href=\"https:\/\/daab.es\/ca\/centre-civic-la-violeta\/\" \/>\n<meta property=\"og:locale\" content=\"ca_ES\" \/>\n<meta property=\"og:type\" content=\"article\" \/>\n<meta property=\"og:title\" content=\"Centre C\u00edvic. La Violeta - Daab\" \/>\n<meta property=\"og:description\" content=\"Centre C\u00edvic La Violeta Josep Vila, Elisabet Ferrer, Esteban Canosa Carrer de Sant Joaquim, Gr\u00e0cia., Barcelona 1.310 m2 \/ 2.184.873 \u20ac BIMSA Concurs obert\" \/>\n<meta property=\"og:url\" content=\"https:\/\/daab.es\/ca\/centre-civic-la-violeta\/\" \/>\n<meta property=\"og:site_name\" content=\"Daab\" \/>\n<meta property=\"article:modified_time\" content=\"2026-03-16T16:59:58+00:00\" \/>\n<meta property=\"og:image\" content=\"https:\/\/daab.es\/wp-content\/uploads\/2026\/03\/Gem-2-3.jpg\" \/>\n\t<meta property=\"og:image:width\" content=\"937\" \/>\n\t<meta property=\"og:image:height\" content=\"586\" \/>\n\t<meta property=\"og:image:type\" content=\"image\/jpeg\" \/>\n<meta name=\"twitter:card\" content=\"summary_large_image\" \/>\n<meta name=\"twitter:label1\" content=\"Temps estimat de lectura\" \/>\n\t<meta name=\"twitter:data1\" content=\"1 minut\" \/>\n<script type=\"application\/ld+json\" class=\"yoast-schema-graph\">{\"@context\":\"https:\\\/\\\/schema.org\",\"@graph\":[{\"@type\":\"WebPage\",\"@id\":\"https:\\\/\\\/daab.es\\\/centre-civic-la-violeta\\\/\",\"url\":\"https:\\\/\\\/daab.es\\\/centre-civic-la-violeta\\\/\",\"name\":\"Centre C\u00edvic. La Violeta - Daab\",\"isPartOf\":{\"@id\":\"https:\\\/\\\/daab.es\\\/#website\"},\"primaryImageOfPage\":{\"@id\":\"https:\\\/\\\/daab.es\\\/centre-civic-la-violeta\\\/#primaryimage\"},\"image\":{\"@id\":\"https:\\\/\\\/daab.es\\\/centre-civic-la-violeta\\\/#primaryimage\"},\"thumbnailUrl\":\"https:\\\/\\\/daab.es\\\/wp-content\\\/uploads\\\/2026\\\/03\\\/Gem-2-3.jpg\",\"datePublished\":\"2026-03-16T16:59:56+00:00\",\"dateModified\":\"2026-03-16T16:59:58+00:00\",\"breadcrumb\":{\"@id\":\"https:\\\/\\\/daab.es\\\/centre-civic-la-violeta\\\/#breadcrumb\"},\"inLanguage\":\"ca\",\"potentialAction\":[{\"@type\":\"ReadAction\",\"target\":[\"https:\\\/\\\/daab.es\\\/centre-civic-la-violeta\\\/\"]}]},{\"@type\":\"ImageObject\",\"inLanguage\":\"ca\",\"@id\":\"https:\\\/\\\/daab.es\\\/centre-civic-la-violeta\\\/#primaryimage\",\"url\":\"https:\\\/\\\/daab.es\\\/wp-content\\\/uploads\\\/2026\\\/03\\\/Gem-2-3.jpg\",\"contentUrl\":\"https:\\\/\\\/daab.es\\\/wp-content\\\/uploads\\\/2026\\\/03\\\/Gem-2-3.jpg\"},{\"@type\":\"BreadcrumbList\",\"@id\":\"https:\\\/\\\/daab.es\\\/centre-civic-la-violeta\\\/#breadcrumb\",\"itemListElement\":[{\"@type\":\"ListItem\",\"position\":1,\"name\":\"Home\",\"item\":\"https:\\\/\\\/daab.es\\\/\"},{\"@type\":\"ListItem\",\"position\":2,\"name\":\"Centre C\u00edvic. La Violeta\"}]},{\"@type\":\"WebSite\",\"@id\":\"https:\\\/\\\/daab.es\\\/#website\",\"url\":\"https:\\\/\\\/daab.es\\\/\",\"name\":\"Daab\",\"description\":\"\",\"publisher\":{\"@id\":\"https:\\\/\\\/daab.es\\\/#organization\"},\"potentialAction\":[{\"@type\":\"SearchAction\",\"target\":{\"@type\":\"EntryPoint\",\"urlTemplate\":\"https:\\\/\\\/daab.es\\\/?s={search_term_string}\"},\"query-input\":{\"@type\":\"PropertyValueSpecification\",\"valueRequired\":true,\"valueName\":\"search_term_string\"}}],\"inLanguage\":\"ca\"},{\"@type\":\"Organization\",\"@id\":\"https:\\\/\\\/daab.es\\\/#organization\",\"name\":\"Daab\",\"url\":\"https:\\\/\\\/daab.es\\\/\",\"logo\":{\"@type\":\"ImageObject\",\"inLanguage\":\"ca\",\"@id\":\"https:\\\/\\\/daab.es\\\/#\\\/schema\\\/logo\\\/image\\\/\",\"url\":\"https:\\\/\\\/daab.es\\\/wp-content\\\/uploads\\\/2025\\\/10\\\/Captura-de-pantalla-2025-10-13-110930-e1761412934100.png\",\"contentUrl\":\"https:\\\/\\\/daab.es\\\/wp-content\\\/uploads\\\/2025\\\/10\\\/Captura-de-pantalla-2025-10-13-110930-e1761412934100.png\",\"width\":232,\"height\":47,\"caption\":\"Daab\"},\"image\":{\"@id\":\"https:\\\/\\\/daab.es\\\/#\\\/schema\\\/logo\\\/image\\\/\"}}]}<\/script>\n<!-- \/ Yoast SEO plugin. -->","yoast_head_json":{"title":"Centre C\u00edvic. La Violeta - Daab","robots":{"index":"index","follow":"follow","max-snippet":"max-snippet:-1","max-image-preview":"max-image-preview:large","max-video-preview":"max-video-preview:-1"},"canonical":"https:\/\/daab.es\/ca\/centre-civic-la-violeta\/","og_locale":"ca_ES","og_type":"article","og_title":"Centre C\u00edvic. La Violeta - Daab","og_description":"Centre C\u00edvic La Violeta Josep Vila, Elisabet Ferrer, Esteban Canosa Carrer de Sant Joaquim, Gr\u00e0cia., Barcelona 1.310 m2 \/ 2.184.873 \u20ac BIMSA Concurs obert","og_url":"https:\/\/daab.es\/ca\/centre-civic-la-violeta\/","og_site_name":"Daab","article_modified_time":"2026-03-16T16:59:58+00:00","og_image":[{"width":937,"height":586,"url":"https:\/\/daab.es\/wp-content\/uploads\/2026\/03\/Gem-2-3.jpg","type":"image\/jpeg"}],"twitter_card":"summary_large_image","twitter_misc":{"Temps estimat de lectura":"1 minut"},"schema":{"@context":"https:\/\/schema.org","@graph":[{"@type":"WebPage","@id":"https:\/\/daab.es\/centre-civic-la-violeta\/","url":"https:\/\/daab.es\/centre-civic-la-violeta\/","name":"Centre C\u00edvic. La Violeta - Daab","isPartOf":{"@id":"https:\/\/daab.es\/#website"},"primaryImageOfPage":{"@id":"https:\/\/daab.es\/centre-civic-la-violeta\/#primaryimage"},"image":{"@id":"https:\/\/daab.es\/centre-civic-la-violeta\/#primaryimage"},"thumbnailUrl":"https:\/\/daab.es\/wp-content\/uploads\/2026\/03\/Gem-2-3.jpg","datePublished":"2026-03-16T16:59:56+00:00","dateModified":"2026-03-16T16:59:58+00:00","breadcrumb":{"@id":"https:\/\/daab.es\/centre-civic-la-violeta\/#breadcrumb"},"inLanguage":"ca","potentialAction":[{"@type":"ReadAction","target":["https:\/\/daab.es\/centre-civic-la-violeta\/"]}]},{"@type":"ImageObject","inLanguage":"ca","@id":"https:\/\/daab.es\/centre-civic-la-violeta\/#primaryimage","url":"https:\/\/daab.es\/wp-content\/uploads\/2026\/03\/Gem-2-3.jpg","contentUrl":"https:\/\/daab.es\/wp-content\/uploads\/2026\/03\/Gem-2-3.jpg"},{"@type":"BreadcrumbList","@id":"https:\/\/daab.es\/centre-civic-la-violeta\/#breadcrumb","itemListElement":[{"@type":"ListItem","position":1,"name":"Home","item":"https:\/\/daab.es\/"},{"@type":"ListItem","position":2,"name":"Centre C\u00edvic. La Violeta"}]},{"@type":"WebSite","@id":"https:\/\/daab.es\/#website","url":"https:\/\/daab.es\/","name":"Daab","description":"","publisher":{"@id":"https:\/\/daab.es\/#organization"},"potentialAction":[{"@type":"SearchAction","target":{"@type":"EntryPoint","urlTemplate":"https:\/\/daab.es\/?s={search_term_string}"},"query-input":{"@type":"PropertyValueSpecification","valueRequired":true,"valueName":"search_term_string"}}],"inLanguage":"ca"},{"@type":"Organization","@id":"https:\/\/daab.es\/#organization","name":"Daab","url":"https:\/\/daab.es\/","logo":{"@type":"ImageObject","inLanguage":"ca","@id":"https:\/\/daab.es\/#\/schema\/logo\/image\/","url":"https:\/\/daab.es\/wp-content\/uploads\/2025\/10\/Captura-de-pantalla-2025-10-13-110930-e1761412934100.png","contentUrl":"https:\/\/daab.es\/wp-content\/uploads\/2025\/10\/Captura-de-pantalla-2025-10-13-110930-e1761412934100.png","width":232,"height":47,"caption":"Daab"},"image":{"@id":"https:\/\/daab.es\/#\/schema\/logo\/image\/"}}]}},"_links":{"self":[{"href":"https:\/\/daab.es\/ca\/wp-json\/wp\/v2\/pages\/3690","targetHints":{"allow":["GET"]}}],"collection":[{"href":"https:\/\/daab.es\/ca\/wp-json\/wp\/v2\/pages"}],"about":[{"href":"https:\/\/daab.es\/ca\/wp-json\/wp\/v2\/types\/page"}],"author":[{"embeddable":true,"href":"https:\/\/daab.es\/ca\/wp-json\/wp\/v2\/users\/3"}],"replies":[{"embeddable":true,"href":"https:\/\/daab.es\/ca\/wp-json\/wp\/v2\/comments?post=3690"}],"version-history":[{"count":4,"href":"https:\/\/daab.es\/ca\/wp-json\/wp\/v2\/pages\/3690\/revisions"}],"predecessor-version":[{"id":3700,"href":"https:\/\/daab.es\/ca\/wp-json\/wp\/v2\/pages\/3690\/revisions\/3700"}],"wp:attachment":[{"href":"https:\/\/daab.es\/ca\/wp-json\/wp\/v2\/media?parent=3690"}],"curies":[{"name":"wp","href":"https:\/\/api.w.org\/{rel}","templated":true}]}}