{"id":2746,"date":"2026-01-27T07:55:51","date_gmt":"2026-01-27T07:55:51","guid":{"rendered":"https:\/\/daab.es\/?page_id=2746"},"modified":"2026-01-30T22:16:37","modified_gmt":"2026-01-30T22:16:37","slug":"passareles-i-aularis-primaria","status":"publish","type":"page","link":"https:\/\/daab.es\/ca\/passareles-i-aularis-primaria\/","title":{"rendered":"Passarel.les i Aularis Prim\u00e0ria"},"content":{"rendered":"<div data-elementor-type=\"wp-page\" data-elementor-id=\"2746\" class=\"elementor elementor-2746\" data-elementor-post-type=\"page\">\n\t\t\t\t<div class=\"elementor-element elementor-element-14fd50bc e-con-full e-flex e-con e-parent\" data-id=\"14fd50bc\" data-element_type=\"container\" data-e-type=\"container\">\n\t\t<div class=\"elementor-element elementor-element-5cede08f e-con-full e-flex e-con e-child\" data-id=\"5cede08f\" data-element_type=\"container\" data-e-type=\"container\">\n\t\t<div class=\"elementor-element elementor-element-297c8e1 e-con-full e-flex e-con e-child\" data-id=\"297c8e1\" data-element_type=\"container\" data-e-type=\"container\">\n\t\t\t\t<div class=\"elementor-element elementor-element-27fbd72 elementor-widget__width-initial elementor-widget elementor-widget-image\" data-id=\"27fbd72\" data-element_type=\"widget\" data-e-type=\"widget\" data-widget_type=\"image.default\">\n\t\t\t\t\t\t\t\t\t\t\t\t\t\t\t<img fetchpriority=\"high\" decoding=\"async\" width=\"768\" height=\"1024\" src=\"https:\/\/daab.es\/wp-content\/uploads\/2025\/12\/A2-11-768x1024.jpg\" class=\"attachment-large size-large wp-image-1092\" alt=\"\" srcset=\"https:\/\/daab.es\/wp-content\/uploads\/2025\/12\/A2-11-768x1024.jpg 768w, https:\/\/daab.es\/wp-content\/uploads\/2025\/12\/A2-11-225x300.jpg 225w, https:\/\/daab.es\/wp-content\/uploads\/2025\/12\/A2-11-9x12.jpg 9w, https:\/\/daab.es\/wp-content\/uploads\/2025\/12\/A2-11.jpg 960w\" sizes=\"(max-width: 768px) 100vw, 768px\" \/>\t\t\t\t\t\t\t\t\t\t\t\t\t\t\t<\/div>\n\t\t\t\t<div class=\"elementor-element elementor-element-6bbb3d4 elementor-widget__width-initial elementor-widget elementor-widget-image\" data-id=\"6bbb3d4\" data-element_type=\"widget\" data-e-type=\"widget\" data-widget_type=\"image.default\">\n\t\t\t\t\t\t\t\t\t\t\t\t\t\t\t<img decoding=\"async\" width=\"418\" height=\"647\" src=\"https:\/\/daab.es\/wp-content\/uploads\/2025\/12\/A3-10.jpg\" class=\"attachment-large size-large wp-image-1093\" alt=\"\" srcset=\"https:\/\/daab.es\/wp-content\/uploads\/2025\/12\/A3-10.jpg 418w, https:\/\/daab.es\/wp-content\/uploads\/2025\/12\/A3-10-194x300.jpg 194w, https:\/\/daab.es\/wp-content\/uploads\/2025\/12\/A3-10-8x12.jpg 8w\" sizes=\"(max-width: 418px) 100vw, 418px\" \/>\t\t\t\t\t\t\t\t\t\t\t\t\t\t\t<\/div>\n\t\t\t\t<\/div>\n\t\t<div class=\"elementor-element elementor-element-26f6060 e-con-full e-flex e-con e-child\" data-id=\"26f6060\" data-element_type=\"container\" data-e-type=\"container\">\n\t\t\t\t<div class=\"elementor-element elementor-element-a98fa02 elementor-widget__width-initial elementor-widget elementor-widget-image\" data-id=\"a98fa02\" data-element_type=\"widget\" data-e-type=\"widget\" data-widget_type=\"image.default\">\n\t\t\t\t\t\t\t\t\t\t\t\t\t\t\t<img decoding=\"async\" width=\"768\" height=\"1024\" src=\"https:\/\/daab.es\/wp-content\/uploads\/2025\/12\/A6-2-768x1024.jpg\" class=\"attachment-large size-large wp-image-1094\" alt=\"\" srcset=\"https:\/\/daab.es\/wp-content\/uploads\/2025\/12\/A6-2-768x1024.jpg 768w, https:\/\/daab.es\/wp-content\/uploads\/2025\/12\/A6-2-225x300.jpg 225w, https:\/\/daab.es\/wp-content\/uploads\/2025\/12\/A6-2-9x12.jpg 9w, https:\/\/daab.es\/wp-content\/uploads\/2025\/12\/A6-2.jpg 960w\" sizes=\"(max-width: 768px) 100vw, 768px\" \/>\t\t\t\t\t\t\t\t\t\t\t\t\t\t\t<\/div>\n\t\t\t\t<div class=\"elementor-element elementor-element-3e3f9b6 elementor-widget__width-initial elementor-widget elementor-widget-image\" data-id=\"3e3f9b6\" data-element_type=\"widget\" data-e-type=\"widget\" data-widget_type=\"image.default\">\n\t\t\t\t\t\t\t\t\t\t\t\t\t\t\t<img loading=\"lazy\" decoding=\"async\" width=\"312\" height=\"427\" src=\"https:\/\/daab.es\/wp-content\/uploads\/2025\/12\/A1-11.jpg\" class=\"attachment-large size-large wp-image-1091\" alt=\"\" srcset=\"https:\/\/daab.es\/wp-content\/uploads\/2025\/12\/A1-11.jpg 312w, https:\/\/daab.es\/wp-content\/uploads\/2025\/12\/A1-11-219x300.jpg 219w, https:\/\/daab.es\/wp-content\/uploads\/2025\/12\/A1-11-9x12.jpg 9w\" sizes=\"(max-width: 312px) 100vw, 312px\" \/>\t\t\t\t\t\t\t\t\t\t\t\t\t\t\t<\/div>\n\t\t\t\t<\/div>\n\t\t\t\t<div class=\"elementor-element elementor-element-e214e24 elementor-widget elementor-widget-image\" data-id=\"e214e24\" data-element_type=\"widget\" data-e-type=\"widget\" data-widget_type=\"image.default\">\n\t\t\t\t\t\t\t\t\t\t\t\t\t\t\t<img loading=\"lazy\" decoding=\"async\" width=\"729\" height=\"517\" src=\"https:\/\/daab.es\/wp-content\/uploads\/2025\/12\/PL2-4.jpg\" class=\"attachment-large size-large wp-image-1095\" alt=\"\" srcset=\"https:\/\/daab.es\/wp-content\/uploads\/2025\/12\/PL2-4.jpg 729w, https:\/\/daab.es\/wp-content\/uploads\/2025\/12\/PL2-4-300x213.jpg 300w, https:\/\/daab.es\/wp-content\/uploads\/2025\/12\/PL2-4-18x12.jpg 18w\" sizes=\"(max-width: 729px) 100vw, 729px\" \/>\t\t\t\t\t\t\t\t\t\t\t\t\t\t\t<\/div>\n\t\t\t\t<div class=\"elementor-element elementor-element-3a495a1b elementor-widget elementor-widget-heading\" data-id=\"3a495a1b\" data-element_type=\"widget\" data-e-type=\"widget\" data-widget_type=\"heading.default\">\n\t\t\t\t\t<h2 class=\"elementor-heading-title elementor-size-default\">Descripci\u00f3<\/h2>\t\t\t\t<\/div>\n\t\t\t\t<div class=\"elementor-element elementor-element-169afb55 elementor-widget elementor-widget-text-editor\" data-id=\"169afb55\" data-element_type=\"widget\" data-e-type=\"widget\" data-widget_type=\"text-editor.default\">\n\t\t\t\t\t\t\t\t\t<p>La proposta&#8230;<\/p>\t\t\t\t\t\t\t\t<\/div>\n\t\t\t\t<\/div>\n\t\t<div class=\"elementor-element elementor-element-6712dabd e-con-full e-flex e-con e-child\" data-id=\"6712dabd\" data-element_type=\"container\" data-e-type=\"container\" data-settings=\"{&quot;sticky&quot;:&quot;top&quot;,&quot;sticky_on&quot;:[&quot;desktop&quot;],&quot;sticky_offset&quot;:75,&quot;sticky_parent&quot;:&quot;yes&quot;,&quot;sticky_effects_offset&quot;:0,&quot;sticky_anchor_link_offset&quot;:0}\">\n\t\t\t\t<div class=\"elementor-element elementor-element-187bad80 elementor-icon-list--layout-traditional elementor-list-item-link-full_width elementor-widget elementor-widget-icon-list\" data-id=\"187bad80\" data-element_type=\"widget\" data-e-type=\"widget\" data-widget_type=\"icon-list.default\">\n\t\t\t\t\t\t\t<ul class=\"elementor-icon-list-items\">\n\t\t\t\t\t\t\t<li class=\"elementor-icon-list-item\">\n\t\t\t\t\t\t\t\t\t\t<span class=\"elementor-icon-list-text\">Carrer Granollers, Barcelona<\/span>\n\t\t\t\t\t\t\t\t\t<\/li>\n\t\t\t\t\t\t\t\t<li class=\"elementor-icon-list-item\">\n\t\t\t\t\t\t\t\t\t\t<span class=\"elementor-icon-list-text\">Constru\u00eft<\/span>\n\t\t\t\t\t\t\t\t\t<\/li>\n\t\t\t\t\t\t\t\t<li class=\"elementor-icon-list-item\">\n\t\t\t\t\t\t\t\t\t\t<span class=\"elementor-icon-list-text\">Docent, reforma i ampliaci\u00f3<\/span>\n\t\t\t\t\t\t\t\t\t<\/li>\n\t\t\t\t\t\t\t\t<li class=\"elementor-icon-list-item\">\n\t\t\t\t\t\t\t\t\t\t\t<a href=\"http:\/\/escola-bressol-sant-medir\">\n\n\t\t\t\t\t\t\t\t\t\t\t<span class=\"elementor-icon-list-text\">Religioses de la Inmaculada Concepci\u00f3<\/span>\n\t\t\t\t\t\t\t\t\t\t\t<\/a>\n\t\t\t\t\t\t\t\t\t<\/li>\n\t\t\t\t\t\t<\/ul>\n\t\t\t\t\t\t<\/div>\n\t\t\t\t<\/div>\n\t\t\t\t<\/div>\n\t\t<div class=\"elementor-element elementor-element-b3b605b e-flex e-con-boxed e-con e-parent\" data-id=\"b3b605b\" data-element_type=\"container\" data-e-type=\"container\">\n\t\t\t\t\t<div class=\"e-con-inner\">\n\t\t\t\t\t<\/div>\n\t\t\t\t<\/div>\n\t\t\t\t<\/div>","protected":false},"excerpt":{"rendered":"<p>Descripci\u00f3 La proposta&#8230; Carrer Granollers, Barcelona Constru\u00eft Docent, reforma i ampliaci\u00f3 Religioses de la Inmaculada Concepci\u00f3<\/p>","protected":false},"author":3,"featured_media":0,"parent":0,"menu_order":0,"comment_status":"closed","ping_status":"closed","template":"","meta":{"footnotes":""},"class_list":["post-2746","page","type-page","status-publish","hentry"],"yoast_head":"<!-- This site is optimized with the Yoast SEO plugin v27.4 - https:\/\/yoast.com\/product\/yoast-seo-wordpress\/ -->\n<title>Passarel.les i Aularis Prim\u00e0ria - Daab<\/title>\n<meta name=\"robots\" content=\"index, follow, max-snippet:-1, max-image-preview:large, max-video-preview:-1\" \/>\n<link rel=\"canonical\" href=\"https:\/\/daab.es\/ca\/passareles-i-aularis-primaria\/\" \/>\n<meta property=\"og:locale\" content=\"ca_ES\" \/>\n<meta property=\"og:type\" content=\"article\" \/>\n<meta property=\"og:title\" content=\"Passarel.les i Aularis Prim\u00e0ria - Daab\" \/>\n<meta property=\"og:description\" content=\"Descripci\u00f3 La proposta&#8230; Carrer Granollers, Barcelona Constru\u00eft Docent, reforma i ampliaci\u00f3 Religioses de la Inmaculada Concepci\u00f3\" \/>\n<meta property=\"og:url\" content=\"https:\/\/daab.es\/ca\/passareles-i-aularis-primaria\/\" \/>\n<meta property=\"og:site_name\" content=\"Daab\" \/>\n<meta property=\"article:modified_time\" content=\"2026-01-30T22:16:37+00:00\" \/>\n<meta property=\"og:image\" content=\"https:\/\/daab.es\/wp-content\/uploads\/2025\/12\/A2-11.jpg\" \/>\n\t<meta property=\"og:image:width\" content=\"960\" \/>\n\t<meta property=\"og:image:height\" content=\"1280\" \/>\n\t<meta property=\"og:image:type\" content=\"image\/jpeg\" \/>\n<meta name=\"twitter:card\" content=\"summary_large_image\" \/>\n<meta name=\"twitter:label1\" content=\"Temps estimat de lectura\" \/>\n\t<meta name=\"twitter:data1\" content=\"1 minut\" \/>\n<script type=\"application\/ld+json\" class=\"yoast-schema-graph\">{\"@context\":\"https:\\\/\\\/schema.org\",\"@graph\":[{\"@type\":\"WebPage\",\"@id\":\"https:\\\/\\\/daab.es\\\/passareles-i-aularis-primaria\\\/\",\"url\":\"https:\\\/\\\/daab.es\\\/passareles-i-aularis-primaria\\\/\",\"name\":\"Passarel.les i Aularis Prim\u00e0ria - Daab\",\"isPartOf\":{\"@id\":\"https:\\\/\\\/daab.es\\\/#website\"},\"primaryImageOfPage\":{\"@id\":\"https:\\\/\\\/daab.es\\\/passareles-i-aularis-primaria\\\/#primaryimage\"},\"image\":{\"@id\":\"https:\\\/\\\/daab.es\\\/passareles-i-aularis-primaria\\\/#primaryimage\"},\"thumbnailUrl\":\"https:\\\/\\\/daab.es\\\/wp-content\\\/uploads\\\/2025\\\/12\\\/A2-11-768x1024.jpg\",\"datePublished\":\"2026-01-27T07:55:51+00:00\",\"dateModified\":\"2026-01-30T22:16:37+00:00\",\"breadcrumb\":{\"@id\":\"https:\\\/\\\/daab.es\\\/passareles-i-aularis-primaria\\\/#breadcrumb\"},\"inLanguage\":\"ca\",\"potentialAction\":[{\"@type\":\"ReadAction\",\"target\":[\"https:\\\/\\\/daab.es\\\/passareles-i-aularis-primaria\\\/\"]}]},{\"@type\":\"ImageObject\",\"inLanguage\":\"ca\",\"@id\":\"https:\\\/\\\/daab.es\\\/passareles-i-aularis-primaria\\\/#primaryimage\",\"url\":\"https:\\\/\\\/daab.es\\\/wp-content\\\/uploads\\\/2025\\\/12\\\/A2-11-768x1024.jpg\",\"contentUrl\":\"https:\\\/\\\/daab.es\\\/wp-content\\\/uploads\\\/2025\\\/12\\\/A2-11-768x1024.jpg\"},{\"@type\":\"BreadcrumbList\",\"@id\":\"https:\\\/\\\/daab.es\\\/passareles-i-aularis-primaria\\\/#breadcrumb\",\"itemListElement\":[{\"@type\":\"ListItem\",\"position\":1,\"name\":\"Home\",\"item\":\"https:\\\/\\\/daab.es\\\/\"},{\"@type\":\"ListItem\",\"position\":2,\"name\":\"Passarel.les i Aularis Prim\u00e0ria\"}]},{\"@type\":\"WebSite\",\"@id\":\"https:\\\/\\\/daab.es\\\/#website\",\"url\":\"https:\\\/\\\/daab.es\\\/\",\"name\":\"Daab\",\"description\":\"\",\"publisher\":{\"@id\":\"https:\\\/\\\/daab.es\\\/#organization\"},\"potentialAction\":[{\"@type\":\"SearchAction\",\"target\":{\"@type\":\"EntryPoint\",\"urlTemplate\":\"https:\\\/\\\/daab.es\\\/?s={search_term_string}\"},\"query-input\":{\"@type\":\"PropertyValueSpecification\",\"valueRequired\":true,\"valueName\":\"search_term_string\"}}],\"inLanguage\":\"ca\"},{\"@type\":\"Organization\",\"@id\":\"https:\\\/\\\/daab.es\\\/#organization\",\"name\":\"Daab\",\"url\":\"https:\\\/\\\/daab.es\\\/\",\"logo\":{\"@type\":\"ImageObject\",\"inLanguage\":\"ca\",\"@id\":\"https:\\\/\\\/daab.es\\\/#\\\/schema\\\/logo\\\/image\\\/\",\"url\":\"https:\\\/\\\/daab.es\\\/wp-content\\\/uploads\\\/2025\\\/10\\\/Captura-de-pantalla-2025-10-13-110930-e1761412934100.png\",\"contentUrl\":\"https:\\\/\\\/daab.es\\\/wp-content\\\/uploads\\\/2025\\\/10\\\/Captura-de-pantalla-2025-10-13-110930-e1761412934100.png\",\"width\":232,\"height\":47,\"caption\":\"Daab\"},\"image\":{\"@id\":\"https:\\\/\\\/daab.es\\\/#\\\/schema\\\/logo\\\/image\\\/\"}}]}<\/script>\n<!-- \/ Yoast SEO plugin. -->","yoast_head_json":{"title":"Passarel.les i Aularis Prim\u00e0ria - Daab","robots":{"index":"index","follow":"follow","max-snippet":"max-snippet:-1","max-image-preview":"max-image-preview:large","max-video-preview":"max-video-preview:-1"},"canonical":"https:\/\/daab.es\/ca\/passareles-i-aularis-primaria\/","og_locale":"ca_ES","og_type":"article","og_title":"Passarel.les i Aularis Prim\u00e0ria - Daab","og_description":"Descripci\u00f3 La proposta&#8230; Carrer Granollers, Barcelona Constru\u00eft Docent, reforma i ampliaci\u00f3 Religioses de la Inmaculada Concepci\u00f3","og_url":"https:\/\/daab.es\/ca\/passareles-i-aularis-primaria\/","og_site_name":"Daab","article_modified_time":"2026-01-30T22:16:37+00:00","og_image":[{"width":960,"height":1280,"url":"https:\/\/daab.es\/wp-content\/uploads\/2025\/12\/A2-11.jpg","type":"image\/jpeg"}],"twitter_card":"summary_large_image","twitter_misc":{"Temps estimat de lectura":"1 minut"},"schema":{"@context":"https:\/\/schema.org","@graph":[{"@type":"WebPage","@id":"https:\/\/daab.es\/passareles-i-aularis-primaria\/","url":"https:\/\/daab.es\/passareles-i-aularis-primaria\/","name":"Passarel.les i Aularis Prim\u00e0ria - Daab","isPartOf":{"@id":"https:\/\/daab.es\/#website"},"primaryImageOfPage":{"@id":"https:\/\/daab.es\/passareles-i-aularis-primaria\/#primaryimage"},"image":{"@id":"https:\/\/daab.es\/passareles-i-aularis-primaria\/#primaryimage"},"thumbnailUrl":"https:\/\/daab.es\/wp-content\/uploads\/2025\/12\/A2-11-768x1024.jpg","datePublished":"2026-01-27T07:55:51+00:00","dateModified":"2026-01-30T22:16:37+00:00","breadcrumb":{"@id":"https:\/\/daab.es\/passareles-i-aularis-primaria\/#breadcrumb"},"inLanguage":"ca","potentialAction":[{"@type":"ReadAction","target":["https:\/\/daab.es\/passareles-i-aularis-primaria\/"]}]},{"@type":"ImageObject","inLanguage":"ca","@id":"https:\/\/daab.es\/passareles-i-aularis-primaria\/#primaryimage","url":"https:\/\/daab.es\/wp-content\/uploads\/2025\/12\/A2-11-768x1024.jpg","contentUrl":"https:\/\/daab.es\/wp-content\/uploads\/2025\/12\/A2-11-768x1024.jpg"},{"@type":"BreadcrumbList","@id":"https:\/\/daab.es\/passareles-i-aularis-primaria\/#breadcrumb","itemListElement":[{"@type":"ListItem","position":1,"name":"Home","item":"https:\/\/daab.es\/"},{"@type":"ListItem","position":2,"name":"Passarel.les i Aularis Prim\u00e0ria"}]},{"@type":"WebSite","@id":"https:\/\/daab.es\/#website","url":"https:\/\/daab.es\/","name":"Daab","description":"","publisher":{"@id":"https:\/\/daab.es\/#organization"},"potentialAction":[{"@type":"SearchAction","target":{"@type":"EntryPoint","urlTemplate":"https:\/\/daab.es\/?s={search_term_string}"},"query-input":{"@type":"PropertyValueSpecification","valueRequired":true,"valueName":"search_term_string"}}],"inLanguage":"ca"},{"@type":"Organization","@id":"https:\/\/daab.es\/#organization","name":"Daab","url":"https:\/\/daab.es\/","logo":{"@type":"ImageObject","inLanguage":"ca","@id":"https:\/\/daab.es\/#\/schema\/logo\/image\/","url":"https:\/\/daab.es\/wp-content\/uploads\/2025\/10\/Captura-de-pantalla-2025-10-13-110930-e1761412934100.png","contentUrl":"https:\/\/daab.es\/wp-content\/uploads\/2025\/10\/Captura-de-pantalla-2025-10-13-110930-e1761412934100.png","width":232,"height":47,"caption":"Daab"},"image":{"@id":"https:\/\/daab.es\/#\/schema\/logo\/image\/"}}]}},"_links":{"self":[{"href":"https:\/\/daab.es\/ca\/wp-json\/wp\/v2\/pages\/2746","targetHints":{"allow":["GET"]}}],"collection":[{"href":"https:\/\/daab.es\/ca\/wp-json\/wp\/v2\/pages"}],"about":[{"href":"https:\/\/daab.es\/ca\/wp-json\/wp\/v2\/types\/page"}],"author":[{"embeddable":true,"href":"https:\/\/daab.es\/ca\/wp-json\/wp\/v2\/users\/3"}],"replies":[{"embeddable":true,"href":"https:\/\/daab.es\/ca\/wp-json\/wp\/v2\/comments?post=2746"}],"version-history":[{"count":61,"href":"https:\/\/daab.es\/ca\/wp-json\/wp\/v2\/pages\/2746\/revisions"}],"predecessor-version":[{"id":3375,"href":"https:\/\/daab.es\/ca\/wp-json\/wp\/v2\/pages\/2746\/revisions\/3375"}],"wp:attachment":[{"href":"https:\/\/daab.es\/ca\/wp-json\/wp\/v2\/media?parent=2746"}],"curies":[{"name":"wp","href":"https:\/\/api.w.org\/{rel}","templated":true}]}}