{"id":2648,"date":"2026-01-26T19:42:32","date_gmt":"2026-01-26T19:42:32","guid":{"rendered":"https:\/\/daab.es\/?page_id=2648"},"modified":"2026-02-02T07:50:00","modified_gmt":"2026-02-02T07:50:00","slug":"ceip-grau-i-fontsere","status":"publish","type":"page","link":"https:\/\/daab.es\/ca\/ceip-grau-i-fontsere\/","title":{"rendered":"CEIP Grau i Fontser\u00e9"},"content":{"rendered":"<div data-elementor-type=\"wp-page\" data-elementor-id=\"2648\" class=\"elementor elementor-2648\" data-elementor-post-type=\"page\">\n\t\t\t\t<div class=\"elementor-element elementor-element-47c4baf9 e-con-full e-flex e-con e-parent\" data-id=\"47c4baf9\" data-element_type=\"container\">\n\t\t<div class=\"elementor-element elementor-element-40e8742c e-con-full e-flex e-con e-child\" data-id=\"40e8742c\" data-element_type=\"container\">\n\t\t\t\t<div class=\"elementor-element elementor-element-8eca1dc elementor-widget elementor-widget-image\" data-id=\"8eca1dc\" data-element_type=\"widget\" data-widget_type=\"image.default\">\n\t\t\t\t\t\t\t\t\t\t\t\t\t\t\t<img fetchpriority=\"high\" decoding=\"async\" width=\"261\" height=\"201\" src=\"https:\/\/daab.es\/wp-content\/uploads\/2025\/12\/A2-10-e1770018494196.jpg\" class=\"attachment-full size-full wp-image-1087\" alt=\"\" srcset=\"https:\/\/daab.es\/wp-content\/uploads\/2025\/12\/A2-10-e1770018494196.jpg 261w, https:\/\/daab.es\/wp-content\/uploads\/2025\/12\/A2-10-e1770018494196-16x12.jpg 16w\" sizes=\"(max-width: 261px) 100vw, 261px\" \/>\t\t\t\t\t\t\t\t\t\t\t\t\t\t\t<\/div>\n\t\t\t\t<div class=\"elementor-element elementor-element-cb93ff5 elementor-widget elementor-widget-image\" data-id=\"cb93ff5\" data-element_type=\"widget\" data-widget_type=\"image.default\">\n\t\t\t\t\t\t\t\t\t\t\t\t\t\t\t<img decoding=\"async\" width=\"428\" height=\"252\" src=\"https:\/\/daab.es\/wp-content\/uploads\/2025\/12\/A3-2-1.jpg\" class=\"attachment-full size-full wp-image-1088\" alt=\"\" srcset=\"https:\/\/daab.es\/wp-content\/uploads\/2025\/12\/A3-2-1.jpg 428w, https:\/\/daab.es\/wp-content\/uploads\/2025\/12\/A3-2-1-300x177.jpg 300w, https:\/\/daab.es\/wp-content\/uploads\/2025\/12\/A3-2-1-18x12.jpg 18w\" sizes=\"(max-width: 428px) 100vw, 428px\" \/>\t\t\t\t\t\t\t\t\t\t\t\t\t\t\t<\/div>\n\t\t\t\t<div class=\"elementor-element elementor-element-3c2c0bb elementor-widget elementor-widget-image\" data-id=\"3c2c0bb\" data-element_type=\"widget\" data-widget_type=\"image.default\">\n\t\t\t\t\t\t\t\t\t\t\t\t\t\t\t<img decoding=\"async\" width=\"278\" height=\"179\" src=\"https:\/\/daab.es\/wp-content\/uploads\/2025\/12\/A1-10-e1770018466319.jpg\" class=\"attachment-full size-full wp-image-1086\" alt=\"\" srcset=\"https:\/\/daab.es\/wp-content\/uploads\/2025\/12\/A1-10-e1770018466319.jpg 278w, https:\/\/daab.es\/wp-content\/uploads\/2025\/12\/A1-10-e1770018466319-18x12.jpg 18w\" sizes=\"(max-width: 278px) 100vw, 278px\" \/>\t\t\t\t\t\t\t\t\t\t\t\t\t\t\t<\/div>\n\t\t\t\t<div class=\"elementor-element elementor-element-34f684d elementor-widget elementor-widget-image\" data-id=\"34f684d\" data-element_type=\"widget\" data-widget_type=\"image.default\">\n\t\t\t\t\t\t\t\t\t\t\t\t\t\t\t<img loading=\"lazy\" decoding=\"async\" width=\"447\" height=\"437\" src=\"https:\/\/daab.es\/wp-content\/uploads\/2025\/12\/PL-3.jpg\" class=\"attachment-full size-full wp-image-1089\" alt=\"\" srcset=\"https:\/\/daab.es\/wp-content\/uploads\/2025\/12\/PL-3.jpg 447w, https:\/\/daab.es\/wp-content\/uploads\/2025\/12\/PL-3-300x293.jpg 300w, https:\/\/daab.es\/wp-content\/uploads\/2025\/12\/PL-3-12x12.jpg 12w\" sizes=\"(max-width: 447px) 100vw, 447px\" \/>\t\t\t\t\t\t\t\t\t\t\t\t\t\t\t<\/div>\n\t\t\t\t<\/div>\n\t\t<div class=\"elementor-element elementor-element-69c23c02 e-con-full e-flex e-con e-child\" data-id=\"69c23c02\" data-element_type=\"container\" data-settings=\"{&quot;sticky&quot;:&quot;top&quot;,&quot;sticky_on&quot;:[&quot;desktop&quot;],&quot;sticky_offset&quot;:75,&quot;sticky_parent&quot;:&quot;yes&quot;,&quot;sticky_effects_offset&quot;:0,&quot;sticky_anchor_link_offset&quot;:0}\">\n\t\t\t\t<div class=\"elementor-element elementor-element-741b2771 elementor-widget elementor-widget-heading\" data-id=\"741b2771\" data-element_type=\"widget\" data-widget_type=\"heading.default\">\n\t\t\t\t\t<h2 class=\"elementor-heading-title elementor-size-default\">CEIP Grau i Fontser\u00e9<\/h2>\t\t\t\t<\/div>\n\t\t\t\t<div class=\"elementor-element elementor-element-42d300b1 elementor-icon-list--layout-traditional elementor-list-item-link-full_width elementor-widget elementor-widget-icon-list\" data-id=\"42d300b1\" data-element_type=\"widget\" data-widget_type=\"icon-list.default\">\n\t\t\t\t\t\t\t<ul class=\"elementor-icon-list-items\">\n\t\t\t\t\t\t\t<li class=\"elementor-icon-list-item\">\n\t\t\t\t\t\t\t\t\t\t<span class=\"elementor-icon-list-text\">Arquitecte: Xavier Aguilar<\/span>\n\t\t\t\t\t\t\t\t\t<\/li>\n\t\t\t\t\t\t\t\t<li class=\"elementor-icon-list-item\">\n\t\t\t\t\t\t\t\t\t\t<span class=\"elementor-icon-list-text\">Direcci\u00f3 d'Obra: Xavier Aguilar i Josep Vila<\/span>\n\t\t\t\t\t\t\t\t\t<\/li>\n\t\t\t\t\t\t\t\t<li class=\"elementor-icon-list-item\">\n\t\t\t\t\t\t\t\t\t\t<span class=\"elementor-icon-list-text\">Flix, Tarragona<\/span>\n\t\t\t\t\t\t\t\t\t<\/li>\n\t\t\t\t\t\t\t\t<li class=\"elementor-icon-list-item\">\n\t\t\t\t\t\t\t\t\t\t<span class=\"elementor-icon-list-text\">Ref:1600 m2. Amp:1200 m2 \/ 900.000 \u20ac               <\/span>\n\t\t\t\t\t\t\t\t\t<\/li>\n\t\t\t\t\t\t\t\t<li class=\"elementor-icon-list-item\">\n\t\t\t\t\t\t\t\t\t\t<span class=\"elementor-icon-list-text\">Infraestructures de la Generalitat, GISA<\/span>\n\t\t\t\t\t\t\t\t\t<\/li>\n\t\t\t\t\t\t\t\t<li class=\"elementor-icon-list-item\">\n\t\t\t\t\t\t\t\t\t\t<span class=\"elementor-icon-list-text\">Constru\u00eft<\/span>\n\t\t\t\t\t\t\t\t\t<\/li>\n\t\t\t\t\t\t\t\t<li class=\"elementor-icon-list-item\">\n\t\t\t\t\t\t\t\t\t\t<span class=\"elementor-icon-list-text\">Docent. Obra nova, reforma i ampliaci\u00f3<\/span>\n\t\t\t\t\t\t\t\t\t<\/li>\n\t\t\t\t\t\t<\/ul>\n\t\t\t\t\t\t<\/div>\n\t\t\t\t<\/div>\n\t\t\t\t<\/div>\n\t\t\t\t<\/div>","protected":false},"excerpt":{"rendered":"<p>CEIP Grau i Fontser\u00e9 Arquitecte: Xavier Aguilar Direcci\u00f3 d&#8217;Obra: Xavier Aguilar i Josep Vila Flix, Tarragona Ref:1600 m2. Amp:1200 m2 \/ 900.000 \u20ac Infraestructures de la Generalitat, GISA Constru\u00eft Docent. Obra nova, reforma i ampliaci\u00f3<\/p>","protected":false},"author":3,"featured_media":0,"parent":0,"menu_order":0,"comment_status":"closed","ping_status":"closed","template":"","meta":{"footnotes":""},"class_list":["post-2648","page","type-page","status-publish","hentry"],"yoast_head":"<!-- This site is optimized with the Yoast SEO plugin v26.4 - https:\/\/yoast.com\/wordpress\/plugins\/seo\/ -->\n<title>CEIP Grau i Fontser\u00e9 - Daab<\/title>\n<meta name=\"robots\" content=\"index, follow, max-snippet:-1, max-image-preview:large, max-video-preview:-1\" \/>\n<link rel=\"canonical\" href=\"https:\/\/daab.es\/ca\/ceip-grau-i-fontsere\/\" \/>\n<meta property=\"og:locale\" content=\"ca_ES\" \/>\n<meta property=\"og:type\" content=\"article\" \/>\n<meta property=\"og:title\" content=\"CEIP Grau i Fontser\u00e9 - Daab\" \/>\n<meta property=\"og:description\" content=\"CEIP Grau i Fontser\u00e9 Arquitecte: Xavier Aguilar Direcci\u00f3 d&#8217;Obra: Xavier Aguilar i Josep Vila Flix, Tarragona Ref:1600 m2. Amp:1200 m2 \/ 900.000 \u20ac Infraestructures de la Generalitat, GISA Constru\u00eft Docent. Obra nova, reforma i ampliaci\u00f3\" \/>\n<meta property=\"og:url\" content=\"https:\/\/daab.es\/ca\/ceip-grau-i-fontsere\/\" \/>\n<meta property=\"og:site_name\" content=\"Daab\" \/>\n<meta property=\"article:modified_time\" content=\"2026-02-02T07:50:00+00:00\" \/>\n<meta property=\"og:image\" content=\"https:\/\/daab.es\/wp-content\/uploads\/2025\/12\/A2-10-e1770018494196.jpg\" \/>\n\t<meta property=\"og:image:width\" content=\"261\" \/>\n\t<meta property=\"og:image:height\" content=\"201\" \/>\n\t<meta property=\"og:image:type\" content=\"image\/jpeg\" \/>\n<meta name=\"twitter:card\" content=\"summary_large_image\" \/>\n<meta name=\"twitter:label1\" content=\"Temps estimat de lectura\" \/>\n\t<meta name=\"twitter:data1\" content=\"1 minut\" \/>\n<script type=\"application\/ld+json\" class=\"yoast-schema-graph\">{\"@context\":\"https:\/\/schema.org\",\"@graph\":[{\"@type\":\"WebPage\",\"@id\":\"https:\/\/daab.es\/ceip-grau-i-fontsere\/\",\"url\":\"https:\/\/daab.es\/ceip-grau-i-fontsere\/\",\"name\":\"CEIP Grau i Fontser\u00e9 - Daab\",\"isPartOf\":{\"@id\":\"https:\/\/daab.es\/#website\"},\"primaryImageOfPage\":{\"@id\":\"https:\/\/daab.es\/ceip-grau-i-fontsere\/#primaryimage\"},\"image\":{\"@id\":\"https:\/\/daab.es\/ceip-grau-i-fontsere\/#primaryimage\"},\"thumbnailUrl\":\"https:\/\/daab.es\/wp-content\/uploads\/2025\/12\/A2-10-e1770018494196.jpg\",\"datePublished\":\"2026-01-26T19:42:32+00:00\",\"dateModified\":\"2026-02-02T07:50:00+00:00\",\"breadcrumb\":{\"@id\":\"https:\/\/daab.es\/ceip-grau-i-fontsere\/#breadcrumb\"},\"inLanguage\":\"ca\",\"potentialAction\":[{\"@type\":\"ReadAction\",\"target\":[\"https:\/\/daab.es\/ceip-grau-i-fontsere\/\"]}]},{\"@type\":\"ImageObject\",\"inLanguage\":\"ca\",\"@id\":\"https:\/\/daab.es\/ceip-grau-i-fontsere\/#primaryimage\",\"url\":\"https:\/\/daab.es\/wp-content\/uploads\/2025\/12\/A2-10-e1770018494196.jpg\",\"contentUrl\":\"https:\/\/daab.es\/wp-content\/uploads\/2025\/12\/A2-10-e1770018494196.jpg\"},{\"@type\":\"BreadcrumbList\",\"@id\":\"https:\/\/daab.es\/ceip-grau-i-fontsere\/#breadcrumb\",\"itemListElement\":[{\"@type\":\"ListItem\",\"position\":1,\"name\":\"Home\",\"item\":\"https:\/\/daab.es\/\"},{\"@type\":\"ListItem\",\"position\":2,\"name\":\"CEIP Grau i Fontser\u00e9\"}]},{\"@type\":\"WebSite\",\"@id\":\"https:\/\/daab.es\/#website\",\"url\":\"https:\/\/daab.es\/\",\"name\":\"Daab\",\"description\":\"\",\"publisher\":{\"@id\":\"https:\/\/daab.es\/#organization\"},\"potentialAction\":[{\"@type\":\"SearchAction\",\"target\":{\"@type\":\"EntryPoint\",\"urlTemplate\":\"https:\/\/daab.es\/?s={search_term_string}\"},\"query-input\":{\"@type\":\"PropertyValueSpecification\",\"valueRequired\":true,\"valueName\":\"search_term_string\"}}],\"inLanguage\":\"ca\"},{\"@type\":\"Organization\",\"@id\":\"https:\/\/daab.es\/#organization\",\"name\":\"Daab\",\"url\":\"https:\/\/daab.es\/\",\"logo\":{\"@type\":\"ImageObject\",\"inLanguage\":\"ca\",\"@id\":\"https:\/\/daab.es\/#\/schema\/logo\/image\/\",\"url\":\"https:\/\/daab.es\/wp-content\/uploads\/2025\/10\/Captura-de-pantalla-2025-10-13-110930-e1761412934100.png\",\"contentUrl\":\"https:\/\/daab.es\/wp-content\/uploads\/2025\/10\/Captura-de-pantalla-2025-10-13-110930-e1761412934100.png\",\"width\":232,\"height\":47,\"caption\":\"Daab\"},\"image\":{\"@id\":\"https:\/\/daab.es\/#\/schema\/logo\/image\/\"}}]}<\/script>\n<!-- \/ Yoast SEO plugin. -->","yoast_head_json":{"title":"CEIP Grau i Fontser\u00e9 - Daab","robots":{"index":"index","follow":"follow","max-snippet":"max-snippet:-1","max-image-preview":"max-image-preview:large","max-video-preview":"max-video-preview:-1"},"canonical":"https:\/\/daab.es\/ca\/ceip-grau-i-fontsere\/","og_locale":"ca_ES","og_type":"article","og_title":"CEIP Grau i Fontser\u00e9 - Daab","og_description":"CEIP Grau i Fontser\u00e9 Arquitecte: Xavier Aguilar Direcci\u00f3 d&#8217;Obra: Xavier Aguilar i Josep Vila Flix, Tarragona Ref:1600 m2. Amp:1200 m2 \/ 900.000 \u20ac Infraestructures de la Generalitat, GISA Constru\u00eft Docent. Obra nova, reforma i ampliaci\u00f3","og_url":"https:\/\/daab.es\/ca\/ceip-grau-i-fontsere\/","og_site_name":"Daab","article_modified_time":"2026-02-02T07:50:00+00:00","og_image":[{"width":261,"height":201,"url":"https:\/\/daab.es\/wp-content\/uploads\/2025\/12\/A2-10-e1770018494196.jpg","type":"image\/jpeg"}],"twitter_card":"summary_large_image","twitter_misc":{"Temps estimat de lectura":"1 minut"},"schema":{"@context":"https:\/\/schema.org","@graph":[{"@type":"WebPage","@id":"https:\/\/daab.es\/ceip-grau-i-fontsere\/","url":"https:\/\/daab.es\/ceip-grau-i-fontsere\/","name":"CEIP Grau i Fontser\u00e9 - Daab","isPartOf":{"@id":"https:\/\/daab.es\/#website"},"primaryImageOfPage":{"@id":"https:\/\/daab.es\/ceip-grau-i-fontsere\/#primaryimage"},"image":{"@id":"https:\/\/daab.es\/ceip-grau-i-fontsere\/#primaryimage"},"thumbnailUrl":"https:\/\/daab.es\/wp-content\/uploads\/2025\/12\/A2-10-e1770018494196.jpg","datePublished":"2026-01-26T19:42:32+00:00","dateModified":"2026-02-02T07:50:00+00:00","breadcrumb":{"@id":"https:\/\/daab.es\/ceip-grau-i-fontsere\/#breadcrumb"},"inLanguage":"ca","potentialAction":[{"@type":"ReadAction","target":["https:\/\/daab.es\/ceip-grau-i-fontsere\/"]}]},{"@type":"ImageObject","inLanguage":"ca","@id":"https:\/\/daab.es\/ceip-grau-i-fontsere\/#primaryimage","url":"https:\/\/daab.es\/wp-content\/uploads\/2025\/12\/A2-10-e1770018494196.jpg","contentUrl":"https:\/\/daab.es\/wp-content\/uploads\/2025\/12\/A2-10-e1770018494196.jpg"},{"@type":"BreadcrumbList","@id":"https:\/\/daab.es\/ceip-grau-i-fontsere\/#breadcrumb","itemListElement":[{"@type":"ListItem","position":1,"name":"Home","item":"https:\/\/daab.es\/"},{"@type":"ListItem","position":2,"name":"CEIP Grau i Fontser\u00e9"}]},{"@type":"WebSite","@id":"https:\/\/daab.es\/#website","url":"https:\/\/daab.es\/","name":"Daab","description":"","publisher":{"@id":"https:\/\/daab.es\/#organization"},"potentialAction":[{"@type":"SearchAction","target":{"@type":"EntryPoint","urlTemplate":"https:\/\/daab.es\/?s={search_term_string}"},"query-input":{"@type":"PropertyValueSpecification","valueRequired":true,"valueName":"search_term_string"}}],"inLanguage":"ca"},{"@type":"Organization","@id":"https:\/\/daab.es\/#organization","name":"Daab","url":"https:\/\/daab.es\/","logo":{"@type":"ImageObject","inLanguage":"ca","@id":"https:\/\/daab.es\/#\/schema\/logo\/image\/","url":"https:\/\/daab.es\/wp-content\/uploads\/2025\/10\/Captura-de-pantalla-2025-10-13-110930-e1761412934100.png","contentUrl":"https:\/\/daab.es\/wp-content\/uploads\/2025\/10\/Captura-de-pantalla-2025-10-13-110930-e1761412934100.png","width":232,"height":47,"caption":"Daab"},"image":{"@id":"https:\/\/daab.es\/#\/schema\/logo\/image\/"}}]}},"_links":{"self":[{"href":"https:\/\/daab.es\/ca\/wp-json\/wp\/v2\/pages\/2648","targetHints":{"allow":["GET"]}}],"collection":[{"href":"https:\/\/daab.es\/ca\/wp-json\/wp\/v2\/pages"}],"about":[{"href":"https:\/\/daab.es\/ca\/wp-json\/wp\/v2\/types\/page"}],"author":[{"embeddable":true,"href":"https:\/\/daab.es\/ca\/wp-json\/wp\/v2\/users\/3"}],"replies":[{"embeddable":true,"href":"https:\/\/daab.es\/ca\/wp-json\/wp\/v2\/comments?post=2648"}],"version-history":[{"count":34,"href":"https:\/\/daab.es\/ca\/wp-json\/wp\/v2\/pages\/2648\/revisions"}],"predecessor-version":[{"id":3547,"href":"https:\/\/daab.es\/ca\/wp-json\/wp\/v2\/pages\/2648\/revisions\/3547"}],"wp:attachment":[{"href":"https:\/\/daab.es\/ca\/wp-json\/wp\/v2\/media?parent=2648"}],"curies":[{"name":"wp","href":"https:\/\/api.w.org\/{rel}","templated":true}]}}