{"id":2609,"date":"2026-01-26T19:13:40","date_gmt":"2026-01-26T19:13:40","guid":{"rendered":"https:\/\/daab.es\/?page_id=2609"},"modified":"2026-01-30T22:46:14","modified_gmt":"2026-01-30T22:46:14","slug":"centre-civic-baro-del-viver","status":"publish","type":"page","link":"https:\/\/daab.es\/ca\/centre-civic-baro-del-viver\/","title":{"rendered":"Centre C\u00edvic. Bar\u00f3 del Viver"},"content":{"rendered":"<div data-elementor-type=\"wp-page\" data-elementor-id=\"2609\" class=\"elementor elementor-2609\" data-elementor-post-type=\"page\">\n\t\t\t\t<div class=\"elementor-element elementor-element-47c4baf9 e-con-full e-flex e-con e-parent\" data-id=\"47c4baf9\" data-element_type=\"container\" data-e-type=\"container\">\n\t\t<div class=\"elementor-element elementor-element-40e8742c e-con-full e-flex e-con e-child\" data-id=\"40e8742c\" data-element_type=\"container\" data-e-type=\"container\">\n\t\t\t\t<div class=\"elementor-element elementor-element-8eca1dc elementor-widget elementor-widget-image\" data-id=\"8eca1dc\" data-element_type=\"widget\" data-e-type=\"widget\" data-widget_type=\"image.default\">\n\t\t\t\t\t\t\t\t\t\t\t\t\t\t\t<img fetchpriority=\"high\" decoding=\"async\" width=\"1623\" height=\"754\" src=\"https:\/\/daab.es\/wp-content\/uploads\/2025\/12\/V1-1.jpg\" class=\"attachment-full size-full wp-image-1441\" alt=\"\" srcset=\"https:\/\/daab.es\/wp-content\/uploads\/2025\/12\/V1-1.jpg 1623w, https:\/\/daab.es\/wp-content\/uploads\/2025\/12\/V1-1-300x139.jpg 300w, https:\/\/daab.es\/wp-content\/uploads\/2025\/12\/V1-1-1024x476.jpg 1024w, https:\/\/daab.es\/wp-content\/uploads\/2025\/12\/V1-1-768x357.jpg 768w, https:\/\/daab.es\/wp-content\/uploads\/2025\/12\/V1-1-1536x714.jpg 1536w, https:\/\/daab.es\/wp-content\/uploads\/2025\/12\/V1-1-18x8.jpg 18w\" sizes=\"(max-width: 1623px) 100vw, 1623px\" \/>\t\t\t\t\t\t\t\t\t\t\t\t\t\t\t<\/div>\n\t\t\t\t<div class=\"elementor-element elementor-element-459e5a3 elementor-widget elementor-widget-image\" data-id=\"459e5a3\" data-element_type=\"widget\" data-e-type=\"widget\" data-widget_type=\"image.default\">\n\t\t\t\t\t\t\t\t\t\t\t\t\t\t\t<img decoding=\"async\" width=\"1621\" height=\"746\" src=\"https:\/\/daab.es\/wp-content\/uploads\/2025\/12\/V3-1.jpg\" class=\"attachment-full size-full wp-image-1443\" alt=\"\" srcset=\"https:\/\/daab.es\/wp-content\/uploads\/2025\/12\/V3-1.jpg 1621w, https:\/\/daab.es\/wp-content\/uploads\/2025\/12\/V3-1-300x138.jpg 300w, https:\/\/daab.es\/wp-content\/uploads\/2025\/12\/V3-1-1024x471.jpg 1024w, https:\/\/daab.es\/wp-content\/uploads\/2025\/12\/V3-1-768x353.jpg 768w, https:\/\/daab.es\/wp-content\/uploads\/2025\/12\/V3-1-1536x707.jpg 1536w, https:\/\/daab.es\/wp-content\/uploads\/2025\/12\/V3-1-18x8.jpg 18w\" sizes=\"(max-width: 1621px) 100vw, 1621px\" \/>\t\t\t\t\t\t\t\t\t\t\t\t\t\t\t<\/div>\n\t\t\t\t<div class=\"elementor-element elementor-element-581d5d9 elementor-widget elementor-widget-image\" data-id=\"581d5d9\" data-element_type=\"widget\" data-e-type=\"widget\" data-widget_type=\"image.default\">\n\t\t\t\t\t\t\t\t\t\t\t\t\t\t\t<img decoding=\"async\" width=\"1213\" height=\"757\" src=\"https:\/\/daab.es\/wp-content\/uploads\/2025\/12\/V2-1.jpg\" class=\"attachment-full size-full wp-image-1442\" alt=\"\" srcset=\"https:\/\/daab.es\/wp-content\/uploads\/2025\/12\/V2-1.jpg 1213w, https:\/\/daab.es\/wp-content\/uploads\/2025\/12\/V2-1-300x187.jpg 300w, https:\/\/daab.es\/wp-content\/uploads\/2025\/12\/V2-1-1024x639.jpg 1024w, https:\/\/daab.es\/wp-content\/uploads\/2025\/12\/V2-1-768x479.jpg 768w, https:\/\/daab.es\/wp-content\/uploads\/2025\/12\/V2-1-18x12.jpg 18w\" sizes=\"(max-width: 1213px) 100vw, 1213px\" \/>\t\t\t\t\t\t\t\t\t\t\t\t\t\t\t<\/div>\n\t\t\t\t<div class=\"elementor-element elementor-element-d9a66c9 elementor-widget elementor-widget-image\" data-id=\"d9a66c9\" data-element_type=\"widget\" data-e-type=\"widget\" data-widget_type=\"image.default\">\n\t\t\t\t\t\t\t\t\t\t\t\t\t\t\t<img loading=\"lazy\" decoding=\"async\" width=\"2560\" height=\"910\" src=\"https:\/\/daab.es\/wp-content\/uploads\/2025\/12\/ESQ2-scaled-e1766130423883.jpg\" class=\"attachment-full size-full wp-image-1444\" alt=\"\" srcset=\"https:\/\/daab.es\/wp-content\/uploads\/2025\/12\/ESQ2-scaled-e1766130423883.jpg 2560w, https:\/\/daab.es\/wp-content\/uploads\/2025\/12\/ESQ2-scaled-e1766130423883-300x107.jpg 300w, https:\/\/daab.es\/wp-content\/uploads\/2025\/12\/ESQ2-scaled-e1766130423883-1024x364.jpg 1024w, https:\/\/daab.es\/wp-content\/uploads\/2025\/12\/ESQ2-scaled-e1766130423883-768x273.jpg 768w, https:\/\/daab.es\/wp-content\/uploads\/2025\/12\/ESQ2-scaled-e1766130423883-1536x546.jpg 1536w, https:\/\/daab.es\/wp-content\/uploads\/2025\/12\/ESQ2-scaled-e1766130423883-2048x728.jpg 2048w, https:\/\/daab.es\/wp-content\/uploads\/2025\/12\/ESQ2-scaled-e1766130423883-18x6.jpg 18w\" sizes=\"(max-width: 2560px) 100vw, 2560px\" \/>\t\t\t\t\t\t\t\t\t\t\t\t\t\t\t<\/div>\n\t\t\t\t<div class=\"elementor-element elementor-element-b3748ae elementor-widget elementor-widget-image\" data-id=\"b3748ae\" data-element_type=\"widget\" data-e-type=\"widget\" data-widget_type=\"image.default\">\n\t\t\t\t\t\t\t\t\t\t\t\t\t\t\t<img loading=\"lazy\" decoding=\"async\" width=\"2560\" height=\"840\" src=\"https:\/\/daab.es\/wp-content\/uploads\/2025\/12\/ESQ3-scaled-e1766130406773.jpg\" class=\"attachment-full size-full wp-image-1445\" alt=\"\" srcset=\"https:\/\/daab.es\/wp-content\/uploads\/2025\/12\/ESQ3-scaled-e1766130406773.jpg 2560w, https:\/\/daab.es\/wp-content\/uploads\/2025\/12\/ESQ3-scaled-e1766130406773-300x98.jpg 300w, https:\/\/daab.es\/wp-content\/uploads\/2025\/12\/ESQ3-scaled-e1766130406773-1024x336.jpg 1024w, https:\/\/daab.es\/wp-content\/uploads\/2025\/12\/ESQ3-scaled-e1766130406773-768x252.jpg 768w, https:\/\/daab.es\/wp-content\/uploads\/2025\/12\/ESQ3-scaled-e1766130406773-1536x504.jpg 1536w, https:\/\/daab.es\/wp-content\/uploads\/2025\/12\/ESQ3-scaled-e1766130406773-2048x672.jpg 2048w, https:\/\/daab.es\/wp-content\/uploads\/2025\/12\/ESQ3-scaled-e1766130406773-18x6.jpg 18w\" sizes=\"(max-width: 2560px) 100vw, 2560px\" \/>\t\t\t\t\t\t\t\t\t\t\t\t\t\t\t<\/div>\n\t\t\t\t<div class=\"elementor-element elementor-element-b78606d elementor-widget elementor-widget-image\" data-id=\"b78606d\" data-element_type=\"widget\" data-e-type=\"widget\" data-widget_type=\"image.default\">\n\t\t\t\t\t\t\t\t\t\t\t\t\t\t\t<img loading=\"lazy\" decoding=\"async\" width=\"2560\" height=\"1810\" src=\"https:\/\/daab.es\/wp-content\/uploads\/2025\/12\/PL0-9-scaled.jpg\" class=\"attachment-full size-full wp-image-1446\" alt=\"\" srcset=\"https:\/\/daab.es\/wp-content\/uploads\/2025\/12\/PL0-9-scaled.jpg 2560w, https:\/\/daab.es\/wp-content\/uploads\/2025\/12\/PL0-9-300x212.jpg 300w, https:\/\/daab.es\/wp-content\/uploads\/2025\/12\/PL0-9-1024x724.jpg 1024w, https:\/\/daab.es\/wp-content\/uploads\/2025\/12\/PL0-9-768x543.jpg 768w, https:\/\/daab.es\/wp-content\/uploads\/2025\/12\/PL0-9-1536x1086.jpg 1536w, https:\/\/daab.es\/wp-content\/uploads\/2025\/12\/PL0-9-2048x1448.jpg 2048w, https:\/\/daab.es\/wp-content\/uploads\/2025\/12\/PL0-9-18x12.jpg 18w\" sizes=\"(max-width: 2560px) 100vw, 2560px\" \/>\t\t\t\t\t\t\t\t\t\t\t\t\t\t\t<\/div>\n\t\t\t\t<div class=\"elementor-element elementor-element-2c7df46 elementor-widget elementor-widget-image\" data-id=\"2c7df46\" data-element_type=\"widget\" data-e-type=\"widget\" data-widget_type=\"image.default\">\n\t\t\t\t\t\t\t\t\t\t\t\t\t\t\t<img loading=\"lazy\" decoding=\"async\" width=\"2560\" height=\"1080\" src=\"https:\/\/daab.es\/wp-content\/uploads\/2025\/12\/SC-4-scaled-e1766130439723.jpg\" class=\"attachment-full size-full wp-image-1447\" alt=\"\" srcset=\"https:\/\/daab.es\/wp-content\/uploads\/2025\/12\/SC-4-scaled-e1766130439723.jpg 2560w, https:\/\/daab.es\/wp-content\/uploads\/2025\/12\/SC-4-scaled-e1766130439723-300x127.jpg 300w, https:\/\/daab.es\/wp-content\/uploads\/2025\/12\/SC-4-scaled-e1766130439723-1024x432.jpg 1024w, https:\/\/daab.es\/wp-content\/uploads\/2025\/12\/SC-4-scaled-e1766130439723-768x324.jpg 768w, https:\/\/daab.es\/wp-content\/uploads\/2025\/12\/SC-4-scaled-e1766130439723-1536x648.jpg 1536w, https:\/\/daab.es\/wp-content\/uploads\/2025\/12\/SC-4-scaled-e1766130439723-2048x864.jpg 2048w, https:\/\/daab.es\/wp-content\/uploads\/2025\/12\/SC-4-scaled-e1766130439723-18x8.jpg 18w\" sizes=\"(max-width: 2560px) 100vw, 2560px\" \/>\t\t\t\t\t\t\t\t\t\t\t\t\t\t\t<\/div>\n\t\t\t\t<\/div>\n\t\t<div class=\"elementor-element elementor-element-69c23c02 e-con-full e-flex e-con e-child\" data-id=\"69c23c02\" data-element_type=\"container\" data-e-type=\"container\" data-settings=\"{&quot;sticky&quot;:&quot;top&quot;,&quot;sticky_on&quot;:[&quot;desktop&quot;],&quot;sticky_offset&quot;:75,&quot;sticky_parent&quot;:&quot;yes&quot;,&quot;sticky_effects_offset&quot;:0,&quot;sticky_anchor_link_offset&quot;:0}\">\n\t\t\t\t<div class=\"elementor-element elementor-element-741b2771 elementor-widget elementor-widget-heading\" data-id=\"741b2771\" data-element_type=\"widget\" data-e-type=\"widget\" data-widget_type=\"heading.default\">\n\t\t\t\t\t<h2 class=\"elementor-heading-title elementor-size-default\">Centre C\u00edvic Bar\u00f3 del Viver<\/h2>\t\t\t\t<\/div>\n\t\t\t\t<div class=\"elementor-element elementor-element-42d300b1 elementor-icon-list--layout-traditional elementor-list-item-link-full_width elementor-widget elementor-widget-icon-list\" data-id=\"42d300b1\" data-element_type=\"widget\" data-e-type=\"widget\" data-widget_type=\"icon-list.default\">\n\t\t\t\t\t\t\t<ul class=\"elementor-icon-list-items\">\n\t\t\t\t\t\t\t<li class=\"elementor-icon-list-item\">\n\t\t\t\t\t\t\t\t\t\t<span class=\"elementor-icon-list-text\">Josep Vila, Elisabet Ferrer, Esteban Canosa<\/span>\n\t\t\t\t\t\t\t\t\t<\/li>\n\t\t\t\t\t\t\t\t<li class=\"elementor-icon-list-item\">\n\t\t\t\t\t\t\t\t\t\t<span class=\"elementor-icon-list-text\">Sant Andreu, Barcelona<\/span>\n\t\t\t\t\t\t\t\t\t<\/li>\n\t\t\t\t\t\t\t\t<li class=\"elementor-icon-list-item\">\n\t\t\t\t\t\t\t\t\t\t<span class=\"elementor-icon-list-text\">BIMSA<\/span>\n\t\t\t\t\t\t\t\t\t<\/li>\n\t\t\t\t\t\t\t\t<li class=\"elementor-icon-list-item\">\n\t\t\t\t\t\t\t\t\t\t<span class=\"elementor-icon-list-text\">Concurs obert<\/span>\n\t\t\t\t\t\t\t\t\t<\/li>\n\t\t\t\t\t\t<\/ul>\n\t\t\t\t\t\t<\/div>\n\t\t\t\t<\/div>\n\t\t\t\t<\/div>\n\t\t\t\t<\/div>","protected":false},"excerpt":{"rendered":"<p>Centre C\u00edvic Bar\u00f3 del Viver Josep Vila, Elisabet Ferrer, Esteban Canosa Sant Andreu, Barcelona BIMSA Concurs obert<\/p>","protected":false},"author":3,"featured_media":0,"parent":0,"menu_order":0,"comment_status":"closed","ping_status":"closed","template":"","meta":{"footnotes":""},"class_list":["post-2609","page","type-page","status-publish","hentry"],"yoast_head":"<!-- This site is optimized with the Yoast SEO plugin v27.4 - https:\/\/yoast.com\/product\/yoast-seo-wordpress\/ -->\n<title>Centre C\u00edvic. Bar\u00f3 del Viver - Daab<\/title>\n<meta name=\"robots\" content=\"index, follow, max-snippet:-1, max-image-preview:large, max-video-preview:-1\" \/>\n<link rel=\"canonical\" href=\"https:\/\/daab.es\/ca\/centre-civic-baro-del-viver\/\" \/>\n<meta property=\"og:locale\" content=\"ca_ES\" \/>\n<meta property=\"og:type\" content=\"article\" \/>\n<meta property=\"og:title\" content=\"Centre C\u00edvic. Bar\u00f3 del Viver - Daab\" \/>\n<meta property=\"og:description\" content=\"Centre C\u00edvic Bar\u00f3 del Viver Josep Vila, Elisabet Ferrer, Esteban Canosa Sant Andreu, Barcelona BIMSA Concurs obert\" \/>\n<meta property=\"og:url\" content=\"https:\/\/daab.es\/ca\/centre-civic-baro-del-viver\/\" \/>\n<meta property=\"og:site_name\" content=\"Daab\" \/>\n<meta property=\"article:modified_time\" content=\"2026-01-30T22:46:14+00:00\" \/>\n<meta property=\"og:image\" content=\"https:\/\/daab.es\/wp-content\/uploads\/2025\/12\/V1-1.jpg\" \/>\n\t<meta property=\"og:image:width\" content=\"1623\" \/>\n\t<meta property=\"og:image:height\" content=\"754\" \/>\n\t<meta property=\"og:image:type\" content=\"image\/jpeg\" \/>\n<meta name=\"twitter:card\" content=\"summary_large_image\" \/>\n<meta name=\"twitter:label1\" content=\"Temps estimat de lectura\" \/>\n\t<meta name=\"twitter:data1\" content=\"1 minut\" \/>\n<script type=\"application\/ld+json\" class=\"yoast-schema-graph\">{\"@context\":\"https:\\\/\\\/schema.org\",\"@graph\":[{\"@type\":\"WebPage\",\"@id\":\"https:\\\/\\\/daab.es\\\/centre-civic-baro-del-viver\\\/\",\"url\":\"https:\\\/\\\/daab.es\\\/centre-civic-baro-del-viver\\\/\",\"name\":\"Centre C\u00edvic. Bar\u00f3 del Viver - Daab\",\"isPartOf\":{\"@id\":\"https:\\\/\\\/daab.es\\\/#website\"},\"primaryImageOfPage\":{\"@id\":\"https:\\\/\\\/daab.es\\\/centre-civic-baro-del-viver\\\/#primaryimage\"},\"image\":{\"@id\":\"https:\\\/\\\/daab.es\\\/centre-civic-baro-del-viver\\\/#primaryimage\"},\"thumbnailUrl\":\"https:\\\/\\\/daab.es\\\/wp-content\\\/uploads\\\/2025\\\/12\\\/V1-1.jpg\",\"datePublished\":\"2026-01-26T19:13:40+00:00\",\"dateModified\":\"2026-01-30T22:46:14+00:00\",\"breadcrumb\":{\"@id\":\"https:\\\/\\\/daab.es\\\/centre-civic-baro-del-viver\\\/#breadcrumb\"},\"inLanguage\":\"ca\",\"potentialAction\":[{\"@type\":\"ReadAction\",\"target\":[\"https:\\\/\\\/daab.es\\\/centre-civic-baro-del-viver\\\/\"]}]},{\"@type\":\"ImageObject\",\"inLanguage\":\"ca\",\"@id\":\"https:\\\/\\\/daab.es\\\/centre-civic-baro-del-viver\\\/#primaryimage\",\"url\":\"https:\\\/\\\/daab.es\\\/wp-content\\\/uploads\\\/2025\\\/12\\\/V1-1.jpg\",\"contentUrl\":\"https:\\\/\\\/daab.es\\\/wp-content\\\/uploads\\\/2025\\\/12\\\/V1-1.jpg\"},{\"@type\":\"BreadcrumbList\",\"@id\":\"https:\\\/\\\/daab.es\\\/centre-civic-baro-del-viver\\\/#breadcrumb\",\"itemListElement\":[{\"@type\":\"ListItem\",\"position\":1,\"name\":\"Home\",\"item\":\"https:\\\/\\\/daab.es\\\/\"},{\"@type\":\"ListItem\",\"position\":2,\"name\":\"Centre C\u00edvic. Bar\u00f3 del Viver\"}]},{\"@type\":\"WebSite\",\"@id\":\"https:\\\/\\\/daab.es\\\/#website\",\"url\":\"https:\\\/\\\/daab.es\\\/\",\"name\":\"Daab\",\"description\":\"\",\"publisher\":{\"@id\":\"https:\\\/\\\/daab.es\\\/#organization\"},\"potentialAction\":[{\"@type\":\"SearchAction\",\"target\":{\"@type\":\"EntryPoint\",\"urlTemplate\":\"https:\\\/\\\/daab.es\\\/?s={search_term_string}\"},\"query-input\":{\"@type\":\"PropertyValueSpecification\",\"valueRequired\":true,\"valueName\":\"search_term_string\"}}],\"inLanguage\":\"ca\"},{\"@type\":\"Organization\",\"@id\":\"https:\\\/\\\/daab.es\\\/#organization\",\"name\":\"Daab\",\"url\":\"https:\\\/\\\/daab.es\\\/\",\"logo\":{\"@type\":\"ImageObject\",\"inLanguage\":\"ca\",\"@id\":\"https:\\\/\\\/daab.es\\\/#\\\/schema\\\/logo\\\/image\\\/\",\"url\":\"https:\\\/\\\/daab.es\\\/wp-content\\\/uploads\\\/2025\\\/10\\\/Captura-de-pantalla-2025-10-13-110930-e1761412934100.png\",\"contentUrl\":\"https:\\\/\\\/daab.es\\\/wp-content\\\/uploads\\\/2025\\\/10\\\/Captura-de-pantalla-2025-10-13-110930-e1761412934100.png\",\"width\":232,\"height\":47,\"caption\":\"Daab\"},\"image\":{\"@id\":\"https:\\\/\\\/daab.es\\\/#\\\/schema\\\/logo\\\/image\\\/\"}}]}<\/script>\n<!-- \/ Yoast SEO plugin. -->","yoast_head_json":{"title":"Centre C\u00edvic. Bar\u00f3 del Viver - Daab","robots":{"index":"index","follow":"follow","max-snippet":"max-snippet:-1","max-image-preview":"max-image-preview:large","max-video-preview":"max-video-preview:-1"},"canonical":"https:\/\/daab.es\/ca\/centre-civic-baro-del-viver\/","og_locale":"ca_ES","og_type":"article","og_title":"Centre C\u00edvic. Bar\u00f3 del Viver - Daab","og_description":"Centre C\u00edvic Bar\u00f3 del Viver Josep Vila, Elisabet Ferrer, Esteban Canosa Sant Andreu, Barcelona BIMSA Concurs obert","og_url":"https:\/\/daab.es\/ca\/centre-civic-baro-del-viver\/","og_site_name":"Daab","article_modified_time":"2026-01-30T22:46:14+00:00","og_image":[{"width":1623,"height":754,"url":"https:\/\/daab.es\/wp-content\/uploads\/2025\/12\/V1-1.jpg","type":"image\/jpeg"}],"twitter_card":"summary_large_image","twitter_misc":{"Temps estimat de lectura":"1 minut"},"schema":{"@context":"https:\/\/schema.org","@graph":[{"@type":"WebPage","@id":"https:\/\/daab.es\/centre-civic-baro-del-viver\/","url":"https:\/\/daab.es\/centre-civic-baro-del-viver\/","name":"Centre C\u00edvic. Bar\u00f3 del Viver - Daab","isPartOf":{"@id":"https:\/\/daab.es\/#website"},"primaryImageOfPage":{"@id":"https:\/\/daab.es\/centre-civic-baro-del-viver\/#primaryimage"},"image":{"@id":"https:\/\/daab.es\/centre-civic-baro-del-viver\/#primaryimage"},"thumbnailUrl":"https:\/\/daab.es\/wp-content\/uploads\/2025\/12\/V1-1.jpg","datePublished":"2026-01-26T19:13:40+00:00","dateModified":"2026-01-30T22:46:14+00:00","breadcrumb":{"@id":"https:\/\/daab.es\/centre-civic-baro-del-viver\/#breadcrumb"},"inLanguage":"ca","potentialAction":[{"@type":"ReadAction","target":["https:\/\/daab.es\/centre-civic-baro-del-viver\/"]}]},{"@type":"ImageObject","inLanguage":"ca","@id":"https:\/\/daab.es\/centre-civic-baro-del-viver\/#primaryimage","url":"https:\/\/daab.es\/wp-content\/uploads\/2025\/12\/V1-1.jpg","contentUrl":"https:\/\/daab.es\/wp-content\/uploads\/2025\/12\/V1-1.jpg"},{"@type":"BreadcrumbList","@id":"https:\/\/daab.es\/centre-civic-baro-del-viver\/#breadcrumb","itemListElement":[{"@type":"ListItem","position":1,"name":"Home","item":"https:\/\/daab.es\/"},{"@type":"ListItem","position":2,"name":"Centre C\u00edvic. Bar\u00f3 del Viver"}]},{"@type":"WebSite","@id":"https:\/\/daab.es\/#website","url":"https:\/\/daab.es\/","name":"Daab","description":"","publisher":{"@id":"https:\/\/daab.es\/#organization"},"potentialAction":[{"@type":"SearchAction","target":{"@type":"EntryPoint","urlTemplate":"https:\/\/daab.es\/?s={search_term_string}"},"query-input":{"@type":"PropertyValueSpecification","valueRequired":true,"valueName":"search_term_string"}}],"inLanguage":"ca"},{"@type":"Organization","@id":"https:\/\/daab.es\/#organization","name":"Daab","url":"https:\/\/daab.es\/","logo":{"@type":"ImageObject","inLanguage":"ca","@id":"https:\/\/daab.es\/#\/schema\/logo\/image\/","url":"https:\/\/daab.es\/wp-content\/uploads\/2025\/10\/Captura-de-pantalla-2025-10-13-110930-e1761412934100.png","contentUrl":"https:\/\/daab.es\/wp-content\/uploads\/2025\/10\/Captura-de-pantalla-2025-10-13-110930-e1761412934100.png","width":232,"height":47,"caption":"Daab"},"image":{"@id":"https:\/\/daab.es\/#\/schema\/logo\/image\/"}}]}},"_links":{"self":[{"href":"https:\/\/daab.es\/ca\/wp-json\/wp\/v2\/pages\/2609","targetHints":{"allow":["GET"]}}],"collection":[{"href":"https:\/\/daab.es\/ca\/wp-json\/wp\/v2\/pages"}],"about":[{"href":"https:\/\/daab.es\/ca\/wp-json\/wp\/v2\/types\/page"}],"author":[{"embeddable":true,"href":"https:\/\/daab.es\/ca\/wp-json\/wp\/v2\/users\/3"}],"replies":[{"embeddable":true,"href":"https:\/\/daab.es\/ca\/wp-json\/wp\/v2\/comments?post=2609"}],"version-history":[{"count":14,"href":"https:\/\/daab.es\/ca\/wp-json\/wp\/v2\/pages\/2609\/revisions"}],"predecessor-version":[{"id":3426,"href":"https:\/\/daab.es\/ca\/wp-json\/wp\/v2\/pages\/2609\/revisions\/3426"}],"wp:attachment":[{"href":"https:\/\/daab.es\/ca\/wp-json\/wp\/v2\/media?parent=2609"}],"curies":[{"name":"wp","href":"https:\/\/api.w.org\/{rel}","templated":true}]}}