{"id":2466,"date":"2026-01-21T16:41:15","date_gmt":"2026-01-21T16:41:15","guid":{"rendered":"https:\/\/daab.es\/?page_id=2466"},"modified":"2026-01-30T22:21:28","modified_gmt":"2026-01-30T22:21:28","slug":"portal-de-langel","status":"publish","type":"page","link":"https:\/\/daab.es\/ca\/portal-de-langel\/","title":{"rendered":"Portal de l&#8217;Angel"},"content":{"rendered":"<div data-elementor-type=\"wp-page\" data-elementor-id=\"2466\" class=\"elementor elementor-2466\" data-elementor-post-type=\"page\">\n\t\t\t\t<div class=\"elementor-element elementor-element-14fd50bc e-con-full e-flex e-con e-parent\" data-id=\"14fd50bc\" data-element_type=\"container\" data-e-type=\"container\">\n\t\t<div class=\"elementor-element elementor-element-6712dabd e-con-full e-flex e-con e-child\" data-id=\"6712dabd\" data-element_type=\"container\" data-e-type=\"container\" data-settings=\"{&quot;sticky&quot;:&quot;top&quot;,&quot;sticky_on&quot;:[&quot;desktop&quot;],&quot;sticky_offset&quot;:75,&quot;sticky_parent&quot;:&quot;yes&quot;,&quot;sticky_effects_offset&quot;:0,&quot;sticky_anchor_link_offset&quot;:0}\">\n\t\t\t\t<div class=\"elementor-element elementor-element-187bad80 elementor-icon-list--layout-traditional elementor-list-item-link-full_width elementor-widget elementor-widget-icon-list\" data-id=\"187bad80\" data-element_type=\"widget\" data-e-type=\"widget\" data-widget_type=\"icon-list.default\">\n\t\t\t\t\t\t\t<ul class=\"elementor-icon-list-items\">\n\t\t\t\t\t\t\t<li class=\"elementor-icon-list-item\">\n\t\t\t\t\t\t\t\t\t\t<span class=\"elementor-icon-list-text\">Arquitectes: Josep Vila, Elisabet Ferrer<\/span>\n\t\t\t\t\t\t\t\t\t<\/li>\n\t\t\t\t\t\t\t\t<li class=\"elementor-icon-list-item\">\n\t\t\t\t\t\t\t\t\t\t<span class=\"elementor-icon-list-text\">Portal de l'Angel, Barcelona, Barcelona<\/span>\n\t\t\t\t\t\t\t\t\t<\/li>\n\t\t\t\t\t\t\t\t<li class=\"elementor-icon-list-item\">\n\t\t\t\t\t\t\t\t\t\t<span class=\"elementor-icon-list-text\">165m2 \/ 153.200 \u20ac<\/span>\n\t\t\t\t\t\t\t\t\t<\/li>\n\t\t\t\t\t\t\t\t<li class=\"elementor-icon-list-item\">\n\t\t\t\t\t\t\t\t\t\t<span class=\"elementor-icon-list-text\">Constru\u00eft<\/span>\n\t\t\t\t\t\t\t\t\t<\/li>\n\t\t\t\t\t\t\t\t<li class=\"elementor-icon-list-item\">\n\t\t\t\t\t\t\t\t\t\t<span class=\"elementor-icon-list-text\">Habitatge, Reforma i Rehabilitaci\u00f3<\/span>\n\t\t\t\t\t\t\t\t\t<\/li>\n\t\t\t\t\t\t\t\t<li class=\"elementor-icon-list-item\">\n\t\t\t\t\t\t\t\t\t\t\t<a href=\"http:\/\/escola-bressol-sant-medir\">\n\n\t\t\t\t\t\t\t\t\t\t\t<span class=\"elementor-icon-list-text\">Fundaci\u00f3 Hospital de Sant Pau<\/span>\n\t\t\t\t\t\t\t\t\t\t\t<\/a>\n\t\t\t\t\t\t\t\t\t<\/li>\n\t\t\t\t\t\t<\/ul>\n\t\t\t\t\t\t<\/div>\n\t\t\t\t<\/div>\n\t\t<div class=\"elementor-element elementor-element-5cede08f e-con-full e-flex e-con e-child\" data-id=\"5cede08f\" data-element_type=\"container\" data-e-type=\"container\">\n\t\t\t\t<div class=\"elementor-element elementor-element-1674088 elementor-widget elementor-widget-image\" data-id=\"1674088\" data-element_type=\"widget\" data-e-type=\"widget\" data-widget_type=\"image.default\">\n\t\t\t\t\t\t\t\t\t\t\t\t\t\t\t<img fetchpriority=\"high\" decoding=\"async\" width=\"800\" height=\"516\" src=\"https:\/\/daab.es\/wp-content\/uploads\/2025\/12\/PH-8-R-1024x661.jpg\" class=\"attachment-large size-large wp-image-1465\" alt=\"\" srcset=\"https:\/\/daab.es\/wp-content\/uploads\/2025\/12\/PH-8-R-1024x661.jpg 1024w, https:\/\/daab.es\/wp-content\/uploads\/2025\/12\/PH-8-R-300x194.jpg 300w, https:\/\/daab.es\/wp-content\/uploads\/2025\/12\/PH-8-R-768x496.jpg 768w, https:\/\/daab.es\/wp-content\/uploads\/2025\/12\/PH-8-R-18x12.jpg 18w, https:\/\/daab.es\/wp-content\/uploads\/2025\/12\/PH-8-R.jpg 1417w\" sizes=\"(max-width: 800px) 100vw, 800px\" \/>\t\t\t\t\t\t\t\t\t\t\t\t\t\t\t<\/div>\n\t\t\t\t<div class=\"elementor-element elementor-element-3742dc75 elementor-widget elementor-widget-image\" data-id=\"3742dc75\" data-element_type=\"widget\" data-e-type=\"widget\" data-widget_type=\"image.default\">\n\t\t\t\t\t\t\t\t\t\t\t\t\t\t\t<img decoding=\"async\" width=\"1417\" height=\"889\" src=\"https:\/\/daab.es\/wp-content\/uploads\/2025\/12\/PH-16-R.jpg\" class=\"attachment-full size-full wp-image-1467\" alt=\"\" srcset=\"https:\/\/daab.es\/wp-content\/uploads\/2025\/12\/PH-16-R.jpg 1417w, https:\/\/daab.es\/wp-content\/uploads\/2025\/12\/PH-16-R-300x188.jpg 300w, https:\/\/daab.es\/wp-content\/uploads\/2025\/12\/PH-16-R-1024x642.jpg 1024w, https:\/\/daab.es\/wp-content\/uploads\/2025\/12\/PH-16-R-768x482.jpg 768w, https:\/\/daab.es\/wp-content\/uploads\/2025\/12\/PH-16-R-18x12.jpg 18w\" sizes=\"(max-width: 1417px) 100vw, 1417px\" \/>\t\t\t\t\t\t\t\t\t\t\t\t\t\t\t<\/div>\n\t\t\t\t<div class=\"elementor-element elementor-element-74aa60c8 elementor-widget elementor-widget-image\" data-id=\"74aa60c8\" data-element_type=\"widget\" data-e-type=\"widget\" data-widget_type=\"image.default\">\n\t\t\t\t\t\t\t\t\t\t\t\t\t\t\t<img decoding=\"async\" width=\"800\" height=\"533\" src=\"https:\/\/daab.es\/wp-content\/uploads\/2025\/12\/PH-2-R-1024x682.jpg\" class=\"attachment-large size-large wp-image-1464\" alt=\"\" srcset=\"https:\/\/daab.es\/wp-content\/uploads\/2025\/12\/PH-2-R-1024x682.jpg 1024w, https:\/\/daab.es\/wp-content\/uploads\/2025\/12\/PH-2-R-300x200.jpg 300w, https:\/\/daab.es\/wp-content\/uploads\/2025\/12\/PH-2-R-768x512.jpg 768w, https:\/\/daab.es\/wp-content\/uploads\/2025\/12\/PH-2-R-18x12.jpg 18w, https:\/\/daab.es\/wp-content\/uploads\/2025\/12\/PH-2-R.jpg 1417w\" sizes=\"(max-width: 800px) 100vw, 800px\" \/>\t\t\t\t\t\t\t\t\t\t\t\t\t\t\t<\/div>\n\t\t\t\t<div class=\"elementor-element elementor-element-a57658b elementor-widget elementor-widget-image\" data-id=\"a57658b\" data-element_type=\"widget\" data-e-type=\"widget\" data-widget_type=\"image.default\">\n\t\t\t\t\t\t\t\t\t\t\t\t\t\t\t<img loading=\"lazy\" decoding=\"async\" width=\"682\" height=\"1024\" src=\"https:\/\/daab.es\/wp-content\/uploads\/2025\/12\/PH-7-R-682x1024.jpg\" class=\"attachment-large size-large wp-image-1469\" alt=\"\" srcset=\"https:\/\/daab.es\/wp-content\/uploads\/2025\/12\/PH-7-R-682x1024.jpg 682w, https:\/\/daab.es\/wp-content\/uploads\/2025\/12\/PH-7-R-200x300.jpg 200w, https:\/\/daab.es\/wp-content\/uploads\/2025\/12\/PH-7-R-768x1153.jpg 768w, https:\/\/daab.es\/wp-content\/uploads\/2025\/12\/PH-7-R-8x12.jpg 8w, https:\/\/daab.es\/wp-content\/uploads\/2025\/12\/PH-7-R.jpg 944w\" sizes=\"(max-width: 682px) 100vw, 682px\" \/>\t\t\t\t\t\t\t\t\t\t\t\t\t\t\t<\/div>\n\t\t\t\t<div class=\"elementor-element elementor-element-77a98bf elementor-widget elementor-widget-image\" data-id=\"77a98bf\" data-element_type=\"widget\" data-e-type=\"widget\" data-widget_type=\"image.default\">\n\t\t\t\t\t\t\t\t\t\t\t\t\t\t\t<img loading=\"lazy\" decoding=\"async\" width=\"800\" height=\"566\" src=\"https:\/\/daab.es\/wp-content\/uploads\/2025\/12\/Planols-1-1024x724.jpg\" class=\"attachment-large size-large wp-image-1468\" alt=\"\" srcset=\"https:\/\/daab.es\/wp-content\/uploads\/2025\/12\/Planols-1-1024x724.jpg 1024w, https:\/\/daab.es\/wp-content\/uploads\/2025\/12\/Planols-1-300x212.jpg 300w, https:\/\/daab.es\/wp-content\/uploads\/2025\/12\/Planols-1-768x543.jpg 768w, https:\/\/daab.es\/wp-content\/uploads\/2025\/12\/Planols-1-1536x1086.jpg 1536w, https:\/\/daab.es\/wp-content\/uploads\/2025\/12\/Planols-1-2048x1448.jpg 2048w, https:\/\/daab.es\/wp-content\/uploads\/2025\/12\/Planols-1-18x12.jpg 18w\" sizes=\"(max-width: 800px) 100vw, 800px\" \/>\t\t\t\t\t\t\t\t\t\t\t\t\t\t\t<\/div>\n\t\t\t\t<div class=\"elementor-element elementor-element-3a495a1b elementor-widget elementor-widget-heading\" data-id=\"3a495a1b\" data-element_type=\"widget\" data-e-type=\"widget\" data-widget_type=\"heading.default\">\n\t\t\t\t\t<h2 class=\"elementor-heading-title elementor-size-default\">Descripci\u00f3<\/h2>\t\t\t\t<\/div>\n\t\t\t\t<div class=\"elementor-element elementor-element-169afb55 elementor-widget elementor-widget-text-editor\" data-id=\"169afb55\" data-element_type=\"widget\" data-e-type=\"widget\" data-widget_type=\"text-editor.default\">\n\t\t\t\t\t\t\t\t\t<p>La proposta&#8230;<\/p>\t\t\t\t\t\t\t\t<\/div>\n\t\t\t\t<\/div>\n\t\t\t\t<\/div>\n\t\t\t\t<\/div>","protected":false},"excerpt":{"rendered":"<p>Arquitectes: Josep Vila, Elisabet Ferrer Portal de l&#8217;Angel, Barcelona, Barcelona 165m2 \/ 153.200 \u20ac Constru\u00eft Habitatge, Reforma i Rehabilitaci\u00f3 Fundaci\u00f3 Hospital de Sant Pau Descripci\u00f3 La proposta&#8230;<\/p>","protected":false},"author":3,"featured_media":0,"parent":0,"menu_order":0,"comment_status":"closed","ping_status":"closed","template":"","meta":{"footnotes":""},"class_list":["post-2466","page","type-page","status-publish","hentry"],"yoast_head":"<!-- This site is optimized with the Yoast SEO plugin v27.4 - https:\/\/yoast.com\/product\/yoast-seo-wordpress\/ -->\n<title>Portal de l&#039;Angel - Daab<\/title>\n<meta name=\"robots\" content=\"index, follow, max-snippet:-1, max-image-preview:large, max-video-preview:-1\" \/>\n<link rel=\"canonical\" href=\"https:\/\/daab.es\/ca\/portal-de-langel\/\" \/>\n<meta property=\"og:locale\" content=\"ca_ES\" \/>\n<meta property=\"og:type\" content=\"article\" \/>\n<meta property=\"og:title\" content=\"Portal de l&#039;Angel - Daab\" \/>\n<meta property=\"og:description\" content=\"Arquitectes: Josep Vila, Elisabet Ferrer Portal de l&#8217;Angel, Barcelona, Barcelona 165m2 \/ 153.200 \u20ac Constru\u00eft Habitatge, Reforma i Rehabilitaci\u00f3 Fundaci\u00f3 Hospital de Sant Pau Descripci\u00f3 La proposta&#8230;\" \/>\n<meta property=\"og:url\" content=\"https:\/\/daab.es\/ca\/portal-de-langel\/\" \/>\n<meta property=\"og:site_name\" content=\"Daab\" \/>\n<meta property=\"article:modified_time\" content=\"2026-01-30T22:21:28+00:00\" \/>\n<meta property=\"og:image\" content=\"https:\/\/daab.es\/wp-content\/uploads\/2025\/12\/PH-8-R.jpg\" \/>\n\t<meta property=\"og:image:width\" content=\"1417\" \/>\n\t<meta property=\"og:image:height\" content=\"915\" \/>\n\t<meta property=\"og:image:type\" content=\"image\/jpeg\" \/>\n<meta name=\"twitter:card\" content=\"summary_large_image\" \/>\n<meta name=\"twitter:label1\" content=\"Temps estimat de lectura\" \/>\n\t<meta name=\"twitter:data1\" content=\"1 minut\" \/>\n<script type=\"application\/ld+json\" class=\"yoast-schema-graph\">{\"@context\":\"https:\\\/\\\/schema.org\",\"@graph\":[{\"@type\":\"WebPage\",\"@id\":\"https:\\\/\\\/daab.es\\\/portal-de-langel\\\/\",\"url\":\"https:\\\/\\\/daab.es\\\/portal-de-langel\\\/\",\"name\":\"Portal de l'Angel - Daab\",\"isPartOf\":{\"@id\":\"https:\\\/\\\/daab.es\\\/#website\"},\"primaryImageOfPage\":{\"@id\":\"https:\\\/\\\/daab.es\\\/portal-de-langel\\\/#primaryimage\"},\"image\":{\"@id\":\"https:\\\/\\\/daab.es\\\/portal-de-langel\\\/#primaryimage\"},\"thumbnailUrl\":\"https:\\\/\\\/daab.es\\\/wp-content\\\/uploads\\\/2025\\\/12\\\/PH-8-R-1024x661.jpg\",\"datePublished\":\"2026-01-21T16:41:15+00:00\",\"dateModified\":\"2026-01-30T22:21:28+00:00\",\"breadcrumb\":{\"@id\":\"https:\\\/\\\/daab.es\\\/portal-de-langel\\\/#breadcrumb\"},\"inLanguage\":\"ca\",\"potentialAction\":[{\"@type\":\"ReadAction\",\"target\":[\"https:\\\/\\\/daab.es\\\/portal-de-langel\\\/\"]}]},{\"@type\":\"ImageObject\",\"inLanguage\":\"ca\",\"@id\":\"https:\\\/\\\/daab.es\\\/portal-de-langel\\\/#primaryimage\",\"url\":\"https:\\\/\\\/daab.es\\\/wp-content\\\/uploads\\\/2025\\\/12\\\/PH-8-R-1024x661.jpg\",\"contentUrl\":\"https:\\\/\\\/daab.es\\\/wp-content\\\/uploads\\\/2025\\\/12\\\/PH-8-R-1024x661.jpg\"},{\"@type\":\"BreadcrumbList\",\"@id\":\"https:\\\/\\\/daab.es\\\/portal-de-langel\\\/#breadcrumb\",\"itemListElement\":[{\"@type\":\"ListItem\",\"position\":1,\"name\":\"Home\",\"item\":\"https:\\\/\\\/daab.es\\\/\"},{\"@type\":\"ListItem\",\"position\":2,\"name\":\"Portal de l&#8217;Angel\"}]},{\"@type\":\"WebSite\",\"@id\":\"https:\\\/\\\/daab.es\\\/#website\",\"url\":\"https:\\\/\\\/daab.es\\\/\",\"name\":\"Daab\",\"description\":\"\",\"publisher\":{\"@id\":\"https:\\\/\\\/daab.es\\\/#organization\"},\"potentialAction\":[{\"@type\":\"SearchAction\",\"target\":{\"@type\":\"EntryPoint\",\"urlTemplate\":\"https:\\\/\\\/daab.es\\\/?s={search_term_string}\"},\"query-input\":{\"@type\":\"PropertyValueSpecification\",\"valueRequired\":true,\"valueName\":\"search_term_string\"}}],\"inLanguage\":\"ca\"},{\"@type\":\"Organization\",\"@id\":\"https:\\\/\\\/daab.es\\\/#organization\",\"name\":\"Daab\",\"url\":\"https:\\\/\\\/daab.es\\\/\",\"logo\":{\"@type\":\"ImageObject\",\"inLanguage\":\"ca\",\"@id\":\"https:\\\/\\\/daab.es\\\/#\\\/schema\\\/logo\\\/image\\\/\",\"url\":\"https:\\\/\\\/daab.es\\\/wp-content\\\/uploads\\\/2025\\\/10\\\/Captura-de-pantalla-2025-10-13-110930-e1761412934100.png\",\"contentUrl\":\"https:\\\/\\\/daab.es\\\/wp-content\\\/uploads\\\/2025\\\/10\\\/Captura-de-pantalla-2025-10-13-110930-e1761412934100.png\",\"width\":232,\"height\":47,\"caption\":\"Daab\"},\"image\":{\"@id\":\"https:\\\/\\\/daab.es\\\/#\\\/schema\\\/logo\\\/image\\\/\"}}]}<\/script>\n<!-- \/ Yoast SEO plugin. -->","yoast_head_json":{"title":"Portal de l'Angel - Daab","robots":{"index":"index","follow":"follow","max-snippet":"max-snippet:-1","max-image-preview":"max-image-preview:large","max-video-preview":"max-video-preview:-1"},"canonical":"https:\/\/daab.es\/ca\/portal-de-langel\/","og_locale":"ca_ES","og_type":"article","og_title":"Portal de l'Angel - Daab","og_description":"Arquitectes: Josep Vila, Elisabet Ferrer Portal de l&#8217;Angel, Barcelona, Barcelona 165m2 \/ 153.200 \u20ac Constru\u00eft Habitatge, Reforma i Rehabilitaci\u00f3 Fundaci\u00f3 Hospital de Sant Pau Descripci\u00f3 La proposta&#8230;","og_url":"https:\/\/daab.es\/ca\/portal-de-langel\/","og_site_name":"Daab","article_modified_time":"2026-01-30T22:21:28+00:00","og_image":[{"width":1417,"height":915,"url":"https:\/\/daab.es\/wp-content\/uploads\/2025\/12\/PH-8-R.jpg","type":"image\/jpeg"}],"twitter_card":"summary_large_image","twitter_misc":{"Temps estimat de lectura":"1 minut"},"schema":{"@context":"https:\/\/schema.org","@graph":[{"@type":"WebPage","@id":"https:\/\/daab.es\/portal-de-langel\/","url":"https:\/\/daab.es\/portal-de-langel\/","name":"Portal de l'Angel - Daab","isPartOf":{"@id":"https:\/\/daab.es\/#website"},"primaryImageOfPage":{"@id":"https:\/\/daab.es\/portal-de-langel\/#primaryimage"},"image":{"@id":"https:\/\/daab.es\/portal-de-langel\/#primaryimage"},"thumbnailUrl":"https:\/\/daab.es\/wp-content\/uploads\/2025\/12\/PH-8-R-1024x661.jpg","datePublished":"2026-01-21T16:41:15+00:00","dateModified":"2026-01-30T22:21:28+00:00","breadcrumb":{"@id":"https:\/\/daab.es\/portal-de-langel\/#breadcrumb"},"inLanguage":"ca","potentialAction":[{"@type":"ReadAction","target":["https:\/\/daab.es\/portal-de-langel\/"]}]},{"@type":"ImageObject","inLanguage":"ca","@id":"https:\/\/daab.es\/portal-de-langel\/#primaryimage","url":"https:\/\/daab.es\/wp-content\/uploads\/2025\/12\/PH-8-R-1024x661.jpg","contentUrl":"https:\/\/daab.es\/wp-content\/uploads\/2025\/12\/PH-8-R-1024x661.jpg"},{"@type":"BreadcrumbList","@id":"https:\/\/daab.es\/portal-de-langel\/#breadcrumb","itemListElement":[{"@type":"ListItem","position":1,"name":"Home","item":"https:\/\/daab.es\/"},{"@type":"ListItem","position":2,"name":"Portal de l&#8217;Angel"}]},{"@type":"WebSite","@id":"https:\/\/daab.es\/#website","url":"https:\/\/daab.es\/","name":"Daab","description":"","publisher":{"@id":"https:\/\/daab.es\/#organization"},"potentialAction":[{"@type":"SearchAction","target":{"@type":"EntryPoint","urlTemplate":"https:\/\/daab.es\/?s={search_term_string}"},"query-input":{"@type":"PropertyValueSpecification","valueRequired":true,"valueName":"search_term_string"}}],"inLanguage":"ca"},{"@type":"Organization","@id":"https:\/\/daab.es\/#organization","name":"Daab","url":"https:\/\/daab.es\/","logo":{"@type":"ImageObject","inLanguage":"ca","@id":"https:\/\/daab.es\/#\/schema\/logo\/image\/","url":"https:\/\/daab.es\/wp-content\/uploads\/2025\/10\/Captura-de-pantalla-2025-10-13-110930-e1761412934100.png","contentUrl":"https:\/\/daab.es\/wp-content\/uploads\/2025\/10\/Captura-de-pantalla-2025-10-13-110930-e1761412934100.png","width":232,"height":47,"caption":"Daab"},"image":{"@id":"https:\/\/daab.es\/#\/schema\/logo\/image\/"}}]}},"_links":{"self":[{"href":"https:\/\/daab.es\/ca\/wp-json\/wp\/v2\/pages\/2466","targetHints":{"allow":["GET"]}}],"collection":[{"href":"https:\/\/daab.es\/ca\/wp-json\/wp\/v2\/pages"}],"about":[{"href":"https:\/\/daab.es\/ca\/wp-json\/wp\/v2\/types\/page"}],"author":[{"embeddable":true,"href":"https:\/\/daab.es\/ca\/wp-json\/wp\/v2\/users\/3"}],"replies":[{"embeddable":true,"href":"https:\/\/daab.es\/ca\/wp-json\/wp\/v2\/comments?post=2466"}],"version-history":[{"count":16,"href":"https:\/\/daab.es\/ca\/wp-json\/wp\/v2\/pages\/2466\/revisions"}],"predecessor-version":[{"id":3384,"href":"https:\/\/daab.es\/ca\/wp-json\/wp\/v2\/pages\/2466\/revisions\/3384"}],"wp:attachment":[{"href":"https:\/\/daab.es\/ca\/wp-json\/wp\/v2\/media?parent=2466"}],"curies":[{"name":"wp","href":"https:\/\/api.w.org\/{rel}","templated":true}]}}