{"id":2191,"date":"2026-01-14T16:47:56","date_gmt":"2026-01-14T16:47:56","guid":{"rendered":"https:\/\/daab.es\/?page_id=2191"},"modified":"2026-01-30T22:18:24","modified_gmt":"2026-01-30T22:18:24","slug":"poliesportiu-ies-montsia","status":"publish","type":"page","link":"https:\/\/daab.es\/ca\/poliesportiu-ies-montsia\/","title":{"rendered":"Poliesportiu IES Montsi\u00e0"},"content":{"rendered":"<div data-elementor-type=\"wp-page\" data-elementor-id=\"2191\" class=\"elementor elementor-2191\" data-elementor-post-type=\"page\">\n\t\t\t\t<div class=\"elementor-element elementor-element-14fd50bc e-con-full e-flex e-con e-parent\" data-id=\"14fd50bc\" data-element_type=\"container\" data-e-type=\"container\">\n\t\t<div class=\"elementor-element elementor-element-5cede08f e-con-full e-flex e-con e-child\" data-id=\"5cede08f\" data-element_type=\"container\" data-e-type=\"container\">\n\t\t\t\t<div class=\"elementor-element elementor-element-3742dc75 elementor-widget elementor-widget-image\" data-id=\"3742dc75\" data-element_type=\"widget\" data-e-type=\"widget\" data-widget_type=\"image.default\">\n\t\t\t\t\t\t\t\t\t\t\t\t\t\t\t<img fetchpriority=\"high\" decoding=\"async\" width=\"1024\" height=\"657\" src=\"https:\/\/daab.es\/wp-content\/uploads\/2026\/01\/Gem-1-1-e1768409247647.jpg\" class=\"attachment-full size-full wp-image-2203\" alt=\"\" srcset=\"https:\/\/daab.es\/wp-content\/uploads\/2026\/01\/Gem-1-1-e1768409247647.jpg 1024w, https:\/\/daab.es\/wp-content\/uploads\/2026\/01\/Gem-1-1-e1768409247647-300x192.jpg 300w, https:\/\/daab.es\/wp-content\/uploads\/2026\/01\/Gem-1-1-e1768409247647-768x493.jpg 768w, https:\/\/daab.es\/wp-content\/uploads\/2026\/01\/Gem-1-1-e1768409247647-18x12.jpg 18w\" sizes=\"(max-width: 1024px) 100vw, 1024px\" \/>\t\t\t\t\t\t\t\t\t\t\t\t\t\t\t<\/div>\n\t\t\t\t<div class=\"elementor-element elementor-element-1674088 elementor-widget elementor-widget-image\" data-id=\"1674088\" data-element_type=\"widget\" data-e-type=\"widget\" data-widget_type=\"image.default\">\n\t\t\t\t\t\t\t\t\t\t\t\t\t\t\t<img decoding=\"async\" width=\"800\" height=\"622\" src=\"https:\/\/daab.es\/wp-content\/uploads\/2026\/01\/Gem-2-2.jpg\" class=\"attachment-large size-large wp-image-2211\" alt=\"\" srcset=\"https:\/\/daab.es\/wp-content\/uploads\/2026\/01\/Gem-2-2.jpg 1024w, https:\/\/daab.es\/wp-content\/uploads\/2026\/01\/Gem-2-2-300x233.jpg 300w, https:\/\/daab.es\/wp-content\/uploads\/2026\/01\/Gem-2-2-768x597.jpg 768w, https:\/\/daab.es\/wp-content\/uploads\/2026\/01\/Gem-2-2-15x12.jpg 15w\" sizes=\"(max-width: 800px) 100vw, 800px\" \/>\t\t\t\t\t\t\t\t\t\t\t\t\t\t\t<\/div>\n\t\t<div class=\"elementor-element elementor-element-297c8e1 e-con-full e-flex e-con e-child\" data-id=\"297c8e1\" data-element_type=\"container\" data-e-type=\"container\">\n\t\t\t\t<div class=\"elementor-element elementor-element-69a5063 elementor-widget__width-initial elementor-widget elementor-widget-image\" data-id=\"69a5063\" data-element_type=\"widget\" data-e-type=\"widget\" data-widget_type=\"image.default\">\n\t\t\t\t\t\t\t\t\t\t\t\t\t\t\t<img decoding=\"async\" width=\"800\" height=\"659\" src=\"https:\/\/daab.es\/wp-content\/uploads\/2026\/01\/PL-1-1024x844.jpg\" class=\"attachment-large size-large wp-image-2201\" alt=\"\" srcset=\"https:\/\/daab.es\/wp-content\/uploads\/2026\/01\/PL-1-1024x844.jpg 1024w, https:\/\/daab.es\/wp-content\/uploads\/2026\/01\/PL-1-300x247.jpg 300w, https:\/\/daab.es\/wp-content\/uploads\/2026\/01\/PL-1-768x633.jpg 768w, https:\/\/daab.es\/wp-content\/uploads\/2026\/01\/PL-1-1536x1266.jpg 1536w, https:\/\/daab.es\/wp-content\/uploads\/2026\/01\/PL-1-15x12.jpg 15w, https:\/\/daab.es\/wp-content\/uploads\/2026\/01\/PL-1.jpg 1663w\" sizes=\"(max-width: 800px) 100vw, 800px\" \/>\t\t\t\t\t\t\t\t\t\t\t\t\t\t\t<\/div>\n\t\t\t\t<\/div>\n\t\t\t\t<div class=\"elementor-element elementor-element-3a495a1b elementor-widget elementor-widget-heading\" data-id=\"3a495a1b\" data-element_type=\"widget\" data-e-type=\"widget\" data-widget_type=\"heading.default\">\n\t\t\t\t\t<h2 class=\"elementor-heading-title elementor-size-default\">Descripci\u00f3<\/h2>\t\t\t\t<\/div>\n\t\t\t\t<div class=\"elementor-element elementor-element-169afb55 elementor-widget elementor-widget-text-editor\" data-id=\"169afb55\" data-element_type=\"widget\" data-e-type=\"widget\" data-widget_type=\"text-editor.default\">\n\t\t\t\t\t\t\t\t\t<p>L\u2019edifici es composa per un volum principal de formig\u00f3 vist unificador de tot el projecte del qual nom\u00e9s en destaquen la coberta i la fa\u00e7ana principal de color com a elements diferenciadors del conjunt.<br \/>La coberta sobresurt d\u2019aquest s\u00f2col de formig\u00f3 i s\u2019ent\u00e9n com un element lleuger i transparent. <br \/>La fa\u00e7ana principal apanellada dona el punt de color als patis com a contrapunt de la uniformitat general de materials del centre.<br \/>Criteris d\u2019Implantaci\u00f3:<br \/>Continuar el \u201ccarrer\u201d interior cobert que travessa tot el solar i serveix d\u2019eix comunicador de cada un dels edificis fins arribar al nou edifici que ser\u00e0 tamb\u00e9 creuat , de manera que aquest es la suma de dos cossos, un el gimn\u00e0s i l\u2019altre els vestidors.<br \/>Es crea aix\u00ed un acc\u00e9s al gimn\u00e0s i als vestidors cobert que permet alhora la fluidesa visual i f\u00edsica cap a la part posterior del solar.<\/p>\t\t\t\t\t\t\t\t<\/div>\n\t\t\t\t<\/div>\n\t\t<div class=\"elementor-element elementor-element-6712dabd e-con-full e-flex e-con e-child\" data-id=\"6712dabd\" data-element_type=\"container\" data-e-type=\"container\" data-settings=\"{&quot;sticky&quot;:&quot;top&quot;,&quot;sticky_on&quot;:[&quot;desktop&quot;],&quot;sticky_offset&quot;:75,&quot;sticky_parent&quot;:&quot;yes&quot;,&quot;sticky_effects_offset&quot;:0,&quot;sticky_anchor_link_offset&quot;:0}\">\n\t\t\t\t<div class=\"elementor-element elementor-element-187bad80 elementor-icon-list--layout-traditional elementor-list-item-link-full_width elementor-widget elementor-widget-icon-list\" data-id=\"187bad80\" data-element_type=\"widget\" data-e-type=\"widget\" data-widget_type=\"icon-list.default\">\n\t\t\t\t\t\t\t<ul class=\"elementor-icon-list-items\">\n\t\t\t\t\t\t\t<li class=\"elementor-icon-list-item\">\n\t\t\t\t\t\t\t\t\t\t<span class=\"elementor-icon-list-text\">Arquitectes: Josep Vila, Elisabet Ferrer<\/span>\n\t\t\t\t\t\t\t\t\t<\/li>\n\t\t\t\t\t\t\t\t<li class=\"elementor-icon-list-item\">\n\t\t\t\t\t\t\t\t\t\t<span class=\"elementor-icon-list-text\">Carrer del Canal S\/N, Amposta. Tarragona<\/span>\n\t\t\t\t\t\t\t\t\t<\/li>\n\t\t\t\t\t\t\t\t<li class=\"elementor-icon-list-item\">\n\t\t\t\t\t\t\t\t\t\t<span class=\"elementor-icon-list-text\">810 m2 \/855.320 \u20ac<\/span>\n\t\t\t\t\t\t\t\t\t<\/li>\n\t\t\t\t\t\t\t\t<li class=\"elementor-icon-list-item\">\n\t\t\t\t\t\t\t\t\t\t<span class=\"elementor-icon-list-text\">Projecte Executiu<\/span>\n\t\t\t\t\t\t\t\t\t<\/li>\n\t\t\t\t\t\t\t\t<li class=\"elementor-icon-list-item\">\n\t\t\t\t\t\t\t\t\t\t<span class=\"elementor-icon-list-text\">Docent, Obra nova<\/span>\n\t\t\t\t\t\t\t\t\t<\/li>\n\t\t\t\t\t\t\t\t<li class=\"elementor-icon-list-item\">\n\t\t\t\t\t\t\t\t\t\t\t<a href=\"http:\/\/escola-bressol-sant-medir\">\n\n\t\t\t\t\t\t\t\t\t\t\t<span class=\"elementor-icon-list-text\">Dep. Ensenyament. Generalitat de Catalunya<\/span>\n\t\t\t\t\t\t\t\t\t\t\t<\/a>\n\t\t\t\t\t\t\t\t\t<\/li>\n\t\t\t\t\t\t\t\t<li class=\"elementor-icon-list-item\">\n\t\t\t\t\t\t\t\t\t\t\t<a href=\"http:\/\/escola-bressol-sant-medir\">\n\n\t\t\t\t\t\t\t\t\t\t\t<span class=\"elementor-icon-list-text\"><b>Concurs obert: 1er premi<\/b><\/span>\n\t\t\t\t\t\t\t\t\t\t\t<\/a>\n\t\t\t\t\t\t\t\t\t<\/li>\n\t\t\t\t\t\t<\/ul>\n\t\t\t\t\t\t<\/div>\n\t\t\t\t<\/div>\n\t\t\t\t<\/div>\n\t\t\t\t<\/div>","protected":false},"excerpt":{"rendered":"<p>Descripci\u00f3n L\u2019edifici es composa per un volum principal de formig\u00f3 vist unificador de tot el projecte del qual nom\u00e9s en destaquen la coberta i la fa\u00e7ana principal de color com a elements diferenciadors del conjunt.La coberta sobresurt d\u2019aquest s\u00f2col de formig\u00f3 i s\u2019ent\u00e9n com un element lleuger i transparent. La fa\u00e7ana principal apanellada dona el [&hellip;]<\/p>","protected":false},"author":3,"featured_media":0,"parent":0,"menu_order":0,"comment_status":"closed","ping_status":"closed","template":"","meta":{"footnotes":""},"class_list":["post-2191","page","type-page","status-publish","hentry"],"yoast_head":"<!-- This site is optimized with the Yoast SEO plugin v27.4 - https:\/\/yoast.com\/product\/yoast-seo-wordpress\/ -->\n<title>Poliesportiu IES Montsi\u00e0 - Daab<\/title>\n<meta name=\"robots\" content=\"index, follow, max-snippet:-1, max-image-preview:large, max-video-preview:-1\" \/>\n<link rel=\"canonical\" href=\"https:\/\/daab.es\/ca\/poliesportiu-ies-montsia\/\" \/>\n<meta property=\"og:locale\" content=\"ca_ES\" \/>\n<meta property=\"og:type\" content=\"article\" \/>\n<meta property=\"og:title\" content=\"Poliesportiu IES Montsi\u00e0 - Daab\" \/>\n<meta property=\"og:description\" content=\"Descripci\u00f3n L\u2019edifici es composa per un volum principal de formig\u00f3 vist unificador de tot el projecte del qual nom\u00e9s en destaquen la coberta i la fa\u00e7ana principal de color com a elements diferenciadors del conjunt.La coberta sobresurt d\u2019aquest s\u00f2col de formig\u00f3 i s\u2019ent\u00e9n com un element lleuger i transparent. La fa\u00e7ana principal apanellada dona el [&hellip;]\" \/>\n<meta property=\"og:url\" content=\"https:\/\/daab.es\/ca\/poliesportiu-ies-montsia\/\" \/>\n<meta property=\"og:site_name\" content=\"Daab\" \/>\n<meta property=\"article:modified_time\" content=\"2026-01-30T22:18:24+00:00\" \/>\n<meta property=\"og:image\" content=\"https:\/\/daab.es\/wp-content\/uploads\/2026\/01\/Gem-1-1-e1768409247647.jpg\" \/>\n\t<meta property=\"og:image:width\" content=\"1024\" \/>\n\t<meta property=\"og:image:height\" content=\"657\" \/>\n\t<meta property=\"og:image:type\" content=\"image\/jpeg\" \/>\n<meta name=\"twitter:card\" content=\"summary_large_image\" \/>\n<meta name=\"twitter:label1\" content=\"Temps estimat de lectura\" \/>\n\t<meta name=\"twitter:data1\" content=\"1 minut\" \/>\n<script type=\"application\/ld+json\" class=\"yoast-schema-graph\">{\"@context\":\"https:\\\/\\\/schema.org\",\"@graph\":[{\"@type\":\"WebPage\",\"@id\":\"https:\\\/\\\/daab.es\\\/poliesportiu-ies-montsia\\\/\",\"url\":\"https:\\\/\\\/daab.es\\\/poliesportiu-ies-montsia\\\/\",\"name\":\"Poliesportiu IES Montsi\u00e0 - Daab\",\"isPartOf\":{\"@id\":\"https:\\\/\\\/daab.es\\\/#website\"},\"primaryImageOfPage\":{\"@id\":\"https:\\\/\\\/daab.es\\\/poliesportiu-ies-montsia\\\/#primaryimage\"},\"image\":{\"@id\":\"https:\\\/\\\/daab.es\\\/poliesportiu-ies-montsia\\\/#primaryimage\"},\"thumbnailUrl\":\"https:\\\/\\\/daab.es\\\/wp-content\\\/uploads\\\/2026\\\/01\\\/Gem-1-1-e1768409247647.jpg\",\"datePublished\":\"2026-01-14T16:47:56+00:00\",\"dateModified\":\"2026-01-30T22:18:24+00:00\",\"breadcrumb\":{\"@id\":\"https:\\\/\\\/daab.es\\\/poliesportiu-ies-montsia\\\/#breadcrumb\"},\"inLanguage\":\"ca\",\"potentialAction\":[{\"@type\":\"ReadAction\",\"target\":[\"https:\\\/\\\/daab.es\\\/poliesportiu-ies-montsia\\\/\"]}]},{\"@type\":\"ImageObject\",\"inLanguage\":\"ca\",\"@id\":\"https:\\\/\\\/daab.es\\\/poliesportiu-ies-montsia\\\/#primaryimage\",\"url\":\"https:\\\/\\\/daab.es\\\/wp-content\\\/uploads\\\/2026\\\/01\\\/Gem-1-1-e1768409247647.jpg\",\"contentUrl\":\"https:\\\/\\\/daab.es\\\/wp-content\\\/uploads\\\/2026\\\/01\\\/Gem-1-1-e1768409247647.jpg\"},{\"@type\":\"BreadcrumbList\",\"@id\":\"https:\\\/\\\/daab.es\\\/poliesportiu-ies-montsia\\\/#breadcrumb\",\"itemListElement\":[{\"@type\":\"ListItem\",\"position\":1,\"name\":\"Home\",\"item\":\"https:\\\/\\\/daab.es\\\/\"},{\"@type\":\"ListItem\",\"position\":2,\"name\":\"Poliesportiu IES Montsi\u00e0\"}]},{\"@type\":\"WebSite\",\"@id\":\"https:\\\/\\\/daab.es\\\/#website\",\"url\":\"https:\\\/\\\/daab.es\\\/\",\"name\":\"Daab\",\"description\":\"\",\"publisher\":{\"@id\":\"https:\\\/\\\/daab.es\\\/#organization\"},\"potentialAction\":[{\"@type\":\"SearchAction\",\"target\":{\"@type\":\"EntryPoint\",\"urlTemplate\":\"https:\\\/\\\/daab.es\\\/?s={search_term_string}\"},\"query-input\":{\"@type\":\"PropertyValueSpecification\",\"valueRequired\":true,\"valueName\":\"search_term_string\"}}],\"inLanguage\":\"ca\"},{\"@type\":\"Organization\",\"@id\":\"https:\\\/\\\/daab.es\\\/#organization\",\"name\":\"Daab\",\"url\":\"https:\\\/\\\/daab.es\\\/\",\"logo\":{\"@type\":\"ImageObject\",\"inLanguage\":\"ca\",\"@id\":\"https:\\\/\\\/daab.es\\\/#\\\/schema\\\/logo\\\/image\\\/\",\"url\":\"https:\\\/\\\/daab.es\\\/wp-content\\\/uploads\\\/2025\\\/10\\\/Captura-de-pantalla-2025-10-13-110930-e1761412934100.png\",\"contentUrl\":\"https:\\\/\\\/daab.es\\\/wp-content\\\/uploads\\\/2025\\\/10\\\/Captura-de-pantalla-2025-10-13-110930-e1761412934100.png\",\"width\":232,\"height\":47,\"caption\":\"Daab\"},\"image\":{\"@id\":\"https:\\\/\\\/daab.es\\\/#\\\/schema\\\/logo\\\/image\\\/\"}}]}<\/script>\n<!-- \/ Yoast SEO plugin. -->","yoast_head_json":{"title":"Poliesportiu IES Montsi\u00e0 - Daab","robots":{"index":"index","follow":"follow","max-snippet":"max-snippet:-1","max-image-preview":"max-image-preview:large","max-video-preview":"max-video-preview:-1"},"canonical":"https:\/\/daab.es\/ca\/poliesportiu-ies-montsia\/","og_locale":"ca_ES","og_type":"article","og_title":"Poliesportiu IES Montsi\u00e0 - Daab","og_description":"Descripci\u00f3n L\u2019edifici es composa per un volum principal de formig\u00f3 vist unificador de tot el projecte del qual nom\u00e9s en destaquen la coberta i la fa\u00e7ana principal de color com a elements diferenciadors del conjunt.La coberta sobresurt d\u2019aquest s\u00f2col de formig\u00f3 i s\u2019ent\u00e9n com un element lleuger i transparent. La fa\u00e7ana principal apanellada dona el [&hellip;]","og_url":"https:\/\/daab.es\/ca\/poliesportiu-ies-montsia\/","og_site_name":"Daab","article_modified_time":"2026-01-30T22:18:24+00:00","og_image":[{"width":1024,"height":657,"url":"https:\/\/daab.es\/wp-content\/uploads\/2026\/01\/Gem-1-1-e1768409247647.jpg","type":"image\/jpeg"}],"twitter_card":"summary_large_image","twitter_misc":{"Temps estimat de lectura":"1 minut"},"schema":{"@context":"https:\/\/schema.org","@graph":[{"@type":"WebPage","@id":"https:\/\/daab.es\/poliesportiu-ies-montsia\/","url":"https:\/\/daab.es\/poliesportiu-ies-montsia\/","name":"Poliesportiu IES Montsi\u00e0 - Daab","isPartOf":{"@id":"https:\/\/daab.es\/#website"},"primaryImageOfPage":{"@id":"https:\/\/daab.es\/poliesportiu-ies-montsia\/#primaryimage"},"image":{"@id":"https:\/\/daab.es\/poliesportiu-ies-montsia\/#primaryimage"},"thumbnailUrl":"https:\/\/daab.es\/wp-content\/uploads\/2026\/01\/Gem-1-1-e1768409247647.jpg","datePublished":"2026-01-14T16:47:56+00:00","dateModified":"2026-01-30T22:18:24+00:00","breadcrumb":{"@id":"https:\/\/daab.es\/poliesportiu-ies-montsia\/#breadcrumb"},"inLanguage":"ca","potentialAction":[{"@type":"ReadAction","target":["https:\/\/daab.es\/poliesportiu-ies-montsia\/"]}]},{"@type":"ImageObject","inLanguage":"ca","@id":"https:\/\/daab.es\/poliesportiu-ies-montsia\/#primaryimage","url":"https:\/\/daab.es\/wp-content\/uploads\/2026\/01\/Gem-1-1-e1768409247647.jpg","contentUrl":"https:\/\/daab.es\/wp-content\/uploads\/2026\/01\/Gem-1-1-e1768409247647.jpg"},{"@type":"BreadcrumbList","@id":"https:\/\/daab.es\/poliesportiu-ies-montsia\/#breadcrumb","itemListElement":[{"@type":"ListItem","position":1,"name":"Home","item":"https:\/\/daab.es\/"},{"@type":"ListItem","position":2,"name":"Poliesportiu IES Montsi\u00e0"}]},{"@type":"WebSite","@id":"https:\/\/daab.es\/#website","url":"https:\/\/daab.es\/","name":"Daab","description":"","publisher":{"@id":"https:\/\/daab.es\/#organization"},"potentialAction":[{"@type":"SearchAction","target":{"@type":"EntryPoint","urlTemplate":"https:\/\/daab.es\/?s={search_term_string}"},"query-input":{"@type":"PropertyValueSpecification","valueRequired":true,"valueName":"search_term_string"}}],"inLanguage":"ca"},{"@type":"Organization","@id":"https:\/\/daab.es\/#organization","name":"Daab","url":"https:\/\/daab.es\/","logo":{"@type":"ImageObject","inLanguage":"ca","@id":"https:\/\/daab.es\/#\/schema\/logo\/image\/","url":"https:\/\/daab.es\/wp-content\/uploads\/2025\/10\/Captura-de-pantalla-2025-10-13-110930-e1761412934100.png","contentUrl":"https:\/\/daab.es\/wp-content\/uploads\/2025\/10\/Captura-de-pantalla-2025-10-13-110930-e1761412934100.png","width":232,"height":47,"caption":"Daab"},"image":{"@id":"https:\/\/daab.es\/#\/schema\/logo\/image\/"}}]}},"_links":{"self":[{"href":"https:\/\/daab.es\/ca\/wp-json\/wp\/v2\/pages\/2191","targetHints":{"allow":["GET"]}}],"collection":[{"href":"https:\/\/daab.es\/ca\/wp-json\/wp\/v2\/pages"}],"about":[{"href":"https:\/\/daab.es\/ca\/wp-json\/wp\/v2\/types\/page"}],"author":[{"embeddable":true,"href":"https:\/\/daab.es\/ca\/wp-json\/wp\/v2\/users\/3"}],"replies":[{"embeddable":true,"href":"https:\/\/daab.es\/ca\/wp-json\/wp\/v2\/comments?post=2191"}],"version-history":[{"count":16,"href":"https:\/\/daab.es\/ca\/wp-json\/wp\/v2\/pages\/2191\/revisions"}],"predecessor-version":[{"id":3378,"href":"https:\/\/daab.es\/ca\/wp-json\/wp\/v2\/pages\/2191\/revisions\/3378"}],"wp:attachment":[{"href":"https:\/\/daab.es\/ca\/wp-json\/wp\/v2\/media?parent=2191"}],"curies":[{"name":"wp","href":"https:\/\/api.w.org\/{rel}","templated":true}]}}