{"id":2177,"date":"2026-01-03T19:13:01","date_gmt":"2026-01-03T19:13:01","guid":{"rendered":"https:\/\/daab.es\/?page_id=2177"},"modified":"2026-01-30T23:07:47","modified_gmt":"2026-01-30T23:07:47","slug":"aularis-p3-frederic-mistral","status":"publish","type":"page","link":"https:\/\/daab.es\/ca\/aularis-p3-frederic-mistral\/","title":{"rendered":"Aularis P3 Frederic Mistral"},"content":{"rendered":"<div data-elementor-type=\"wp-page\" data-elementor-id=\"2177\" class=\"elementor elementor-2177\" data-elementor-post-type=\"page\">\n\t\t\t\t<div class=\"elementor-element elementor-element-47c4baf9 e-con-full e-flex e-con e-parent\" data-id=\"47c4baf9\" data-element_type=\"container\" data-e-type=\"container\">\n\t\t<div class=\"elementor-element elementor-element-40e8742c e-con-full e-flex e-con e-child\" data-id=\"40e8742c\" data-element_type=\"container\" data-e-type=\"container\">\n\t\t\t\t<div class=\"elementor-element elementor-element-8eca1dc elementor-widget elementor-widget-image\" data-id=\"8eca1dc\" data-element_type=\"widget\" data-e-type=\"widget\" data-widget_type=\"image.default\">\n\t\t\t\t\t\t\t\t\t\t\t\t\t\t\t<img fetchpriority=\"high\" decoding=\"async\" width=\"1280\" height=\"732\" src=\"https:\/\/daab.es\/wp-content\/uploads\/2025\/12\/IMG_6568.jpg\" class=\"attachment-full size-full wp-image-1214\" alt=\"\" srcset=\"https:\/\/daab.es\/wp-content\/uploads\/2025\/12\/IMG_6568.jpg 1280w, https:\/\/daab.es\/wp-content\/uploads\/2025\/12\/IMG_6568-300x172.jpg 300w, https:\/\/daab.es\/wp-content\/uploads\/2025\/12\/IMG_6568-1024x586.jpg 1024w, https:\/\/daab.es\/wp-content\/uploads\/2025\/12\/IMG_6568-768x439.jpg 768w, https:\/\/daab.es\/wp-content\/uploads\/2025\/12\/IMG_6568-18x10.jpg 18w\" sizes=\"(max-width: 1280px) 100vw, 1280px\" \/>\t\t\t\t\t\t\t\t\t\t\t\t\t\t\t<\/div>\n\t\t\t\t<div class=\"elementor-element elementor-element-459e5a3 elementor-widget elementor-widget-image\" data-id=\"459e5a3\" data-element_type=\"widget\" data-e-type=\"widget\" data-widget_type=\"image.default\">\n\t\t\t\t\t\t\t\t\t\t\t\t\t\t\t<img decoding=\"async\" width=\"1280\" height=\"759\" src=\"https:\/\/daab.es\/wp-content\/uploads\/2025\/12\/IMG_6570.jpg\" class=\"attachment-full size-full wp-image-1215\" alt=\"\" srcset=\"https:\/\/daab.es\/wp-content\/uploads\/2025\/12\/IMG_6570.jpg 1280w, https:\/\/daab.es\/wp-content\/uploads\/2025\/12\/IMG_6570-300x178.jpg 300w, https:\/\/daab.es\/wp-content\/uploads\/2025\/12\/IMG_6570-1024x607.jpg 1024w, https:\/\/daab.es\/wp-content\/uploads\/2025\/12\/IMG_6570-768x455.jpg 768w, https:\/\/daab.es\/wp-content\/uploads\/2025\/12\/IMG_6570-18x12.jpg 18w\" sizes=\"(max-width: 1280px) 100vw, 1280px\" \/>\t\t\t\t\t\t\t\t\t\t\t\t\t\t\t<\/div>\n\t\t\t\t<div class=\"elementor-element elementor-element-35fa15f elementor-widget elementor-widget-image\" data-id=\"35fa15f\" data-element_type=\"widget\" data-e-type=\"widget\" data-widget_type=\"image.default\">\n\t\t\t\t\t\t\t\t\t\t\t\t\t\t\t<img decoding=\"async\" width=\"1544\" height=\"1028\" src=\"https:\/\/daab.es\/wp-content\/uploads\/2025\/12\/IMG_6567.jpg\" class=\"attachment-full size-full wp-image-1213\" alt=\"\" srcset=\"https:\/\/daab.es\/wp-content\/uploads\/2025\/12\/IMG_6567.jpg 1544w, https:\/\/daab.es\/wp-content\/uploads\/2025\/12\/IMG_6567-300x200.jpg 300w, https:\/\/daab.es\/wp-content\/uploads\/2025\/12\/IMG_6567-1024x682.jpg 1024w, https:\/\/daab.es\/wp-content\/uploads\/2025\/12\/IMG_6567-768x511.jpg 768w, https:\/\/daab.es\/wp-content\/uploads\/2025\/12\/IMG_6567-1536x1023.jpg 1536w, https:\/\/daab.es\/wp-content\/uploads\/2025\/12\/IMG_6567-18x12.jpg 18w\" sizes=\"(max-width: 1544px) 100vw, 1544px\" \/>\t\t\t\t\t\t\t\t\t\t\t\t\t\t\t<\/div>\n\t\t\t\t<div class=\"elementor-element elementor-element-655e11e elementor-widget elementor-widget-image\" data-id=\"655e11e\" data-element_type=\"widget\" data-e-type=\"widget\" data-widget_type=\"image.default\">\n\t\t\t\t\t\t\t\t\t\t\t\t\t\t\t<img loading=\"lazy\" decoding=\"async\" width=\"1280\" height=\"914\" src=\"https:\/\/daab.es\/wp-content\/uploads\/2025\/12\/IMG_6566.jpg\" class=\"attachment-full size-full wp-image-1212\" alt=\"\" srcset=\"https:\/\/daab.es\/wp-content\/uploads\/2025\/12\/IMG_6566.jpg 1280w, https:\/\/daab.es\/wp-content\/uploads\/2025\/12\/IMG_6566-300x214.jpg 300w, https:\/\/daab.es\/wp-content\/uploads\/2025\/12\/IMG_6566-1024x731.jpg 1024w, https:\/\/daab.es\/wp-content\/uploads\/2025\/12\/IMG_6566-768x548.jpg 768w, https:\/\/daab.es\/wp-content\/uploads\/2025\/12\/IMG_6566-18x12.jpg 18w\" sizes=\"(max-width: 1280px) 100vw, 1280px\" \/>\t\t\t\t\t\t\t\t\t\t\t\t\t\t\t<\/div>\n\t\t\t\t<div class=\"elementor-element elementor-element-e6c77aa elementor-widget elementor-widget-image\" data-id=\"e6c77aa\" data-element_type=\"widget\" data-e-type=\"widget\" data-widget_type=\"image.default\">\n\t\t\t\t\t\t\t\t\t\t\t\t\t\t\t<img loading=\"lazy\" decoding=\"async\" width=\"1280\" height=\"885\" src=\"https:\/\/daab.es\/wp-content\/uploads\/2025\/12\/IMG_6572.jpg\" class=\"attachment-full size-full wp-image-1216\" alt=\"\" srcset=\"https:\/\/daab.es\/wp-content\/uploads\/2025\/12\/IMG_6572.jpg 1280w, https:\/\/daab.es\/wp-content\/uploads\/2025\/12\/IMG_6572-300x207.jpg 300w, https:\/\/daab.es\/wp-content\/uploads\/2025\/12\/IMG_6572-1024x708.jpg 1024w, https:\/\/daab.es\/wp-content\/uploads\/2025\/12\/IMG_6572-768x531.jpg 768w, https:\/\/daab.es\/wp-content\/uploads\/2025\/12\/IMG_6572-18x12.jpg 18w\" sizes=\"(max-width: 1280px) 100vw, 1280px\" \/>\t\t\t\t\t\t\t\t\t\t\t\t\t\t\t<\/div>\n\t\t\t\t<div class=\"elementor-element elementor-element-80cf279 elementor-widget elementor-widget-image\" data-id=\"80cf279\" data-element_type=\"widget\" data-e-type=\"widget\" data-widget_type=\"image.default\">\n\t\t\t\t\t\t\t\t\t\t\t\t\t\t\t<img loading=\"lazy\" decoding=\"async\" width=\"2380\" height=\"1574\" src=\"https:\/\/daab.es\/wp-content\/uploads\/2026\/01\/WEB-p0_Pagina_1-scaled-e1767465033722.jpg\" class=\"attachment-full size-full wp-image-2129\" alt=\"\" srcset=\"https:\/\/daab.es\/wp-content\/uploads\/2026\/01\/WEB-p0_Pagina_1-scaled-e1767465033722.jpg 2380w, https:\/\/daab.es\/wp-content\/uploads\/2026\/01\/WEB-p0_Pagina_1-scaled-e1767465033722-300x198.jpg 300w, https:\/\/daab.es\/wp-content\/uploads\/2026\/01\/WEB-p0_Pagina_1-scaled-e1767465033722-1024x677.jpg 1024w, https:\/\/daab.es\/wp-content\/uploads\/2026\/01\/WEB-p0_Pagina_1-scaled-e1767465033722-768x508.jpg 768w, https:\/\/daab.es\/wp-content\/uploads\/2026\/01\/WEB-p0_Pagina_1-scaled-e1767465033722-1536x1016.jpg 1536w, https:\/\/daab.es\/wp-content\/uploads\/2026\/01\/WEB-p0_Pagina_1-scaled-e1767465033722-2048x1354.jpg 2048w, https:\/\/daab.es\/wp-content\/uploads\/2026\/01\/WEB-p0_Pagina_1-scaled-e1767465033722-18x12.jpg 18w\" sizes=\"(max-width: 2380px) 100vw, 2380px\" \/>\t\t\t\t\t\t\t\t\t\t\t\t\t\t\t<\/div>\n\t\t\t\t<\/div>\n\t\t<div class=\"elementor-element elementor-element-69c23c02 e-con-full e-flex e-con e-child\" data-id=\"69c23c02\" data-element_type=\"container\" data-e-type=\"container\" data-settings=\"{&quot;sticky&quot;:&quot;top&quot;,&quot;sticky_on&quot;:[&quot;desktop&quot;],&quot;sticky_offset&quot;:75,&quot;sticky_parent&quot;:&quot;yes&quot;,&quot;sticky_effects_offset&quot;:0,&quot;sticky_anchor_link_offset&quot;:0}\">\n\t\t\t\t<div class=\"elementor-element elementor-element-741b2771 elementor-widget elementor-widget-heading\" data-id=\"741b2771\" data-element_type=\"widget\" data-e-type=\"widget\" data-widget_type=\"heading.default\">\n\t\t\t\t\t<h2 class=\"elementor-heading-title elementor-size-default\"><a href=\"http:\/\/aularis-p3-frederic-mistral\">Aularis P3 Frederic Mistral<\/a><\/h2>\t\t\t\t<\/div>\n\t\t\t\t<div class=\"elementor-element elementor-element-42d300b1 elementor-icon-list--layout-traditional elementor-list-item-link-full_width elementor-widget elementor-widget-icon-list\" data-id=\"42d300b1\" data-element_type=\"widget\" data-e-type=\"widget\" data-widget_type=\"icon-list.default\">\n\t\t\t\t\t\t\t<ul class=\"elementor-icon-list-items\">\n\t\t\t\t\t\t\t<li class=\"elementor-icon-list-item\">\n\t\t\t\t\t\t\t\t\t\t\t<a href=\"http:\/\/15-habitatge-hpo-incasol\">\n\n\t\t\t\t\t\t\t\t\t\t\t<span class=\"elementor-icon-list-text\">Josep Vila i Goretti Guillem<\/span>\n\t\t\t\t\t\t\t\t\t\t\t<\/a>\n\t\t\t\t\t\t\t\t\t<\/li>\n\t\t\t\t\t\t\t\t<li class=\"elementor-icon-list-item\">\n\t\t\t\t\t\t\t\t\t\t<span class=\"elementor-icon-list-text\">C\/. LLuis Muntades 3, Sant Gervasi, Barcelona<\/span>\n\t\t\t\t\t\t\t\t\t<\/li>\n\t\t\t\t\t\t\t\t<li class=\"elementor-icon-list-item\">\n\t\t\t\t\t\t\t\t\t\t<span class=\"elementor-icon-list-text\">Fundaci\u00f3 Collserola<\/span>\n\t\t\t\t\t\t\t\t\t<\/li>\n\t\t\t\t\t\t\t\t<li class=\"elementor-icon-list-item\">\n\t\t\t\t\t\t\t\t\t\t<span class=\"elementor-icon-list-text\">Constru\u00eft,<\/span>\n\t\t\t\t\t\t\t\t\t<\/li>\n\t\t\t\t\t\t\t\t<li class=\"elementor-icon-list-item\">\n\t\t\t\t\t\t\t\t\t\t<span class=\"elementor-icon-list-text\">Docent. Reforma i rehabilitaci\u00f3<\/span>\n\t\t\t\t\t\t\t\t\t<\/li>\n\t\t\t\t\t\t<\/ul>\n\t\t\t\t\t\t<\/div>\n\t\t\t\t<\/div>\n\t\t\t\t<\/div>\n\t\t\t\t<\/div>","protected":false},"excerpt":{"rendered":"<p>Aularis P3 Frederic Mistral Josep Vila i Goretti Guillem C\/. LLuis Muntades 3, Sant Gervasi, Barcelona Fundaci\u00f3 Collserola Constru\u00eft, Docent. Reforma i rehabilitaci\u00f3<\/p>","protected":false},"author":3,"featured_media":0,"parent":0,"menu_order":0,"comment_status":"closed","ping_status":"closed","template":"","meta":{"footnotes":""},"class_list":["post-2177","page","type-page","status-publish","hentry"],"yoast_head":"<!-- This site is optimized with the Yoast SEO plugin v27.4 - https:\/\/yoast.com\/product\/yoast-seo-wordpress\/ -->\n<title>Aularis P3 Frederic Mistral - Daab<\/title>\n<meta name=\"robots\" content=\"index, follow, max-snippet:-1, max-image-preview:large, max-video-preview:-1\" \/>\n<link rel=\"canonical\" href=\"https:\/\/daab.es\/ca\/aularis-p3-frederic-mistral\/\" \/>\n<meta property=\"og:locale\" content=\"ca_ES\" \/>\n<meta property=\"og:type\" content=\"article\" \/>\n<meta property=\"og:title\" content=\"Aularis P3 Frederic Mistral - Daab\" \/>\n<meta property=\"og:description\" content=\"Aularis P3 Frederic Mistral Josep Vila i Goretti Guillem C\/. LLuis Muntades 3, Sant Gervasi, Barcelona Fundaci\u00f3 Collserola Constru\u00eft, Docent. Reforma i rehabilitaci\u00f3\" \/>\n<meta property=\"og:url\" content=\"https:\/\/daab.es\/ca\/aularis-p3-frederic-mistral\/\" \/>\n<meta property=\"og:site_name\" content=\"Daab\" \/>\n<meta property=\"article:modified_time\" content=\"2026-01-30T23:07:47+00:00\" \/>\n<meta property=\"og:image\" content=\"https:\/\/daab.es\/wp-content\/uploads\/2025\/12\/IMG_6568.jpg\" \/>\n\t<meta property=\"og:image:width\" content=\"1280\" \/>\n\t<meta property=\"og:image:height\" content=\"732\" \/>\n\t<meta property=\"og:image:type\" content=\"image\/jpeg\" \/>\n<meta name=\"twitter:card\" content=\"summary_large_image\" \/>\n<meta name=\"twitter:label1\" content=\"Temps estimat de lectura\" \/>\n\t<meta name=\"twitter:data1\" content=\"1 minut\" \/>\n<script type=\"application\/ld+json\" class=\"yoast-schema-graph\">{\"@context\":\"https:\\\/\\\/schema.org\",\"@graph\":[{\"@type\":\"WebPage\",\"@id\":\"https:\\\/\\\/daab.es\\\/aularis-p3-frederic-mistral\\\/\",\"url\":\"https:\\\/\\\/daab.es\\\/aularis-p3-frederic-mistral\\\/\",\"name\":\"Aularis P3 Frederic Mistral - Daab\",\"isPartOf\":{\"@id\":\"https:\\\/\\\/daab.es\\\/#website\"},\"primaryImageOfPage\":{\"@id\":\"https:\\\/\\\/daab.es\\\/aularis-p3-frederic-mistral\\\/#primaryimage\"},\"image\":{\"@id\":\"https:\\\/\\\/daab.es\\\/aularis-p3-frederic-mistral\\\/#primaryimage\"},\"thumbnailUrl\":\"https:\\\/\\\/daab.es\\\/wp-content\\\/uploads\\\/2025\\\/12\\\/IMG_6568.jpg\",\"datePublished\":\"2026-01-03T19:13:01+00:00\",\"dateModified\":\"2026-01-30T23:07:47+00:00\",\"breadcrumb\":{\"@id\":\"https:\\\/\\\/daab.es\\\/aularis-p3-frederic-mistral\\\/#breadcrumb\"},\"inLanguage\":\"ca\",\"potentialAction\":[{\"@type\":\"ReadAction\",\"target\":[\"https:\\\/\\\/daab.es\\\/aularis-p3-frederic-mistral\\\/\"]}]},{\"@type\":\"ImageObject\",\"inLanguage\":\"ca\",\"@id\":\"https:\\\/\\\/daab.es\\\/aularis-p3-frederic-mistral\\\/#primaryimage\",\"url\":\"https:\\\/\\\/daab.es\\\/wp-content\\\/uploads\\\/2025\\\/12\\\/IMG_6568.jpg\",\"contentUrl\":\"https:\\\/\\\/daab.es\\\/wp-content\\\/uploads\\\/2025\\\/12\\\/IMG_6568.jpg\"},{\"@type\":\"BreadcrumbList\",\"@id\":\"https:\\\/\\\/daab.es\\\/aularis-p3-frederic-mistral\\\/#breadcrumb\",\"itemListElement\":[{\"@type\":\"ListItem\",\"position\":1,\"name\":\"Home\",\"item\":\"https:\\\/\\\/daab.es\\\/\"},{\"@type\":\"ListItem\",\"position\":2,\"name\":\"Aularis P3 Frederic Mistral\"}]},{\"@type\":\"WebSite\",\"@id\":\"https:\\\/\\\/daab.es\\\/#website\",\"url\":\"https:\\\/\\\/daab.es\\\/\",\"name\":\"Daab\",\"description\":\"\",\"publisher\":{\"@id\":\"https:\\\/\\\/daab.es\\\/#organization\"},\"potentialAction\":[{\"@type\":\"SearchAction\",\"target\":{\"@type\":\"EntryPoint\",\"urlTemplate\":\"https:\\\/\\\/daab.es\\\/?s={search_term_string}\"},\"query-input\":{\"@type\":\"PropertyValueSpecification\",\"valueRequired\":true,\"valueName\":\"search_term_string\"}}],\"inLanguage\":\"ca\"},{\"@type\":\"Organization\",\"@id\":\"https:\\\/\\\/daab.es\\\/#organization\",\"name\":\"Daab\",\"url\":\"https:\\\/\\\/daab.es\\\/\",\"logo\":{\"@type\":\"ImageObject\",\"inLanguage\":\"ca\",\"@id\":\"https:\\\/\\\/daab.es\\\/#\\\/schema\\\/logo\\\/image\\\/\",\"url\":\"https:\\\/\\\/daab.es\\\/wp-content\\\/uploads\\\/2025\\\/10\\\/Captura-de-pantalla-2025-10-13-110930-e1761412934100.png\",\"contentUrl\":\"https:\\\/\\\/daab.es\\\/wp-content\\\/uploads\\\/2025\\\/10\\\/Captura-de-pantalla-2025-10-13-110930-e1761412934100.png\",\"width\":232,\"height\":47,\"caption\":\"Daab\"},\"image\":{\"@id\":\"https:\\\/\\\/daab.es\\\/#\\\/schema\\\/logo\\\/image\\\/\"}}]}<\/script>\n<!-- \/ Yoast SEO plugin. -->","yoast_head_json":{"title":"Aularis P3 Frederic Mistral - Daab","robots":{"index":"index","follow":"follow","max-snippet":"max-snippet:-1","max-image-preview":"max-image-preview:large","max-video-preview":"max-video-preview:-1"},"canonical":"https:\/\/daab.es\/ca\/aularis-p3-frederic-mistral\/","og_locale":"ca_ES","og_type":"article","og_title":"Aularis P3 Frederic Mistral - Daab","og_description":"Aularis P3 Frederic Mistral Josep Vila i Goretti Guillem C\/. LLuis Muntades 3, Sant Gervasi, Barcelona Fundaci\u00f3 Collserola Constru\u00eft, Docent. Reforma i rehabilitaci\u00f3","og_url":"https:\/\/daab.es\/ca\/aularis-p3-frederic-mistral\/","og_site_name":"Daab","article_modified_time":"2026-01-30T23:07:47+00:00","og_image":[{"width":1280,"height":732,"url":"https:\/\/daab.es\/wp-content\/uploads\/2025\/12\/IMG_6568.jpg","type":"image\/jpeg"}],"twitter_card":"summary_large_image","twitter_misc":{"Temps estimat de lectura":"1 minut"},"schema":{"@context":"https:\/\/schema.org","@graph":[{"@type":"WebPage","@id":"https:\/\/daab.es\/aularis-p3-frederic-mistral\/","url":"https:\/\/daab.es\/aularis-p3-frederic-mistral\/","name":"Aularis P3 Frederic Mistral - Daab","isPartOf":{"@id":"https:\/\/daab.es\/#website"},"primaryImageOfPage":{"@id":"https:\/\/daab.es\/aularis-p3-frederic-mistral\/#primaryimage"},"image":{"@id":"https:\/\/daab.es\/aularis-p3-frederic-mistral\/#primaryimage"},"thumbnailUrl":"https:\/\/daab.es\/wp-content\/uploads\/2025\/12\/IMG_6568.jpg","datePublished":"2026-01-03T19:13:01+00:00","dateModified":"2026-01-30T23:07:47+00:00","breadcrumb":{"@id":"https:\/\/daab.es\/aularis-p3-frederic-mistral\/#breadcrumb"},"inLanguage":"ca","potentialAction":[{"@type":"ReadAction","target":["https:\/\/daab.es\/aularis-p3-frederic-mistral\/"]}]},{"@type":"ImageObject","inLanguage":"ca","@id":"https:\/\/daab.es\/aularis-p3-frederic-mistral\/#primaryimage","url":"https:\/\/daab.es\/wp-content\/uploads\/2025\/12\/IMG_6568.jpg","contentUrl":"https:\/\/daab.es\/wp-content\/uploads\/2025\/12\/IMG_6568.jpg"},{"@type":"BreadcrumbList","@id":"https:\/\/daab.es\/aularis-p3-frederic-mistral\/#breadcrumb","itemListElement":[{"@type":"ListItem","position":1,"name":"Home","item":"https:\/\/daab.es\/"},{"@type":"ListItem","position":2,"name":"Aularis P3 Frederic Mistral"}]},{"@type":"WebSite","@id":"https:\/\/daab.es\/#website","url":"https:\/\/daab.es\/","name":"Daab","description":"","publisher":{"@id":"https:\/\/daab.es\/#organization"},"potentialAction":[{"@type":"SearchAction","target":{"@type":"EntryPoint","urlTemplate":"https:\/\/daab.es\/?s={search_term_string}"},"query-input":{"@type":"PropertyValueSpecification","valueRequired":true,"valueName":"search_term_string"}}],"inLanguage":"ca"},{"@type":"Organization","@id":"https:\/\/daab.es\/#organization","name":"Daab","url":"https:\/\/daab.es\/","logo":{"@type":"ImageObject","inLanguage":"ca","@id":"https:\/\/daab.es\/#\/schema\/logo\/image\/","url":"https:\/\/daab.es\/wp-content\/uploads\/2025\/10\/Captura-de-pantalla-2025-10-13-110930-e1761412934100.png","contentUrl":"https:\/\/daab.es\/wp-content\/uploads\/2025\/10\/Captura-de-pantalla-2025-10-13-110930-e1761412934100.png","width":232,"height":47,"caption":"Daab"},"image":{"@id":"https:\/\/daab.es\/#\/schema\/logo\/image\/"}}]}},"_links":{"self":[{"href":"https:\/\/daab.es\/ca\/wp-json\/wp\/v2\/pages\/2177","targetHints":{"allow":["GET"]}}],"collection":[{"href":"https:\/\/daab.es\/ca\/wp-json\/wp\/v2\/pages"}],"about":[{"href":"https:\/\/daab.es\/ca\/wp-json\/wp\/v2\/types\/page"}],"author":[{"embeddable":true,"href":"https:\/\/daab.es\/ca\/wp-json\/wp\/v2\/users\/3"}],"replies":[{"embeddable":true,"href":"https:\/\/daab.es\/ca\/wp-json\/wp\/v2\/comments?post=2177"}],"version-history":[{"count":16,"href":"https:\/\/daab.es\/ca\/wp-json\/wp\/v2\/pages\/2177\/revisions"}],"predecessor-version":[{"id":3488,"href":"https:\/\/daab.es\/ca\/wp-json\/wp\/v2\/pages\/2177\/revisions\/3488"}],"wp:attachment":[{"href":"https:\/\/daab.es\/ca\/wp-json\/wp\/v2\/media?parent=2177"}],"curies":[{"name":"wp","href":"https:\/\/api.w.org\/{rel}","templated":true}]}}