{"id":2023,"date":"2026-01-03T09:23:02","date_gmt":"2026-01-03T09:23:02","guid":{"rendered":"https:\/\/daab.es\/?page_id=2023"},"modified":"2026-01-30T23:03:43","modified_gmt":"2026-01-30T23:03:43","slug":"aularis-infantil-escola-mirasan","status":"publish","type":"page","link":"https:\/\/daab.es\/ca\/aularis-infantil-escola-mirasan\/","title":{"rendered":"Aularis Infantil Escola MIRASAN"},"content":{"rendered":"<div data-elementor-type=\"wp-page\" data-elementor-id=\"2023\" class=\"elementor elementor-2023\" data-elementor-post-type=\"page\">\n\t\t\t\t<div class=\"elementor-element elementor-element-14fd50bc e-con-full e-flex e-con e-parent\" data-id=\"14fd50bc\" data-element_type=\"container\" data-e-type=\"container\">\n\t\t<div class=\"elementor-element elementor-element-5cede08f e-con-full e-flex e-con e-child\" data-id=\"5cede08f\" data-element_type=\"container\" data-e-type=\"container\">\n\t\t\t\t<div class=\"elementor-element elementor-element-3742dc75 elementor-widget elementor-widget-image\" data-id=\"3742dc75\" data-element_type=\"widget\" data-e-type=\"widget\" data-widget_type=\"image.default\">\n\t\t\t\t\t\t\t\t\t\t\t\t\t\t\t<img fetchpriority=\"high\" decoding=\"async\" width=\"1920\" height=\"2560\" src=\"https:\/\/daab.es\/wp-content\/uploads\/2025\/12\/IMG_4585-scaled.jpg\" class=\"attachment-full size-full wp-image-1201\" alt=\"\" srcset=\"https:\/\/daab.es\/wp-content\/uploads\/2025\/12\/IMG_4585-scaled.jpg 1920w, https:\/\/daab.es\/wp-content\/uploads\/2025\/12\/IMG_4585-225x300.jpg 225w, https:\/\/daab.es\/wp-content\/uploads\/2025\/12\/IMG_4585-768x1024.jpg 768w, https:\/\/daab.es\/wp-content\/uploads\/2025\/12\/IMG_4585-1152x1536.jpg 1152w, https:\/\/daab.es\/wp-content\/uploads\/2025\/12\/IMG_4585-1536x2048.jpg 1536w, https:\/\/daab.es\/wp-content\/uploads\/2025\/12\/IMG_4585-9x12.jpg 9w\" sizes=\"(max-width: 1920px) 100vw, 1920px\" \/>\t\t\t\t\t\t\t\t\t\t\t\t\t\t\t<\/div>\n\t\t\t\t<div class=\"elementor-element elementor-element-1674088 elementor-widget elementor-widget-image\" data-id=\"1674088\" data-element_type=\"widget\" data-e-type=\"widget\" data-widget_type=\"image.default\">\n\t\t\t\t\t\t\t\t\t\t\t\t\t\t\t<img decoding=\"async\" width=\"768\" height=\"1024\" src=\"https:\/\/daab.es\/wp-content\/uploads\/2025\/12\/IMG_4596-768x1024.jpg\" class=\"attachment-large size-large wp-image-1197\" alt=\"\" srcset=\"https:\/\/daab.es\/wp-content\/uploads\/2025\/12\/IMG_4596-768x1024.jpg 768w, https:\/\/daab.es\/wp-content\/uploads\/2025\/12\/IMG_4596-225x300.jpg 225w, https:\/\/daab.es\/wp-content\/uploads\/2025\/12\/IMG_4596-1152x1536.jpg 1152w, https:\/\/daab.es\/wp-content\/uploads\/2025\/12\/IMG_4596-1536x2048.jpg 1536w, https:\/\/daab.es\/wp-content\/uploads\/2025\/12\/IMG_4596-9x12.jpg 9w, https:\/\/daab.es\/wp-content\/uploads\/2025\/12\/IMG_4596-scaled.jpg 1920w\" sizes=\"(max-width: 768px) 100vw, 768px\" \/>\t\t\t\t\t\t\t\t\t\t\t\t\t\t\t<\/div>\n\t\t<div class=\"elementor-element elementor-element-297c8e1 e-con-full e-flex e-con e-child\" data-id=\"297c8e1\" data-element_type=\"container\" data-e-type=\"container\">\n\t\t\t\t<div class=\"elementor-element elementor-element-094dd6c elementor-widget__width-initial elementor-widget elementor-widget-image\" data-id=\"094dd6c\" data-element_type=\"widget\" data-e-type=\"widget\" data-widget_type=\"image.default\">\n\t\t\t\t\t\t\t\t\t\t\t\t\t\t\t<img decoding=\"async\" width=\"800\" height=\"859\" src=\"https:\/\/daab.es\/wp-content\/uploads\/2025\/12\/IMG_4600-954x1024.jpg\" class=\"attachment-large size-large wp-image-1204\" alt=\"\" srcset=\"https:\/\/daab.es\/wp-content\/uploads\/2025\/12\/IMG_4600-954x1024.jpg 954w, https:\/\/daab.es\/wp-content\/uploads\/2025\/12\/IMG_4600-279x300.jpg 279w, https:\/\/daab.es\/wp-content\/uploads\/2025\/12\/IMG_4600-768x824.jpg 768w, https:\/\/daab.es\/wp-content\/uploads\/2025\/12\/IMG_4600-1431x1536.jpg 1431w, https:\/\/daab.es\/wp-content\/uploads\/2025\/12\/IMG_4600-1908x2048.jpg 1908w, https:\/\/daab.es\/wp-content\/uploads\/2025\/12\/IMG_4600-11x12.jpg 11w\" sizes=\"(max-width: 800px) 100vw, 800px\" \/>\t\t\t\t\t\t\t\t\t\t\t\t\t\t\t<\/div>\n\t\t\t\t<div class=\"elementor-element elementor-element-69a5063 elementor-widget__width-initial elementor-widget elementor-widget-image\" data-id=\"69a5063\" data-element_type=\"widget\" data-e-type=\"widget\" data-widget_type=\"image.default\">\n\t\t\t\t\t\t\t\t\t\t\t\t\t\t\t<img loading=\"lazy\" decoding=\"async\" width=\"800\" height=\"600\" src=\"https:\/\/daab.es\/wp-content\/uploads\/2025\/12\/IMG_4573-1024x768.jpg\" class=\"attachment-large size-large wp-image-1200\" alt=\"\" srcset=\"https:\/\/daab.es\/wp-content\/uploads\/2025\/12\/IMG_4573-1024x768.jpg 1024w, https:\/\/daab.es\/wp-content\/uploads\/2025\/12\/IMG_4573-300x225.jpg 300w, https:\/\/daab.es\/wp-content\/uploads\/2025\/12\/IMG_4573-768x576.jpg 768w, https:\/\/daab.es\/wp-content\/uploads\/2025\/12\/IMG_4573-1536x1152.jpg 1536w, https:\/\/daab.es\/wp-content\/uploads\/2025\/12\/IMG_4573-2048x1536.jpg 2048w, https:\/\/daab.es\/wp-content\/uploads\/2025\/12\/IMG_4573-16x12.jpg 16w\" sizes=\"(max-width: 800px) 100vw, 800px\" \/>\t\t\t\t\t\t\t\t\t\t\t\t\t\t\t<\/div>\n\t\t\t\t<\/div>\n\t\t<div class=\"elementor-element elementor-element-1af525b e-con-full e-flex e-con e-child\" data-id=\"1af525b\" data-element_type=\"container\" data-e-type=\"container\">\n\t\t\t\t<div class=\"elementor-element elementor-element-dc12e9c elementor-widget__width-initial elementor-widget elementor-widget-image\" data-id=\"dc12e9c\" data-element_type=\"widget\" data-e-type=\"widget\" data-widget_type=\"image.default\">\n\t\t\t\t\t\t\t\t\t\t\t\t\t\t\t<img loading=\"lazy\" decoding=\"async\" width=\"800\" height=\"600\" src=\"https:\/\/daab.es\/wp-content\/uploads\/2025\/12\/IMG_4605-1024x768.jpg\" class=\"attachment-large size-large wp-image-1205\" alt=\"\" srcset=\"https:\/\/daab.es\/wp-content\/uploads\/2025\/12\/IMG_4605-1024x768.jpg 1024w, https:\/\/daab.es\/wp-content\/uploads\/2025\/12\/IMG_4605-300x225.jpg 300w, https:\/\/daab.es\/wp-content\/uploads\/2025\/12\/IMG_4605-768x576.jpg 768w, https:\/\/daab.es\/wp-content\/uploads\/2025\/12\/IMG_4605-1536x1152.jpg 1536w, https:\/\/daab.es\/wp-content\/uploads\/2025\/12\/IMG_4605-2048x1536.jpg 2048w, https:\/\/daab.es\/wp-content\/uploads\/2025\/12\/IMG_4605-16x12.jpg 16w\" sizes=\"(max-width: 800px) 100vw, 800px\" \/>\t\t\t\t\t\t\t\t\t\t\t\t\t\t\t<\/div>\n\t\t\t\t<div class=\"elementor-element elementor-element-c19ce20 elementor-widget__width-initial elementor-widget elementor-widget-image\" data-id=\"c19ce20\" data-element_type=\"widget\" data-e-type=\"widget\" data-widget_type=\"image.default\">\n\t\t\t\t\t\t\t\t\t\t\t\t\t\t\t<img loading=\"lazy\" decoding=\"async\" width=\"800\" height=\"600\" src=\"https:\/\/daab.es\/wp-content\/uploads\/2025\/12\/IMG_4568-1024x768.jpg\" class=\"attachment-large size-large wp-image-1198\" alt=\"\" srcset=\"https:\/\/daab.es\/wp-content\/uploads\/2025\/12\/IMG_4568-1024x768.jpg 1024w, https:\/\/daab.es\/wp-content\/uploads\/2025\/12\/IMG_4568-300x225.jpg 300w, https:\/\/daab.es\/wp-content\/uploads\/2025\/12\/IMG_4568-768x576.jpg 768w, https:\/\/daab.es\/wp-content\/uploads\/2025\/12\/IMG_4568-1536x1152.jpg 1536w, https:\/\/daab.es\/wp-content\/uploads\/2025\/12\/IMG_4568-2048x1536.jpg 2048w, https:\/\/daab.es\/wp-content\/uploads\/2025\/12\/IMG_4568-16x12.jpg 16w\" sizes=\"(max-width: 800px) 100vw, 800px\" \/>\t\t\t\t\t\t\t\t\t\t\t\t\t\t\t<\/div>\n\t\t\t\t<\/div>\n\t\t\t\t<div class=\"elementor-element elementor-element-74aa60c8 elementor-widget elementor-widget-image\" data-id=\"74aa60c8\" data-element_type=\"widget\" data-e-type=\"widget\" data-widget_type=\"image.default\">\n\t\t\t\t\t\t\t\t\t\t\t\t\t\t\t<img loading=\"lazy\" decoding=\"async\" width=\"800\" height=\"600\" src=\"https:\/\/daab.es\/wp-content\/uploads\/2025\/12\/IMG_4590-1024x768.jpg\" class=\"attachment-large size-large wp-image-1202\" alt=\"\" srcset=\"https:\/\/daab.es\/wp-content\/uploads\/2025\/12\/IMG_4590-1024x768.jpg 1024w, https:\/\/daab.es\/wp-content\/uploads\/2025\/12\/IMG_4590-300x225.jpg 300w, https:\/\/daab.es\/wp-content\/uploads\/2025\/12\/IMG_4590-768x576.jpg 768w, https:\/\/daab.es\/wp-content\/uploads\/2025\/12\/IMG_4590-1536x1152.jpg 1536w, https:\/\/daab.es\/wp-content\/uploads\/2025\/12\/IMG_4590-2048x1536.jpg 2048w, https:\/\/daab.es\/wp-content\/uploads\/2025\/12\/IMG_4590-16x12.jpg 16w\" sizes=\"(max-width: 800px) 100vw, 800px\" \/>\t\t\t\t\t\t\t\t\t\t\t\t\t\t\t<\/div>\n\t\t\t\t<div class=\"elementor-element elementor-element-3a495a1b elementor-widget elementor-widget-heading\" data-id=\"3a495a1b\" data-element_type=\"widget\" data-e-type=\"widget\" data-widget_type=\"heading.default\">\n\t\t\t\t\t<h2 class=\"elementor-heading-title elementor-size-default\">Descripci\u00f3<\/h2>\t\t\t\t<\/div>\n\t\t\t\t<div class=\"elementor-element elementor-element-169afb55 elementor-widget elementor-widget-text-editor\" data-id=\"169afb55\" data-element_type=\"widget\" data-e-type=\"widget\" data-widget_type=\"text-editor.default\">\n\t\t\t\t\t\t\t\t\t<p>La proposta planteja&#8230;<\/p>\t\t\t\t\t\t\t\t<\/div>\n\t\t\t\t<\/div>\n\t\t<div class=\"elementor-element elementor-element-6712dabd e-con-full e-flex e-con e-child\" data-id=\"6712dabd\" data-element_type=\"container\" data-e-type=\"container\" data-settings=\"{&quot;sticky&quot;:&quot;top&quot;,&quot;sticky_on&quot;:[&quot;desktop&quot;],&quot;sticky_offset&quot;:75,&quot;sticky_parent&quot;:&quot;yes&quot;,&quot;sticky_effects_offset&quot;:0,&quot;sticky_anchor_link_offset&quot;:0}\">\n\t\t\t\t<div class=\"elementor-element elementor-element-187bad80 elementor-icon-list--layout-traditional elementor-list-item-link-full_width elementor-widget elementor-widget-icon-list\" data-id=\"187bad80\" data-element_type=\"widget\" data-e-type=\"widget\" data-widget_type=\"icon-list.default\">\n\t\t\t\t\t\t\t<ul class=\"elementor-icon-list-items\">\n\t\t\t\t\t\t\t<li class=\"elementor-icon-list-item\">\n\t\t\t\t\t\t\t\t\t\t<span class=\"elementor-icon-list-text\">Josep Vila i Goretti Guillem<\/span>\n\t\t\t\t\t\t\t\t\t<\/li>\n\t\t\t\t\t\t\t\t<li class=\"elementor-icon-list-item\">\n\t\t\t\t\t\t\t\t\t\t<span class=\"elementor-icon-list-text\">Carrer Sabadell 13, LLeida<\/span>\n\t\t\t\t\t\t\t\t\t<\/li>\n\t\t\t\t\t\t\t\t<li class=\"elementor-icon-list-item\">\n\t\t\t\t\t\t\t\t\t\t<span class=\"elementor-icon-list-text\">Escola MIRASAN<\/span>\n\t\t\t\t\t\t\t\t\t<\/li>\n\t\t\t\t\t\t\t\t<li class=\"elementor-icon-list-item\">\n\t\t\t\t\t\t\t\t\t\t<span class=\"elementor-icon-list-text\">Constru\u00eft<\/span>\n\t\t\t\t\t\t\t\t\t<\/li>\n\t\t\t\t\t\t\t\t<li class=\"elementor-icon-list-item\">\n\t\t\t\t\t\t\t\t\t\t<span class=\"elementor-icon-list-text\">Docent, Reforma i rehabilitaci\u00f3<\/span>\n\t\t\t\t\t\t\t\t\t<\/li>\n\t\t\t\t\t\t<\/ul>\n\t\t\t\t\t\t<\/div>\n\t\t\t\t<\/div>\n\t\t\t\t<\/div>\n\t\t\t\t<\/div>","protected":false},"excerpt":{"rendered":"<p>Descripci\u00f3 La proposta planteja&#8230; Josep Vila i Goretti Guillem Carrer Sabadell 13, LLeida Escola MIRASAN Constru\u00eft Docent, Reforma i rehabilitaci\u00f3<\/p>","protected":false},"author":3,"featured_media":0,"parent":0,"menu_order":0,"comment_status":"closed","ping_status":"closed","template":"","meta":{"footnotes":""},"class_list":["post-2023","page","type-page","status-publish","hentry"],"yoast_head":"<!-- This site is optimized with the Yoast SEO plugin v27.4 - https:\/\/yoast.com\/product\/yoast-seo-wordpress\/ -->\n<title>Aularis Infantil Escola MIRASAN - Daab<\/title>\n<meta name=\"robots\" content=\"index, follow, max-snippet:-1, max-image-preview:large, max-video-preview:-1\" \/>\n<link rel=\"canonical\" href=\"https:\/\/daab.es\/ca\/aularis-infantil-escola-mirasan\/\" \/>\n<meta property=\"og:locale\" content=\"ca_ES\" \/>\n<meta property=\"og:type\" content=\"article\" \/>\n<meta property=\"og:title\" content=\"Aularis Infantil Escola MIRASAN - Daab\" \/>\n<meta property=\"og:description\" content=\"Descripci\u00f3 La proposta planteja&#8230; Josep Vila i Goretti Guillem Carrer Sabadell 13, LLeida Escola MIRASAN Constru\u00eft Docent, Reforma i rehabilitaci\u00f3\" \/>\n<meta property=\"og:url\" content=\"https:\/\/daab.es\/ca\/aularis-infantil-escola-mirasan\/\" \/>\n<meta property=\"og:site_name\" content=\"Daab\" \/>\n<meta property=\"article:modified_time\" content=\"2026-01-30T23:03:43+00:00\" \/>\n<meta property=\"og:image\" content=\"https:\/\/daab.es\/wp-content\/uploads\/2025\/12\/IMG_4585-scaled.jpg\" \/>\n\t<meta property=\"og:image:width\" content=\"1920\" \/>\n\t<meta property=\"og:image:height\" content=\"2560\" \/>\n\t<meta property=\"og:image:type\" content=\"image\/jpeg\" \/>\n<meta name=\"twitter:card\" content=\"summary_large_image\" \/>\n<meta name=\"twitter:label1\" content=\"Temps estimat de lectura\" \/>\n\t<meta name=\"twitter:data1\" content=\"1 minut\" \/>\n<script type=\"application\/ld+json\" class=\"yoast-schema-graph\">{\"@context\":\"https:\\\/\\\/schema.org\",\"@graph\":[{\"@type\":\"WebPage\",\"@id\":\"https:\\\/\\\/daab.es\\\/aularis-infantil-escola-mirasan\\\/\",\"url\":\"https:\\\/\\\/daab.es\\\/aularis-infantil-escola-mirasan\\\/\",\"name\":\"Aularis Infantil Escola MIRASAN - Daab\",\"isPartOf\":{\"@id\":\"https:\\\/\\\/daab.es\\\/#website\"},\"primaryImageOfPage\":{\"@id\":\"https:\\\/\\\/daab.es\\\/aularis-infantil-escola-mirasan\\\/#primaryimage\"},\"image\":{\"@id\":\"https:\\\/\\\/daab.es\\\/aularis-infantil-escola-mirasan\\\/#primaryimage\"},\"thumbnailUrl\":\"https:\\\/\\\/daab.es\\\/wp-content\\\/uploads\\\/2025\\\/12\\\/IMG_4585-scaled.jpg\",\"datePublished\":\"2026-01-03T09:23:02+00:00\",\"dateModified\":\"2026-01-30T23:03:43+00:00\",\"breadcrumb\":{\"@id\":\"https:\\\/\\\/daab.es\\\/aularis-infantil-escola-mirasan\\\/#breadcrumb\"},\"inLanguage\":\"ca\",\"potentialAction\":[{\"@type\":\"ReadAction\",\"target\":[\"https:\\\/\\\/daab.es\\\/aularis-infantil-escola-mirasan\\\/\"]}]},{\"@type\":\"ImageObject\",\"inLanguage\":\"ca\",\"@id\":\"https:\\\/\\\/daab.es\\\/aularis-infantil-escola-mirasan\\\/#primaryimage\",\"url\":\"https:\\\/\\\/daab.es\\\/wp-content\\\/uploads\\\/2025\\\/12\\\/IMG_4585-scaled.jpg\",\"contentUrl\":\"https:\\\/\\\/daab.es\\\/wp-content\\\/uploads\\\/2025\\\/12\\\/IMG_4585-scaled.jpg\"},{\"@type\":\"BreadcrumbList\",\"@id\":\"https:\\\/\\\/daab.es\\\/aularis-infantil-escola-mirasan\\\/#breadcrumb\",\"itemListElement\":[{\"@type\":\"ListItem\",\"position\":1,\"name\":\"Home\",\"item\":\"https:\\\/\\\/daab.es\\\/\"},{\"@type\":\"ListItem\",\"position\":2,\"name\":\"Aularis Infantil Escola MIRASAN\"}]},{\"@type\":\"WebSite\",\"@id\":\"https:\\\/\\\/daab.es\\\/#website\",\"url\":\"https:\\\/\\\/daab.es\\\/\",\"name\":\"Daab\",\"description\":\"\",\"publisher\":{\"@id\":\"https:\\\/\\\/daab.es\\\/#organization\"},\"potentialAction\":[{\"@type\":\"SearchAction\",\"target\":{\"@type\":\"EntryPoint\",\"urlTemplate\":\"https:\\\/\\\/daab.es\\\/?s={search_term_string}\"},\"query-input\":{\"@type\":\"PropertyValueSpecification\",\"valueRequired\":true,\"valueName\":\"search_term_string\"}}],\"inLanguage\":\"ca\"},{\"@type\":\"Organization\",\"@id\":\"https:\\\/\\\/daab.es\\\/#organization\",\"name\":\"Daab\",\"url\":\"https:\\\/\\\/daab.es\\\/\",\"logo\":{\"@type\":\"ImageObject\",\"inLanguage\":\"ca\",\"@id\":\"https:\\\/\\\/daab.es\\\/#\\\/schema\\\/logo\\\/image\\\/\",\"url\":\"https:\\\/\\\/daab.es\\\/wp-content\\\/uploads\\\/2025\\\/10\\\/Captura-de-pantalla-2025-10-13-110930-e1761412934100.png\",\"contentUrl\":\"https:\\\/\\\/daab.es\\\/wp-content\\\/uploads\\\/2025\\\/10\\\/Captura-de-pantalla-2025-10-13-110930-e1761412934100.png\",\"width\":232,\"height\":47,\"caption\":\"Daab\"},\"image\":{\"@id\":\"https:\\\/\\\/daab.es\\\/#\\\/schema\\\/logo\\\/image\\\/\"}}]}<\/script>\n<!-- \/ Yoast SEO plugin. -->","yoast_head_json":{"title":"Aularis Infantil Escola MIRASAN - Daab","robots":{"index":"index","follow":"follow","max-snippet":"max-snippet:-1","max-image-preview":"max-image-preview:large","max-video-preview":"max-video-preview:-1"},"canonical":"https:\/\/daab.es\/ca\/aularis-infantil-escola-mirasan\/","og_locale":"ca_ES","og_type":"article","og_title":"Aularis Infantil Escola MIRASAN - Daab","og_description":"Descripci\u00f3 La proposta planteja&#8230; Josep Vila i Goretti Guillem Carrer Sabadell 13, LLeida Escola MIRASAN Constru\u00eft Docent, Reforma i rehabilitaci\u00f3","og_url":"https:\/\/daab.es\/ca\/aularis-infantil-escola-mirasan\/","og_site_name":"Daab","article_modified_time":"2026-01-30T23:03:43+00:00","og_image":[{"width":1920,"height":2560,"url":"https:\/\/daab.es\/wp-content\/uploads\/2025\/12\/IMG_4585-scaled.jpg","type":"image\/jpeg"}],"twitter_card":"summary_large_image","twitter_misc":{"Temps estimat de lectura":"1 minut"},"schema":{"@context":"https:\/\/schema.org","@graph":[{"@type":"WebPage","@id":"https:\/\/daab.es\/aularis-infantil-escola-mirasan\/","url":"https:\/\/daab.es\/aularis-infantil-escola-mirasan\/","name":"Aularis Infantil Escola MIRASAN - Daab","isPartOf":{"@id":"https:\/\/daab.es\/#website"},"primaryImageOfPage":{"@id":"https:\/\/daab.es\/aularis-infantil-escola-mirasan\/#primaryimage"},"image":{"@id":"https:\/\/daab.es\/aularis-infantil-escola-mirasan\/#primaryimage"},"thumbnailUrl":"https:\/\/daab.es\/wp-content\/uploads\/2025\/12\/IMG_4585-scaled.jpg","datePublished":"2026-01-03T09:23:02+00:00","dateModified":"2026-01-30T23:03:43+00:00","breadcrumb":{"@id":"https:\/\/daab.es\/aularis-infantil-escola-mirasan\/#breadcrumb"},"inLanguage":"ca","potentialAction":[{"@type":"ReadAction","target":["https:\/\/daab.es\/aularis-infantil-escola-mirasan\/"]}]},{"@type":"ImageObject","inLanguage":"ca","@id":"https:\/\/daab.es\/aularis-infantil-escola-mirasan\/#primaryimage","url":"https:\/\/daab.es\/wp-content\/uploads\/2025\/12\/IMG_4585-scaled.jpg","contentUrl":"https:\/\/daab.es\/wp-content\/uploads\/2025\/12\/IMG_4585-scaled.jpg"},{"@type":"BreadcrumbList","@id":"https:\/\/daab.es\/aularis-infantil-escola-mirasan\/#breadcrumb","itemListElement":[{"@type":"ListItem","position":1,"name":"Home","item":"https:\/\/daab.es\/"},{"@type":"ListItem","position":2,"name":"Aularis Infantil Escola MIRASAN"}]},{"@type":"WebSite","@id":"https:\/\/daab.es\/#website","url":"https:\/\/daab.es\/","name":"Daab","description":"","publisher":{"@id":"https:\/\/daab.es\/#organization"},"potentialAction":[{"@type":"SearchAction","target":{"@type":"EntryPoint","urlTemplate":"https:\/\/daab.es\/?s={search_term_string}"},"query-input":{"@type":"PropertyValueSpecification","valueRequired":true,"valueName":"search_term_string"}}],"inLanguage":"ca"},{"@type":"Organization","@id":"https:\/\/daab.es\/#organization","name":"Daab","url":"https:\/\/daab.es\/","logo":{"@type":"ImageObject","inLanguage":"ca","@id":"https:\/\/daab.es\/#\/schema\/logo\/image\/","url":"https:\/\/daab.es\/wp-content\/uploads\/2025\/10\/Captura-de-pantalla-2025-10-13-110930-e1761412934100.png","contentUrl":"https:\/\/daab.es\/wp-content\/uploads\/2025\/10\/Captura-de-pantalla-2025-10-13-110930-e1761412934100.png","width":232,"height":47,"caption":"Daab"},"image":{"@id":"https:\/\/daab.es\/#\/schema\/logo\/image\/"}}]}},"_links":{"self":[{"href":"https:\/\/daab.es\/ca\/wp-json\/wp\/v2\/pages\/2023","targetHints":{"allow":["GET"]}}],"collection":[{"href":"https:\/\/daab.es\/ca\/wp-json\/wp\/v2\/pages"}],"about":[{"href":"https:\/\/daab.es\/ca\/wp-json\/wp\/v2\/types\/page"}],"author":[{"embeddable":true,"href":"https:\/\/daab.es\/ca\/wp-json\/wp\/v2\/users\/3"}],"replies":[{"embeddable":true,"href":"https:\/\/daab.es\/ca\/wp-json\/wp\/v2\/comments?post=2023"}],"version-history":[{"count":21,"href":"https:\/\/daab.es\/ca\/wp-json\/wp\/v2\/pages\/2023\/revisions"}],"predecessor-version":[{"id":3479,"href":"https:\/\/daab.es\/ca\/wp-json\/wp\/v2\/pages\/2023\/revisions\/3479"}],"wp:attachment":[{"href":"https:\/\/daab.es\/ca\/wp-json\/wp\/v2\/media?parent=2023"}],"curies":[{"name":"wp","href":"https:\/\/api.w.org\/{rel}","templated":true}]}}