{"id":1969,"date":"2026-01-02T19:10:16","date_gmt":"2026-01-02T19:10:16","guid":{"rendered":"https:\/\/daab.es\/?page_id=1969"},"modified":"2026-03-16T18:19:52","modified_gmt":"2026-03-16T18:19:52","slug":"reforma-habitatge-unifamiliar-vilassar","status":"publish","type":"page","link":"https:\/\/daab.es\/ca\/reforma-habitatge-unifamiliar-vilassar\/","title":{"rendered":"Habitatge Unifamiliar Vilassar"},"content":{"rendered":"<div data-elementor-type=\"wp-page\" data-elementor-id=\"1969\" class=\"elementor elementor-1969\" data-elementor-post-type=\"page\">\n\t\t\t\t<div class=\"elementor-element elementor-element-14fd50bc e-con-full e-flex e-con e-parent\" data-id=\"14fd50bc\" data-element_type=\"container\" data-e-type=\"container\">\n\t\t<div class=\"elementor-element elementor-element-5cede08f e-con-full e-flex e-con e-child\" data-id=\"5cede08f\" data-element_type=\"container\" data-e-type=\"container\">\n\t\t\t\t<div class=\"elementor-element elementor-element-3742dc75 elementor-widget elementor-widget-image\" data-id=\"3742dc75\" data-element_type=\"widget\" data-e-type=\"widget\" data-widget_type=\"image.default\">\n\t\t\t\t\t\t\t\t\t\t\t\t\t\t\t<img fetchpriority=\"high\" decoding=\"async\" width=\"2272\" height=\"2560\" src=\"https:\/\/daab.es\/wp-content\/uploads\/2025\/12\/IMG_7415-scaled.jpeg\" class=\"attachment-full size-full wp-image-1278\" alt=\"\" srcset=\"https:\/\/daab.es\/wp-content\/uploads\/2025\/12\/IMG_7415-scaled.jpeg 2272w, https:\/\/daab.es\/wp-content\/uploads\/2025\/12\/IMG_7415-266x300.jpeg 266w, https:\/\/daab.es\/wp-content\/uploads\/2025\/12\/IMG_7415-909x1024.jpeg 909w, https:\/\/daab.es\/wp-content\/uploads\/2025\/12\/IMG_7415-768x865.jpeg 768w, https:\/\/daab.es\/wp-content\/uploads\/2025\/12\/IMG_7415-1363x1536.jpeg 1363w, https:\/\/daab.es\/wp-content\/uploads\/2025\/12\/IMG_7415-1817x2048.jpeg 1817w, https:\/\/daab.es\/wp-content\/uploads\/2025\/12\/IMG_7415-11x12.jpeg 11w\" sizes=\"(max-width: 2272px) 100vw, 2272px\" \/>\t\t\t\t\t\t\t\t\t\t\t\t\t\t\t<\/div>\n\t\t\t\t<div class=\"elementor-element elementor-element-1674088 elementor-widget elementor-widget-image\" data-id=\"1674088\" data-element_type=\"widget\" data-e-type=\"widget\" data-widget_type=\"image.default\">\n\t\t\t\t\t\t\t\t\t\t\t\t\t\t\t<img decoding=\"async\" width=\"800\" height=\"600\" src=\"https:\/\/daab.es\/wp-content\/uploads\/2025\/12\/IMG_7378-1024x768.jpeg\" class=\"attachment-large size-large wp-image-1274\" alt=\"\" srcset=\"https:\/\/daab.es\/wp-content\/uploads\/2025\/12\/IMG_7378-1024x768.jpeg 1024w, https:\/\/daab.es\/wp-content\/uploads\/2025\/12\/IMG_7378-300x225.jpeg 300w, https:\/\/daab.es\/wp-content\/uploads\/2025\/12\/IMG_7378-768x576.jpeg 768w, https:\/\/daab.es\/wp-content\/uploads\/2025\/12\/IMG_7378-1536x1152.jpeg 1536w, https:\/\/daab.es\/wp-content\/uploads\/2025\/12\/IMG_7378-2048x1536.jpeg 2048w, https:\/\/daab.es\/wp-content\/uploads\/2025\/12\/IMG_7378-16x12.jpeg 16w\" sizes=\"(max-width: 800px) 100vw, 800px\" \/>\t\t\t\t\t\t\t\t\t\t\t\t\t\t\t<\/div>\n\t\t<div class=\"elementor-element elementor-element-297c8e1 e-con-full e-flex e-con e-child\" data-id=\"297c8e1\" data-element_type=\"container\" data-e-type=\"container\">\n\t\t\t\t<div class=\"elementor-element elementor-element-094dd6c elementor-widget__width-initial elementor-widget elementor-widget-image\" data-id=\"094dd6c\" data-element_type=\"widget\" data-e-type=\"widget\" data-widget_type=\"image.default\">\n\t\t\t\t\t\t\t\t\t\t\t\t\t\t\t<img decoding=\"async\" width=\"768\" height=\"1024\" src=\"https:\/\/daab.es\/wp-content\/uploads\/2025\/12\/IMG_7412-768x1024.jpeg\" class=\"attachment-large size-large wp-image-1277\" alt=\"\" srcset=\"https:\/\/daab.es\/wp-content\/uploads\/2025\/12\/IMG_7412-768x1024.jpeg 768w, https:\/\/daab.es\/wp-content\/uploads\/2025\/12\/IMG_7412-225x300.jpeg 225w, https:\/\/daab.es\/wp-content\/uploads\/2025\/12\/IMG_7412-1152x1536.jpeg 1152w, https:\/\/daab.es\/wp-content\/uploads\/2025\/12\/IMG_7412-1536x2048.jpeg 1536w, https:\/\/daab.es\/wp-content\/uploads\/2025\/12\/IMG_7412-9x12.jpeg 9w, https:\/\/daab.es\/wp-content\/uploads\/2025\/12\/IMG_7412-scaled.jpeg 1920w\" sizes=\"(max-width: 768px) 100vw, 768px\" \/>\t\t\t\t\t\t\t\t\t\t\t\t\t\t\t<\/div>\n\t\t\t\t<div class=\"elementor-element elementor-element-aa087ff elementor-widget elementor-widget-image\" data-id=\"aa087ff\" data-element_type=\"widget\" data-e-type=\"widget\" data-widget_type=\"image.default\">\n\t\t\t\t\t\t\t\t\t\t\t\t\t\t\t<img loading=\"lazy\" decoding=\"async\" width=\"800\" height=\"800\" src=\"https:\/\/daab.es\/wp-content\/uploads\/2025\/12\/IMG_7386-1024x1024.jpeg\" class=\"attachment-large size-large wp-image-1275\" alt=\"\" srcset=\"https:\/\/daab.es\/wp-content\/uploads\/2025\/12\/IMG_7386-1024x1024.jpeg 1024w, https:\/\/daab.es\/wp-content\/uploads\/2025\/12\/IMG_7386-300x300.jpeg 300w, https:\/\/daab.es\/wp-content\/uploads\/2025\/12\/IMG_7386-150x150.jpeg 150w, https:\/\/daab.es\/wp-content\/uploads\/2025\/12\/IMG_7386-768x768.jpeg 768w, https:\/\/daab.es\/wp-content\/uploads\/2025\/12\/IMG_7386-1536x1536.jpeg 1536w, https:\/\/daab.es\/wp-content\/uploads\/2025\/12\/IMG_7386-2048x2048.jpeg 2048w, https:\/\/daab.es\/wp-content\/uploads\/2025\/12\/IMG_7386-12x12.jpeg 12w\" sizes=\"(max-width: 800px) 100vw, 800px\" \/>\t\t\t\t\t\t\t\t\t\t\t\t\t\t\t<\/div>\n\t\t\t\t<\/div>\n\t\t\t\t<div class=\"elementor-element elementor-element-74aa60c8 elementor-widget elementor-widget-image\" data-id=\"74aa60c8\" data-element_type=\"widget\" data-e-type=\"widget\" data-widget_type=\"image.default\">\n\t\t\t\t\t\t\t\t\t\t\t\t\t\t\t<img loading=\"lazy\" decoding=\"async\" width=\"768\" height=\"1024\" src=\"https:\/\/daab.es\/wp-content\/uploads\/2025\/12\/IMG_7410-768x1024.jpeg\" class=\"attachment-large size-large wp-image-1276\" alt=\"\" srcset=\"https:\/\/daab.es\/wp-content\/uploads\/2025\/12\/IMG_7410-768x1024.jpeg 768w, https:\/\/daab.es\/wp-content\/uploads\/2025\/12\/IMG_7410-225x300.jpeg 225w, https:\/\/daab.es\/wp-content\/uploads\/2025\/12\/IMG_7410-1152x1536.jpeg 1152w, https:\/\/daab.es\/wp-content\/uploads\/2025\/12\/IMG_7410-1536x2048.jpeg 1536w, https:\/\/daab.es\/wp-content\/uploads\/2025\/12\/IMG_7410-9x12.jpeg 9w, https:\/\/daab.es\/wp-content\/uploads\/2025\/12\/IMG_7410-scaled.jpeg 1920w\" sizes=\"(max-width: 768px) 100vw, 768px\" \/>\t\t\t\t\t\t\t\t\t\t\t\t\t\t\t<\/div>\n\t\t<div class=\"elementor-element elementor-element-fab52fa e-con-full e-flex e-con e-child\" data-id=\"fab52fa\" data-element_type=\"container\" data-e-type=\"container\">\n\t\t\t\t<div class=\"elementor-element elementor-element-d339393 elementor-widget__width-initial elementor-widget elementor-widget-image\" data-id=\"d339393\" data-element_type=\"widget\" data-e-type=\"widget\" data-widget_type=\"image.default\">\n\t\t\t\t\t\t\t\t\t\t\t\t\t\t\t<img loading=\"lazy\" decoding=\"async\" width=\"724\" height=\"1024\" src=\"https:\/\/daab.es\/wp-content\/uploads\/2025\/12\/Plantes-724x1024.jpg\" class=\"attachment-large size-large wp-image-1282\" alt=\"\" srcset=\"https:\/\/daab.es\/wp-content\/uploads\/2025\/12\/Plantes-724x1024.jpg 724w, https:\/\/daab.es\/wp-content\/uploads\/2025\/12\/Plantes-212x300.jpg 212w, https:\/\/daab.es\/wp-content\/uploads\/2025\/12\/Plantes-768x1086.jpg 768w, https:\/\/daab.es\/wp-content\/uploads\/2025\/12\/Plantes-1086x1536.jpg 1086w, https:\/\/daab.es\/wp-content\/uploads\/2025\/12\/Plantes-1448x2048.jpg 1448w, https:\/\/daab.es\/wp-content\/uploads\/2025\/12\/Plantes-8x12.jpg 8w, https:\/\/daab.es\/wp-content\/uploads\/2025\/12\/Plantes-scaled.jpg 1810w\" sizes=\"(max-width: 724px) 100vw, 724px\" \/>\t\t\t\t\t\t\t\t\t\t\t\t\t\t\t<\/div>\n\t\t\t\t<div class=\"elementor-element elementor-element-de5577e elementor-widget elementor-widget-image\" data-id=\"de5577e\" data-element_type=\"widget\" data-e-type=\"widget\" data-widget_type=\"image.default\">\n\t\t\t\t\t\t\t\t\t\t\t\t\t\t\t<img loading=\"lazy\" decoding=\"async\" width=\"800\" height=\"742\" src=\"https:\/\/daab.es\/wp-content\/uploads\/2025\/12\/IMG_3894-e1767434434637-1024x950.jpg\" class=\"attachment-large size-large wp-image-1279\" alt=\"\" srcset=\"https:\/\/daab.es\/wp-content\/uploads\/2025\/12\/IMG_3894-e1767434434637-1024x950.jpg 1024w, https:\/\/daab.es\/wp-content\/uploads\/2025\/12\/IMG_3894-e1767434434637-300x278.jpg 300w, https:\/\/daab.es\/wp-content\/uploads\/2025\/12\/IMG_3894-e1767434434637-768x712.jpg 768w, https:\/\/daab.es\/wp-content\/uploads\/2025\/12\/IMG_3894-e1767434434637-13x12.jpg 13w, https:\/\/daab.es\/wp-content\/uploads\/2025\/12\/IMG_3894-e1767434434637.jpg 1320w\" sizes=\"(max-width: 800px) 100vw, 800px\" \/>\t\t\t\t\t\t\t\t\t\t\t\t\t\t\t<\/div>\n\t\t\t\t<\/div>\n\t\t\t\t<div class=\"elementor-element elementor-element-3a495a1b elementor-widget elementor-widget-heading\" data-id=\"3a495a1b\" data-element_type=\"widget\" data-e-type=\"widget\" data-widget_type=\"heading.default\">\n\t\t\t\t\t<h2 class=\"elementor-heading-title elementor-size-default\">Descripci\u00f3<\/h2>\t\t\t\t<\/div>\n\t\t\t\t<\/div>\n\t\t<div class=\"elementor-element elementor-element-6712dabd e-con-full e-flex e-con e-child\" data-id=\"6712dabd\" data-element_type=\"container\" data-e-type=\"container\" data-settings=\"{&quot;sticky&quot;:&quot;top&quot;,&quot;sticky_on&quot;:[&quot;desktop&quot;],&quot;sticky_offset&quot;:75,&quot;sticky_parent&quot;:&quot;yes&quot;,&quot;sticky_effects_offset&quot;:0,&quot;sticky_anchor_link_offset&quot;:0}\">\n\t\t\t\t<div class=\"elementor-element elementor-element-187bad80 elementor-icon-list--layout-traditional elementor-list-item-link-full_width elementor-widget elementor-widget-icon-list\" data-id=\"187bad80\" data-element_type=\"widget\" data-e-type=\"widget\" data-widget_type=\"icon-list.default\">\n\t\t\t\t\t\t\t<ul class=\"elementor-icon-list-items\">\n\t\t\t\t\t\t\t<li class=\"elementor-icon-list-item\">\n\t\t\t\t\t\t\t\t\t\t<span class=\"elementor-icon-list-text\">Josep Vila i Goretti Guillem<\/span>\n\t\t\t\t\t\t\t\t\t<\/li>\n\t\t\t\t\t\t\t\t<li class=\"elementor-icon-list-item\">\n\t\t\t\t\t\t\t\t\t\t<span class=\"elementor-icon-list-text\">Vilassar de Dalt, Barcelona<\/span>\n\t\t\t\t\t\t\t\t\t<\/li>\n\t\t\t\t\t\t\t\t<li class=\"elementor-icon-list-item\">\n\t\t\t\t\t\t\t\t\t\t<span class=\"elementor-icon-list-text\">250m2<\/span>\n\t\t\t\t\t\t\t\t\t<\/li>\n\t\t\t\t\t\t\t\t<li class=\"elementor-icon-list-item\">\n\t\t\t\t\t\t\t\t\t\t\t<a href=\"http:\/\/Privat\">\n\n\t\t\t\t\t\t\t\t\t\t\t<span class=\"elementor-icon-list-text\">Privat<\/span>\n\t\t\t\t\t\t\t\t\t\t\t<\/a>\n\t\t\t\t\t\t\t\t\t<\/li>\n\t\t\t\t\t\t\t\t<li class=\"elementor-icon-list-item\">\n\t\t\t\t\t\t\t\t\t\t\t<a href=\"http:\/\/reforma-habitatge-unifamiliar-vilassar\">\n\n\t\t\t\t\t\t\t\t\t\t\t<span class=\"elementor-icon-list-text\">Constru\u00eft<\/span>\n\t\t\t\t\t\t\t\t\t\t\t<\/a>\n\t\t\t\t\t\t\t\t\t<\/li>\n\t\t\t\t\t\t\t\t<li class=\"elementor-icon-list-item\">\n\t\t\t\t\t\t\t\t\t\t\t<a href=\"http:\/\/reforma-habitatge-unifamiliar-vilassar\">\n\n\t\t\t\t\t\t\t\t\t\t\t<span class=\"elementor-icon-list-text\">Habitatge. Reforma i Rehabilitaci\u00f3.<\/span>\n\t\t\t\t\t\t\t\t\t\t\t<\/a>\n\t\t\t\t\t\t\t\t\t<\/li>\n\t\t\t\t\t\t<\/ul>\n\t\t\t\t\t\t<\/div>\n\t\t\t\t<\/div>\n\t\t\t\t<\/div>\n\t\t\t\t<\/div>","protected":false},"excerpt":{"rendered":"<p>Descripci\u00f3 Josep Vila i Goretti Guillem Vilassar de Dalt, Barcelona 250m2 Privat Constru\u00eft Habitatge. Reforma i Rehabilitaci\u00f3.<\/p>","protected":false},"author":3,"featured_media":0,"parent":0,"menu_order":0,"comment_status":"closed","ping_status":"closed","template":"","meta":{"footnotes":""},"class_list":["post-1969","page","type-page","status-publish","hentry"],"yoast_head":"<!-- This site is optimized with the Yoast SEO plugin v27.4 - https:\/\/yoast.com\/product\/yoast-seo-wordpress\/ -->\n<title>Habitatge Unifamiliar Vilassar - Daab<\/title>\n<meta name=\"robots\" content=\"index, follow, max-snippet:-1, max-image-preview:large, max-video-preview:-1\" \/>\n<link rel=\"canonical\" href=\"https:\/\/daab.es\/ca\/reforma-habitatge-unifamiliar-vilassar\/\" \/>\n<meta property=\"og:locale\" content=\"ca_ES\" \/>\n<meta property=\"og:type\" content=\"article\" \/>\n<meta property=\"og:title\" content=\"Habitatge Unifamiliar Vilassar - Daab\" \/>\n<meta property=\"og:description\" content=\"Descripci\u00f3 Josep Vila i Goretti Guillem Vilassar de Dalt, Barcelona 250m2 Privat Constru\u00eft Habitatge. Reforma i Rehabilitaci\u00f3.\" \/>\n<meta property=\"og:url\" content=\"https:\/\/daab.es\/ca\/reforma-habitatge-unifamiliar-vilassar\/\" \/>\n<meta property=\"og:site_name\" content=\"Daab\" \/>\n<meta property=\"article:modified_time\" content=\"2026-03-16T18:19:52+00:00\" \/>\n<meta property=\"og:image\" content=\"https:\/\/daab.es\/wp-content\/uploads\/2025\/12\/IMG_7415-scaled.jpeg\" \/>\n\t<meta property=\"og:image:width\" content=\"2272\" \/>\n\t<meta property=\"og:image:height\" content=\"2560\" \/>\n\t<meta property=\"og:image:type\" content=\"image\/jpeg\" \/>\n<meta name=\"twitter:card\" content=\"summary_large_image\" \/>\n<meta name=\"twitter:label1\" content=\"Temps estimat de lectura\" \/>\n\t<meta name=\"twitter:data1\" content=\"1 minut\" \/>\n<script type=\"application\/ld+json\" class=\"yoast-schema-graph\">{\"@context\":\"https:\\\/\\\/schema.org\",\"@graph\":[{\"@type\":\"WebPage\",\"@id\":\"https:\\\/\\\/daab.es\\\/reforma-habitatge-unifamiliar-vilassar\\\/\",\"url\":\"https:\\\/\\\/daab.es\\\/reforma-habitatge-unifamiliar-vilassar\\\/\",\"name\":\"Habitatge Unifamiliar Vilassar - Daab\",\"isPartOf\":{\"@id\":\"https:\\\/\\\/daab.es\\\/#website\"},\"primaryImageOfPage\":{\"@id\":\"https:\\\/\\\/daab.es\\\/reforma-habitatge-unifamiliar-vilassar\\\/#primaryimage\"},\"image\":{\"@id\":\"https:\\\/\\\/daab.es\\\/reforma-habitatge-unifamiliar-vilassar\\\/#primaryimage\"},\"thumbnailUrl\":\"https:\\\/\\\/daab.es\\\/wp-content\\\/uploads\\\/2025\\\/12\\\/IMG_7415-scaled.jpeg\",\"datePublished\":\"2026-01-02T19:10:16+00:00\",\"dateModified\":\"2026-03-16T18:19:52+00:00\",\"breadcrumb\":{\"@id\":\"https:\\\/\\\/daab.es\\\/reforma-habitatge-unifamiliar-vilassar\\\/#breadcrumb\"},\"inLanguage\":\"ca\",\"potentialAction\":[{\"@type\":\"ReadAction\",\"target\":[\"https:\\\/\\\/daab.es\\\/reforma-habitatge-unifamiliar-vilassar\\\/\"]}]},{\"@type\":\"ImageObject\",\"inLanguage\":\"ca\",\"@id\":\"https:\\\/\\\/daab.es\\\/reforma-habitatge-unifamiliar-vilassar\\\/#primaryimage\",\"url\":\"https:\\\/\\\/daab.es\\\/wp-content\\\/uploads\\\/2025\\\/12\\\/IMG_7415-scaled.jpeg\",\"contentUrl\":\"https:\\\/\\\/daab.es\\\/wp-content\\\/uploads\\\/2025\\\/12\\\/IMG_7415-scaled.jpeg\"},{\"@type\":\"BreadcrumbList\",\"@id\":\"https:\\\/\\\/daab.es\\\/reforma-habitatge-unifamiliar-vilassar\\\/#breadcrumb\",\"itemListElement\":[{\"@type\":\"ListItem\",\"position\":1,\"name\":\"Home\",\"item\":\"https:\\\/\\\/daab.es\\\/\"},{\"@type\":\"ListItem\",\"position\":2,\"name\":\"Habitatge Unifamiliar Vilassar\"}]},{\"@type\":\"WebSite\",\"@id\":\"https:\\\/\\\/daab.es\\\/#website\",\"url\":\"https:\\\/\\\/daab.es\\\/\",\"name\":\"Daab\",\"description\":\"\",\"publisher\":{\"@id\":\"https:\\\/\\\/daab.es\\\/#organization\"},\"potentialAction\":[{\"@type\":\"SearchAction\",\"target\":{\"@type\":\"EntryPoint\",\"urlTemplate\":\"https:\\\/\\\/daab.es\\\/?s={search_term_string}\"},\"query-input\":{\"@type\":\"PropertyValueSpecification\",\"valueRequired\":true,\"valueName\":\"search_term_string\"}}],\"inLanguage\":\"ca\"},{\"@type\":\"Organization\",\"@id\":\"https:\\\/\\\/daab.es\\\/#organization\",\"name\":\"Daab\",\"url\":\"https:\\\/\\\/daab.es\\\/\",\"logo\":{\"@type\":\"ImageObject\",\"inLanguage\":\"ca\",\"@id\":\"https:\\\/\\\/daab.es\\\/#\\\/schema\\\/logo\\\/image\\\/\",\"url\":\"https:\\\/\\\/daab.es\\\/wp-content\\\/uploads\\\/2025\\\/10\\\/Captura-de-pantalla-2025-10-13-110930-e1761412934100.png\",\"contentUrl\":\"https:\\\/\\\/daab.es\\\/wp-content\\\/uploads\\\/2025\\\/10\\\/Captura-de-pantalla-2025-10-13-110930-e1761412934100.png\",\"width\":232,\"height\":47,\"caption\":\"Daab\"},\"image\":{\"@id\":\"https:\\\/\\\/daab.es\\\/#\\\/schema\\\/logo\\\/image\\\/\"}}]}<\/script>\n<!-- \/ Yoast SEO plugin. -->","yoast_head_json":{"title":"Habitatge Unifamiliar Vilassar - Daab","robots":{"index":"index","follow":"follow","max-snippet":"max-snippet:-1","max-image-preview":"max-image-preview:large","max-video-preview":"max-video-preview:-1"},"canonical":"https:\/\/daab.es\/ca\/reforma-habitatge-unifamiliar-vilassar\/","og_locale":"ca_ES","og_type":"article","og_title":"Habitatge Unifamiliar Vilassar - Daab","og_description":"Descripci\u00f3 Josep Vila i Goretti Guillem Vilassar de Dalt, Barcelona 250m2 Privat Constru\u00eft Habitatge. Reforma i Rehabilitaci\u00f3.","og_url":"https:\/\/daab.es\/ca\/reforma-habitatge-unifamiliar-vilassar\/","og_site_name":"Daab","article_modified_time":"2026-03-16T18:19:52+00:00","og_image":[{"width":2272,"height":2560,"url":"https:\/\/daab.es\/wp-content\/uploads\/2025\/12\/IMG_7415-scaled.jpeg","type":"image\/jpeg"}],"twitter_card":"summary_large_image","twitter_misc":{"Temps estimat de lectura":"1 minut"},"schema":{"@context":"https:\/\/schema.org","@graph":[{"@type":"WebPage","@id":"https:\/\/daab.es\/reforma-habitatge-unifamiliar-vilassar\/","url":"https:\/\/daab.es\/reforma-habitatge-unifamiliar-vilassar\/","name":"Habitatge Unifamiliar Vilassar - Daab","isPartOf":{"@id":"https:\/\/daab.es\/#website"},"primaryImageOfPage":{"@id":"https:\/\/daab.es\/reforma-habitatge-unifamiliar-vilassar\/#primaryimage"},"image":{"@id":"https:\/\/daab.es\/reforma-habitatge-unifamiliar-vilassar\/#primaryimage"},"thumbnailUrl":"https:\/\/daab.es\/wp-content\/uploads\/2025\/12\/IMG_7415-scaled.jpeg","datePublished":"2026-01-02T19:10:16+00:00","dateModified":"2026-03-16T18:19:52+00:00","breadcrumb":{"@id":"https:\/\/daab.es\/reforma-habitatge-unifamiliar-vilassar\/#breadcrumb"},"inLanguage":"ca","potentialAction":[{"@type":"ReadAction","target":["https:\/\/daab.es\/reforma-habitatge-unifamiliar-vilassar\/"]}]},{"@type":"ImageObject","inLanguage":"ca","@id":"https:\/\/daab.es\/reforma-habitatge-unifamiliar-vilassar\/#primaryimage","url":"https:\/\/daab.es\/wp-content\/uploads\/2025\/12\/IMG_7415-scaled.jpeg","contentUrl":"https:\/\/daab.es\/wp-content\/uploads\/2025\/12\/IMG_7415-scaled.jpeg"},{"@type":"BreadcrumbList","@id":"https:\/\/daab.es\/reforma-habitatge-unifamiliar-vilassar\/#breadcrumb","itemListElement":[{"@type":"ListItem","position":1,"name":"Home","item":"https:\/\/daab.es\/"},{"@type":"ListItem","position":2,"name":"Habitatge Unifamiliar Vilassar"}]},{"@type":"WebSite","@id":"https:\/\/daab.es\/#website","url":"https:\/\/daab.es\/","name":"Daab","description":"","publisher":{"@id":"https:\/\/daab.es\/#organization"},"potentialAction":[{"@type":"SearchAction","target":{"@type":"EntryPoint","urlTemplate":"https:\/\/daab.es\/?s={search_term_string}"},"query-input":{"@type":"PropertyValueSpecification","valueRequired":true,"valueName":"search_term_string"}}],"inLanguage":"ca"},{"@type":"Organization","@id":"https:\/\/daab.es\/#organization","name":"Daab","url":"https:\/\/daab.es\/","logo":{"@type":"ImageObject","inLanguage":"ca","@id":"https:\/\/daab.es\/#\/schema\/logo\/image\/","url":"https:\/\/daab.es\/wp-content\/uploads\/2025\/10\/Captura-de-pantalla-2025-10-13-110930-e1761412934100.png","contentUrl":"https:\/\/daab.es\/wp-content\/uploads\/2025\/10\/Captura-de-pantalla-2025-10-13-110930-e1761412934100.png","width":232,"height":47,"caption":"Daab"},"image":{"@id":"https:\/\/daab.es\/#\/schema\/logo\/image\/"}}]}},"_links":{"self":[{"href":"https:\/\/daab.es\/ca\/wp-json\/wp\/v2\/pages\/1969","targetHints":{"allow":["GET"]}}],"collection":[{"href":"https:\/\/daab.es\/ca\/wp-json\/wp\/v2\/pages"}],"about":[{"href":"https:\/\/daab.es\/ca\/wp-json\/wp\/v2\/types\/page"}],"author":[{"embeddable":true,"href":"https:\/\/daab.es\/ca\/wp-json\/wp\/v2\/users\/3"}],"replies":[{"embeddable":true,"href":"https:\/\/daab.es\/ca\/wp-json\/wp\/v2\/comments?post=1969"}],"version-history":[{"count":30,"href":"https:\/\/daab.es\/ca\/wp-json\/wp\/v2\/pages\/1969\/revisions"}],"predecessor-version":[{"id":4013,"href":"https:\/\/daab.es\/ca\/wp-json\/wp\/v2\/pages\/1969\/revisions\/4013"}],"wp:attachment":[{"href":"https:\/\/daab.es\/ca\/wp-json\/wp\/v2\/media?parent=1969"}],"curies":[{"name":"wp","href":"https:\/\/api.w.org\/{rel}","templated":true}]}}