{"id":174,"date":"2025-10-05T15:43:01","date_gmt":"2025-10-05T15:43:01","guid":{"rendered":"https:\/\/daab.es\/?page_id=174"},"modified":"2026-01-30T22:31:36","modified_gmt":"2026-01-30T22:31:36","slug":"teatre-can-fargas","status":"publish","type":"page","link":"https:\/\/daab.es\/ca\/teatre-can-fargas\/","title":{"rendered":"Teatre Can Fargas"},"content":{"rendered":"<div data-elementor-type=\"wp-page\" data-elementor-id=\"174\" class=\"elementor elementor-174\" data-elementor-post-type=\"page\">\n\t\t\t\t<div class=\"elementor-element elementor-element-45cdd35b e-con-full e-flex e-con e-parent\" data-id=\"45cdd35b\" data-element_type=\"container\" data-e-type=\"container\">\n\t\t<div class=\"elementor-element elementor-element-415396cc e-con-full e-flex e-con e-child\" data-id=\"415396cc\" data-element_type=\"container\" data-e-type=\"container\">\n\t\t\t\t<div class=\"elementor-element elementor-element-78bb3bf4 elementor-widget elementor-widget-image\" data-id=\"78bb3bf4\" data-element_type=\"widget\" data-e-type=\"widget\" data-widget_type=\"image.default\">\n\t\t\t\t\t\t\t\t\t\t\t\t\t\t\t<img fetchpriority=\"high\" decoding=\"async\" width=\"743\" height=\"1134\" src=\"https:\/\/daab.es\/wp-content\/uploads\/2025\/12\/IMG_2595-P.jpg\" class=\"attachment-full size-full wp-image-909\" alt=\"\" srcset=\"https:\/\/daab.es\/wp-content\/uploads\/2025\/12\/IMG_2595-P.jpg 743w, https:\/\/daab.es\/wp-content\/uploads\/2025\/12\/IMG_2595-P-197x300.jpg 197w, https:\/\/daab.es\/wp-content\/uploads\/2025\/12\/IMG_2595-P-671x1024.jpg 671w, https:\/\/daab.es\/wp-content\/uploads\/2025\/12\/IMG_2595-P-8x12.jpg 8w\" sizes=\"(max-width: 743px) 100vw, 743px\" \/>\t\t\t\t\t\t\t\t\t\t\t\t\t\t\t<\/div>\n\t\t\t\t<div class=\"elementor-element elementor-element-3296035 elementor-widget elementor-widget-image\" data-id=\"3296035\" data-element_type=\"widget\" data-e-type=\"widget\" data-widget_type=\"image.default\">\n\t\t\t\t\t\t\t\t\t\t\t\t\t\t\t<img decoding=\"async\" width=\"800\" height=\"402\" src=\"https:\/\/daab.es\/wp-content\/uploads\/2025\/12\/IMG_2614-P-1024x514.jpg\" class=\"attachment-large size-large wp-image-910\" alt=\"\" srcset=\"https:\/\/daab.es\/wp-content\/uploads\/2025\/12\/IMG_2614-P-1024x514.jpg 1024w, https:\/\/daab.es\/wp-content\/uploads\/2025\/12\/IMG_2614-P-300x151.jpg 300w, https:\/\/daab.es\/wp-content\/uploads\/2025\/12\/IMG_2614-P-768x385.jpg 768w, https:\/\/daab.es\/wp-content\/uploads\/2025\/12\/IMG_2614-P-18x9.jpg 18w, https:\/\/daab.es\/wp-content\/uploads\/2025\/12\/IMG_2614-P.jpg 1134w\" sizes=\"(max-width: 800px) 100vw, 800px\" \/>\t\t\t\t\t\t\t\t\t\t\t\t\t\t\t<\/div>\n\t\t<div class=\"elementor-element elementor-element-a5753cf e-con-full e-flex e-con e-child\" data-id=\"a5753cf\" data-element_type=\"container\" data-e-type=\"container\">\n\t\t\t\t<div class=\"elementor-element elementor-element-6580771 elementor-widget__width-initial elementor-widget elementor-widget-image\" data-id=\"6580771\" data-element_type=\"widget\" data-e-type=\"widget\" data-widget_type=\"image.default\">\n\t\t\t\t\t\t\t\t\t\t\t\t\t\t\t<img decoding=\"async\" width=\"754\" height=\"1024\" src=\"https:\/\/daab.es\/wp-content\/uploads\/2025\/12\/IMG_2174-P-754x1024.jpg\" class=\"attachment-large size-large wp-image-904\" alt=\"\" srcset=\"https:\/\/daab.es\/wp-content\/uploads\/2025\/12\/IMG_2174-P-754x1024.jpg 754w, https:\/\/daab.es\/wp-content\/uploads\/2025\/12\/IMG_2174-P-221x300.jpg 221w, https:\/\/daab.es\/wp-content\/uploads\/2025\/12\/IMG_2174-P-768x1043.jpg 768w, https:\/\/daab.es\/wp-content\/uploads\/2025\/12\/IMG_2174-P-9x12.jpg 9w, https:\/\/daab.es\/wp-content\/uploads\/2025\/12\/IMG_2174-P.jpg 835w\" sizes=\"(max-width: 754px) 100vw, 754px\" \/>\t\t\t\t\t\t\t\t\t\t\t\t\t\t\t<\/div>\n\t\t\t\t<div class=\"elementor-element elementor-element-24ac515 elementor-widget elementor-widget-image\" data-id=\"24ac515\" data-element_type=\"widget\" data-e-type=\"widget\" data-widget_type=\"image.default\">\n\t\t\t\t\t\t\t\t\t\t\t\t\t\t\t<img loading=\"lazy\" decoding=\"async\" width=\"615\" height=\"1024\" src=\"https:\/\/daab.es\/wp-content\/uploads\/2025\/12\/IMG_2177-P-615x1024.jpg\" class=\"attachment-large size-large wp-image-905\" alt=\"\" srcset=\"https:\/\/daab.es\/wp-content\/uploads\/2025\/12\/IMG_2177-P-615x1024.jpg 615w, https:\/\/daab.es\/wp-content\/uploads\/2025\/12\/IMG_2177-P-180x300.jpg 180w, https:\/\/daab.es\/wp-content\/uploads\/2025\/12\/IMG_2177-P-7x12.jpg 7w, https:\/\/daab.es\/wp-content\/uploads\/2025\/12\/IMG_2177-P.jpg 681w\" sizes=\"(max-width: 615px) 100vw, 615px\" \/>\t\t\t\t\t\t\t\t\t\t\t\t\t\t\t<\/div>\n\t\t\t\t<\/div>\n\t\t<div class=\"elementor-element elementor-element-e4bcfd8 e-con-full e-flex e-con e-child\" data-id=\"e4bcfd8\" data-element_type=\"container\" data-e-type=\"container\">\n\t\t\t\t<div class=\"elementor-element elementor-element-50e3da5 elementor-widget__width-initial elementor-widget elementor-widget-image\" data-id=\"50e3da5\" data-element_type=\"widget\" data-e-type=\"widget\" data-widget_type=\"image.default\">\n\t\t\t\t\t\t\t\t\t\t\t\t\t\t\t<img loading=\"lazy\" decoding=\"async\" width=\"505\" height=\"424\" src=\"https:\/\/daab.es\/wp-content\/uploads\/2025\/12\/SC4.jpg\" class=\"attachment-large size-large wp-image-911\" alt=\"\" srcset=\"https:\/\/daab.es\/wp-content\/uploads\/2025\/12\/SC4.jpg 505w, https:\/\/daab.es\/wp-content\/uploads\/2025\/12\/SC4-300x252.jpg 300w, https:\/\/daab.es\/wp-content\/uploads\/2025\/12\/SC4-14x12.jpg 14w\" sizes=\"(max-width: 505px) 100vw, 505px\" \/>\t\t\t\t\t\t\t\t\t\t\t\t\t\t\t<\/div>\n\t\t\t\t<div class=\"elementor-element elementor-element-be54641 elementor-widget elementor-widget-image\" data-id=\"be54641\" data-element_type=\"widget\" data-e-type=\"widget\" data-widget_type=\"image.default\">\n\t\t\t\t\t\t\t\t\t\t\t\t\t\t\t<img loading=\"lazy\" decoding=\"async\" width=\"800\" height=\"444\" src=\"https:\/\/daab.es\/wp-content\/uploads\/2025\/12\/SC3-1-1024x568.jpg\" class=\"attachment-large size-large wp-image-1740\" alt=\"\" srcset=\"https:\/\/daab.es\/wp-content\/uploads\/2025\/12\/SC3-1-1024x568.jpg 1024w, https:\/\/daab.es\/wp-content\/uploads\/2025\/12\/SC3-1-300x166.jpg 300w, https:\/\/daab.es\/wp-content\/uploads\/2025\/12\/SC3-1-768x426.jpg 768w, https:\/\/daab.es\/wp-content\/uploads\/2025\/12\/SC3-1-1536x852.jpg 1536w, https:\/\/daab.es\/wp-content\/uploads\/2025\/12\/SC3-1-18x10.jpg 18w, https:\/\/daab.es\/wp-content\/uploads\/2025\/12\/SC3-1.jpg 1906w\" sizes=\"(max-width: 800px) 100vw, 800px\" \/>\t\t\t\t\t\t\t\t\t\t\t\t\t\t\t<\/div>\n\t\t\t\t<\/div>\n\t\t\t\t<div class=\"elementor-element elementor-element-6f40366 elementor-widget elementor-widget-image\" data-id=\"6f40366\" data-element_type=\"widget\" data-e-type=\"widget\" data-widget_type=\"image.default\">\n\t\t\t\t\t\t\t\t\t\t\t\t\t\t\t<img loading=\"lazy\" decoding=\"async\" width=\"1134\" height=\"756\" src=\"https:\/\/daab.es\/wp-content\/uploads\/2025\/12\/IMG_2570-P.jpg\" class=\"attachment-full size-full wp-image-906\" alt=\"\" srcset=\"https:\/\/daab.es\/wp-content\/uploads\/2025\/12\/IMG_2570-P.jpg 1134w, https:\/\/daab.es\/wp-content\/uploads\/2025\/12\/IMG_2570-P-300x200.jpg 300w, https:\/\/daab.es\/wp-content\/uploads\/2025\/12\/IMG_2570-P-1024x683.jpg 1024w, https:\/\/daab.es\/wp-content\/uploads\/2025\/12\/IMG_2570-P-768x512.jpg 768w, https:\/\/daab.es\/wp-content\/uploads\/2025\/12\/IMG_2570-P-18x12.jpg 18w\" sizes=\"(max-width: 1134px) 100vw, 1134px\" \/>\t\t\t\t\t\t\t\t\t\t\t\t\t\t\t<\/div>\n\t\t\t\t<div class=\"elementor-element elementor-element-4d1ffe9 elementor-widget elementor-widget-image\" data-id=\"4d1ffe9\" data-element_type=\"widget\" data-e-type=\"widget\" data-widget_type=\"image.default\">\n\t\t\t\t\t\t\t\t\t\t\t\t\t\t\t<img loading=\"lazy\" decoding=\"async\" width=\"389\" height=\"392\" src=\"https:\/\/daab.es\/wp-content\/uploads\/2025\/12\/PL0-11.jpg\" class=\"attachment-full size-full wp-image-1739\" alt=\"\" srcset=\"https:\/\/daab.es\/wp-content\/uploads\/2025\/12\/PL0-11.jpg 389w, https:\/\/daab.es\/wp-content\/uploads\/2025\/12\/PL0-11-298x300.jpg 298w, https:\/\/daab.es\/wp-content\/uploads\/2025\/12\/PL0-11-150x150.jpg 150w, https:\/\/daab.es\/wp-content\/uploads\/2025\/12\/PL0-11-12x12.jpg 12w\" sizes=\"(max-width: 389px) 100vw, 389px\" \/>\t\t\t\t\t\t\t\t\t\t\t\t\t\t\t<\/div>\n\t\t\t\t<div class=\"elementor-element elementor-element-e0e28b2 elementor-widget elementor-widget-image\" data-id=\"e0e28b2\" data-element_type=\"widget\" data-e-type=\"widget\" data-widget_type=\"image.default\">\n\t\t\t\t\t\t\t\t\t\t\t\t\t\t\t<img loading=\"lazy\" decoding=\"async\" width=\"370\" height=\"391\" src=\"https:\/\/daab.es\/wp-content\/uploads\/2025\/12\/PL1-8.jpg\" class=\"attachment-full size-full wp-image-1737\" alt=\"\" srcset=\"https:\/\/daab.es\/wp-content\/uploads\/2025\/12\/PL1-8.jpg 370w, https:\/\/daab.es\/wp-content\/uploads\/2025\/12\/PL1-8-284x300.jpg 284w, https:\/\/daab.es\/wp-content\/uploads\/2025\/12\/PL1-8-11x12.jpg 11w\" sizes=\"(max-width: 370px) 100vw, 370px\" \/>\t\t\t\t\t\t\t\t\t\t\t\t\t\t\t<\/div>\n\t\t<div class=\"elementor-element elementor-element-5d9badd e-con-full e-flex e-con e-child\" data-id=\"5d9badd\" data-element_type=\"container\" data-e-type=\"container\">\n\t\t\t\t<\/div>\n\t\t\t\t<div class=\"elementor-element elementor-element-572d1fa5 elementor-widget elementor-widget-heading\" data-id=\"572d1fa5\" data-element_type=\"widget\" data-e-type=\"widget\" data-widget_type=\"heading.default\">\n\t\t\t\t\t<h2 class=\"elementor-heading-title elementor-size-default\">Descripci\u00f3<\/h2>\t\t\t\t<\/div>\n\t\t\t\t<div class=\"elementor-element elementor-element-3f388dc4 elementor-widget elementor-widget-text-editor\" data-id=\"3f388dc4\" data-element_type=\"widget\" data-e-type=\"widget\" data-widget_type=\"text-editor.default\">\n\t\t\t\t\t\t\t\t\t<table><tbody><tr><td><p>L\u2019objecte d\u2019aquest projecte \u00e9s la reforma i rehabilitaci\u00f3 de l\u2019edifici situat al Pg. Font d\u2019en Fargues n\u00fam. 40-44.<\/p><p>La voluntat de la intervenci\u00f3 \u00e9s recuperar l\u2019\u00fas de l\u2019edifici per al que va ser constru\u00eft (bar i sala polivalent)\u00a0 i habilitar el semisoterrani per a aules de formaci\u00f3 i vestidors.<\/p><p>Des del punt de vista exterior, la proposta restaura les tres fa\u00e7anes amb intervencions diferenciades segons zones:<\/p><p>La cantonada, d\u2019estil noucentista datada el 1928, obra del arquitecte Adolf Florensa, es restaura i reconstrueix mitjan\u00e7ant estuc de morter de cal\u00e7 recuperant cornises, motllures i elements ornamentals.<\/p><p>Les fa\u00e7anes de sala polivalent, tant exterior a carrer com interior a pati i d\u2019estil industrial, recupera la seva imatge original repicant l\u2019arrebossat i deixant vist el ma\u00f3 mass\u00eds.<\/p><p>Finalment, les fa\u00e7anes corresponents a l\u2019escenari s\u2019enderroquen per a construir un nou volum lligat a la sala principal per\u00f2 diferenciat en quant a material i volumetria.<\/p><\/td><\/tr><\/tbody><\/table>\t\t\t\t\t\t\t\t<\/div>\n\t\t\t\t<\/div>\n\t\t<div class=\"elementor-element elementor-element-19158852 e-con-full e-flex e-con e-child\" data-id=\"19158852\" data-element_type=\"container\" data-e-type=\"container\" data-settings=\"{&quot;sticky&quot;:&quot;top&quot;,&quot;sticky_on&quot;:[&quot;desktop&quot;],&quot;sticky_offset&quot;:75,&quot;sticky_parent&quot;:&quot;yes&quot;,&quot;sticky_effects_offset&quot;:0,&quot;sticky_anchor_link_offset&quot;:0}\">\n\t\t\t\t<div class=\"elementor-element elementor-element-261fca56 elementor-icon-list--layout-traditional elementor-list-item-link-full_width elementor-widget elementor-widget-icon-list\" data-id=\"261fca56\" data-element_type=\"widget\" data-e-type=\"widget\" data-widget_type=\"icon-list.default\">\n\t\t\t\t\t\t\t<ul class=\"elementor-icon-list-items\">\n\t\t\t\t\t\t\t<li class=\"elementor-icon-list-item\">\n\t\t\t\t\t\t\t\t\t\t<span class=\"elementor-icon-list-text\">Carrer Pedrell, La Font d'en Fargas, Barcelona<\/span>\n\t\t\t\t\t\t\t\t\t<\/li>\n\t\t\t\t\t\t\t\t<li class=\"elementor-icon-list-item\">\n\t\t\t\t\t\t\t\t\t\t<span class=\"elementor-icon-list-text\">1.710 m2 \/ 3.152.000\u20ac<\/span>\n\t\t\t\t\t\t\t\t\t<\/li>\n\t\t\t\t\t\t\t\t<li class=\"elementor-icon-list-item\">\n\t\t\t\t\t\t\t\t\t\t<span class=\"elementor-icon-list-text\">BIMSA<\/span>\n\t\t\t\t\t\t\t\t\t<\/li>\n\t\t\t\t\t\t\t\t<li class=\"elementor-icon-list-item\">\n\t\t\t\t\t\t\t\t\t\t<span class=\"elementor-icon-list-text\">Constru\u00eft<\/span>\n\t\t\t\t\t\t\t\t\t<\/li>\n\t\t\t\t\t\t\t\t<li class=\"elementor-icon-list-item\">\n\t\t\t\t\t\t\t\t\t\t<span class=\"elementor-icon-list-text\">Cultural. Reforma, rehabilitaci\u00f3 i ampliaci\u00f3<\/span>\n\t\t\t\t\t\t\t\t\t<\/li>\n\t\t\t\t\t\t\t\t<li class=\"elementor-icon-list-item\">\n\t\t\t\t\t\t\t\t\t\t<span class=\"elementor-icon-list-text\"><b>Concurs restringit: 1er premi<\/b><\/span>\n\t\t\t\t\t\t\t\t\t<\/li>\n\t\t\t\t\t\t<\/ul>\n\t\t\t\t\t\t<\/div>\n\t\t\t\t<\/div>\n\t\t\t\t<\/div>\n\t\t\t\t<\/div>","protected":false},"excerpt":{"rendered":"<p>Descripci\u00f3 L\u2019objecte d\u2019aquest projecte \u00e9s la reforma i rehabilitaci\u00f3 de l\u2019edifici situat al Pg. Font d\u2019en Fargues n\u00fam. 40-44. La voluntat de la intervenci\u00f3 \u00e9s recuperar l\u2019\u00fas de l\u2019edifici per al que va ser constru\u00eft (bar i sala polivalent)\u00a0 i habilitar el semisoterrani per a aules de formaci\u00f3 i vestidors. Des del punt de vista [&hellip;]<\/p>","protected":false},"author":2,"featured_media":0,"parent":0,"menu_order":0,"comment_status":"closed","ping_status":"closed","template":"","meta":{"footnotes":""},"class_list":["post-174","page","type-page","status-publish","hentry"],"yoast_head":"<!-- This site is optimized with the Yoast SEO plugin v27.4 - https:\/\/yoast.com\/product\/yoast-seo-wordpress\/ -->\n<title>Teatre Can Fargas - Daab<\/title>\n<meta name=\"robots\" content=\"index, follow, max-snippet:-1, max-image-preview:large, max-video-preview:-1\" \/>\n<link rel=\"canonical\" href=\"https:\/\/daab.es\/ca\/teatre-can-fargas\/\" \/>\n<meta property=\"og:locale\" content=\"ca_ES\" \/>\n<meta property=\"og:type\" content=\"article\" \/>\n<meta property=\"og:title\" content=\"Teatre Can Fargas - Daab\" \/>\n<meta property=\"og:description\" content=\"Descripci\u00f3 L\u2019objecte d\u2019aquest projecte \u00e9s la reforma i rehabilitaci\u00f3 de l\u2019edifici situat al Pg. Font d\u2019en Fargues n\u00fam. 40-44. La voluntat de la intervenci\u00f3 \u00e9s recuperar l\u2019\u00fas de l\u2019edifici per al que va ser constru\u00eft (bar i sala polivalent)\u00a0 i habilitar el semisoterrani per a aules de formaci\u00f3 i vestidors. Des del punt de vista [&hellip;]\" \/>\n<meta property=\"og:url\" content=\"https:\/\/daab.es\/ca\/teatre-can-fargas\/\" \/>\n<meta property=\"og:site_name\" content=\"Daab\" \/>\n<meta property=\"article:modified_time\" content=\"2026-01-30T22:31:36+00:00\" \/>\n<meta property=\"og:image\" content=\"https:\/\/daab.es\/wp-content\/uploads\/2025\/12\/IMG_2595-P.jpg\" \/>\n\t<meta property=\"og:image:width\" content=\"743\" \/>\n\t<meta property=\"og:image:height\" content=\"1134\" \/>\n\t<meta property=\"og:image:type\" content=\"image\/jpeg\" \/>\n<meta name=\"twitter:card\" content=\"summary_large_image\" \/>\n<meta name=\"twitter:label1\" content=\"Temps estimat de lectura\" \/>\n\t<meta name=\"twitter:data1\" content=\"1 minut\" \/>\n<script type=\"application\/ld+json\" class=\"yoast-schema-graph\">{\"@context\":\"https:\\\/\\\/schema.org\",\"@graph\":[{\"@type\":\"WebPage\",\"@id\":\"https:\\\/\\\/daab.es\\\/teatre-can-fargas\\\/\",\"url\":\"https:\\\/\\\/daab.es\\\/teatre-can-fargas\\\/\",\"name\":\"Teatre Can Fargas - Daab\",\"isPartOf\":{\"@id\":\"https:\\\/\\\/daab.es\\\/#website\"},\"primaryImageOfPage\":{\"@id\":\"https:\\\/\\\/daab.es\\\/teatre-can-fargas\\\/#primaryimage\"},\"image\":{\"@id\":\"https:\\\/\\\/daab.es\\\/teatre-can-fargas\\\/#primaryimage\"},\"thumbnailUrl\":\"https:\\\/\\\/daab.es\\\/wp-content\\\/uploads\\\/2025\\\/12\\\/IMG_2595-P.jpg\",\"datePublished\":\"2025-10-05T15:43:01+00:00\",\"dateModified\":\"2026-01-30T22:31:36+00:00\",\"breadcrumb\":{\"@id\":\"https:\\\/\\\/daab.es\\\/teatre-can-fargas\\\/#breadcrumb\"},\"inLanguage\":\"ca\",\"potentialAction\":[{\"@type\":\"ReadAction\",\"target\":[\"https:\\\/\\\/daab.es\\\/teatre-can-fargas\\\/\"]}]},{\"@type\":\"ImageObject\",\"inLanguage\":\"ca\",\"@id\":\"https:\\\/\\\/daab.es\\\/teatre-can-fargas\\\/#primaryimage\",\"url\":\"https:\\\/\\\/daab.es\\\/wp-content\\\/uploads\\\/2025\\\/12\\\/IMG_2595-P.jpg\",\"contentUrl\":\"https:\\\/\\\/daab.es\\\/wp-content\\\/uploads\\\/2025\\\/12\\\/IMG_2595-P.jpg\"},{\"@type\":\"BreadcrumbList\",\"@id\":\"https:\\\/\\\/daab.es\\\/teatre-can-fargas\\\/#breadcrumb\",\"itemListElement\":[{\"@type\":\"ListItem\",\"position\":1,\"name\":\"Home\",\"item\":\"https:\\\/\\\/daab.es\\\/\"},{\"@type\":\"ListItem\",\"position\":2,\"name\":\"Teatre Can Fargas\"}]},{\"@type\":\"WebSite\",\"@id\":\"https:\\\/\\\/daab.es\\\/#website\",\"url\":\"https:\\\/\\\/daab.es\\\/\",\"name\":\"Daab\",\"description\":\"\",\"publisher\":{\"@id\":\"https:\\\/\\\/daab.es\\\/#organization\"},\"potentialAction\":[{\"@type\":\"SearchAction\",\"target\":{\"@type\":\"EntryPoint\",\"urlTemplate\":\"https:\\\/\\\/daab.es\\\/?s={search_term_string}\"},\"query-input\":{\"@type\":\"PropertyValueSpecification\",\"valueRequired\":true,\"valueName\":\"search_term_string\"}}],\"inLanguage\":\"ca\"},{\"@type\":\"Organization\",\"@id\":\"https:\\\/\\\/daab.es\\\/#organization\",\"name\":\"Daab\",\"url\":\"https:\\\/\\\/daab.es\\\/\",\"logo\":{\"@type\":\"ImageObject\",\"inLanguage\":\"ca\",\"@id\":\"https:\\\/\\\/daab.es\\\/#\\\/schema\\\/logo\\\/image\\\/\",\"url\":\"https:\\\/\\\/daab.es\\\/wp-content\\\/uploads\\\/2025\\\/10\\\/Captura-de-pantalla-2025-10-13-110930-e1761412934100.png\",\"contentUrl\":\"https:\\\/\\\/daab.es\\\/wp-content\\\/uploads\\\/2025\\\/10\\\/Captura-de-pantalla-2025-10-13-110930-e1761412934100.png\",\"width\":232,\"height\":47,\"caption\":\"Daab\"},\"image\":{\"@id\":\"https:\\\/\\\/daab.es\\\/#\\\/schema\\\/logo\\\/image\\\/\"}}]}<\/script>\n<!-- \/ Yoast SEO plugin. -->","yoast_head_json":{"title":"Teatre Can Fargas - Daab","robots":{"index":"index","follow":"follow","max-snippet":"max-snippet:-1","max-image-preview":"max-image-preview:large","max-video-preview":"max-video-preview:-1"},"canonical":"https:\/\/daab.es\/ca\/teatre-can-fargas\/","og_locale":"ca_ES","og_type":"article","og_title":"Teatre Can Fargas - Daab","og_description":"Descripci\u00f3 L\u2019objecte d\u2019aquest projecte \u00e9s la reforma i rehabilitaci\u00f3 de l\u2019edifici situat al Pg. Font d\u2019en Fargues n\u00fam. 40-44. La voluntat de la intervenci\u00f3 \u00e9s recuperar l\u2019\u00fas de l\u2019edifici per al que va ser constru\u00eft (bar i sala polivalent)\u00a0 i habilitar el semisoterrani per a aules de formaci\u00f3 i vestidors. Des del punt de vista [&hellip;]","og_url":"https:\/\/daab.es\/ca\/teatre-can-fargas\/","og_site_name":"Daab","article_modified_time":"2026-01-30T22:31:36+00:00","og_image":[{"width":743,"height":1134,"url":"https:\/\/daab.es\/wp-content\/uploads\/2025\/12\/IMG_2595-P.jpg","type":"image\/jpeg"}],"twitter_card":"summary_large_image","twitter_misc":{"Temps estimat de lectura":"1 minut"},"schema":{"@context":"https:\/\/schema.org","@graph":[{"@type":"WebPage","@id":"https:\/\/daab.es\/teatre-can-fargas\/","url":"https:\/\/daab.es\/teatre-can-fargas\/","name":"Teatre Can Fargas - Daab","isPartOf":{"@id":"https:\/\/daab.es\/#website"},"primaryImageOfPage":{"@id":"https:\/\/daab.es\/teatre-can-fargas\/#primaryimage"},"image":{"@id":"https:\/\/daab.es\/teatre-can-fargas\/#primaryimage"},"thumbnailUrl":"https:\/\/daab.es\/wp-content\/uploads\/2025\/12\/IMG_2595-P.jpg","datePublished":"2025-10-05T15:43:01+00:00","dateModified":"2026-01-30T22:31:36+00:00","breadcrumb":{"@id":"https:\/\/daab.es\/teatre-can-fargas\/#breadcrumb"},"inLanguage":"ca","potentialAction":[{"@type":"ReadAction","target":["https:\/\/daab.es\/teatre-can-fargas\/"]}]},{"@type":"ImageObject","inLanguage":"ca","@id":"https:\/\/daab.es\/teatre-can-fargas\/#primaryimage","url":"https:\/\/daab.es\/wp-content\/uploads\/2025\/12\/IMG_2595-P.jpg","contentUrl":"https:\/\/daab.es\/wp-content\/uploads\/2025\/12\/IMG_2595-P.jpg"},{"@type":"BreadcrumbList","@id":"https:\/\/daab.es\/teatre-can-fargas\/#breadcrumb","itemListElement":[{"@type":"ListItem","position":1,"name":"Home","item":"https:\/\/daab.es\/"},{"@type":"ListItem","position":2,"name":"Teatre Can Fargas"}]},{"@type":"WebSite","@id":"https:\/\/daab.es\/#website","url":"https:\/\/daab.es\/","name":"Daab","description":"","publisher":{"@id":"https:\/\/daab.es\/#organization"},"potentialAction":[{"@type":"SearchAction","target":{"@type":"EntryPoint","urlTemplate":"https:\/\/daab.es\/?s={search_term_string}"},"query-input":{"@type":"PropertyValueSpecification","valueRequired":true,"valueName":"search_term_string"}}],"inLanguage":"ca"},{"@type":"Organization","@id":"https:\/\/daab.es\/#organization","name":"Daab","url":"https:\/\/daab.es\/","logo":{"@type":"ImageObject","inLanguage":"ca","@id":"https:\/\/daab.es\/#\/schema\/logo\/image\/","url":"https:\/\/daab.es\/wp-content\/uploads\/2025\/10\/Captura-de-pantalla-2025-10-13-110930-e1761412934100.png","contentUrl":"https:\/\/daab.es\/wp-content\/uploads\/2025\/10\/Captura-de-pantalla-2025-10-13-110930-e1761412934100.png","width":232,"height":47,"caption":"Daab"},"image":{"@id":"https:\/\/daab.es\/#\/schema\/logo\/image\/"}}]}},"_links":{"self":[{"href":"https:\/\/daab.es\/ca\/wp-json\/wp\/v2\/pages\/174","targetHints":{"allow":["GET"]}}],"collection":[{"href":"https:\/\/daab.es\/ca\/wp-json\/wp\/v2\/pages"}],"about":[{"href":"https:\/\/daab.es\/ca\/wp-json\/wp\/v2\/types\/page"}],"author":[{"embeddable":true,"href":"https:\/\/daab.es\/ca\/wp-json\/wp\/v2\/users\/2"}],"replies":[{"embeddable":true,"href":"https:\/\/daab.es\/ca\/wp-json\/wp\/v2\/comments?post=174"}],"version-history":[{"count":51,"href":"https:\/\/daab.es\/ca\/wp-json\/wp\/v2\/pages\/174\/revisions"}],"predecessor-version":[{"id":3396,"href":"https:\/\/daab.es\/ca\/wp-json\/wp\/v2\/pages\/174\/revisions\/3396"}],"wp:attachment":[{"href":"https:\/\/daab.es\/ca\/wp-json\/wp\/v2\/media?parent=174"}],"curies":[{"name":"wp","href":"https:\/\/api.w.org\/{rel}","templated":true}]}}