{"id":162,"date":"2025-10-05T15:38:05","date_gmt":"2025-10-05T15:38:05","guid":{"rendered":"https:\/\/daab.es\/?page_id=162"},"modified":"2026-01-30T22:40:10","modified_gmt":"2026-01-30T22:40:10","slug":"escola-bressol-sant-medir","status":"publish","type":"page","link":"https:\/\/daab.es\/ca\/escola-bressol-sant-medir\/","title":{"rendered":"Escola Bressol Sant Medir"},"content":{"rendered":"<div data-elementor-type=\"wp-page\" data-elementor-id=\"162\" class=\"elementor elementor-162\" data-elementor-post-type=\"page\">\n\t\t\t\t<div class=\"elementor-element elementor-element-14fd50bc e-con-full e-flex e-con e-parent\" data-id=\"14fd50bc\" data-element_type=\"container\" data-e-type=\"container\">\n\t\t<div class=\"elementor-element elementor-element-5cede08f e-con-full e-flex e-con e-child\" data-id=\"5cede08f\" data-element_type=\"container\" data-e-type=\"container\">\n\t\t\t\t<div class=\"elementor-element elementor-element-3742dc75 elementor-widget elementor-widget-image\" data-id=\"3742dc75\" data-element_type=\"widget\" data-e-type=\"widget\" data-widget_type=\"image.default\">\n\t\t\t\t\t\t\t\t\t\t\t\t\t\t\t<img fetchpriority=\"high\" decoding=\"async\" width=\"1772\" height=\"1181\" src=\"https:\/\/daab.es\/wp-content\/uploads\/2025\/12\/N7X9901-P.jpg\" class=\"attachment-full size-full wp-image-916\" alt=\"\" srcset=\"https:\/\/daab.es\/wp-content\/uploads\/2025\/12\/N7X9901-P.jpg 1772w, https:\/\/daab.es\/wp-content\/uploads\/2025\/12\/N7X9901-P-300x200.jpg 300w, https:\/\/daab.es\/wp-content\/uploads\/2025\/12\/N7X9901-P-1024x682.jpg 1024w, https:\/\/daab.es\/wp-content\/uploads\/2025\/12\/N7X9901-P-768x512.jpg 768w, https:\/\/daab.es\/wp-content\/uploads\/2025\/12\/N7X9901-P-1536x1024.jpg 1536w, https:\/\/daab.es\/wp-content\/uploads\/2025\/12\/N7X9901-P-18x12.jpg 18w\" sizes=\"(max-width: 1772px) 100vw, 1772px\" \/>\t\t\t\t\t\t\t\t\t\t\t\t\t\t\t<\/div>\n\t\t\t\t<div class=\"elementor-element elementor-element-1674088 elementor-widget elementor-widget-image\" data-id=\"1674088\" data-element_type=\"widget\" data-e-type=\"widget\" data-widget_type=\"image.default\">\n\t\t\t\t\t\t\t\t\t\t\t\t\t\t\t<img decoding=\"async\" width=\"800\" height=\"541\" src=\"https:\/\/daab.es\/wp-content\/uploads\/2025\/12\/IMG17515-1024x693.jpg\" class=\"attachment-large size-large wp-image-917\" alt=\"\" srcset=\"https:\/\/daab.es\/wp-content\/uploads\/2025\/12\/IMG17515-1024x693.jpg 1024w, https:\/\/daab.es\/wp-content\/uploads\/2025\/12\/IMG17515-300x203.jpg 300w, https:\/\/daab.es\/wp-content\/uploads\/2025\/12\/IMG17515-768x520.jpg 768w, https:\/\/daab.es\/wp-content\/uploads\/2025\/12\/IMG17515-1536x1040.jpg 1536w, https:\/\/daab.es\/wp-content\/uploads\/2025\/12\/IMG17515-2048x1386.jpg 2048w, https:\/\/daab.es\/wp-content\/uploads\/2025\/12\/IMG17515-18x12.jpg 18w\" sizes=\"(max-width: 800px) 100vw, 800px\" \/>\t\t\t\t\t\t\t\t\t\t\t\t\t\t\t<\/div>\n\t\t<div class=\"elementor-element elementor-element-297c8e1 e-con-full e-flex e-con e-child\" data-id=\"297c8e1\" data-element_type=\"container\" data-e-type=\"container\">\n\t\t\t\t<div class=\"elementor-element elementor-element-094dd6c elementor-widget__width-initial elementor-widget elementor-widget-image\" data-id=\"094dd6c\" data-element_type=\"widget\" data-e-type=\"widget\" data-widget_type=\"image.default\">\n\t\t\t\t\t\t\t\t\t\t\t\t\t\t\t<img decoding=\"async\" width=\"632\" height=\"1024\" src=\"https:\/\/daab.es\/wp-content\/uploads\/2025\/12\/IMG17669-632x1024.jpg\" class=\"attachment-large size-large wp-image-921\" alt=\"\" srcset=\"https:\/\/daab.es\/wp-content\/uploads\/2025\/12\/IMG17669-632x1024.jpg 632w, https:\/\/daab.es\/wp-content\/uploads\/2025\/12\/IMG17669-185x300.jpg 185w, https:\/\/daab.es\/wp-content\/uploads\/2025\/12\/IMG17669-768x1245.jpg 768w, https:\/\/daab.es\/wp-content\/uploads\/2025\/12\/IMG17669-948x1536.jpg 948w, https:\/\/daab.es\/wp-content\/uploads\/2025\/12\/IMG17669-1264x2048.jpg 1264w, https:\/\/daab.es\/wp-content\/uploads\/2025\/12\/IMG17669-7x12.jpg 7w, https:\/\/daab.es\/wp-content\/uploads\/2025\/12\/IMG17669.jpg 1360w\" sizes=\"(max-width: 632px) 100vw, 632px\" \/>\t\t\t\t\t\t\t\t\t\t\t\t\t\t\t<\/div>\n\t\t\t\t<div class=\"elementor-element elementor-element-69a5063 elementor-widget__width-initial elementor-widget elementor-widget-image\" data-id=\"69a5063\" data-element_type=\"widget\" data-e-type=\"widget\" data-widget_type=\"image.default\">\n\t\t\t\t\t\t\t\t\t\t\t\t\t\t\t<img loading=\"lazy\" decoding=\"async\" width=\"800\" height=\"534\" src=\"https:\/\/daab.es\/wp-content\/uploads\/2025\/12\/IMG17540-1024x683.jpg\" class=\"attachment-large size-large wp-image-918\" alt=\"\" srcset=\"https:\/\/daab.es\/wp-content\/uploads\/2025\/12\/IMG17540-1024x683.jpg 1024w, https:\/\/daab.es\/wp-content\/uploads\/2025\/12\/IMG17540-300x200.jpg 300w, https:\/\/daab.es\/wp-content\/uploads\/2025\/12\/IMG17540-768x512.jpg 768w, https:\/\/daab.es\/wp-content\/uploads\/2025\/12\/IMG17540-1536x1025.jpg 1536w, https:\/\/daab.es\/wp-content\/uploads\/2025\/12\/IMG17540-2048x1367.jpg 2048w, https:\/\/daab.es\/wp-content\/uploads\/2025\/12\/IMG17540-18x12.jpg 18w\" sizes=\"(max-width: 800px) 100vw, 800px\" \/>\t\t\t\t\t\t\t\t\t\t\t\t\t\t\t<\/div>\n\t\t\t\t<\/div>\n\t\t\t\t<div class=\"elementor-element elementor-element-74aa60c8 elementor-widget elementor-widget-image\" data-id=\"74aa60c8\" data-element_type=\"widget\" data-e-type=\"widget\" data-widget_type=\"image.default\">\n\t\t\t\t\t\t\t\t\t\t\t\t\t\t\t<img loading=\"lazy\" decoding=\"async\" width=\"800\" height=\"613\" src=\"https:\/\/daab.es\/wp-content\/uploads\/2025\/12\/IMG17580-1024x785.jpg\" class=\"attachment-large size-large wp-image-920\" alt=\"\" srcset=\"https:\/\/daab.es\/wp-content\/uploads\/2025\/12\/IMG17580-1024x785.jpg 1024w, https:\/\/daab.es\/wp-content\/uploads\/2025\/12\/IMG17580-300x230.jpg 300w, https:\/\/daab.es\/wp-content\/uploads\/2025\/12\/IMG17580-768x589.jpg 768w, https:\/\/daab.es\/wp-content\/uploads\/2025\/12\/IMG17580-1536x1177.jpg 1536w, https:\/\/daab.es\/wp-content\/uploads\/2025\/12\/IMG17580-16x12.jpg 16w, https:\/\/daab.es\/wp-content\/uploads\/2025\/12\/IMG17580.jpg 1936w\" sizes=\"(max-width: 800px) 100vw, 800px\" \/>\t\t\t\t\t\t\t\t\t\t\t\t\t\t\t<\/div>\n\t\t\t\t<div class=\"elementor-element elementor-element-3a495a1b elementor-widget elementor-widget-heading\" data-id=\"3a495a1b\" data-element_type=\"widget\" data-e-type=\"widget\" data-widget_type=\"heading.default\">\n\t\t\t\t\t<h2 class=\"elementor-heading-title elementor-size-default\">Descripci\u00f3<\/h2>\t\t\t\t<\/div>\n\t\t\t\t<div class=\"elementor-element elementor-element-169afb55 elementor-widget elementor-widget-text-editor\" data-id=\"169afb55\" data-element_type=\"widget\" data-e-type=\"widget\" data-widget_type=\"text-editor.default\">\n\t\t\t\t\t\t\t\t\t<p>La intervenci\u00f3 rescata el car\u00e0cter hist\u00f2ric del barri mitjan\u00e7ant la restauraci\u00f3 de murs, voltes i estructures originals. Els nous elements s'integren amb materials neutres \u2014acer, vidre i fusta\u2014 que respecten la mem\u00f2ria del lloc. La proposta reinterpreta l'arquitectura tradicional des de la funcionalitat actual, revitalitzant l'entorn urb\u00e0 amb sensibilitat i equilibri.<\/p>\t\t\t\t\t\t\t\t<\/div>\n\t\t\t\t<\/div>\n\t\t<div class=\"elementor-element elementor-element-6712dabd e-con-full e-flex e-con e-child\" data-id=\"6712dabd\" data-element_type=\"container\" data-e-type=\"container\" data-settings=\"{&quot;sticky&quot;:&quot;top&quot;,&quot;sticky_on&quot;:[&quot;desktop&quot;],&quot;sticky_offset&quot;:75,&quot;sticky_parent&quot;:&quot;yes&quot;,&quot;sticky_effects_offset&quot;:0,&quot;sticky_anchor_link_offset&quot;:0}\">\n\t\t\t\t<div class=\"elementor-element elementor-element-187bad80 elementor-icon-list--layout-traditional elementor-list-item-link-full_width elementor-widget elementor-widget-icon-list\" data-id=\"187bad80\" data-element_type=\"widget\" data-e-type=\"widget\" data-widget_type=\"icon-list.default\">\n\t\t\t\t\t\t\t<ul class=\"elementor-icon-list-items\">\n\t\t\t\t\t\t\t<li class=\"elementor-icon-list-item\">\n\t\t\t\t\t\t\t\t\t\t<span class=\"elementor-icon-list-text\">Carrer Santa Rosa, Barcelona<\/span>\n\t\t\t\t\t\t\t\t\t<\/li>\n\t\t\t\t\t\t\t\t<li class=\"elementor-icon-list-item\">\n\t\t\t\t\t\t\t\t\t\t<span class=\"elementor-icon-list-text\">1.005 m2 \/ 1.099.159 \u20ac<\/span>\n\t\t\t\t\t\t\t\t\t<\/li>\n\t\t\t\t\t\t\t\t<li class=\"elementor-icon-list-item\">\n\t\t\t\t\t\t\t\t\t\t\t<a href=\"http:\/\/escola-bressol-sant-medir\">\n\n\t\t\t\t\t\t\t\t\t\t\t<span class=\"elementor-icon-list-text\">BIMSA<\/span>\n\t\t\t\t\t\t\t\t\t\t\t<\/a>\n\t\t\t\t\t\t\t\t\t<\/li>\n\t\t\t\t\t\t\t\t<li class=\"elementor-icon-list-item\">\n\t\t\t\t\t\t\t\t\t\t<span class=\"elementor-icon-list-text\">Constru\u00eft<\/span>\n\t\t\t\t\t\t\t\t\t<\/li>\n\t\t\t\t\t\t\t\t<li class=\"elementor-icon-list-item\">\n\t\t\t\t\t\t\t\t\t\t<span class=\"elementor-icon-list-text\">Docent. Obra nova.<\/span>\n\t\t\t\t\t\t\t\t\t<\/li>\n\t\t\t\t\t\t<\/ul>\n\t\t\t\t\t\t<\/div>\n\t\t\t\t<\/div>\n\t\t\t\t<\/div>\n\t\t\t\t<\/div>","protected":false},"excerpt":{"rendered":"<p>Descripci\u00f3n La intervenci\u00f3n rescata el car\u00e1cter hist\u00f3rico del barrio mediante la restauraci\u00f3n de muros, b\u00f3vedas y estructuras originales. Los nuevos elementos se integran con materiales neutros \u2014acero, vidrio y madera\u2014 que respetan la memoria del lugar. La propuesta reinterpreta la arquitectura tradicional desde la funcionalidad actual, revitalizando el entorno urbano con sensibilidad y equilibrio. Carrer [&hellip;]<\/p>","protected":false},"author":2,"featured_media":0,"parent":0,"menu_order":0,"comment_status":"closed","ping_status":"closed","template":"","meta":{"footnotes":""},"class_list":["post-162","page","type-page","status-publish","hentry"],"yoast_head":"<!-- This site is optimized with the Yoast SEO plugin v27.4 - https:\/\/yoast.com\/product\/yoast-seo-wordpress\/ -->\n<title>Escola Bressol Sant Medir - Daab<\/title>\n<meta name=\"robots\" content=\"index, follow, max-snippet:-1, max-image-preview:large, max-video-preview:-1\" \/>\n<link rel=\"canonical\" href=\"https:\/\/daab.es\/ca\/escola-bressol-sant-medir\/\" \/>\n<meta property=\"og:locale\" content=\"ca_ES\" \/>\n<meta property=\"og:type\" content=\"article\" \/>\n<meta property=\"og:title\" content=\"Escola Bressol Sant Medir - Daab\" \/>\n<meta property=\"og:description\" content=\"Descripci\u00f3n La intervenci\u00f3n rescata el car\u00e1cter hist\u00f3rico del barrio mediante la restauraci\u00f3n de muros, b\u00f3vedas y estructuras originales. Los nuevos elementos se integran con materiales neutros \u2014acero, vidrio y madera\u2014 que respetan la memoria del lugar. La propuesta reinterpreta la arquitectura tradicional desde la funcionalidad actual, revitalizando el entorno urbano con sensibilidad y equilibrio. Carrer [&hellip;]\" \/>\n<meta property=\"og:url\" content=\"https:\/\/daab.es\/ca\/escola-bressol-sant-medir\/\" \/>\n<meta property=\"og:site_name\" content=\"Daab\" \/>\n<meta property=\"article:modified_time\" content=\"2026-01-30T22:40:10+00:00\" \/>\n<meta property=\"og:image\" content=\"https:\/\/daab.es\/wp-content\/uploads\/2025\/12\/N7X9901-P.jpg\" \/>\n\t<meta property=\"og:image:width\" content=\"1772\" \/>\n\t<meta property=\"og:image:height\" content=\"1181\" \/>\n\t<meta property=\"og:image:type\" content=\"image\/jpeg\" \/>\n<meta name=\"twitter:card\" content=\"summary_large_image\" \/>\n<meta name=\"twitter:label1\" content=\"Temps estimat de lectura\" \/>\n\t<meta name=\"twitter:data1\" content=\"1 minut\" \/>\n<script type=\"application\/ld+json\" class=\"yoast-schema-graph\">{\"@context\":\"https:\\\/\\\/schema.org\",\"@graph\":[{\"@type\":\"WebPage\",\"@id\":\"https:\\\/\\\/daab.es\\\/escola-bressol-sant-medir\\\/\",\"url\":\"https:\\\/\\\/daab.es\\\/escola-bressol-sant-medir\\\/\",\"name\":\"Escola Bressol Sant Medir - Daab\",\"isPartOf\":{\"@id\":\"https:\\\/\\\/daab.es\\\/#website\"},\"primaryImageOfPage\":{\"@id\":\"https:\\\/\\\/daab.es\\\/escola-bressol-sant-medir\\\/#primaryimage\"},\"image\":{\"@id\":\"https:\\\/\\\/daab.es\\\/escola-bressol-sant-medir\\\/#primaryimage\"},\"thumbnailUrl\":\"https:\\\/\\\/daab.es\\\/wp-content\\\/uploads\\\/2025\\\/12\\\/N7X9901-P.jpg\",\"datePublished\":\"2025-10-05T15:38:05+00:00\",\"dateModified\":\"2026-01-30T22:40:10+00:00\",\"breadcrumb\":{\"@id\":\"https:\\\/\\\/daab.es\\\/escola-bressol-sant-medir\\\/#breadcrumb\"},\"inLanguage\":\"ca\",\"potentialAction\":[{\"@type\":\"ReadAction\",\"target\":[\"https:\\\/\\\/daab.es\\\/escola-bressol-sant-medir\\\/\"]}]},{\"@type\":\"ImageObject\",\"inLanguage\":\"ca\",\"@id\":\"https:\\\/\\\/daab.es\\\/escola-bressol-sant-medir\\\/#primaryimage\",\"url\":\"https:\\\/\\\/daab.es\\\/wp-content\\\/uploads\\\/2025\\\/12\\\/N7X9901-P.jpg\",\"contentUrl\":\"https:\\\/\\\/daab.es\\\/wp-content\\\/uploads\\\/2025\\\/12\\\/N7X9901-P.jpg\"},{\"@type\":\"BreadcrumbList\",\"@id\":\"https:\\\/\\\/daab.es\\\/escola-bressol-sant-medir\\\/#breadcrumb\",\"itemListElement\":[{\"@type\":\"ListItem\",\"position\":1,\"name\":\"Home\",\"item\":\"https:\\\/\\\/daab.es\\\/\"},{\"@type\":\"ListItem\",\"position\":2,\"name\":\"Escola Bressol Sant Medir\"}]},{\"@type\":\"WebSite\",\"@id\":\"https:\\\/\\\/daab.es\\\/#website\",\"url\":\"https:\\\/\\\/daab.es\\\/\",\"name\":\"Daab\",\"description\":\"\",\"publisher\":{\"@id\":\"https:\\\/\\\/daab.es\\\/#organization\"},\"potentialAction\":[{\"@type\":\"SearchAction\",\"target\":{\"@type\":\"EntryPoint\",\"urlTemplate\":\"https:\\\/\\\/daab.es\\\/?s={search_term_string}\"},\"query-input\":{\"@type\":\"PropertyValueSpecification\",\"valueRequired\":true,\"valueName\":\"search_term_string\"}}],\"inLanguage\":\"ca\"},{\"@type\":\"Organization\",\"@id\":\"https:\\\/\\\/daab.es\\\/#organization\",\"name\":\"Daab\",\"url\":\"https:\\\/\\\/daab.es\\\/\",\"logo\":{\"@type\":\"ImageObject\",\"inLanguage\":\"ca\",\"@id\":\"https:\\\/\\\/daab.es\\\/#\\\/schema\\\/logo\\\/image\\\/\",\"url\":\"https:\\\/\\\/daab.es\\\/wp-content\\\/uploads\\\/2025\\\/10\\\/Captura-de-pantalla-2025-10-13-110930-e1761412934100.png\",\"contentUrl\":\"https:\\\/\\\/daab.es\\\/wp-content\\\/uploads\\\/2025\\\/10\\\/Captura-de-pantalla-2025-10-13-110930-e1761412934100.png\",\"width\":232,\"height\":47,\"caption\":\"Daab\"},\"image\":{\"@id\":\"https:\\\/\\\/daab.es\\\/#\\\/schema\\\/logo\\\/image\\\/\"}}]}<\/script>\n<!-- \/ Yoast SEO plugin. -->","yoast_head_json":{"title":"Escola Bressol Sant Medir - Daab","robots":{"index":"index","follow":"follow","max-snippet":"max-snippet:-1","max-image-preview":"max-image-preview:large","max-video-preview":"max-video-preview:-1"},"canonical":"https:\/\/daab.es\/ca\/escola-bressol-sant-medir\/","og_locale":"ca_ES","og_type":"article","og_title":"Escola Bressol Sant Medir - Daab","og_description":"Descripci\u00f3n La intervenci\u00f3n rescata el car\u00e1cter hist\u00f3rico del barrio mediante la restauraci\u00f3n de muros, b\u00f3vedas y estructuras originales. Los nuevos elementos se integran con materiales neutros \u2014acero, vidrio y madera\u2014 que respetan la memoria del lugar. La propuesta reinterpreta la arquitectura tradicional desde la funcionalidad actual, revitalizando el entorno urbano con sensibilidad y equilibrio. Carrer [&hellip;]","og_url":"https:\/\/daab.es\/ca\/escola-bressol-sant-medir\/","og_site_name":"Daab","article_modified_time":"2026-01-30T22:40:10+00:00","og_image":[{"width":1772,"height":1181,"url":"https:\/\/daab.es\/wp-content\/uploads\/2025\/12\/N7X9901-P.jpg","type":"image\/jpeg"}],"twitter_card":"summary_large_image","twitter_misc":{"Temps estimat de lectura":"1 minut"},"schema":{"@context":"https:\/\/schema.org","@graph":[{"@type":"WebPage","@id":"https:\/\/daab.es\/escola-bressol-sant-medir\/","url":"https:\/\/daab.es\/escola-bressol-sant-medir\/","name":"Escola Bressol Sant Medir - Daab","isPartOf":{"@id":"https:\/\/daab.es\/#website"},"primaryImageOfPage":{"@id":"https:\/\/daab.es\/escola-bressol-sant-medir\/#primaryimage"},"image":{"@id":"https:\/\/daab.es\/escola-bressol-sant-medir\/#primaryimage"},"thumbnailUrl":"https:\/\/daab.es\/wp-content\/uploads\/2025\/12\/N7X9901-P.jpg","datePublished":"2025-10-05T15:38:05+00:00","dateModified":"2026-01-30T22:40:10+00:00","breadcrumb":{"@id":"https:\/\/daab.es\/escola-bressol-sant-medir\/#breadcrumb"},"inLanguage":"ca","potentialAction":[{"@type":"ReadAction","target":["https:\/\/daab.es\/escola-bressol-sant-medir\/"]}]},{"@type":"ImageObject","inLanguage":"ca","@id":"https:\/\/daab.es\/escola-bressol-sant-medir\/#primaryimage","url":"https:\/\/daab.es\/wp-content\/uploads\/2025\/12\/N7X9901-P.jpg","contentUrl":"https:\/\/daab.es\/wp-content\/uploads\/2025\/12\/N7X9901-P.jpg"},{"@type":"BreadcrumbList","@id":"https:\/\/daab.es\/escola-bressol-sant-medir\/#breadcrumb","itemListElement":[{"@type":"ListItem","position":1,"name":"Home","item":"https:\/\/daab.es\/"},{"@type":"ListItem","position":2,"name":"Escola Bressol Sant Medir"}]},{"@type":"WebSite","@id":"https:\/\/daab.es\/#website","url":"https:\/\/daab.es\/","name":"Daab","description":"","publisher":{"@id":"https:\/\/daab.es\/#organization"},"potentialAction":[{"@type":"SearchAction","target":{"@type":"EntryPoint","urlTemplate":"https:\/\/daab.es\/?s={search_term_string}"},"query-input":{"@type":"PropertyValueSpecification","valueRequired":true,"valueName":"search_term_string"}}],"inLanguage":"ca"},{"@type":"Organization","@id":"https:\/\/daab.es\/#organization","name":"Daab","url":"https:\/\/daab.es\/","logo":{"@type":"ImageObject","inLanguage":"ca","@id":"https:\/\/daab.es\/#\/schema\/logo\/image\/","url":"https:\/\/daab.es\/wp-content\/uploads\/2025\/10\/Captura-de-pantalla-2025-10-13-110930-e1761412934100.png","contentUrl":"https:\/\/daab.es\/wp-content\/uploads\/2025\/10\/Captura-de-pantalla-2025-10-13-110930-e1761412934100.png","width":232,"height":47,"caption":"Daab"},"image":{"@id":"https:\/\/daab.es\/#\/schema\/logo\/image\/"}}]}},"_links":{"self":[{"href":"https:\/\/daab.es\/ca\/wp-json\/wp\/v2\/pages\/162","targetHints":{"allow":["GET"]}}],"collection":[{"href":"https:\/\/daab.es\/ca\/wp-json\/wp\/v2\/pages"}],"about":[{"href":"https:\/\/daab.es\/ca\/wp-json\/wp\/v2\/types\/page"}],"author":[{"embeddable":true,"href":"https:\/\/daab.es\/ca\/wp-json\/wp\/v2\/users\/2"}],"replies":[{"embeddable":true,"href":"https:\/\/daab.es\/ca\/wp-json\/wp\/v2\/comments?post=162"}],"version-history":[{"count":47,"href":"https:\/\/daab.es\/ca\/wp-json\/wp\/v2\/pages\/162\/revisions"}],"predecessor-version":[{"id":3408,"href":"https:\/\/daab.es\/ca\/wp-json\/wp\/v2\/pages\/162\/revisions\/3408"}],"wp:attachment":[{"href":"https:\/\/daab.es\/ca\/wp-json\/wp\/v2\/media?parent=162"}],"curies":[{"name":"wp","href":"https:\/\/api.w.org\/{rel}","templated":true}]}}