{"id":108,"date":"2025-10-05T14:59:20","date_gmt":"2025-10-05T14:59:20","guid":{"rendered":"https:\/\/daab.es\/?page_id=108"},"modified":"2026-03-17T07:04:03","modified_gmt":"2026-03-17T07:04:03","slug":"premios","status":"publish","type":"page","link":"https:\/\/daab.es\/ca\/premios\/","title":{"rendered":"0_Premios"},"content":{"rendered":"<div data-elementor-type=\"wp-page\" data-elementor-id=\"108\" class=\"elementor elementor-108\" data-elementor-post-type=\"page\">\n\t\t\t\t<div class=\"elementor-element elementor-element-6040e71 e-flex e-con-boxed e-con e-parent\" data-id=\"6040e71\" data-element_type=\"container\" data-e-type=\"container\">\n\t\t\t\t\t<div class=\"e-con-inner\">\n\t\t<div class=\"elementor-element elementor-element-72ee1e1 e-con-full e-flex e-con e-child\" data-id=\"72ee1e1\" data-element_type=\"container\" data-e-type=\"container\">\n\t\t\t\t<div class=\"elementor-element elementor-element-7d1e8e6 elementor-widget elementor-widget-text-editor\" data-id=\"7d1e8e6\" data-element_type=\"widget\" data-e-type=\"widget\" data-widget_type=\"text-editor.default\">\n\t\t\t\t\t\t\t\t\t<p>2016. Primer Premi<\/p><p><strong>Concurs. Promoci\u00f3 de 40 Habitatges socials al Bon Pastor, Barcelona.<\/strong><br \/>Patronat Municipal de l\u2019Habitatge<\/p>\t\t\t\t\t\t\t\t<\/div>\n\t\t\t\t<div class=\"elementor-element elementor-element-e6aa18e elementor-widget elementor-widget-text-editor\" data-id=\"e6aa18e\" data-element_type=\"widget\" data-e-type=\"widget\" data-widget_type=\"text-editor.default\">\n\t\t\t\t\t\t\t\t\t<p>2015. Segon LLoc<\/p><p><strong>Concurs. Promoci\u00f3 de 36 Habitatges socials i Escola Bressol al Eixample, Barcelona.<\/strong><br \/>Patronat Municipal de l\u2019Habitatge<\/p>\t\t\t\t\t\t\t\t<\/div>\n\t\t\t\t<div class=\"elementor-element elementor-element-7dd8144 elementor-widget elementor-widget-text-editor\" data-id=\"7dd8144\" data-element_type=\"widget\" data-e-type=\"widget\" data-widget_type=\"text-editor.default\">\n\t\t\t\t\t\t\t\t\t<p>2014. Segon LLoc<\/p><p><strong>Concurs. Biblioteca i Arxiu Municipal a Alella. Barcelona.<\/strong><br \/>Ajuntament d&#8217;Alella<\/p>\t\t\t\t\t\t\t\t<\/div>\n\t\t\t\t<div class=\"elementor-element elementor-element-e655b53 elementor-widget elementor-widget-text-editor\" data-id=\"e655b53\" data-element_type=\"widget\" data-e-type=\"widget\" data-widget_type=\"text-editor.default\">\n\t\t\t\t\t\t\t\t\t<p>2013. Obra seleccionada<\/p><p><strong>6a Exposici\u00f3 d&#8217;Arquitectura de Barcelona Open House<\/strong><br \/>Projecte: Centre Cultural i Teatre Can Fargas<\/p>\t\t\t\t\t\t\t\t<\/div>\n\t\t\t\t<div class=\"elementor-element elementor-element-53db3da elementor-widget elementor-widget-text-editor\" data-id=\"53db3da\" data-element_type=\"widget\" data-e-type=\"widget\" data-widget_type=\"text-editor.default\">\n\t\t\t\t\t\t\t\t\t<p>2012. Segon LLoc<\/p><p><strong>Concurs. Biblioteca i Arxiu Municipal a Manlleu. Barcelona.<\/strong><br \/>Ajuntament de Manlleu<\/p>\t\t\t\t\t\t\t\t<\/div>\n\t\t\t\t<div class=\"elementor-element elementor-element-a7b3352 elementor-widget elementor-widget-text-editor\" data-id=\"a7b3352\" data-element_type=\"widget\" data-e-type=\"widget\" data-widget_type=\"text-editor.default\">\n\t\t\t\t\t\t\t\t\t<p>2012. Primer Premi<\/p><p><strong>Concurs. Centre Cultural Can Calder\u00f3 a Alella. Barcelona.<\/strong><br \/>Ajuntament d&#8217;Alella<\/p>\t\t\t\t\t\t\t\t<\/div>\n\t\t\t\t<div class=\"elementor-element elementor-element-bfd6294 elementor-widget elementor-widget-text-editor\" data-id=\"bfd6294\" data-element_type=\"widget\" data-e-type=\"widget\" data-widget_type=\"text-editor.default\">\n\t\t\t\t\t\t\t\t\t<p>2012. Obra seleccionada<\/p><p><strong>Publicaci\u00f3. \u00bbSol.lucions arquitect\u00f2niques al servei dels infants\u00bb<\/strong><br \/>Projecte: Escola Bressol Sant Medir, Gr\u00e0cia. Barcelona<\/p>\t\t\t\t\t\t\t\t<\/div>\n\t\t\t\t<div class=\"elementor-element elementor-element-85d753c elementor-widget elementor-widget-text-editor\" data-id=\"85d753c\" data-element_type=\"widget\" data-e-type=\"widget\" data-widget_type=\"text-editor.default\">\n\t\t\t\t\t\t\t\t\t<p>2011. Primer Premi<\/p><p><strong>Concurs. Centre d&#8217;Arts Esc\u00e8niques a Alella, Barcelona<\/strong><br \/>Ajuntament d&#8217;Alella<\/p>\t\t\t\t\t\t\t\t<\/div>\n\t\t\t\t<div class=\"elementor-element elementor-element-4918e54 elementor-widget elementor-widget-text-editor\" data-id=\"4918e54\" data-element_type=\"widget\" data-e-type=\"widget\" data-widget_type=\"text-editor.default\">\n\t\t\t\t\t\t\t\t\t<p>2011. Obra seleccionada<\/p><p><strong>4a Exposici\u00f3 d&#8217;Arquitectura de Barcelona Open House<\/strong><br \/>Projecte: Centre Sociocultural La Fontana, Gr\u00e0cia., Barcelona<\/p>\t\t\t\t\t\t\t\t<\/div>\n\t\t\t\t<div class=\"elementor-element elementor-element-85b0225 elementor-widget elementor-widget-text-editor\" data-id=\"85b0225\" data-element_type=\"widget\" data-e-type=\"widget\" data-widget_type=\"text-editor.default\">\n\t\t\t\t\t\t\t\t\t<p>2010. Primer Premi<\/p><p><strong>Concurs. Promoci\u00f3 de 29 Habitatges socials a Sant Joan de Vilatorrada, Barcelona.<\/strong><br \/>INCASOL<\/p>\t\t\t\t\t\t\t\t<\/div>\n\t\t\t\t<div class=\"elementor-element elementor-element-3368f91 elementor-widget elementor-widget-text-editor\" data-id=\"3368f91\" data-element_type=\"widget\" data-e-type=\"widget\" data-widget_type=\"text-editor.default\">\n\t\t\t\t\t\t\t\t\t<p>2010. Obra seleccionada<\/p><p><strong>Publicaci\u00f3. \u00bbArquitectures dels equipaments p\u00fablics de Catalunya\u00bb<\/strong><br \/>Projecte: Comissaria Mossos d&#8217;Esquadra a Viladecans. Barcelona<\/p>\t\t\t\t\t\t\t\t<\/div>\n\t\t\t\t<div class=\"elementor-element elementor-element-86f9415 elementor-widget elementor-widget-text-editor\" data-id=\"86f9415\" data-element_type=\"widget\" data-e-type=\"widget\" data-widget_type=\"text-editor.default\">\n\t\t\t\t\t\t\t\t\t<p>2010. Primer Premi<\/p><p><strong>Concurs. Pavell\u00f3 d&#8217;Esports IES Montsi\u00e0 d&#8217;Amposta, Tarragona<\/strong><br \/>Departament d&#8217;Educaci\u00f3 de la Generalitat de Catalunya<\/p>\t\t\t\t\t\t\t\t<\/div>\n\t\t\t\t<div class=\"elementor-element elementor-element-e0f6b95 elementor-widget elementor-widget-text-editor\" data-id=\"e0f6b95\" data-element_type=\"widget\" data-e-type=\"widget\" data-widget_type=\"text-editor.default\">\n\t\t\t\t\t\t\t\t\t<p>2010. Segon Premi<\/p><p><strong>Concurs. Biblioteca i Arxiu Municipal a Manlleu, Barcelona<\/strong><br \/>Ajuntament de Manlleu<\/p>\t\t\t\t\t\t\t\t<\/div>\n\t\t\t\t<div class=\"elementor-element elementor-element-6ad8bdb elementor-widget elementor-widget-text-editor\" data-id=\"6ad8bdb\" data-element_type=\"widget\" data-e-type=\"widget\" data-widget_type=\"text-editor.default\">\n\t\t\t\t\t\t\t\t\t<p>2010. Obra Seleccionada<\/p><p><strong>Premis Catalunya Construcci\u00f3.<\/strong> <strong>7\u00aa Edici\u00f3<\/strong><br \/>Projecte: Centre Sociocultural i Escola Bressol a Gr\u00e0cia. Barcelona.\u00a0<\/p>\t\t\t\t\t\t\t\t<\/div>\n\t\t\t\t<div class=\"elementor-element elementor-element-f308c47 elementor-widget elementor-widget-text-editor\" data-id=\"f308c47\" data-element_type=\"widget\" data-e-type=\"widget\" data-widget_type=\"text-editor.default\">\n\t\t\t\t\t\t\t\t\t<p>2009. Obra seleccionada<\/p><p><strong>2a Exposici\u00f3 d&#8217;Arquitectura de Barcelona Open House<\/strong><br \/>Projecte: Biblioteca P\u00fablica Can Mariner, Horta. Barcelona<\/p>\t\t\t\t\t\t\t\t<\/div>\n\t\t\t\t<div class=\"elementor-element elementor-element-2b5fb77 elementor-widget elementor-widget-text-editor\" data-id=\"2b5fb77\" data-element_type=\"widget\" data-e-type=\"widget\" data-widget_type=\"text-editor.default\">\n\t\t\t\t\t\t\t\t\t<p>2009. Obra seleccionada<\/p><p><b>Exposici\u00f3 Barcelona Directions<\/b><br \/>Projecte: Centre Sociocultural i Escola Bressol a Gr\u00e0cia. Barcelona<\/p>\t\t\t\t\t\t\t\t<\/div>\n\t\t\t\t<div class=\"elementor-element elementor-element-10b546b elementor-widget elementor-widget-text-editor\" data-id=\"10b546b\" data-element_type=\"widget\" data-e-type=\"widget\" data-widget_type=\"text-editor.default\">\n\t\t\t\t\t\t\t\t\t<p>2009. Primer Premi<\/p><p><strong>Concurs. Centre Cultural i Teatre Can Fargas. Font d&#8217;En Fargues<\/strong><br \/>Districte Horta-Guinard\u00f3<\/p>\t\t\t\t\t\t\t\t<\/div>\n\t\t\t\t<div class=\"elementor-element elementor-element-c3b0348 elementor-widget elementor-widget-text-editor\" data-id=\"c3b0348\" data-element_type=\"widget\" data-e-type=\"widget\" data-widget_type=\"text-editor.default\">\n\t\t\t\t\t\t\t\t\t<p>2008. Finalista en Innovaci\u00f3 constructiva<\/p><p><strong>Premis Catalunya Construcci\u00f3.<\/strong>\u00a0<br \/>Projecte: Biblioteca Can Mariner, Horta. Barcelona<\/p>\t\t\t\t\t\t\t\t<\/div>\n\t\t\t\t<div class=\"elementor-element elementor-element-d2c5134 elementor-widget elementor-widget-text-editor\" data-id=\"d2c5134\" data-element_type=\"widget\" data-e-type=\"widget\" data-widget_type=\"text-editor.default\">\n\t\t\t\t\t\t\t\t\t<p>2008. Article<\/p><p><strong>La Vanguardia. \u00bbBiblioteques contrastades\u00bb Sergio Vila-Sanjuan<\/strong><br \/>Projecte: Biblioteca P\u00fablica Can Mariner, Horta. Barcelona<\/p>\t\t\t\t\t\t\t\t<\/div>\n\t\t\t\t<div class=\"elementor-element elementor-element-6ae5842 elementor-widget elementor-widget-text-editor\" data-id=\"6ae5842\" data-element_type=\"widget\" data-e-type=\"widget\" data-widget_type=\"text-editor.default\">\n\t\t\t\t\t\t\t\t\t<p>2008. Segon Lloc<\/p><p><strong>Concurs. Escuela de Policia Nacional de Murcia.<\/strong><br \/>Comunitat Aut\u00f2noma de M\u00farcia<\/p>\t\t\t\t\t\t\t\t<\/div>\n\t\t\t\t<div class=\"elementor-element elementor-element-7d1b897 elementor-widget elementor-widget-text-editor\" data-id=\"7d1b897\" data-element_type=\"widget\" data-e-type=\"widget\" data-widget_type=\"text-editor.default\">\n\t\t\t\t\t\t\t\t\t<p>2008. Segon LLoc<\/p>\n<p><strong>Concurs. DGT M\u00e0laga. Edifici Central de la Jefatura Provincial de Tr\u00e0fic de M\u00e0laga<\/strong><br>Direcci\u00f3n General de Tr\u00e0fico<\/p>\t\t\t\t\t\t\t\t<\/div>\n\t\t\t\t<div class=\"elementor-element elementor-element-a1d0101 elementor-widget elementor-widget-text-editor\" data-id=\"a1d0101\" data-element_type=\"widget\" data-e-type=\"widget\" data-widget_type=\"text-editor.default\">\n\t\t\t\t\t\t\t\t\t<p>2008. Obra seleccionada<\/p><p><strong>Article a El Periodico.<\/strong><br \/>Projecte: Biblioteca P\u00fablica Can Mariner, Horta. Barcelona<\/p>\t\t\t\t\t\t\t\t<\/div>\n\t\t\t\t<div class=\"elementor-element elementor-element-5950785 elementor-widget elementor-widget-text-editor\" data-id=\"5950785\" data-element_type=\"widget\" data-e-type=\"widget\" data-widget_type=\"text-editor.default\">\n\t\t\t\t\t\t\t\t\t<p>2008. Primer Premi<\/p><p><strong>Concurs. Poliesportiu IES Montsi\u00e0, Amposta. Tarragona<\/strong><br \/>Departament d&#8217;Ensenyament. Generalitat de Catalunya<\/p>\t\t\t\t\t\t\t\t<\/div>\n\t\t\t\t<div class=\"elementor-element elementor-element-79724fa elementor-widget elementor-widget-text-editor\" data-id=\"79724fa\" data-element_type=\"widget\" data-e-type=\"widget\" data-widget_type=\"text-editor.default\">\n\t\t\t\t\t\t\t\t\t<p>2008. Obra seleccionada<\/p><p><strong>Article a El Pais.<\/strong><br \/>Projecte: Biblioteca P\u00fablica Can Mariner, Horta. Barcelona<\/p>\t\t\t\t\t\t\t\t<\/div>\n\t\t\t\t<div class=\"elementor-element elementor-element-7dc31bf elementor-widget elementor-widget-text-editor\" data-id=\"7dc31bf\" data-element_type=\"widget\" data-e-type=\"widget\" data-widget_type=\"text-editor.default\">\n\t\t\t\t\t\t\t\t\t<p>2007. Primer Premi<\/p><p><strong>Concurs. Comissaria de Mossos d&#8217;Esquadra a Viladecans, Barcelona.<\/strong><br \/>Infraestructures.cat, Generalitat de Catalunya<\/p>\t\t\t\t\t\t\t\t<\/div>\n\t\t\t\t<div class=\"elementor-element elementor-element-442c4ee elementor-widget elementor-widget-text-editor\" data-id=\"442c4ee\" data-element_type=\"widget\" data-e-type=\"widget\" data-widget_type=\"text-editor.default\">\n\t\t\t\t\t\t\t\t\t<p>2006. Primer Premi<\/p><p><strong>Concurs. Escola Bressol Sant Medir a Gr\u00e0cia. Barcelona.<\/strong><br \/>BIMSA<\/p>\t\t\t\t\t\t\t\t<\/div>\n\t\t\t\t<div class=\"elementor-element elementor-element-a988c6d elementor-widget elementor-widget-text-editor\" data-id=\"a988c6d\" data-element_type=\"widget\" data-e-type=\"widget\" data-widget_type=\"text-editor.default\">\n\t\t\t\t\t\t\t\t\t<p>2005. Primer Premi<\/p><div class=\"n4sEPd\"><div class=\"FFpbKc\"><div class=\"xMmqsf\"><strong>Concurs. Escola de Prim\u00e0ria 2 Linies a Canet de Mar, Barcelona.<\/strong><\/div><\/div><\/div><p>Infraestructures.cat, Generalitat de Catalunya<\/p>\t\t\t\t\t\t\t\t<\/div>\n\t\t\t\t<div class=\"elementor-element elementor-element-7915cb3 elementor-widget elementor-widget-text-editor\" data-id=\"7915cb3\" data-element_type=\"widget\" data-e-type=\"widget\" data-widget_type=\"text-editor.default\">\n\t\t\t\t\t\t\t\t\t<p>2005. Tercer Premi<\/p><p><strong>Concurs. Resid\u00e8ncia Ca n&#8217;Aurell a Terrassa, Barcelona.<\/strong><br \/>Infraestructures.cat, Generalitat de Catalunya<\/p>\t\t\t\t\t\t\t\t<\/div>\n\t\t\t\t<div class=\"elementor-element elementor-element-c9b15a3 elementor-widget elementor-widget-text-editor\" data-id=\"c9b15a3\" data-element_type=\"widget\" data-e-type=\"widget\" data-widget_type=\"text-editor.default\">\n\t\t\t\t\t\t\t\t\t<p>2005. Tercer LLoc<\/p><p><strong>Concurs. CRAM al parc Sanitari Pere Virgili, Barcelona.<\/strong><br \/>Servei Catal\u00e0 de la Salut<\/p>\t\t\t\t\t\t\t\t<\/div>\n\t\t\t\t<div class=\"elementor-element elementor-element-69a5303 elementor-widget elementor-widget-text-editor\" data-id=\"69a5303\" data-element_type=\"widget\" data-e-type=\"widget\" data-widget_type=\"text-editor.default\">\n\t\t\t\t\t\t\t\t\t<p>2005. Finalistes<\/p><p><strong>Concurs. Plantes Pilot de les Escoles d&#8217;Enginyeria Qu\u00edmica.<\/strong><br \/>Universitat Rovira i Virgili<\/p>\t\t\t\t\t\t\t\t<\/div>\n\t\t\t\t<div class=\"elementor-element elementor-element-588e492 elementor-widget elementor-widget-text-editor\" data-id=\"588e492\" data-element_type=\"widget\" data-e-type=\"widget\" data-widget_type=\"text-editor.default\">\n\t\t\t\t\t\t\t\t\t<p>2004. Primer Premi<\/p><p><strong>Concurs. Biblioteca Can Mariner a Horta. Barcelona<\/strong><br \/>Districte Horta-Guinard\u00f3<\/p>\t\t\t\t\t\t\t\t<\/div>\n\t\t\t\t<div class=\"elementor-element elementor-element-3936f80 elementor-widget elementor-widget-text-editor\" data-id=\"3936f80\" data-element_type=\"widget\" data-e-type=\"widget\" data-widget_type=\"text-editor.default\">\n\t\t\t\t\t\t\t\t\t<p>2004. Primer Premi<\/p><p><strong>Concurs. DGT Soria.<\/strong><br \/>Direcci\u00f3n General de Tr\u00e0fico<\/p>\t\t\t\t\t\t\t\t<\/div>\n\t\t\t\t<div class=\"elementor-element elementor-element-d5c2346 elementor-widget elementor-widget-text-editor\" data-id=\"d5c2346\" data-element_type=\"widget\" data-e-type=\"widget\" data-widget_type=\"text-editor.default\">\n\t\t\t\t\t\t\t\t\t<p>2003. Tercer Classificat<\/p><p><strong>Concurs. Centre Direccional Pla\u00e7a Europa. <\/strong><strong>Amb J.G. Baswitz i Taller d&#8217;Enginyeria Ambiental<\/strong><br \/>Ajuntament de Barcelona<\/p>\t\t\t\t\t\t\t\t<\/div>\n\t\t\t\t<div class=\"elementor-element elementor-element-ae81001 elementor-widget elementor-widget-text-editor\" data-id=\"ae81001\" data-element_type=\"widget\" data-e-type=\"widget\" data-widget_type=\"text-editor.default\">\n\t\t\t\t\t\t\t\t\t<p>2002. Tercer Classificat<\/p><p><strong>Concurs. Pla\u00e7a Joan Mir\u00f3 i 190 aparcaments a Mollet del Vall\u00e8s, Barcelona.<\/strong><br \/>Ajuntament de Mollet del Vall\u00e8s<\/p>\t\t\t\t\t\t\t\t<\/div>\n\t\t\t\t<div class=\"elementor-element elementor-element-abec23f elementor-widget elementor-widget-text-editor\" data-id=\"abec23f\" data-element_type=\"widget\" data-e-type=\"widget\" data-widget_type=\"text-editor.default\">\n\t\t\t\t\t\t\t\t\t<p>2002. Segon Premi<\/p><p><strong>Concurs. Escola 2L La Tordera a Sta. Maria de Palautordera<\/strong><br \/>Ajuntament de Sant Celoni<\/p>\t\t\t\t\t\t\t\t<\/div>\n\t\t\t\t<\/div>\n\t\t\t\t\t<\/div>\n\t\t\t\t<\/div>\n\t\t\t\t<\/div>","protected":false},"excerpt":{"rendered":"<p>2016. Primer Premi Concurs. Promoci\u00f3 de 40 Habitatges socials al Bon Pastor, Barcelona.Patronat Municipal de l\u2019Habitatge 2015. Segon LLoc Concurs. Promoci\u00f3 de 36 Habitatges socials i Escola Bressol al Eixample, Barcelona.Patronat Municipal de l\u2019Habitatge 2014. Segon LLoc Concurs. Biblioteca i Arxiu Municipal a Alella. Barcelona.Ajuntament d&#8217;Alella 2013. Obra seleccionada 6a Exposici\u00f3 d&#8217;Arquitectura de Barcelona Open [&hellip;]<\/p>","protected":false},"author":2,"featured_media":0,"parent":0,"menu_order":0,"comment_status":"closed","ping_status":"closed","template":"","meta":{"footnotes":""},"class_list":["post-108","page","type-page","status-publish","hentry"],"yoast_head":"<!-- This site is optimized with the Yoast SEO plugin v27.4 - https:\/\/yoast.com\/product\/yoast-seo-wordpress\/ -->\n<title>0_Premios - Daab<\/title>\n<meta name=\"robots\" content=\"index, follow, max-snippet:-1, max-image-preview:large, max-video-preview:-1\" \/>\n<link rel=\"canonical\" href=\"https:\/\/daab.es\/ca\/premios\/\" \/>\n<meta property=\"og:locale\" content=\"ca_ES\" \/>\n<meta property=\"og:type\" content=\"article\" \/>\n<meta property=\"og:title\" content=\"0_Premios - Daab\" \/>\n<meta property=\"og:description\" content=\"2016. Primer Premi Concurs. Promoci\u00f3 de 40 Habitatges socials al Bon Pastor, Barcelona.Patronat Municipal de l\u2019Habitatge 2015. Segon LLoc Concurs. Promoci\u00f3 de 36 Habitatges socials i Escola Bressol al Eixample, Barcelona.Patronat Municipal de l\u2019Habitatge 2014. Segon LLoc Concurs. Biblioteca i Arxiu Municipal a Alella. Barcelona.Ajuntament d&#8217;Alella 2013. Obra seleccionada 6a Exposici\u00f3 d&#8217;Arquitectura de Barcelona Open [&hellip;]\" \/>\n<meta property=\"og:url\" content=\"https:\/\/daab.es\/ca\/premios\/\" \/>\n<meta property=\"og:site_name\" content=\"Daab\" \/>\n<meta property=\"article:modified_time\" content=\"2026-03-17T07:04:03+00:00\" \/>\n<meta name=\"twitter:card\" content=\"summary_large_image\" \/>\n<meta name=\"twitter:label1\" content=\"Temps estimat de lectura\" \/>\n\t<meta name=\"twitter:data1\" content=\"3 minuts\" \/>\n<script type=\"application\/ld+json\" class=\"yoast-schema-graph\">{\"@context\":\"https:\\\/\\\/schema.org\",\"@graph\":[{\"@type\":\"WebPage\",\"@id\":\"https:\\\/\\\/daab.es\\\/premios\\\/\",\"url\":\"https:\\\/\\\/daab.es\\\/premios\\\/\",\"name\":\"0_Premios - Daab\",\"isPartOf\":{\"@id\":\"https:\\\/\\\/daab.es\\\/#website\"},\"datePublished\":\"2025-10-05T14:59:20+00:00\",\"dateModified\":\"2026-03-17T07:04:03+00:00\",\"breadcrumb\":{\"@id\":\"https:\\\/\\\/daab.es\\\/premios\\\/#breadcrumb\"},\"inLanguage\":\"ca\",\"potentialAction\":[{\"@type\":\"ReadAction\",\"target\":[\"https:\\\/\\\/daab.es\\\/premios\\\/\"]}]},{\"@type\":\"BreadcrumbList\",\"@id\":\"https:\\\/\\\/daab.es\\\/premios\\\/#breadcrumb\",\"itemListElement\":[{\"@type\":\"ListItem\",\"position\":1,\"name\":\"Home\",\"item\":\"https:\\\/\\\/daab.es\\\/\"},{\"@type\":\"ListItem\",\"position\":2,\"name\":\"0_Premios\"}]},{\"@type\":\"WebSite\",\"@id\":\"https:\\\/\\\/daab.es\\\/#website\",\"url\":\"https:\\\/\\\/daab.es\\\/\",\"name\":\"Daab\",\"description\":\"\",\"publisher\":{\"@id\":\"https:\\\/\\\/daab.es\\\/#organization\"},\"potentialAction\":[{\"@type\":\"SearchAction\",\"target\":{\"@type\":\"EntryPoint\",\"urlTemplate\":\"https:\\\/\\\/daab.es\\\/?s={search_term_string}\"},\"query-input\":{\"@type\":\"PropertyValueSpecification\",\"valueRequired\":true,\"valueName\":\"search_term_string\"}}],\"inLanguage\":\"ca\"},{\"@type\":\"Organization\",\"@id\":\"https:\\\/\\\/daab.es\\\/#organization\",\"name\":\"Daab\",\"url\":\"https:\\\/\\\/daab.es\\\/\",\"logo\":{\"@type\":\"ImageObject\",\"inLanguage\":\"ca\",\"@id\":\"https:\\\/\\\/daab.es\\\/#\\\/schema\\\/logo\\\/image\\\/\",\"url\":\"https:\\\/\\\/daab.es\\\/wp-content\\\/uploads\\\/2025\\\/10\\\/Captura-de-pantalla-2025-10-13-110930-e1761412934100.png\",\"contentUrl\":\"https:\\\/\\\/daab.es\\\/wp-content\\\/uploads\\\/2025\\\/10\\\/Captura-de-pantalla-2025-10-13-110930-e1761412934100.png\",\"width\":232,\"height\":47,\"caption\":\"Daab\"},\"image\":{\"@id\":\"https:\\\/\\\/daab.es\\\/#\\\/schema\\\/logo\\\/image\\\/\"}}]}<\/script>\n<!-- \/ Yoast SEO plugin. -->","yoast_head_json":{"title":"0_Premios - Daab","robots":{"index":"index","follow":"follow","max-snippet":"max-snippet:-1","max-image-preview":"max-image-preview:large","max-video-preview":"max-video-preview:-1"},"canonical":"https:\/\/daab.es\/ca\/premios\/","og_locale":"ca_ES","og_type":"article","og_title":"0_Premios - Daab","og_description":"2016. Primer Premi Concurs. Promoci\u00f3 de 40 Habitatges socials al Bon Pastor, Barcelona.Patronat Municipal de l\u2019Habitatge 2015. Segon LLoc Concurs. Promoci\u00f3 de 36 Habitatges socials i Escola Bressol al Eixample, Barcelona.Patronat Municipal de l\u2019Habitatge 2014. Segon LLoc Concurs. Biblioteca i Arxiu Municipal a Alella. Barcelona.Ajuntament d&#8217;Alella 2013. Obra seleccionada 6a Exposici\u00f3 d&#8217;Arquitectura de Barcelona Open [&hellip;]","og_url":"https:\/\/daab.es\/ca\/premios\/","og_site_name":"Daab","article_modified_time":"2026-03-17T07:04:03+00:00","twitter_card":"summary_large_image","twitter_misc":{"Temps estimat de lectura":"3 minuts"},"schema":{"@context":"https:\/\/schema.org","@graph":[{"@type":"WebPage","@id":"https:\/\/daab.es\/premios\/","url":"https:\/\/daab.es\/premios\/","name":"0_Premios - Daab","isPartOf":{"@id":"https:\/\/daab.es\/#website"},"datePublished":"2025-10-05T14:59:20+00:00","dateModified":"2026-03-17T07:04:03+00:00","breadcrumb":{"@id":"https:\/\/daab.es\/premios\/#breadcrumb"},"inLanguage":"ca","potentialAction":[{"@type":"ReadAction","target":["https:\/\/daab.es\/premios\/"]}]},{"@type":"BreadcrumbList","@id":"https:\/\/daab.es\/premios\/#breadcrumb","itemListElement":[{"@type":"ListItem","position":1,"name":"Home","item":"https:\/\/daab.es\/"},{"@type":"ListItem","position":2,"name":"0_Premios"}]},{"@type":"WebSite","@id":"https:\/\/daab.es\/#website","url":"https:\/\/daab.es\/","name":"Daab","description":"","publisher":{"@id":"https:\/\/daab.es\/#organization"},"potentialAction":[{"@type":"SearchAction","target":{"@type":"EntryPoint","urlTemplate":"https:\/\/daab.es\/?s={search_term_string}"},"query-input":{"@type":"PropertyValueSpecification","valueRequired":true,"valueName":"search_term_string"}}],"inLanguage":"ca"},{"@type":"Organization","@id":"https:\/\/daab.es\/#organization","name":"Daab","url":"https:\/\/daab.es\/","logo":{"@type":"ImageObject","inLanguage":"ca","@id":"https:\/\/daab.es\/#\/schema\/logo\/image\/","url":"https:\/\/daab.es\/wp-content\/uploads\/2025\/10\/Captura-de-pantalla-2025-10-13-110930-e1761412934100.png","contentUrl":"https:\/\/daab.es\/wp-content\/uploads\/2025\/10\/Captura-de-pantalla-2025-10-13-110930-e1761412934100.png","width":232,"height":47,"caption":"Daab"},"image":{"@id":"https:\/\/daab.es\/#\/schema\/logo\/image\/"}}]}},"_links":{"self":[{"href":"https:\/\/daab.es\/ca\/wp-json\/wp\/v2\/pages\/108","targetHints":{"allow":["GET"]}}],"collection":[{"href":"https:\/\/daab.es\/ca\/wp-json\/wp\/v2\/pages"}],"about":[{"href":"https:\/\/daab.es\/ca\/wp-json\/wp\/v2\/types\/page"}],"author":[{"embeddable":true,"href":"https:\/\/daab.es\/ca\/wp-json\/wp\/v2\/users\/2"}],"replies":[{"embeddable":true,"href":"https:\/\/daab.es\/ca\/wp-json\/wp\/v2\/comments?post=108"}],"version-history":[{"count":23,"href":"https:\/\/daab.es\/ca\/wp-json\/wp\/v2\/pages\/108\/revisions"}],"predecessor-version":[{"id":3814,"href":"https:\/\/daab.es\/ca\/wp-json\/wp\/v2\/pages\/108\/revisions\/3814"}],"wp:attachment":[{"href":"https:\/\/daab.es\/ca\/wp-json\/wp\/v2\/media?parent=108"}],"curies":[{"name":"wp","href":"https:\/\/api.w.org\/{rel}","templated":true}]}}